{"id":23115,"date":"2024-02-07T16:10:43","date_gmt":"2024-02-07T15:10:43","guid":{"rendered":"https:\/\/embryotools.com\/?post_type=product&#038;p=23115"},"modified":"2025-11-24T11:39:58","modified_gmt":"2025-11-24T10:39:58","slug":"09-piezo-actuated-intracytoplasmic-sperm-injection","status":"publish","type":"product","link":"https:\/\/embryotools.com\/zh\/shop\/ivf-training-courses\/hands-on-individual-courses\/09-piezo-actuated-intracytoplasmic-sperm-injection\/","title":{"rendered":"(copia)"},"content":{"rendered":"<p class=\"qtranxs-available-languages-message qtranxs-available-languages-message-zh\">\u5bf9\u4e0d\u8d77\uff0c\u6b64\u5185\u5bb9\u53ea\u9002\u7528\u4e8e<a href=\"https:\/\/embryotools.com\/en\/wp-json\/wp\/v2\/product\/23115\" class=\"qtranxs-available-language-link qtranxs-available-language-link-en\" title=\"English\">English<\/a>\uff0c<a href=\"https:\/\/embryotools.com\/es\/wp-json\/wp\/v2\/product\/23115\" class=\"qtranxs-available-language-link qtranxs-available-language-link-es\" title=\"Espa\u00f1ol\">Espa\u00f1ol<\/a>\u548c<a href=\"https:\/\/embryotools.com\/fr\/wp-json\/wp\/v2\/product\/23115\" class=\"qtranxs-available-language-link qtranxs-available-language-link-fr\" title=\"Fran\u00e7ais\">Fran\u00e7ais<\/a>\u3002 For the sake of viewer convenience, the content is shown below in this site default language. You may click one of the links to switch the site language to another available language.<\/p><p><span style=\"font-size: 24pt;\"><strong>Piezo-actuated intracytoplasmic sperm injection<\/strong><\/span><\/p>\n<h2><strong><span style=\"font-size: 12pt;\">Aims and Goals of the Course:<\/span><br \/>\n<\/strong><\/h2>\n<p>This course is specifically designed for embryologists interested in acquiring practical skills and updating their knowledge on the Piezo-ICSI procedure. The course will focus on didactic and intensive hands-on practical lessons about breaking the membrane of the oocyte by using mechanical pulses, avoiding cytoplasm aspiration and enhancing embryo quality.<\/p>\n<p>Throughout the course, embryologists will have the opportunity to get in touch with the latest technologies that are currently available in the field.<\/p>\n<h2><strong>Scientific Program:<\/strong><\/h2>\n<h4>Theoretical Session (30-45 min duration):<\/h4>\n<ul>\n<li>\u201cICSI not all injections are the same: how to inject in a less invasive way \u201c<\/li>\n<\/ul>\n<h4>Hands-On Sessions:<\/h4>\n<ul>\n<li>Piezo-assisted micromanipulator and pipette set-up.<\/li>\n<li>Set up of dishes and media for Piezo-ICSI.<\/li>\n<li>Sperm selection and capture.<\/li>\n<li>Oocyte rotation and Piezo-actuated microinjection.<\/li>\n<li>Washing and culture of microinjected oocytes as well as the analysis of their development.<\/li>\n<\/ul>\n<p><strong>Team of embryologists providing the training:<br \/>\n<\/strong>Nuno Costa-Borges, PhD; Enric Mestres, PhD; M\u00f2nica Acacio, MSc; Queralt Matia, MSc and Carolina Castell\u00f3, BSc.<\/p>\n<p><strong><u>Certificate of attendance will be awarded to participants completing the workshop<\/u><\/strong><\/p>\n<p><strong>Dates:<\/strong> Two days (from 09:00h to 16:30h with a short coffee break and 30 min. lunch pause).<\/p>\n<p><strong>Prices: <\/strong>\u00a02500 Euros<\/p>\n<p>Depending on your experience and needs we can modify the training course by adding extra days to the course.<\/p>\n<p><strong>Location:<br \/>\n<\/strong>Embryotools\u2019 Laboratories<br \/>\nAvenida Doctor Mara\u00f1\u00f3n, 8<br \/>\nParc Cient\u00edfic de Barcelona<br \/>\n08028 Barcelona, Spain<\/p>","protected":false},"excerpt":{"rendered":"<p class=\"qtranxs-available-languages-message qtranxs-available-languages-message-zh\">\u5bf9\u4e0d\u8d77\uff0c\u6b64\u5185\u5bb9\u53ea\u9002\u7528\u4e8e<a href=\"https:\/\/embryotools.com\/en\/wp-json\/wp\/v2\/product\/23115\" class=\"qtranxs-available-language-link qtranxs-available-language-link-en\" title=\"English\">English<\/a>\uff0c<a href=\"https:\/\/embryotools.com\/es\/wp-json\/wp\/v2\/product\/23115\" class=\"qtranxs-available-language-link qtranxs-available-language-link-es\" title=\"Espa\u00f1ol\">Espa\u00f1ol<\/a>\u548c<a href=\"https:\/\/embryotools.com\/fr\/wp-json\/wp\/v2\/product\/23115\" class=\"qtranxs-available-language-link qtranxs-available-language-link-fr\" title=\"Fran\u00e7ais\">Fran\u00e7ais<\/a>\u3002 For the sake of viewer convenience, the content is shown below in this site default language. You may click one of the links to switch the site language to another available language.<\/p>\n<p>Two day course based on practice hands-on to learn how to use the Piezo-actuated technique for intracytoplasmic sperm injection.<\/p>\n<p>&nbsp;<\/p>\n<p><em>For further information please contact us at <span class=\"font_8\"><a href=\"mailto:training@embryotools.com\"><strong>training@embryotools.com<\/strong><\/a><\/span><\/em><\/p>\n","protected":false},"featured_media":23119,"template":"","meta":[],"product_brand":[],"product_cat":[181,134],"product_tag":[],"class_list":{"0":"post-23115","1":"product","2":"type-product","3":"status-publish","4":"has-post-thumbnail","6":"product_cat-hands-on-individual-courses","7":"product_cat-ivf-training-courses","9":"first","10":"instock","11":"downloadable","12":"virtual","13":"purchasable","14":"product-type-simple","15":"berocket_lgv_grid","16":"berocket_lgv_list_grid"},"yoast_head":"<!-- This site is optimized with the Yoast SEO plugin v27.5 - https:\/\/yoast.com\/product\/yoast-seo-wordpress\/ -->\n<title>(copia) - Embryotools<\/title>\n<meta name=\"robots\" content=\"index, follow, max-snippet:-1, max-image-preview:large, max-video-preview:-1\" \/>\n<link rel=\"canonical\" href=\"https:\/\/embryotools.com\/shop\/ivf-training-courses\/hands-on-individual-courses\/09-piezo-actuated-intracytoplasmic-sperm-injection\/\" \/>\n<meta name=\"twitter:card\" content=\"summary_large_image\" \/>\n<meta name=\"twitter:title\" content=\"(copia) - Embryotools\" \/>\n<meta name=\"twitter:description\" content=\"[:en]Two day course based on practice hands-on to learn how to use the Piezo-actuated technique for intracytoplasmic sperm injection.  &nbsp;  For further information please contact us at training@embryotools.com[:es]Curso de dos d\u00edas basado en pr\u00e1cticas para aprender a utilizar la t\u00e9cnica Piezo-ICSI para la microinyecci\u00f3n de ovocitos.  &nbsp;  Para m\u00e1s informaci\u00f3n por favor cont\u00e1ctenos en training@embryotools.com[:fr]Cours de deux jours bas\u00e9 sur la pratique pour apprendre \u00e0 utiliser la technique Piezo-ICSI pour la micro-injection d&#039;ovocytes.  &nbsp;  Pour plus d&#039;information, veuillez nous contacter \u00e0 l&#039;adresse suivante: training@embryotools.com[:]\" \/>\n<meta name=\"twitter:image\" content=\"https:\/\/embryotools.com\/wp-content\/uploads\/2024\/02\/Piezo-1.png\" \/>\n<meta name=\"twitter:site\" content=\"@embryotools\" \/>\n<meta name=\"twitter:label1\" content=\"\u9884\u8ba1\u9605\u8bfb\u65f6\u95f4\" \/>\n\t<meta name=\"twitter:data1\" content=\"2 \u5206\" \/>\n<script type=\"application\/ld+json\" class=\"yoast-schema-graph\">{\"@context\":\"https:\\\/\\\/schema.org\",\"@graph\":[{\"@type\":\"WebPage\",\"@id\":\"https:\\\/\\\/embryotools.com\\\/shop\\\/ivf-training-courses\\\/hands-on-individual-courses\\\/09-piezo-actuated-intracytoplasmic-sperm-injection\\\/\",\"url\":\"https:\\\/\\\/embryotools.com\\\/shop\\\/ivf-training-courses\\\/hands-on-individual-courses\\\/09-piezo-actuated-intracytoplasmic-sperm-injection\\\/\",\"name\":\"(copia) - Embryotools\",\"isPartOf\":{\"@id\":\"https:\\\/\\\/embryotools.com\\\/#website\"},\"primaryImageOfPage\":{\"@id\":\"https:\\\/\\\/embryotools.com\\\/shop\\\/ivf-training-courses\\\/hands-on-individual-courses\\\/09-piezo-actuated-intracytoplasmic-sperm-injection\\\/#primaryimage\"},\"image\":{\"@id\":\"https:\\\/\\\/embryotools.com\\\/shop\\\/ivf-training-courses\\\/hands-on-individual-courses\\\/09-piezo-actuated-intracytoplasmic-sperm-injection\\\/#primaryimage\"},\"thumbnailUrl\":\"https:\\\/\\\/embryotools.com\\\/wp-content\\\/uploads\\\/2024\\\/02\\\/Piezo-1.png\",\"datePublished\":\"2024-02-07T15:10:43+00:00\",\"dateModified\":\"2025-11-24T10:39:58+00:00\",\"breadcrumb\":{\"@id\":\"https:\\\/\\\/embryotools.com\\\/shop\\\/ivf-training-courses\\\/hands-on-individual-courses\\\/09-piezo-actuated-intracytoplasmic-sperm-injection\\\/#breadcrumb\"},\"inLanguage\":\"zh-Hans\",\"potentialAction\":[{\"@type\":\"ReadAction\",\"target\":[\"https:\\\/\\\/embryotools.com\\\/shop\\\/ivf-training-courses\\\/hands-on-individual-courses\\\/09-piezo-actuated-intracytoplasmic-sperm-injection\\\/\"]}]},{\"@type\":\"ImageObject\",\"inLanguage\":\"zh-Hans\",\"@id\":\"https:\\\/\\\/embryotools.com\\\/shop\\\/ivf-training-courses\\\/hands-on-individual-courses\\\/09-piezo-actuated-intracytoplasmic-sperm-injection\\\/#primaryimage\",\"url\":\"https:\\\/\\\/embryotools.com\\\/wp-content\\\/uploads\\\/2024\\\/02\\\/Piezo-1.png\",\"contentUrl\":\"https:\\\/\\\/embryotools.com\\\/wp-content\\\/uploads\\\/2024\\\/02\\\/Piezo-1.png\",\"width\":909,\"height\":914},{\"@type\":\"BreadcrumbList\",\"@id\":\"https:\\\/\\\/embryotools.com\\\/shop\\\/ivf-training-courses\\\/hands-on-individual-courses\\\/09-piezo-actuated-intracytoplasmic-sperm-injection\\\/#breadcrumb\",\"itemListElement\":[{\"@type\":\"ListItem\",\"position\":1,\"name\":\"Home\",\"item\":\"https:\\\/\\\/embryotools.com\\\/\"},{\"@type\":\"ListItem\",\"position\":2,\"name\":\"Shop\",\"item\":\"https:\\\/\\\/embryotools.com\\\/shop\\\/\"},{\"@type\":\"ListItem\",\"position\":3,\"name\":\"09 &#8211; Piezo-actuated intracytoplasmic sperm injection\"}]},{\"@type\":\"WebSite\",\"@id\":\"https:\\\/\\\/embryotools.com\\\/#website\",\"url\":\"https:\\\/\\\/embryotools.com\\\/\",\"name\":\"Embryotools\",\"description\":\"for better results\",\"publisher\":{\"@id\":\"https:\\\/\\\/embryotools.com\\\/#organization\"},\"potentialAction\":[{\"@type\":\"SearchAction\",\"target\":{\"@type\":\"EntryPoint\",\"urlTemplate\":\"https:\\\/\\\/embryotools.com\\\/?s={search_term_string}\"},\"query-input\":{\"@type\":\"PropertyValueSpecification\",\"valueRequired\":true,\"valueName\":\"search_term_string\"}}],\"inLanguage\":\"zh-Hans\"},{\"@type\":\"Organization\",\"@id\":\"https:\\\/\\\/embryotools.com\\\/#organization\",\"name\":\"Embryotools\",\"url\":\"https:\\\/\\\/embryotools.com\\\/\",\"logo\":{\"@type\":\"ImageObject\",\"inLanguage\":\"zh-Hans\",\"@id\":\"https:\\\/\\\/embryotools.com\\\/#\\\/schema\\\/logo\\\/image\\\/\",\"url\":\"https:\\\/\\\/embryotools.com\\\/wp-content\\\/uploads\\\/2017\\\/01\\\/embryotools_logo_trans_500-2.png\",\"contentUrl\":\"https:\\\/\\\/embryotools.com\\\/wp-content\\\/uploads\\\/2017\\\/01\\\/embryotools_logo_trans_500-2.png\",\"width\":250,\"height\":59,\"caption\":\"Embryotools\"},\"image\":{\"@id\":\"https:\\\/\\\/embryotools.com\\\/#\\\/schema\\\/logo\\\/image\\\/\"},\"sameAs\":[\"https:\\\/\\\/www.facebook.com\\\/embryotools\",\"https:\\\/\\\/x.com\\\/embryotools\",\"https:\\\/\\\/www.linkedin.com\\\/company\\\/embryotools\"]}]}<\/script>\n<!-- \/ Yoast SEO plugin. -->","yoast_head_json":{"title":"(copia) - Embryotools","robots":{"index":"index","follow":"follow","max-snippet":"max-snippet:-1","max-image-preview":"max-image-preview:large","max-video-preview":"max-video-preview:-1"},"canonical":"https:\/\/embryotools.com\/shop\/ivf-training-courses\/hands-on-individual-courses\/09-piezo-actuated-intracytoplasmic-sperm-injection\/","twitter_card":"summary_large_image","twitter_title":"(copia) - Embryotools","twitter_description":"[:en]Two day course based on practice hands-on to learn how to use the Piezo-actuated technique for intracytoplasmic sperm injection.  &nbsp;  For further information please contact us at training@embryotools.com[:es]Curso de dos d\u00edas basado en pr\u00e1cticas para aprender a utilizar la t\u00e9cnica Piezo-ICSI para la microinyecci\u00f3n de ovocitos.  &nbsp;  Para m\u00e1s informaci\u00f3n por favor cont\u00e1ctenos en training@embryotools.com[:fr]Cours de deux jours bas\u00e9 sur la pratique pour apprendre \u00e0 utiliser la technique Piezo-ICSI pour la micro-injection d'ovocytes.  &nbsp;  Pour plus d'information, veuillez nous contacter \u00e0 l'adresse suivante: training@embryotools.com[:]","twitter_image":"https:\/\/embryotools.com\/wp-content\/uploads\/2024\/02\/Piezo-1.png","twitter_site":"@embryotools","twitter_misc":{"\u9884\u8ba1\u9605\u8bfb\u65f6\u95f4":"2 \u5206"},"schema":{"@context":"https:\/\/schema.org","@graph":[{"@type":"WebPage","@id":"https:\/\/embryotools.com\/shop\/ivf-training-courses\/hands-on-individual-courses\/09-piezo-actuated-intracytoplasmic-sperm-injection\/","url":"https:\/\/embryotools.com\/shop\/ivf-training-courses\/hands-on-individual-courses\/09-piezo-actuated-intracytoplasmic-sperm-injection\/","name":"(copia) - Embryotools","isPartOf":{"@id":"https:\/\/embryotools.com\/#website"},"primaryImageOfPage":{"@id":"https:\/\/embryotools.com\/shop\/ivf-training-courses\/hands-on-individual-courses\/09-piezo-actuated-intracytoplasmic-sperm-injection\/#primaryimage"},"image":{"@id":"https:\/\/embryotools.com\/shop\/ivf-training-courses\/hands-on-individual-courses\/09-piezo-actuated-intracytoplasmic-sperm-injection\/#primaryimage"},"thumbnailUrl":"https:\/\/embryotools.com\/wp-content\/uploads\/2024\/02\/Piezo-1.png","datePublished":"2024-02-07T15:10:43+00:00","dateModified":"2025-11-24T10:39:58+00:00","breadcrumb":{"@id":"https:\/\/embryotools.com\/shop\/ivf-training-courses\/hands-on-individual-courses\/09-piezo-actuated-intracytoplasmic-sperm-injection\/#breadcrumb"},"inLanguage":"zh-Hans","potentialAction":[{"@type":"ReadAction","target":["https:\/\/embryotools.com\/shop\/ivf-training-courses\/hands-on-individual-courses\/09-piezo-actuated-intracytoplasmic-sperm-injection\/"]}]},{"@type":"ImageObject","inLanguage":"zh-Hans","@id":"https:\/\/embryotools.com\/shop\/ivf-training-courses\/hands-on-individual-courses\/09-piezo-actuated-intracytoplasmic-sperm-injection\/#primaryimage","url":"https:\/\/embryotools.com\/wp-content\/uploads\/2024\/02\/Piezo-1.png","contentUrl":"https:\/\/embryotools.com\/wp-content\/uploads\/2024\/02\/Piezo-1.png","width":909,"height":914},{"@type":"BreadcrumbList","@id":"https:\/\/embryotools.com\/shop\/ivf-training-courses\/hands-on-individual-courses\/09-piezo-actuated-intracytoplasmic-sperm-injection\/#breadcrumb","itemListElement":[{"@type":"ListItem","position":1,"name":"Home","item":"https:\/\/embryotools.com\/"},{"@type":"ListItem","position":2,"name":"Shop","item":"https:\/\/embryotools.com\/shop\/"},{"@type":"ListItem","position":3,"name":"09 &#8211; Piezo-actuated intracytoplasmic sperm injection"}]},{"@type":"WebSite","@id":"https:\/\/embryotools.com\/#website","url":"https:\/\/embryotools.com\/","name":"Embryotools","description":"for better results","publisher":{"@id":"https:\/\/embryotools.com\/#organization"},"potentialAction":[{"@type":"SearchAction","target":{"@type":"EntryPoint","urlTemplate":"https:\/\/embryotools.com\/?s={search_term_string}"},"query-input":{"@type":"PropertyValueSpecification","valueRequired":true,"valueName":"search_term_string"}}],"inLanguage":"zh-Hans"},{"@type":"Organization","@id":"https:\/\/embryotools.com\/#organization","name":"Embryotools","url":"https:\/\/embryotools.com\/","logo":{"@type":"ImageObject","inLanguage":"zh-Hans","@id":"https:\/\/embryotools.com\/#\/schema\/logo\/image\/","url":"https:\/\/embryotools.com\/wp-content\/uploads\/2017\/01\/embryotools_logo_trans_500-2.png","contentUrl":"https:\/\/embryotools.com\/wp-content\/uploads\/2017\/01\/embryotools_logo_trans_500-2.png","width":250,"height":59,"caption":"Embryotools"},"image":{"@id":"https:\/\/embryotools.com\/#\/schema\/logo\/image\/"},"sameAs":["https:\/\/www.facebook.com\/embryotools","https:\/\/x.com\/embryotools","https:\/\/www.linkedin.com\/company\/embryotools"]}]}},"_links":{"self":[{"href":"https:\/\/embryotools.com\/zh\/wp-json\/wp\/v2\/product\/23115","targetHints":{"allow":["GET"]}}],"collection":[{"href":"https:\/\/embryotools.com\/zh\/wp-json\/wp\/v2\/product"}],"about":[{"href":"https:\/\/embryotools.com\/zh\/wp-json\/wp\/v2\/types\/product"}],"wp:featuredmedia":[{"embeddable":true,"href":"https:\/\/embryotools.com\/zh\/wp-json\/wp\/v2\/media\/23119"}],"wp:attachment":[{"href":"https:\/\/embryotools.com\/zh\/wp-json\/wp\/v2\/media?parent=23115"}],"wp:term":[{"taxonomy":"product_brand","embeddable":true,"href":"https:\/\/embryotools.com\/zh\/wp-json\/wp\/v2\/product_brand?post=23115"},{"taxonomy":"product_cat","embeddable":true,"href":"https:\/\/embryotools.com\/zh\/wp-json\/wp\/v2\/product_cat?post=23115"},{"taxonomy":"product_tag","embeddable":true,"href":"https:\/\/embryotools.com\/zh\/wp-json\/wp\/v2\/product_tag?post=23115"}],"curies":[{"name":"wp","href":"https:\/\/api.w.org\/{rel}","templated":true}]}}