{"id":22729,"date":"2021-10-13T16:24:57","date_gmt":"2021-10-13T14:24:57","guid":{"rendered":"https:\/\/embryotools.com\/?post_type=product&#038;p=22729"},"modified":"2025-02-26T15:45:24","modified_gmt":"2025-02-26T14:45:24","slug":"groups","status":"publish","type":"product","link":"https:\/\/embryotools.com\/zh\/shop\/ivf-training-courses\/hands-on-group-courses\/groups\/","title":{"rendered":"Hands-on Group Courses"},"content":{"rendered":"<p class=\"qtranxs-available-languages-message qtranxs-available-languages-message-zh\">\u5bf9\u4e0d\u8d77\uff0c\u6b64\u5185\u5bb9\u53ea\u9002\u7528\u4e8e<a href=\"https:\/\/embryotools.com\/en\/wp-json\/wp\/v2\/product\/22729\" class=\"qtranxs-available-language-link qtranxs-available-language-link-en\" title=\"English\">English<\/a>\uff0c<a href=\"https:\/\/embryotools.com\/es\/wp-json\/wp\/v2\/product\/22729\" class=\"qtranxs-available-language-link qtranxs-available-language-link-es\" title=\"Espa\u00f1ol\">Espa\u00f1ol<\/a>\u548c<a href=\"https:\/\/embryotools.com\/fr\/wp-json\/wp\/v2\/product\/22729\" class=\"qtranxs-available-language-link qtranxs-available-language-link-fr\" title=\"Fran\u00e7ais\">Fran\u00e7ais<\/a>\u3002 For the sake of viewer convenience, the content is shown below in this site default language. You may click one of the links to switch the site language to another available language.<\/p><p>Group courses are designed both for experienced embryologists who wish to improve their results and for young embryologists who are starting out in IVF techniques and also for companies related to the Assisted Reproduction sector.<\/p>\n<p>At Embryotools&#8217; facilities, we have the necessary equipment and teaching staff to ensure that the training is as individualized as possible, with one teacher and one workstation for every two students. We also have an unlimited number of samples available for the practical sessions.<\/p>\n<p>The aim of the training is to go through the processes involved in IVF cycles focusing on the main techniques, emphasizing the important theoretical aspects and doing intensive hands- on practice to become an excellent clinical embryologist.<\/p>\n<p>We offer training in:<\/p>\n<ul>\n<li>Quality control: understand the fundamental principles of quality control, set up, management and workflow organization in an IVF laboratory.\u00a0 Improve results, gain consistency and analyze the stability of the culture system in the laboratory.<\/li>\n<li>IVF techniques: practical training in all the techniques used in an IVF laboratory. Updating knowledge of routine techniques and discovering how to improve results with just a few important tips and tricks.<\/li>\n<li>ICSI: based on different types of oocyte injection, sperm capture and immobilization, oocyte rotation, IMSI and PICSI.<\/li>\n<li>Cryopreservation of oocytes, embryos and blastocysts: The course will focus on practical and intensive lessons on vitrification, warming and assisted hatching techniques, providing tips and tricks to achieve consistent results.<\/li>\n<li>Embryo biopsy: implementing trophectoderm biopsy (or day+3 biopsy) in the laboratory routine. Learn new tips and tricks on all aspects of blastocyst biopsy.<\/li>\n<li>Semen preparation: learn how to analyze all types of semen samples and how to prepare them for any of the techniques applied in an IVF laboratory.<\/li>\n<li>Ovarian tissue cryopreservation: intensive practice in ovarian cortex dissection and cryopreservation using slow freezing and vitrification protocols.<\/li>\n<\/ul>\n<p><strong>To design a customized course, elaborating a program adapted to your needs and to organize the timetable and duration of the course, please contact us at:<\/strong> <a href=\"mailto:training@embryotools.com\"><em>training@embryotools.com<\/em><\/a><\/p>\n<p><strong>Team of embryologists involved in the training courses:<br \/>\n<\/strong>Nuno Costa-Borges, PhD; Enric Mestres, PhD; M\u00f2nica Acacio, MSc; Queralt Matia, MSc and Carolina Castell\u00f3, BSc.<\/p>\n<p><strong><u>Certificates of attendance will be awarded to participants at the end of the course.<\/u><\/strong><\/p>","protected":false},"excerpt":{"rendered":"<p class=\"qtranxs-available-languages-message qtranxs-available-languages-message-zh\">\u5bf9\u4e0d\u8d77\uff0c\u6b64\u5185\u5bb9\u53ea\u9002\u7528\u4e8e<a href=\"https:\/\/embryotools.com\/en\/wp-json\/wp\/v2\/product\/22729\" class=\"qtranxs-available-language-link qtranxs-available-language-link-en\" title=\"English\">English<\/a>\uff0c<a href=\"https:\/\/embryotools.com\/es\/wp-json\/wp\/v2\/product\/22729\" class=\"qtranxs-available-language-link qtranxs-available-language-link-es\" title=\"Espa\u00f1ol\">Espa\u00f1ol<\/a>\u548c<a href=\"https:\/\/embryotools.com\/fr\/wp-json\/wp\/v2\/product\/22729\" class=\"qtranxs-available-language-link qtranxs-available-language-link-fr\" title=\"Fran\u00e7ais\">Fran\u00e7ais<\/a>\u3002 For the sake of viewer convenience, the content is shown below in this site default language. You may click one of the links to switch the site language to another available language.<\/p>\n<p>Tailor-made courses for small groups of 6 to 8 students specially designed for Reproductive Centers that wish to train their team of embryologists or for manufacturers and companies whose personnel require knowledge in Assisted Reproduction techniques.<\/p>\n<p>Embryotools guarantees a unique environment and a highly technological laboratory with the most modern and exclusive equipment on the market available for training.<\/p>\n<p>Possibility of giving and organizing courses outside our facilities. Customization of the program according to experience and needs.<\/p>\n<p>For more information please contact us at <a href=\"mailto:training@embryotools.com\"><em>training@embryotools.com<\/em><\/a><\/p>\n","protected":false},"featured_media":22748,"template":"","meta":[],"product_brand":[],"product_cat":[180,134],"product_tag":[],"class_list":{"0":"post-22729","1":"product","2":"type-product","3":"status-publish","4":"has-post-thumbnail","6":"product_cat-hands-on-group-courses","7":"product_cat-ivf-training-courses","9":"first","10":"instock","11":"virtual","12":"product-type-simple","13":"berocket_lgv_grid","14":"berocket_lgv_list_grid"},"yoast_head":"<!-- This site is optimized with the Yoast SEO plugin v27.4 - https:\/\/yoast.com\/product\/yoast-seo-wordpress\/ -->\n<title>Hands-on Group Courses - Embryotools<\/title>\n<meta name=\"robots\" content=\"index, follow, max-snippet:-1, max-image-preview:large, max-video-preview:-1\" \/>\n<link rel=\"canonical\" href=\"https:\/\/embryotools.com\/shop\/ivf-training-courses\/hands-on-group-courses\/groups\/\" \/>\n<meta name=\"twitter:card\" content=\"summary_large_image\" \/>\n<meta name=\"twitter:title\" content=\"Hands-on Group Courses - Embryotools\" \/>\n<meta name=\"twitter:description\" content=\"[:en]Tailor-made courses for small groups of 6 to 8 students specially designed for Reproductive Centers that wish to train their team of embryologists or for manufacturers and companies whose personnel require knowledge in Assisted Reproduction techniques.  Embryotools guarantees a unique environment and a highly technological laboratory with the most modern and exclusive equipment on the market available for training.  Possibility of giving and organizing courses outside our facilities. Customization of the program according to experience and needs.  For more information please contact us at training@embryotools.com[:es]Cursos a medida para grupos reducidos de 6 a 8 alumnos especialmente dise\u00f1ados para Centros de Reproducci\u00f3n que deseen formaci\u00f3n para su equipo de embri\u00f3logos o para fabricantes y empresas cuyo personal requiera adquirir conocimientos en t\u00e9cnicas de Reproducci\u00f3n Asistida.  Embryotools garantiza un entorno \u00fanico y un laboratorio altamente tecnol\u00f3gico con los equipos m\u00e1s modernos y exclusivos del mercado disponibles para la formaci\u00f3n.  Posibilidad de impartir y organizar cursos fuera de nuestras instalaciones. Personalizaci\u00f3n del temario seg\u00fan experiencia y necesidades.  Para m\u00e1s informaci\u00f3n por favor cont\u00e1ctenos en training@embryotools.com[:fr]Cours sur mesure pour de petits groupes de 6 \u00e0 8 \u00e9tudiants, sp\u00e9cialement con\u00e7us pour les centres de reproduction qui souhaitent former leur \u00e9quipe d&#039;embryologistes ou pour les fabricants et les entreprises dont le personnel a besoin de connaissances en mati\u00e8re de techniques de reproduction assist\u00e9e.  Embryotools garantit un environnement unique et un laboratoire hautement technologique avec l&#039;\u00e9quipement le plus moderne et exclusif du march\u00e9 disponible pour la formation.  Possibilit\u00e9 d&#039;organiser des cours en dehors de nos installations. Personnalisation du programme en fonction de l&#039;exp\u00e9rience et des besoins.  Pour plus d&#039;informations, veuillez nous contacter \u00e0 training@embryotools.com[:]\" \/>\n<meta name=\"twitter:image\" content=\"https:\/\/embryotools.com\/wp-content\/uploads\/2021\/10\/IMG_5941-1-scaled.jpg\" \/>\n<meta name=\"twitter:site\" content=\"@embryotools\" \/>\n<meta name=\"twitter:label1\" content=\"\u9884\u8ba1\u9605\u8bfb\u65f6\u95f4\" \/>\n\t<meta name=\"twitter:data1\" content=\"3 \u5206\" \/>\n<script type=\"application\/ld+json\" class=\"yoast-schema-graph\">{\"@context\":\"https:\\\/\\\/schema.org\",\"@graph\":[{\"@type\":\"WebPage\",\"@id\":\"https:\\\/\\\/embryotools.com\\\/shop\\\/ivf-training-courses\\\/hands-on-group-courses\\\/groups\\\/\",\"url\":\"https:\\\/\\\/embryotools.com\\\/shop\\\/ivf-training-courses\\\/hands-on-group-courses\\\/groups\\\/\",\"name\":\"Hands-on Group Courses - Embryotools\",\"isPartOf\":{\"@id\":\"https:\\\/\\\/embryotools.com\\\/#website\"},\"primaryImageOfPage\":{\"@id\":\"https:\\\/\\\/embryotools.com\\\/shop\\\/ivf-training-courses\\\/hands-on-group-courses\\\/groups\\\/#primaryimage\"},\"image\":{\"@id\":\"https:\\\/\\\/embryotools.com\\\/shop\\\/ivf-training-courses\\\/hands-on-group-courses\\\/groups\\\/#primaryimage\"},\"thumbnailUrl\":\"https:\\\/\\\/embryotools.com\\\/wp-content\\\/uploads\\\/2021\\\/10\\\/IMG_5941-1-scaled.jpg\",\"datePublished\":\"2021-10-13T14:24:57+00:00\",\"dateModified\":\"2025-02-26T14:45:24+00:00\",\"breadcrumb\":{\"@id\":\"https:\\\/\\\/embryotools.com\\\/shop\\\/ivf-training-courses\\\/hands-on-group-courses\\\/groups\\\/#breadcrumb\"},\"inLanguage\":\"zh-Hans\",\"potentialAction\":[{\"@type\":\"ReadAction\",\"target\":[\"https:\\\/\\\/embryotools.com\\\/shop\\\/ivf-training-courses\\\/hands-on-group-courses\\\/groups\\\/\"]}]},{\"@type\":\"ImageObject\",\"inLanguage\":\"zh-Hans\",\"@id\":\"https:\\\/\\\/embryotools.com\\\/shop\\\/ivf-training-courses\\\/hands-on-group-courses\\\/groups\\\/#primaryimage\",\"url\":\"https:\\\/\\\/embryotools.com\\\/wp-content\\\/uploads\\\/2021\\\/10\\\/IMG_5941-1-scaled.jpg\",\"contentUrl\":\"https:\\\/\\\/embryotools.com\\\/wp-content\\\/uploads\\\/2021\\\/10\\\/IMG_5941-1-scaled.jpg\",\"width\":2560,\"height\":1707},{\"@type\":\"BreadcrumbList\",\"@id\":\"https:\\\/\\\/embryotools.com\\\/shop\\\/ivf-training-courses\\\/hands-on-group-courses\\\/groups\\\/#breadcrumb\",\"itemListElement\":[{\"@type\":\"ListItem\",\"position\":1,\"name\":\"Home\",\"item\":\"https:\\\/\\\/embryotools.com\\\/\"},{\"@type\":\"ListItem\",\"position\":2,\"name\":\"Shop\",\"item\":\"https:\\\/\\\/embryotools.com\\\/shop\\\/\"},{\"@type\":\"ListItem\",\"position\":3,\"name\":\"Hands-on Group Courses\"}]},{\"@type\":\"WebSite\",\"@id\":\"https:\\\/\\\/embryotools.com\\\/#website\",\"url\":\"https:\\\/\\\/embryotools.com\\\/\",\"name\":\"Embryotools\",\"description\":\"for better results\",\"publisher\":{\"@id\":\"https:\\\/\\\/embryotools.com\\\/#organization\"},\"potentialAction\":[{\"@type\":\"SearchAction\",\"target\":{\"@type\":\"EntryPoint\",\"urlTemplate\":\"https:\\\/\\\/embryotools.com\\\/?s={search_term_string}\"},\"query-input\":{\"@type\":\"PropertyValueSpecification\",\"valueRequired\":true,\"valueName\":\"search_term_string\"}}],\"inLanguage\":\"zh-Hans\"},{\"@type\":\"Organization\",\"@id\":\"https:\\\/\\\/embryotools.com\\\/#organization\",\"name\":\"Embryotools\",\"url\":\"https:\\\/\\\/embryotools.com\\\/\",\"logo\":{\"@type\":\"ImageObject\",\"inLanguage\":\"zh-Hans\",\"@id\":\"https:\\\/\\\/embryotools.com\\\/#\\\/schema\\\/logo\\\/image\\\/\",\"url\":\"https:\\\/\\\/embryotools.com\\\/wp-content\\\/uploads\\\/2017\\\/01\\\/embryotools_logo_trans_500-2.png\",\"contentUrl\":\"https:\\\/\\\/embryotools.com\\\/wp-content\\\/uploads\\\/2017\\\/01\\\/embryotools_logo_trans_500-2.png\",\"width\":250,\"height\":59,\"caption\":\"Embryotools\"},\"image\":{\"@id\":\"https:\\\/\\\/embryotools.com\\\/#\\\/schema\\\/logo\\\/image\\\/\"},\"sameAs\":[\"https:\\\/\\\/www.facebook.com\\\/embryotools\",\"https:\\\/\\\/x.com\\\/embryotools\",\"https:\\\/\\\/www.linkedin.com\\\/company\\\/embryotools\"]}]}<\/script>\n<!-- \/ Yoast SEO plugin. -->","yoast_head_json":{"title":"Hands-on Group Courses - Embryotools","robots":{"index":"index","follow":"follow","max-snippet":"max-snippet:-1","max-image-preview":"max-image-preview:large","max-video-preview":"max-video-preview:-1"},"canonical":"https:\/\/embryotools.com\/shop\/ivf-training-courses\/hands-on-group-courses\/groups\/","twitter_card":"summary_large_image","twitter_title":"Hands-on Group Courses - Embryotools","twitter_description":"[:en]Tailor-made courses for small groups of 6 to 8 students specially designed for Reproductive Centers that wish to train their team of embryologists or for manufacturers and companies whose personnel require knowledge in Assisted Reproduction techniques.  Embryotools guarantees a unique environment and a highly technological laboratory with the most modern and exclusive equipment on the market available for training.  Possibility of giving and organizing courses outside our facilities. Customization of the program according to experience and needs.  For more information please contact us at training@embryotools.com[:es]Cursos a medida para grupos reducidos de 6 a 8 alumnos especialmente dise\u00f1ados para Centros de Reproducci\u00f3n que deseen formaci\u00f3n para su equipo de embri\u00f3logos o para fabricantes y empresas cuyo personal requiera adquirir conocimientos en t\u00e9cnicas de Reproducci\u00f3n Asistida.  Embryotools garantiza un entorno \u00fanico y un laboratorio altamente tecnol\u00f3gico con los equipos m\u00e1s modernos y exclusivos del mercado disponibles para la formaci\u00f3n.  Posibilidad de impartir y organizar cursos fuera de nuestras instalaciones. Personalizaci\u00f3n del temario seg\u00fan experiencia y necesidades.  Para m\u00e1s informaci\u00f3n por favor cont\u00e1ctenos en training@embryotools.com[:fr]Cours sur mesure pour de petits groupes de 6 \u00e0 8 \u00e9tudiants, sp\u00e9cialement con\u00e7us pour les centres de reproduction qui souhaitent former leur \u00e9quipe d'embryologistes ou pour les fabricants et les entreprises dont le personnel a besoin de connaissances en mati\u00e8re de techniques de reproduction assist\u00e9e.  Embryotools garantit un environnement unique et un laboratoire hautement technologique avec l'\u00e9quipement le plus moderne et exclusif du march\u00e9 disponible pour la formation.  Possibilit\u00e9 d'organiser des cours en dehors de nos installations. Personnalisation du programme en fonction de l'exp\u00e9rience et des besoins.  Pour plus d'informations, veuillez nous contacter \u00e0 training@embryotools.com[:]","twitter_image":"https:\/\/embryotools.com\/wp-content\/uploads\/2021\/10\/IMG_5941-1-scaled.jpg","twitter_site":"@embryotools","twitter_misc":{"\u9884\u8ba1\u9605\u8bfb\u65f6\u95f4":"3 \u5206"},"schema":{"@context":"https:\/\/schema.org","@graph":[{"@type":"WebPage","@id":"https:\/\/embryotools.com\/shop\/ivf-training-courses\/hands-on-group-courses\/groups\/","url":"https:\/\/embryotools.com\/shop\/ivf-training-courses\/hands-on-group-courses\/groups\/","name":"Hands-on Group Courses - Embryotools","isPartOf":{"@id":"https:\/\/embryotools.com\/#website"},"primaryImageOfPage":{"@id":"https:\/\/embryotools.com\/shop\/ivf-training-courses\/hands-on-group-courses\/groups\/#primaryimage"},"image":{"@id":"https:\/\/embryotools.com\/shop\/ivf-training-courses\/hands-on-group-courses\/groups\/#primaryimage"},"thumbnailUrl":"https:\/\/embryotools.com\/wp-content\/uploads\/2021\/10\/IMG_5941-1-scaled.jpg","datePublished":"2021-10-13T14:24:57+00:00","dateModified":"2025-02-26T14:45:24+00:00","breadcrumb":{"@id":"https:\/\/embryotools.com\/shop\/ivf-training-courses\/hands-on-group-courses\/groups\/#breadcrumb"},"inLanguage":"zh-Hans","potentialAction":[{"@type":"ReadAction","target":["https:\/\/embryotools.com\/shop\/ivf-training-courses\/hands-on-group-courses\/groups\/"]}]},{"@type":"ImageObject","inLanguage":"zh-Hans","@id":"https:\/\/embryotools.com\/shop\/ivf-training-courses\/hands-on-group-courses\/groups\/#primaryimage","url":"https:\/\/embryotools.com\/wp-content\/uploads\/2021\/10\/IMG_5941-1-scaled.jpg","contentUrl":"https:\/\/embryotools.com\/wp-content\/uploads\/2021\/10\/IMG_5941-1-scaled.jpg","width":2560,"height":1707},{"@type":"BreadcrumbList","@id":"https:\/\/embryotools.com\/shop\/ivf-training-courses\/hands-on-group-courses\/groups\/#breadcrumb","itemListElement":[{"@type":"ListItem","position":1,"name":"Home","item":"https:\/\/embryotools.com\/"},{"@type":"ListItem","position":2,"name":"Shop","item":"https:\/\/embryotools.com\/shop\/"},{"@type":"ListItem","position":3,"name":"Hands-on Group Courses"}]},{"@type":"WebSite","@id":"https:\/\/embryotools.com\/#website","url":"https:\/\/embryotools.com\/","name":"Embryotools","description":"for better results","publisher":{"@id":"https:\/\/embryotools.com\/#organization"},"potentialAction":[{"@type":"SearchAction","target":{"@type":"EntryPoint","urlTemplate":"https:\/\/embryotools.com\/?s={search_term_string}"},"query-input":{"@type":"PropertyValueSpecification","valueRequired":true,"valueName":"search_term_string"}}],"inLanguage":"zh-Hans"},{"@type":"Organization","@id":"https:\/\/embryotools.com\/#organization","name":"Embryotools","url":"https:\/\/embryotools.com\/","logo":{"@type":"ImageObject","inLanguage":"zh-Hans","@id":"https:\/\/embryotools.com\/#\/schema\/logo\/image\/","url":"https:\/\/embryotools.com\/wp-content\/uploads\/2017\/01\/embryotools_logo_trans_500-2.png","contentUrl":"https:\/\/embryotools.com\/wp-content\/uploads\/2017\/01\/embryotools_logo_trans_500-2.png","width":250,"height":59,"caption":"Embryotools"},"image":{"@id":"https:\/\/embryotools.com\/#\/schema\/logo\/image\/"},"sameAs":["https:\/\/www.facebook.com\/embryotools","https:\/\/x.com\/embryotools","https:\/\/www.linkedin.com\/company\/embryotools"]}]}},"_links":{"self":[{"href":"https:\/\/embryotools.com\/zh\/wp-json\/wp\/v2\/product\/22729","targetHints":{"allow":["GET"]}}],"collection":[{"href":"https:\/\/embryotools.com\/zh\/wp-json\/wp\/v2\/product"}],"about":[{"href":"https:\/\/embryotools.com\/zh\/wp-json\/wp\/v2\/types\/product"}],"wp:featuredmedia":[{"embeddable":true,"href":"https:\/\/embryotools.com\/zh\/wp-json\/wp\/v2\/media\/22748"}],"wp:attachment":[{"href":"https:\/\/embryotools.com\/zh\/wp-json\/wp\/v2\/media?parent=22729"}],"wp:term":[{"taxonomy":"product_brand","embeddable":true,"href":"https:\/\/embryotools.com\/zh\/wp-json\/wp\/v2\/product_brand?post=22729"},{"taxonomy":"product_cat","embeddable":true,"href":"https:\/\/embryotools.com\/zh\/wp-json\/wp\/v2\/product_cat?post=22729"},{"taxonomy":"product_tag","embeddable":true,"href":"https:\/\/embryotools.com\/zh\/wp-json\/wp\/v2\/product_tag?post=22729"}],"curies":[{"name":"wp","href":"https:\/\/api.w.org\/{rel}","templated":true}]}}