{"id":20618,"date":"2019-12-23T14:43:03","date_gmt":"2019-12-23T13:43:03","guid":{"rendered":"https:\/\/embryotools.com\/?post_type=product&#038;p=20618"},"modified":"2025-11-24T11:32:30","modified_gmt":"2025-11-24T10:32:30","slug":"08-upgrade-in-ivf-techniques-3-days-nou-curs","status":"publish","type":"product","link":"https:\/\/embryotools.com\/zh\/shop\/ivf-training-courses\/hands-on-individual-courses\/08-upgrade-in-ivf-techniques-3-days-nou-curs\/","title":{"rendered":"08 &#8211; Upgrade in IVF techniques for experienced embryologists"},"content":{"rendered":"<p class=\"qtranxs-available-languages-message qtranxs-available-languages-message-zh\">\u5bf9\u4e0d\u8d77\uff0c\u6b64\u5185\u5bb9\u53ea\u9002\u7528\u4e8e<a href=\"https:\/\/embryotools.com\/en\/wp-json\/wp\/v2\/product\/20618\" class=\"qtranxs-available-language-link qtranxs-available-language-link-en\" title=\"English\">English<\/a>\uff0c<a href=\"https:\/\/embryotools.com\/es\/wp-json\/wp\/v2\/product\/20618\" class=\"qtranxs-available-language-link qtranxs-available-language-link-es\" title=\"Espa\u00f1ol\">Espa\u00f1ol<\/a>\u548c<a href=\"https:\/\/embryotools.com\/fr\/wp-json\/wp\/v2\/product\/20618\" class=\"qtranxs-available-language-link qtranxs-available-language-link-fr\" title=\"Fran\u00e7ais\">Fran\u00e7ais<\/a>\u3002 For the sake of viewer convenience, the content is shown below in this site default language. You may click one of the links to switch the site language to another available language.<\/p><p><\/p>\n<h1><strong>Upgrade in IVF techniques for experienced embryologists<\/strong><\/h1>\n<p>&nbsp;<\/p>\n<p><em><span style=\"font-size: 14pt;\">Discover new approaches on your daily techniques<\/span><\/em><\/p>\n<h2><strong><span style=\"font-size: 12pt;\">Aims and Goals of the Course:<\/span><br \/>\n<\/strong><\/h2>\n<p>Have an overview of an IVF cycle, going through the whole process, focusing on the main techniques and emphasizing important theoretical aspects. Understand fundamental principles of quality control, set-up management and work organization in an IVF lab. Have and intensive hands-on sessions in ICSI, embryo and blastocyst vitrification and warming, assisted hatching and embryo transfer from the lab&#8217;s perspective. An opportunity to step back and take a time to deepen into the upgrade knowledge in our routine techniques and discover how to improve results just with few important tips and tricks.<\/p>\n<h2><strong>Scientific Program:<\/strong><\/h2>\n<h4>Theoretical Sessions (30-45 min duration):<\/h4>\n<ul>\n<li>&#8220;Upgrade in IVF techniques&#8221;<\/li>\n<\/ul>\n<h4>Hands-On Sessions:<\/h4>\n<ul>\n<li>Oocyte and embryo handling using different types of pipetting devices.<\/li>\n<li>ICSI: different ways of penetrating the oocyte membrane.<\/li>\n<li>Overview of the different biopsy techniques.<\/li>\n<li>Vitrification and warming of blastocysts.<\/li>\n<li>Management of warmed embryos: Assisted hatching.<\/li>\n<li>Embryo Transfer from the lab perspective.<\/li>\n<li>How to handle a stable culture system.<\/li>\n<li>Temperature measurements.<\/li>\n<li>Handle of media and oil: aliquoting, storage, disposables out-gassing, preparation of dishes (the overlaid and underlaid methods) for gamete and embryo manipulation and culture.<\/li>\n<li>Aseptic techniques for handling media, disposables, gametes and embryos.<\/li>\n<\/ul>\n<p><strong>Team of embryologists providing the training:<br \/>\n<\/strong>Nuno Costa-Borges, PhD; Enric Mestres, PhD; M\u00f2nica Acacio, MSc; Queralt Matia, MSc and Carolina Castell\u00f3, BSc.<\/p>\n<p><strong><u>Certificate of attendance will be awarded to participants completing the workshop<\/u><\/strong><\/p>\n<p><strong>Dates:<\/strong> Three days from 09:00h to 16:30h with a coffee break and 30 min lunch pause.<\/p>\n<p><strong>Prices: <\/strong>3600 Euros<\/p>\n<p>Depending on your experience and needs we can modify the training course by adding extra days to the course.<\/p>\n<p><strong>Location:<br \/>\n<\/strong>Embryotools\u2019 Laboratories<br \/>\nAvenida Doctor Mara\u00f1\u00f3n, 8<br \/>\nParc Cient\u00edfic de Barcelona<br \/>\n08028 Barcelona, Spain<\/p>","protected":false},"excerpt":{"rendered":"<p class=\"qtranxs-available-languages-message qtranxs-available-languages-message-zh\">\u5bf9\u4e0d\u8d77\uff0c\u6b64\u5185\u5bb9\u53ea\u9002\u7528\u4e8e<a href=\"https:\/\/embryotools.com\/en\/wp-json\/wp\/v2\/product\/20618\" class=\"qtranxs-available-language-link qtranxs-available-language-link-en\" title=\"English\">English<\/a>\uff0c<a href=\"https:\/\/embryotools.com\/es\/wp-json\/wp\/v2\/product\/20618\" class=\"qtranxs-available-language-link qtranxs-available-language-link-es\" title=\"Espa\u00f1ol\">Espa\u00f1ol<\/a>\u548c<a href=\"https:\/\/embryotools.com\/fr\/wp-json\/wp\/v2\/product\/20618\" class=\"qtranxs-available-language-link qtranxs-available-language-link-fr\" title=\"Fran\u00e7ais\">Fran\u00e7ais<\/a>\u3002 For the sake of viewer convenience, the content is shown below in this site default language. You may click one of the links to switch the site language to another available language.<\/p>\n<p>Three days course to discover new approaches on your daily techniques. For experienced embryologists who want to gain consistency of results in their laboratory.<\/p>\n<p>&nbsp;<\/p>\n<p>&nbsp;<\/p>\n<p><em>For further information please contact us at <a href=\"mailto:training@embryotools.com\"><strong>training@embryotools.com<\/strong><\/a><\/em><\/p>\n","protected":false},"featured_media":22584,"template":"","meta":[],"product_brand":[],"product_cat":[181,134],"product_tag":[],"class_list":{"0":"post-20618","1":"product","2":"type-product","3":"status-publish","4":"has-post-thumbnail","6":"product_cat-hands-on-individual-courses","7":"product_cat-ivf-training-courses","9":"first","10":"instock","11":"downloadable","12":"virtual","13":"purchasable","14":"product-type-simple","15":"berocket_lgv_grid","16":"berocket_lgv_list_grid"},"yoast_head":"<!-- This site is optimized with the Yoast SEO plugin v27.4 - https:\/\/yoast.com\/product\/yoast-seo-wordpress\/ -->\n<title>08 - Upgrade in IVF techniques for experienced embryologists - Embryotools<\/title>\n<meta name=\"robots\" content=\"index, follow, max-snippet:-1, max-image-preview:large, max-video-preview:-1\" \/>\n<link rel=\"canonical\" href=\"https:\/\/embryotools.com\/shop\/ivf-training-courses\/hands-on-individual-courses\/08-upgrade-in-ivf-techniques-3-days-nou-curs\/\" \/>\n<meta name=\"twitter:card\" content=\"summary_large_image\" \/>\n<meta name=\"twitter:title\" content=\"08 - Upgrade in IVF techniques for experienced embryologists - Embryotools\" \/>\n<meta name=\"twitter:description\" content=\"[:en]Three days course to discover new approaches on your daily techniques. For experienced embryologists who want to gain consistency of results in their laboratory.  &nbsp;  &nbsp;  For further information please contact us at training@embryotools.com[:es]Curso de tres d\u00edas para descubrir nuevos enfoques en las t\u00e9cnicas de rutina en el laboratorio de FIV destinado a embri\u00f3logos con experiencia que quieran ganar consistencia en los resultados en su laboratorio.  &nbsp;  Para m\u00e1s informaci\u00f3n por favor cont\u00e1ctenos en training@embryotools.com[:fr]Un cours de trois jours pour d\u00e9couvrir de nouvelles approches des techniques de routine dans le laboratoire de FIV pour les embryologistes exp\u00e9riment\u00e9s qui veulent obtenir des r\u00e9sultats coh\u00e9rents dans leur laboratoire.  &nbsp;  Pour plus d&#039;informations, veuillez nous contacter \u00e0 l&#039;adresse suivante: training@embryotools.com[:]\" \/>\n<meta name=\"twitter:image\" content=\"https:\/\/embryotools.com\/wp-content\/uploads\/2019\/12\/IMG_5956-1-scaled.jpg\" \/>\n<meta name=\"twitter:site\" content=\"@embryotools\" \/>\n<meta name=\"twitter:label1\" content=\"\u9884\u8ba1\u9605\u8bfb\u65f6\u95f4\" \/>\n\t<meta name=\"twitter:data1\" content=\"2 \u5206\" \/>\n<script type=\"application\/ld+json\" class=\"yoast-schema-graph\">{\"@context\":\"https:\\\/\\\/schema.org\",\"@graph\":[{\"@type\":\"WebPage\",\"@id\":\"https:\\\/\\\/embryotools.com\\\/shop\\\/ivf-training-courses\\\/hands-on-individual-courses\\\/08-upgrade-in-ivf-techniques-3-days-nou-curs\\\/\",\"url\":\"https:\\\/\\\/embryotools.com\\\/shop\\\/ivf-training-courses\\\/hands-on-individual-courses\\\/08-upgrade-in-ivf-techniques-3-days-nou-curs\\\/\",\"name\":\"08 - Upgrade in IVF techniques for experienced embryologists - Embryotools\",\"isPartOf\":{\"@id\":\"https:\\\/\\\/embryotools.com\\\/#website\"},\"primaryImageOfPage\":{\"@id\":\"https:\\\/\\\/embryotools.com\\\/shop\\\/ivf-training-courses\\\/hands-on-individual-courses\\\/08-upgrade-in-ivf-techniques-3-days-nou-curs\\\/#primaryimage\"},\"image\":{\"@id\":\"https:\\\/\\\/embryotools.com\\\/shop\\\/ivf-training-courses\\\/hands-on-individual-courses\\\/08-upgrade-in-ivf-techniques-3-days-nou-curs\\\/#primaryimage\"},\"thumbnailUrl\":\"https:\\\/\\\/embryotools.com\\\/wp-content\\\/uploads\\\/2019\\\/12\\\/IMG_5956-1-scaled.jpg\",\"datePublished\":\"2019-12-23T13:43:03+00:00\",\"dateModified\":\"2025-11-24T10:32:30+00:00\",\"breadcrumb\":{\"@id\":\"https:\\\/\\\/embryotools.com\\\/shop\\\/ivf-training-courses\\\/hands-on-individual-courses\\\/08-upgrade-in-ivf-techniques-3-days-nou-curs\\\/#breadcrumb\"},\"inLanguage\":\"zh-Hans\",\"potentialAction\":[{\"@type\":\"ReadAction\",\"target\":[\"https:\\\/\\\/embryotools.com\\\/shop\\\/ivf-training-courses\\\/hands-on-individual-courses\\\/08-upgrade-in-ivf-techniques-3-days-nou-curs\\\/\"]}]},{\"@type\":\"ImageObject\",\"inLanguage\":\"zh-Hans\",\"@id\":\"https:\\\/\\\/embryotools.com\\\/shop\\\/ivf-training-courses\\\/hands-on-individual-courses\\\/08-upgrade-in-ivf-techniques-3-days-nou-curs\\\/#primaryimage\",\"url\":\"https:\\\/\\\/embryotools.com\\\/wp-content\\\/uploads\\\/2019\\\/12\\\/IMG_5956-1-scaled.jpg\",\"contentUrl\":\"https:\\\/\\\/embryotools.com\\\/wp-content\\\/uploads\\\/2019\\\/12\\\/IMG_5956-1-scaled.jpg\",\"width\":2560,\"height\":1707},{\"@type\":\"BreadcrumbList\",\"@id\":\"https:\\\/\\\/embryotools.com\\\/shop\\\/ivf-training-courses\\\/hands-on-individual-courses\\\/08-upgrade-in-ivf-techniques-3-days-nou-curs\\\/#breadcrumb\",\"itemListElement\":[{\"@type\":\"ListItem\",\"position\":1,\"name\":\"Home\",\"item\":\"https:\\\/\\\/embryotools.com\\\/\"},{\"@type\":\"ListItem\",\"position\":2,\"name\":\"Shop\",\"item\":\"https:\\\/\\\/embryotools.com\\\/shop\\\/\"},{\"@type\":\"ListItem\",\"position\":3,\"name\":\"08 &#8211; Upgrade in IVF techniques for experienced embryologists\"}]},{\"@type\":\"WebSite\",\"@id\":\"https:\\\/\\\/embryotools.com\\\/#website\",\"url\":\"https:\\\/\\\/embryotools.com\\\/\",\"name\":\"Embryotools\",\"description\":\"for better results\",\"publisher\":{\"@id\":\"https:\\\/\\\/embryotools.com\\\/#organization\"},\"potentialAction\":[{\"@type\":\"SearchAction\",\"target\":{\"@type\":\"EntryPoint\",\"urlTemplate\":\"https:\\\/\\\/embryotools.com\\\/?s={search_term_string}\"},\"query-input\":{\"@type\":\"PropertyValueSpecification\",\"valueRequired\":true,\"valueName\":\"search_term_string\"}}],\"inLanguage\":\"zh-Hans\"},{\"@type\":\"Organization\",\"@id\":\"https:\\\/\\\/embryotools.com\\\/#organization\",\"name\":\"Embryotools\",\"url\":\"https:\\\/\\\/embryotools.com\\\/\",\"logo\":{\"@type\":\"ImageObject\",\"inLanguage\":\"zh-Hans\",\"@id\":\"https:\\\/\\\/embryotools.com\\\/#\\\/schema\\\/logo\\\/image\\\/\",\"url\":\"https:\\\/\\\/embryotools.com\\\/wp-content\\\/uploads\\\/2017\\\/01\\\/embryotools_logo_trans_500-2.png\",\"contentUrl\":\"https:\\\/\\\/embryotools.com\\\/wp-content\\\/uploads\\\/2017\\\/01\\\/embryotools_logo_trans_500-2.png\",\"width\":250,\"height\":59,\"caption\":\"Embryotools\"},\"image\":{\"@id\":\"https:\\\/\\\/embryotools.com\\\/#\\\/schema\\\/logo\\\/image\\\/\"},\"sameAs\":[\"https:\\\/\\\/www.facebook.com\\\/embryotools\",\"https:\\\/\\\/x.com\\\/embryotools\",\"https:\\\/\\\/www.linkedin.com\\\/company\\\/embryotools\"]}]}<\/script>\n<!-- \/ Yoast SEO plugin. -->","yoast_head_json":{"title":"08 - Upgrade in IVF techniques for experienced embryologists - Embryotools","robots":{"index":"index","follow":"follow","max-snippet":"max-snippet:-1","max-image-preview":"max-image-preview:large","max-video-preview":"max-video-preview:-1"},"canonical":"https:\/\/embryotools.com\/shop\/ivf-training-courses\/hands-on-individual-courses\/08-upgrade-in-ivf-techniques-3-days-nou-curs\/","twitter_card":"summary_large_image","twitter_title":"08 - Upgrade in IVF techniques for experienced embryologists - Embryotools","twitter_description":"[:en]Three days course to discover new approaches on your daily techniques. For experienced embryologists who want to gain consistency of results in their laboratory.  &nbsp;  &nbsp;  For further information please contact us at training@embryotools.com[:es]Curso de tres d\u00edas para descubrir nuevos enfoques en las t\u00e9cnicas de rutina en el laboratorio de FIV destinado a embri\u00f3logos con experiencia que quieran ganar consistencia en los resultados en su laboratorio.  &nbsp;  Para m\u00e1s informaci\u00f3n por favor cont\u00e1ctenos en training@embryotools.com[:fr]Un cours de trois jours pour d\u00e9couvrir de nouvelles approches des techniques de routine dans le laboratoire de FIV pour les embryologistes exp\u00e9riment\u00e9s qui veulent obtenir des r\u00e9sultats coh\u00e9rents dans leur laboratoire.  &nbsp;  Pour plus d'informations, veuillez nous contacter \u00e0 l'adresse suivante: training@embryotools.com[:]","twitter_image":"https:\/\/embryotools.com\/wp-content\/uploads\/2019\/12\/IMG_5956-1-scaled.jpg","twitter_site":"@embryotools","twitter_misc":{"\u9884\u8ba1\u9605\u8bfb\u65f6\u95f4":"2 \u5206"},"schema":{"@context":"https:\/\/schema.org","@graph":[{"@type":"WebPage","@id":"https:\/\/embryotools.com\/shop\/ivf-training-courses\/hands-on-individual-courses\/08-upgrade-in-ivf-techniques-3-days-nou-curs\/","url":"https:\/\/embryotools.com\/shop\/ivf-training-courses\/hands-on-individual-courses\/08-upgrade-in-ivf-techniques-3-days-nou-curs\/","name":"08 - Upgrade in IVF techniques for experienced embryologists - Embryotools","isPartOf":{"@id":"https:\/\/embryotools.com\/#website"},"primaryImageOfPage":{"@id":"https:\/\/embryotools.com\/shop\/ivf-training-courses\/hands-on-individual-courses\/08-upgrade-in-ivf-techniques-3-days-nou-curs\/#primaryimage"},"image":{"@id":"https:\/\/embryotools.com\/shop\/ivf-training-courses\/hands-on-individual-courses\/08-upgrade-in-ivf-techniques-3-days-nou-curs\/#primaryimage"},"thumbnailUrl":"https:\/\/embryotools.com\/wp-content\/uploads\/2019\/12\/IMG_5956-1-scaled.jpg","datePublished":"2019-12-23T13:43:03+00:00","dateModified":"2025-11-24T10:32:30+00:00","breadcrumb":{"@id":"https:\/\/embryotools.com\/shop\/ivf-training-courses\/hands-on-individual-courses\/08-upgrade-in-ivf-techniques-3-days-nou-curs\/#breadcrumb"},"inLanguage":"zh-Hans","potentialAction":[{"@type":"ReadAction","target":["https:\/\/embryotools.com\/shop\/ivf-training-courses\/hands-on-individual-courses\/08-upgrade-in-ivf-techniques-3-days-nou-curs\/"]}]},{"@type":"ImageObject","inLanguage":"zh-Hans","@id":"https:\/\/embryotools.com\/shop\/ivf-training-courses\/hands-on-individual-courses\/08-upgrade-in-ivf-techniques-3-days-nou-curs\/#primaryimage","url":"https:\/\/embryotools.com\/wp-content\/uploads\/2019\/12\/IMG_5956-1-scaled.jpg","contentUrl":"https:\/\/embryotools.com\/wp-content\/uploads\/2019\/12\/IMG_5956-1-scaled.jpg","width":2560,"height":1707},{"@type":"BreadcrumbList","@id":"https:\/\/embryotools.com\/shop\/ivf-training-courses\/hands-on-individual-courses\/08-upgrade-in-ivf-techniques-3-days-nou-curs\/#breadcrumb","itemListElement":[{"@type":"ListItem","position":1,"name":"Home","item":"https:\/\/embryotools.com\/"},{"@type":"ListItem","position":2,"name":"Shop","item":"https:\/\/embryotools.com\/shop\/"},{"@type":"ListItem","position":3,"name":"08 &#8211; Upgrade in IVF techniques for experienced embryologists"}]},{"@type":"WebSite","@id":"https:\/\/embryotools.com\/#website","url":"https:\/\/embryotools.com\/","name":"Embryotools","description":"for better results","publisher":{"@id":"https:\/\/embryotools.com\/#organization"},"potentialAction":[{"@type":"SearchAction","target":{"@type":"EntryPoint","urlTemplate":"https:\/\/embryotools.com\/?s={search_term_string}"},"query-input":{"@type":"PropertyValueSpecification","valueRequired":true,"valueName":"search_term_string"}}],"inLanguage":"zh-Hans"},{"@type":"Organization","@id":"https:\/\/embryotools.com\/#organization","name":"Embryotools","url":"https:\/\/embryotools.com\/","logo":{"@type":"ImageObject","inLanguage":"zh-Hans","@id":"https:\/\/embryotools.com\/#\/schema\/logo\/image\/","url":"https:\/\/embryotools.com\/wp-content\/uploads\/2017\/01\/embryotools_logo_trans_500-2.png","contentUrl":"https:\/\/embryotools.com\/wp-content\/uploads\/2017\/01\/embryotools_logo_trans_500-2.png","width":250,"height":59,"caption":"Embryotools"},"image":{"@id":"https:\/\/embryotools.com\/#\/schema\/logo\/image\/"},"sameAs":["https:\/\/www.facebook.com\/embryotools","https:\/\/x.com\/embryotools","https:\/\/www.linkedin.com\/company\/embryotools"]}]}},"_links":{"self":[{"href":"https:\/\/embryotools.com\/zh\/wp-json\/wp\/v2\/product\/20618","targetHints":{"allow":["GET"]}}],"collection":[{"href":"https:\/\/embryotools.com\/zh\/wp-json\/wp\/v2\/product"}],"about":[{"href":"https:\/\/embryotools.com\/zh\/wp-json\/wp\/v2\/types\/product"}],"wp:featuredmedia":[{"embeddable":true,"href":"https:\/\/embryotools.com\/zh\/wp-json\/wp\/v2\/media\/22584"}],"wp:attachment":[{"href":"https:\/\/embryotools.com\/zh\/wp-json\/wp\/v2\/media?parent=20618"}],"wp:term":[{"taxonomy":"product_brand","embeddable":true,"href":"https:\/\/embryotools.com\/zh\/wp-json\/wp\/v2\/product_brand?post=20618"},{"taxonomy":"product_cat","embeddable":true,"href":"https:\/\/embryotools.com\/zh\/wp-json\/wp\/v2\/product_cat?post=20618"},{"taxonomy":"product_tag","embeddable":true,"href":"https:\/\/embryotools.com\/zh\/wp-json\/wp\/v2\/product_tag?post=20618"}],"curies":[{"name":"wp","href":"https:\/\/api.w.org\/{rel}","templated":true}]}}