{"id":20612,"date":"2019-12-23T14:19:13","date_gmt":"2019-12-23T13:19:13","guid":{"rendered":"https:\/\/embryotools.com\/?post_type=product&#038;p=20612"},"modified":"2025-07-02T13:38:17","modified_gmt":"2025-07-02T11:38:17","slug":"05-how-to-implement-a-successful-pgt-program-3-days-nou-curs","status":"publish","type":"product","link":"https:\/\/embryotools.com\/zh\/shop\/ivf-training-courses\/hands-on-individual-courses\/05-how-to-implement-a-successful-pgt-program-3-days-nou-curs\/","title":{"rendered":"05 &#8211; Embryo biopsy: How to implement a successful PGT program"},"content":{"rendered":"<p class=\"qtranxs-available-languages-message qtranxs-available-languages-message-zh\">\u5bf9\u4e0d\u8d77\uff0c\u6b64\u5185\u5bb9\u53ea\u9002\u7528\u4e8e<a href=\"https:\/\/embryotools.com\/en\/wp-json\/wp\/v2\/product\/20612\" class=\"qtranxs-available-language-link qtranxs-available-language-link-en\" title=\"English\">English<\/a>\uff0c<a href=\"https:\/\/embryotools.com\/es\/wp-json\/wp\/v2\/product\/20612\" class=\"qtranxs-available-language-link qtranxs-available-language-link-es\" title=\"Espa\u00f1ol\">Espa\u00f1ol<\/a>\u548c<a href=\"https:\/\/embryotools.com\/fr\/wp-json\/wp\/v2\/product\/20612\" class=\"qtranxs-available-language-link qtranxs-available-language-link-fr\" title=\"Fran\u00e7ais\">Fran\u00e7ais<\/a>\u3002 For the sake of viewer convenience, the content is shown below in this site default language. You may click one of the links to switch the site language to another available language.<\/p><p><\/p>\n<h1><strong>Embryo biopsy: How to implement a successful PGT program<\/strong><\/h1>\n<p>&nbsp;<\/p>\n<h2><span style=\"font-size: 12pt;\"><strong>Aims and Goals of the Course:<\/strong><\/span><\/h2>\n<p>To understand fundamental principles of blastocyst culture, biopsy, genetic diagnosis, and cryopreservation techniques. To have an overview of current experiences and outcomes and acquire experience on how to setup and manage a successful Day-5 culture program. To have intensive hands-on in blastocysts biopsy (and cleavage stage if needed) applying the \u201cpulling\u201d and the \u201cflicking\u201d methods on an unlimited number of blastocyst at different expansion stages. Hands-on sessions are focused on all steps needed to implement successfully a PGT program, including: vitrification and warming of biopsied embryos, laser assisted hatching, tubing of cells for genetic analysis and validation of the number of cells biopsied.<\/p>\n<h2><strong>Scientific Program:<\/strong><\/h2>\n<h4>Theoretical Sessions (30-45 min duration):<\/h4>\n<ul>\n<li>\u201cEmbryo Biopsy -techniques and suggestions\u201d<\/li>\n<\/ul>\n<h4>Hands-On Sessions:<\/h4>\n<ul>\n<li>Preparation of biopsy and embryo culture dishes.<\/li>\n<li>Setting up of the microscope and the laser.<\/li>\n<li>Biopsy of early, expanded and fully hatched blastocysts using the \u201cpulling\u201d and the \u201cflicking\u201d techniques with unlimited samples and live demonstration for each case.<\/li>\n<li>Preparation of material for the tubing of the biopsied cells genetic analysis.<\/li>\n<li>Validation of the number of cells biopsied under an epifluorescence microscope.<\/li>\n<li>Vitrification, warming and and the handling of completely hatched blastocysts.<\/li>\n<li>Laser AH in warmed blastocysts.<\/li>\n<li>Video recording and photos of the procedures performed in the hands-on sessions.<\/li>\n<\/ul>\n<p><strong>Team of embryologists providing the training:<br \/>\n<\/strong>Nuno Costa-Borges, PhD; Carolina Castell\u00f3, BSc; Enric Mestres, PhD; M\u00f2nica Acacio, MSc; Queralt Matia; MSc.<\/p>\n<p><strong><u>Certificate of attendance will be awarded to participants completing the workshop<\/u><\/strong><\/p>\n<p><strong>Dates:<\/strong> Three days from 09:00h to 16:30h (with a coffee break and 30 min lunch pause).<\/p>\n<p><strong>Prices: <\/strong>3600 Euros<\/p>\n<p>Depending on your experience and needs, we can modify the duration of the course and add training days at an additional price of 1.100 euros per extra day.<\/p>\n<p><strong>Location:<br \/>\n<\/strong>Embryotools\u2019 Laboratories<br \/>\nAvenida Doctor Mara\u00f1\u00f3n, 8<br \/>\nParc Cient\u00edfic de Barcelona<br \/>\n08028 Barcelona, Spain<\/p>","protected":false},"excerpt":{"rendered":"<p class=\"qtranxs-available-languages-message qtranxs-available-languages-message-zh\">\u5bf9\u4e0d\u8d77\uff0c\u6b64\u5185\u5bb9\u53ea\u9002\u7528\u4e8e<a href=\"https:\/\/embryotools.com\/en\/wp-json\/wp\/v2\/product\/20612\" class=\"qtranxs-available-language-link qtranxs-available-language-link-en\" title=\"English\">English<\/a>\uff0c<a href=\"https:\/\/embryotools.com\/es\/wp-json\/wp\/v2\/product\/20612\" class=\"qtranxs-available-language-link qtranxs-available-language-link-es\" title=\"Espa\u00f1ol\">Espa\u00f1ol<\/a>\u548c<a href=\"https:\/\/embryotools.com\/fr\/wp-json\/wp\/v2\/product\/20612\" class=\"qtranxs-available-language-link qtranxs-available-language-link-fr\" title=\"Fran\u00e7ais\">Fran\u00e7ais<\/a>\u3002 For the sake of viewer convenience, the content is shown below in this site default language. You may click one of the links to switch the site language to another available language.<\/p>\n<p>Three days course for those embryologists who need to implement the trophectoderm biopsy (or the cleavage stage biopsy) in their routine. Also interesting for those embryologists who are already performing biopsies but would like to have an upgrade to learn new tips and tricks on all the aspects related with the blastocyst biospy.<\/p>\n<p><em><br \/>\nFor further information please contact us at <a href=\"mailto:training@embryotools.com\"><strong>training@embryotools.com<\/strong><\/a><\/em><\/p>\n","protected":false},"featured_media":20242,"template":"","meta":[],"product_brand":[],"product_cat":[181,134],"product_tag":[],"class_list":{"0":"post-20612","1":"product","2":"type-product","3":"status-publish","4":"has-post-thumbnail","6":"product_cat-hands-on-individual-courses","7":"product_cat-ivf-training-courses","9":"first","10":"instock","11":"downloadable","12":"virtual","13":"purchasable","14":"product-type-simple","15":"berocket_lgv_grid","16":"berocket_lgv_list_grid"},"yoast_head":"<!-- This site is optimized with the Yoast SEO plugin v27.4 - https:\/\/yoast.com\/product\/yoast-seo-wordpress\/ -->\n<title>05 - Embryo biopsy: How to implement a successful PGT program - Embryotools<\/title>\n<meta name=\"robots\" content=\"index, follow, max-snippet:-1, max-image-preview:large, max-video-preview:-1\" \/>\n<link rel=\"canonical\" href=\"https:\/\/embryotools.com\/shop\/ivf-training-courses\/hands-on-individual-courses\/05-how-to-implement-a-successful-pgt-program-3-days-nou-curs\/\" \/>\n<meta name=\"twitter:card\" content=\"summary_large_image\" \/>\n<meta name=\"twitter:title\" content=\"05 - Embryo biopsy: How to implement a successful PGT program - Embryotools\" \/>\n<meta name=\"twitter:description\" content=\"[:en]Three days course for those embryologists who need to implement the trophectoderm biopsy (or the cleavage stage biopsy) in their routine. Also interesting for those embryologists who are already performing biopsies but would like to have an upgrade to learn new tips and tricks on all the aspects related with the blastocyst biospy.   For further information please contact us at training@embryotools.com[:es]Curso de tres d\u00edas para aquellos embri\u00f3logos que necesitan implementar la biopsia de trofectodermo (o la biopsia en dia+3) en su rutina. Tambi\u00e9n es interesante para aquellos embri\u00f3logos que ya est\u00e1n realizando biopsias pero desean aprender nuevos consejos y trucos sobre todos los aspectos relacionados con la biopsia de blastocisto.  &nbsp;  Para m\u00e1s informaci\u00f3n por favor cont\u00e1ctenos en training@embryotools.com[:fr]Trois jours de cours pour les embryologistes qui ont besoin de mettre en \u0153uvre la biopsie du trophectoderme (ou la biopsie au 3\u00e8me jour) dans leur routine.  Aussi int\u00e9ressant pour les embryologistes qui effectuent d\u00e9j\u00e0 des biopsies, mais aimerait am\u00e9liorer et apprendre de nouveaux conseils et trucs sur tous les aspects li\u00e9s \u00e0 la biospie de blastocystes. Pour plus d&#039;informations, veuillez nous contacter \u00e0 l&#039;adresse suivante: training@embryotools.com[:]\" \/>\n<meta name=\"twitter:image\" content=\"https:\/\/embryotools.com\/wp-content\/uploads\/2018\/03\/hatching-blasto-biopsy-1.jpeg\" \/>\n<meta name=\"twitter:site\" content=\"@embryotools\" \/>\n<meta name=\"twitter:label1\" content=\"\u9884\u8ba1\u9605\u8bfb\u65f6\u95f4\" \/>\n\t<meta name=\"twitter:data1\" content=\"1 \u5206\" \/>\n<script type=\"application\/ld+json\" class=\"yoast-schema-graph\">{\"@context\":\"https:\\\/\\\/schema.org\",\"@graph\":[{\"@type\":\"WebPage\",\"@id\":\"https:\\\/\\\/embryotools.com\\\/shop\\\/ivf-training-courses\\\/hands-on-individual-courses\\\/05-how-to-implement-a-successful-pgt-program-3-days-nou-curs\\\/\",\"url\":\"https:\\\/\\\/embryotools.com\\\/shop\\\/ivf-training-courses\\\/hands-on-individual-courses\\\/05-how-to-implement-a-successful-pgt-program-3-days-nou-curs\\\/\",\"name\":\"05 - Embryo biopsy: How to implement a successful PGT program - Embryotools\",\"isPartOf\":{\"@id\":\"https:\\\/\\\/embryotools.com\\\/#website\"},\"primaryImageOfPage\":{\"@id\":\"https:\\\/\\\/embryotools.com\\\/shop\\\/ivf-training-courses\\\/hands-on-individual-courses\\\/05-how-to-implement-a-successful-pgt-program-3-days-nou-curs\\\/#primaryimage\"},\"image\":{\"@id\":\"https:\\\/\\\/embryotools.com\\\/shop\\\/ivf-training-courses\\\/hands-on-individual-courses\\\/05-how-to-implement-a-successful-pgt-program-3-days-nou-curs\\\/#primaryimage\"},\"thumbnailUrl\":\"https:\\\/\\\/embryotools.com\\\/wp-content\\\/uploads\\\/2018\\\/03\\\/hatching-blasto-biopsy-1.jpeg\",\"datePublished\":\"2019-12-23T13:19:13+00:00\",\"dateModified\":\"2025-07-02T11:38:17+00:00\",\"breadcrumb\":{\"@id\":\"https:\\\/\\\/embryotools.com\\\/shop\\\/ivf-training-courses\\\/hands-on-individual-courses\\\/05-how-to-implement-a-successful-pgt-program-3-days-nou-curs\\\/#breadcrumb\"},\"inLanguage\":\"zh-Hans\",\"potentialAction\":[{\"@type\":\"ReadAction\",\"target\":[\"https:\\\/\\\/embryotools.com\\\/shop\\\/ivf-training-courses\\\/hands-on-individual-courses\\\/05-how-to-implement-a-successful-pgt-program-3-days-nou-curs\\\/\"]}]},{\"@type\":\"ImageObject\",\"inLanguage\":\"zh-Hans\",\"@id\":\"https:\\\/\\\/embryotools.com\\\/shop\\\/ivf-training-courses\\\/hands-on-individual-courses\\\/05-how-to-implement-a-successful-pgt-program-3-days-nou-curs\\\/#primaryimage\",\"url\":\"https:\\\/\\\/embryotools.com\\\/wp-content\\\/uploads\\\/2018\\\/03\\\/hatching-blasto-biopsy-1.jpeg\",\"contentUrl\":\"https:\\\/\\\/embryotools.com\\\/wp-content\\\/uploads\\\/2018\\\/03\\\/hatching-blasto-biopsy-1.jpeg\",\"width\":2048,\"height\":1536},{\"@type\":\"BreadcrumbList\",\"@id\":\"https:\\\/\\\/embryotools.com\\\/shop\\\/ivf-training-courses\\\/hands-on-individual-courses\\\/05-how-to-implement-a-successful-pgt-program-3-days-nou-curs\\\/#breadcrumb\",\"itemListElement\":[{\"@type\":\"ListItem\",\"position\":1,\"name\":\"Home\",\"item\":\"https:\\\/\\\/embryotools.com\\\/\"},{\"@type\":\"ListItem\",\"position\":2,\"name\":\"Shop\",\"item\":\"https:\\\/\\\/embryotools.com\\\/shop\\\/\"},{\"@type\":\"ListItem\",\"position\":3,\"name\":\"05 &#8211; Embryo biopsy: How to implement a successful PGT program\"}]},{\"@type\":\"WebSite\",\"@id\":\"https:\\\/\\\/embryotools.com\\\/#website\",\"url\":\"https:\\\/\\\/embryotools.com\\\/\",\"name\":\"Embryotools\",\"description\":\"for better results\",\"publisher\":{\"@id\":\"https:\\\/\\\/embryotools.com\\\/#organization\"},\"potentialAction\":[{\"@type\":\"SearchAction\",\"target\":{\"@type\":\"EntryPoint\",\"urlTemplate\":\"https:\\\/\\\/embryotools.com\\\/?s={search_term_string}\"},\"query-input\":{\"@type\":\"PropertyValueSpecification\",\"valueRequired\":true,\"valueName\":\"search_term_string\"}}],\"inLanguage\":\"zh-Hans\"},{\"@type\":\"Organization\",\"@id\":\"https:\\\/\\\/embryotools.com\\\/#organization\",\"name\":\"Embryotools\",\"url\":\"https:\\\/\\\/embryotools.com\\\/\",\"logo\":{\"@type\":\"ImageObject\",\"inLanguage\":\"zh-Hans\",\"@id\":\"https:\\\/\\\/embryotools.com\\\/#\\\/schema\\\/logo\\\/image\\\/\",\"url\":\"https:\\\/\\\/embryotools.com\\\/wp-content\\\/uploads\\\/2017\\\/01\\\/embryotools_logo_trans_500-2.png\",\"contentUrl\":\"https:\\\/\\\/embryotools.com\\\/wp-content\\\/uploads\\\/2017\\\/01\\\/embryotools_logo_trans_500-2.png\",\"width\":250,\"height\":59,\"caption\":\"Embryotools\"},\"image\":{\"@id\":\"https:\\\/\\\/embryotools.com\\\/#\\\/schema\\\/logo\\\/image\\\/\"},\"sameAs\":[\"https:\\\/\\\/www.facebook.com\\\/embryotools\",\"https:\\\/\\\/x.com\\\/embryotools\",\"https:\\\/\\\/www.linkedin.com\\\/company\\\/embryotools\"]}]}<\/script>\n<!-- \/ Yoast SEO plugin. -->","yoast_head_json":{"title":"05 - Embryo biopsy: How to implement a successful PGT program - Embryotools","robots":{"index":"index","follow":"follow","max-snippet":"max-snippet:-1","max-image-preview":"max-image-preview:large","max-video-preview":"max-video-preview:-1"},"canonical":"https:\/\/embryotools.com\/shop\/ivf-training-courses\/hands-on-individual-courses\/05-how-to-implement-a-successful-pgt-program-3-days-nou-curs\/","twitter_card":"summary_large_image","twitter_title":"05 - Embryo biopsy: How to implement a successful PGT program - Embryotools","twitter_description":"[:en]Three days course for those embryologists who need to implement the trophectoderm biopsy (or the cleavage stage biopsy) in their routine. Also interesting for those embryologists who are already performing biopsies but would like to have an upgrade to learn new tips and tricks on all the aspects related with the blastocyst biospy.   For further information please contact us at training@embryotools.com[:es]Curso de tres d\u00edas para aquellos embri\u00f3logos que necesitan implementar la biopsia de trofectodermo (o la biopsia en dia+3) en su rutina. Tambi\u00e9n es interesante para aquellos embri\u00f3logos que ya est\u00e1n realizando biopsias pero desean aprender nuevos consejos y trucos sobre todos los aspectos relacionados con la biopsia de blastocisto.  &nbsp;  Para m\u00e1s informaci\u00f3n por favor cont\u00e1ctenos en training@embryotools.com[:fr]Trois jours de cours pour les embryologistes qui ont besoin de mettre en \u0153uvre la biopsie du trophectoderme (ou la biopsie au 3\u00e8me jour) dans leur routine.  Aussi int\u00e9ressant pour les embryologistes qui effectuent d\u00e9j\u00e0 des biopsies, mais aimerait am\u00e9liorer et apprendre de nouveaux conseils et trucs sur tous les aspects li\u00e9s \u00e0 la biospie de blastocystes. Pour plus d'informations, veuillez nous contacter \u00e0 l'adresse suivante: training@embryotools.com[:]","twitter_image":"https:\/\/embryotools.com\/wp-content\/uploads\/2018\/03\/hatching-blasto-biopsy-1.jpeg","twitter_site":"@embryotools","twitter_misc":{"\u9884\u8ba1\u9605\u8bfb\u65f6\u95f4":"1 \u5206"},"schema":{"@context":"https:\/\/schema.org","@graph":[{"@type":"WebPage","@id":"https:\/\/embryotools.com\/shop\/ivf-training-courses\/hands-on-individual-courses\/05-how-to-implement-a-successful-pgt-program-3-days-nou-curs\/","url":"https:\/\/embryotools.com\/shop\/ivf-training-courses\/hands-on-individual-courses\/05-how-to-implement-a-successful-pgt-program-3-days-nou-curs\/","name":"05 - Embryo biopsy: How to implement a successful PGT program - Embryotools","isPartOf":{"@id":"https:\/\/embryotools.com\/#website"},"primaryImageOfPage":{"@id":"https:\/\/embryotools.com\/shop\/ivf-training-courses\/hands-on-individual-courses\/05-how-to-implement-a-successful-pgt-program-3-days-nou-curs\/#primaryimage"},"image":{"@id":"https:\/\/embryotools.com\/shop\/ivf-training-courses\/hands-on-individual-courses\/05-how-to-implement-a-successful-pgt-program-3-days-nou-curs\/#primaryimage"},"thumbnailUrl":"https:\/\/embryotools.com\/wp-content\/uploads\/2018\/03\/hatching-blasto-biopsy-1.jpeg","datePublished":"2019-12-23T13:19:13+00:00","dateModified":"2025-07-02T11:38:17+00:00","breadcrumb":{"@id":"https:\/\/embryotools.com\/shop\/ivf-training-courses\/hands-on-individual-courses\/05-how-to-implement-a-successful-pgt-program-3-days-nou-curs\/#breadcrumb"},"inLanguage":"zh-Hans","potentialAction":[{"@type":"ReadAction","target":["https:\/\/embryotools.com\/shop\/ivf-training-courses\/hands-on-individual-courses\/05-how-to-implement-a-successful-pgt-program-3-days-nou-curs\/"]}]},{"@type":"ImageObject","inLanguage":"zh-Hans","@id":"https:\/\/embryotools.com\/shop\/ivf-training-courses\/hands-on-individual-courses\/05-how-to-implement-a-successful-pgt-program-3-days-nou-curs\/#primaryimage","url":"https:\/\/embryotools.com\/wp-content\/uploads\/2018\/03\/hatching-blasto-biopsy-1.jpeg","contentUrl":"https:\/\/embryotools.com\/wp-content\/uploads\/2018\/03\/hatching-blasto-biopsy-1.jpeg","width":2048,"height":1536},{"@type":"BreadcrumbList","@id":"https:\/\/embryotools.com\/shop\/ivf-training-courses\/hands-on-individual-courses\/05-how-to-implement-a-successful-pgt-program-3-days-nou-curs\/#breadcrumb","itemListElement":[{"@type":"ListItem","position":1,"name":"Home","item":"https:\/\/embryotools.com\/"},{"@type":"ListItem","position":2,"name":"Shop","item":"https:\/\/embryotools.com\/shop\/"},{"@type":"ListItem","position":3,"name":"05 &#8211; Embryo biopsy: How to implement a successful PGT program"}]},{"@type":"WebSite","@id":"https:\/\/embryotools.com\/#website","url":"https:\/\/embryotools.com\/","name":"Embryotools","description":"for better results","publisher":{"@id":"https:\/\/embryotools.com\/#organization"},"potentialAction":[{"@type":"SearchAction","target":{"@type":"EntryPoint","urlTemplate":"https:\/\/embryotools.com\/?s={search_term_string}"},"query-input":{"@type":"PropertyValueSpecification","valueRequired":true,"valueName":"search_term_string"}}],"inLanguage":"zh-Hans"},{"@type":"Organization","@id":"https:\/\/embryotools.com\/#organization","name":"Embryotools","url":"https:\/\/embryotools.com\/","logo":{"@type":"ImageObject","inLanguage":"zh-Hans","@id":"https:\/\/embryotools.com\/#\/schema\/logo\/image\/","url":"https:\/\/embryotools.com\/wp-content\/uploads\/2017\/01\/embryotools_logo_trans_500-2.png","contentUrl":"https:\/\/embryotools.com\/wp-content\/uploads\/2017\/01\/embryotools_logo_trans_500-2.png","width":250,"height":59,"caption":"Embryotools"},"image":{"@id":"https:\/\/embryotools.com\/#\/schema\/logo\/image\/"},"sameAs":["https:\/\/www.facebook.com\/embryotools","https:\/\/x.com\/embryotools","https:\/\/www.linkedin.com\/company\/embryotools"]}]}},"_links":{"self":[{"href":"https:\/\/embryotools.com\/zh\/wp-json\/wp\/v2\/product\/20612","targetHints":{"allow":["GET"]}}],"collection":[{"href":"https:\/\/embryotools.com\/zh\/wp-json\/wp\/v2\/product"}],"about":[{"href":"https:\/\/embryotools.com\/zh\/wp-json\/wp\/v2\/types\/product"}],"wp:featuredmedia":[{"embeddable":true,"href":"https:\/\/embryotools.com\/zh\/wp-json\/wp\/v2\/media\/20242"}],"wp:attachment":[{"href":"https:\/\/embryotools.com\/zh\/wp-json\/wp\/v2\/media?parent=20612"}],"wp:term":[{"taxonomy":"product_brand","embeddable":true,"href":"https:\/\/embryotools.com\/zh\/wp-json\/wp\/v2\/product_brand?post=20612"},{"taxonomy":"product_cat","embeddable":true,"href":"https:\/\/embryotools.com\/zh\/wp-json\/wp\/v2\/product_cat?post=20612"},{"taxonomy":"product_tag","embeddable":true,"href":"https:\/\/embryotools.com\/zh\/wp-json\/wp\/v2\/product_tag?post=20612"}],"curies":[{"name":"wp","href":"https:\/\/api.w.org\/{rel}","templated":true}]}}