{"id":20605,"date":"2019-12-23T14:10:49","date_gmt":"2019-12-23T13:10:49","guid":{"rendered":"https:\/\/embryotools.com\/?post_type=product&#038;p=20605"},"modified":"2025-08-04T13:23:43","modified_gmt":"2025-08-04T11:23:43","slug":"04-cryopreservation-oocyte-embryo-and-blastocysts-and-assisted-hatching-3-days-nou-curs","status":"publish","type":"product","link":"https:\/\/embryotools.com\/zh\/shop\/ivf-training-courses\/hands-on-individual-courses\/04-cryopreservation-oocyte-embryo-and-blastocysts-and-assisted-hatching-3-days-nou-curs\/","title":{"rendered":"04 &#8211; Cryopreservation (Oocytes, Embryos and Blastocysts) and Assisted Hatching"},"content":{"rendered":"<p class=\"qtranxs-available-languages-message qtranxs-available-languages-message-zh\">\u5bf9\u4e0d\u8d77\uff0c\u6b64\u5185\u5bb9\u53ea\u9002\u7528\u4e8e<a href=\"https:\/\/embryotools.com\/en\/wp-json\/wp\/v2\/product\/20605\" class=\"qtranxs-available-language-link qtranxs-available-language-link-en\" title=\"English\">English<\/a>\uff0c<a href=\"https:\/\/embryotools.com\/es\/wp-json\/wp\/v2\/product\/20605\" class=\"qtranxs-available-language-link qtranxs-available-language-link-es\" title=\"Espa\u00f1ol\">Espa\u00f1ol<\/a>\u548c<a href=\"https:\/\/embryotools.com\/fr\/wp-json\/wp\/v2\/product\/20605\" class=\"qtranxs-available-language-link qtranxs-available-language-link-fr\" title=\"Fran\u00e7ais\">Fran\u00e7ais<\/a>\u3002 For the sake of viewer convenience, the content is shown below in this site default language. You may click one of the links to switch the site language to another available language.<\/p><p><\/p>\n<h1><strong>Cryopreservation (Oocytes, Embryos and Blastocysts) and Assisted Hatching<\/strong><\/h1>\n<p>&nbsp;<\/p>\n<h2><span style=\"font-size: 12pt;\"><strong>Aims and Goals of the Course:<\/strong><\/span><\/h2>\n<p>This three-days training course is specifically designed for Embryologists interested in acquiring practical skills and updating their knowledge on oocyte, embryo, and blastocyst cryopreservation techniques. The course will focus on didactic and intensive hands-on practical lessons on the vitrification system and media that the embryologist needs to implement, pointing out the tips and tricks to achieve consistent results. Throughout the three-days, embryologists will have the opportunity to vitrify and warm unlimited number of oocytes and embryos needed to understand how important little details can affect results. The course also covers the fundamental principles of the assisted hatching procedure and its multiple applications in different developmental stages. Introduction to the Laser Assisted Hatching and familiarization with different operational modes. Evaluation and discussion about the effect of the size of the hole on the developing embryo by culturing treated embryos in a TL system.<\/p>\n<h2><strong>Scientific Program:<\/strong><\/h2>\n<h4>Theoretical Sessions (30-45 min duration):<\/h4>\n<ul>\n<li>\u201cOocyte and Embryo Vitrification: Theoretical and practical aspects\u201d<\/li>\n<\/ul>\n<h4>Hands-On Sessions:<\/h4>\n<ul>\n<li>Vitrification and warming of oocytes, using the vitrification system of choice.<\/li>\n<li>Vitrification and warming of cleavage stage and blastocysts mouse embryos using the vitrification system of choice.<\/li>\n<li>Use of ultra-fast vitrification and warming protocols.<\/li>\n<li>Tips and hinds to maximize results.<\/li>\n<li>Assisted hatching of warmed embryos.<\/li>\n<li>Culture of warmed embryos and analysis of their development.<\/li>\n<\/ul>\n<p><strong>Team of embryologists providing the training:<br \/>\n<\/strong>Nuno Costa-Borges, PhD; Carolina Castell\u00f3, BSc; Enric Mestres, PhD; M\u00f2nica Acacio, MSc; Queralt Matia; MSc.<\/p>\n<p><strong><u>Certificate of attendance will be awarded to participants completing the workshop<\/u><\/strong><\/p>\n<p><strong>Dates:<\/strong> Three days from 09:00h to 16:30h (with a coffee break and 30 min lunch pause).<\/p>\n<p><strong>Prices: <\/strong>3000 Euros.<strong><br \/>\n<\/strong><\/p>\n<p>Depending on your experience and needs, we can modify the duration of the course and add training days at an additional price of 1.100 euros per extra day.<\/p>\n<p><strong>Location:<br \/>\n<\/strong>Embryotools\u2019 Laboratories<br \/>\nAvenida Doctor Mara\u00f1\u00f3n, 8<br \/>\nParc Cient\u00edfic de Barcelona<br \/>\n08028 Barcelona, Spain<\/p>","protected":false},"excerpt":{"rendered":"<p class=\"qtranxs-available-languages-message qtranxs-available-languages-message-zh\">\u5bf9\u4e0d\u8d77\uff0c\u6b64\u5185\u5bb9\u53ea\u9002\u7528\u4e8e<a href=\"https:\/\/embryotools.com\/en\/wp-json\/wp\/v2\/product\/20605\" class=\"qtranxs-available-language-link qtranxs-available-language-link-en\" title=\"English\">English<\/a>\uff0c<a href=\"https:\/\/embryotools.com\/es\/wp-json\/wp\/v2\/product\/20605\" class=\"qtranxs-available-language-link qtranxs-available-language-link-es\" title=\"Espa\u00f1ol\">Espa\u00f1ol<\/a>\u548c<a href=\"https:\/\/embryotools.com\/fr\/wp-json\/wp\/v2\/product\/20605\" class=\"qtranxs-available-language-link qtranxs-available-language-link-fr\" title=\"Fran\u00e7ais\">Fran\u00e7ais<\/a>\u3002 For the sake of viewer convenience, the content is shown below in this site default language. You may click one of the links to switch the site language to another available language.<\/p>\n<p>Three day course for those embryologists who are new in vitrification or for those who are already performing vitrification in their daily routine, and even thought they just want to update their knowledge and learn some tips and tricks to improve results.<\/p>\n<p>&nbsp;<\/p>\n<p><em>For further information please contact us at <a href=\"mailto:training@embryotools.com\"><strong>training@embryotools.com<\/strong><\/a><\/em><\/p>\n","protected":false},"featured_media":20312,"template":"","meta":[],"product_brand":[],"product_cat":[181,134],"product_tag":[],"class_list":{"0":"post-20605","1":"product","2":"type-product","3":"status-publish","4":"has-post-thumbnail","6":"product_cat-hands-on-individual-courses","7":"product_cat-ivf-training-courses","9":"first","10":"instock","11":"downloadable","12":"virtual","13":"purchasable","14":"product-type-simple","15":"berocket_lgv_grid","16":"berocket_lgv_list_grid"},"yoast_head":"<!-- This site is optimized with the Yoast SEO plugin v27.4 - https:\/\/yoast.com\/product\/yoast-seo-wordpress\/ -->\n<title>04 - Cryopreservation (Oocytes, Embryos and Blastocysts) and Assisted Hatching - Embryotools<\/title>\n<meta name=\"robots\" content=\"index, follow, max-snippet:-1, max-image-preview:large, max-video-preview:-1\" \/>\n<link rel=\"canonical\" href=\"https:\/\/embryotools.com\/shop\/ivf-training-courses\/hands-on-individual-courses\/04-cryopreservation-oocyte-embryo-and-blastocysts-and-assisted-hatching-3-days-nou-curs\/\" \/>\n<meta name=\"twitter:card\" content=\"summary_large_image\" \/>\n<meta name=\"twitter:title\" content=\"04 - Cryopreservation (Oocytes, Embryos and Blastocysts) and Assisted Hatching - Embryotools\" \/>\n<meta name=\"twitter:description\" content=\"[:en]Three day course for those embryologists who are new in vitrification or for those who are already performing vitrification in their daily routine, and even thought they just want to update their knowledge and learn some tips and tricks to improve results.  &nbsp;  For further information please contact us at training@embryotools.com[:es]Curso de tres d\u00edas para aquellos embri\u00f3logos que se inician en la vitrificaci\u00f3n o para aquellos que ya est\u00e1n realizando vitrificaciones en su rutina diaria, e incluso piensan que s\u00f3lo quieren actualizar sus conocimientos y aprender algunos consejos y trucos para mejorar los resultados.  &nbsp;  Para m\u00e1s informaci\u00f3n por favor cont\u00e1ctenos en training@embryotools.com[:fr]Ce cours de trois jours est destin\u00e9 aux embryologistes qui d\u00e9butent dans le domaine de la vitrification ou \u00e0 ceux qui pratiquent d\u00e9j\u00e0 la vitrification dans leur routine quotidienne, et m\u00eame s&#039;ils souhaitent simplement mettre \u00e0 jour leurs connaissances et apprendre quelques trucs et astuces pour am\u00e9liorer les r\u00e9sultats. Pour plus d&#039;informations, veuillez nous contacter \u00e0 l&#039;adresse suivante: training@embryotools.com[:]\" \/>\n<meta name=\"twitter:image\" content=\"https:\/\/embryotools.com\/wp-content\/uploads\/2019\/05\/2014_11_18_Rink_Barcelona8304-e1556806856904.jpg\" \/>\n<meta name=\"twitter:site\" content=\"@embryotools\" \/>\n<meta name=\"twitter:label1\" content=\"\u9884\u8ba1\u9605\u8bfb\u65f6\u95f4\" \/>\n\t<meta name=\"twitter:data1\" content=\"2 \u5206\" \/>\n<script type=\"application\/ld+json\" class=\"yoast-schema-graph\">{\"@context\":\"https:\\\/\\\/schema.org\",\"@graph\":[{\"@type\":\"WebPage\",\"@id\":\"https:\\\/\\\/embryotools.com\\\/shop\\\/ivf-training-courses\\\/hands-on-individual-courses\\\/04-cryopreservation-oocyte-embryo-and-blastocysts-and-assisted-hatching-3-days-nou-curs\\\/\",\"url\":\"https:\\\/\\\/embryotools.com\\\/shop\\\/ivf-training-courses\\\/hands-on-individual-courses\\\/04-cryopreservation-oocyte-embryo-and-blastocysts-and-assisted-hatching-3-days-nou-curs\\\/\",\"name\":\"04 - Cryopreservation (Oocytes, Embryos and Blastocysts) and Assisted Hatching - Embryotools\",\"isPartOf\":{\"@id\":\"https:\\\/\\\/embryotools.com\\\/#website\"},\"primaryImageOfPage\":{\"@id\":\"https:\\\/\\\/embryotools.com\\\/shop\\\/ivf-training-courses\\\/hands-on-individual-courses\\\/04-cryopreservation-oocyte-embryo-and-blastocysts-and-assisted-hatching-3-days-nou-curs\\\/#primaryimage\"},\"image\":{\"@id\":\"https:\\\/\\\/embryotools.com\\\/shop\\\/ivf-training-courses\\\/hands-on-individual-courses\\\/04-cryopreservation-oocyte-embryo-and-blastocysts-and-assisted-hatching-3-days-nou-curs\\\/#primaryimage\"},\"thumbnailUrl\":\"https:\\\/\\\/embryotools.com\\\/wp-content\\\/uploads\\\/2019\\\/05\\\/2014_11_18_Rink_Barcelona8304-e1556806856904.jpg\",\"datePublished\":\"2019-12-23T13:10:49+00:00\",\"dateModified\":\"2025-08-04T11:23:43+00:00\",\"breadcrumb\":{\"@id\":\"https:\\\/\\\/embryotools.com\\\/shop\\\/ivf-training-courses\\\/hands-on-individual-courses\\\/04-cryopreservation-oocyte-embryo-and-blastocysts-and-assisted-hatching-3-days-nou-curs\\\/#breadcrumb\"},\"inLanguage\":\"zh-Hans\",\"potentialAction\":[{\"@type\":\"ReadAction\",\"target\":[\"https:\\\/\\\/embryotools.com\\\/shop\\\/ivf-training-courses\\\/hands-on-individual-courses\\\/04-cryopreservation-oocyte-embryo-and-blastocysts-and-assisted-hatching-3-days-nou-curs\\\/\"]}]},{\"@type\":\"ImageObject\",\"inLanguage\":\"zh-Hans\",\"@id\":\"https:\\\/\\\/embryotools.com\\\/shop\\\/ivf-training-courses\\\/hands-on-individual-courses\\\/04-cryopreservation-oocyte-embryo-and-blastocysts-and-assisted-hatching-3-days-nou-curs\\\/#primaryimage\",\"url\":\"https:\\\/\\\/embryotools.com\\\/wp-content\\\/uploads\\\/2019\\\/05\\\/2014_11_18_Rink_Barcelona8304-e1556806856904.jpg\",\"contentUrl\":\"https:\\\/\\\/embryotools.com\\\/wp-content\\\/uploads\\\/2019\\\/05\\\/2014_11_18_Rink_Barcelona8304-e1556806856904.jpg\",\"width\":4608,\"height\":3456},{\"@type\":\"BreadcrumbList\",\"@id\":\"https:\\\/\\\/embryotools.com\\\/shop\\\/ivf-training-courses\\\/hands-on-individual-courses\\\/04-cryopreservation-oocyte-embryo-and-blastocysts-and-assisted-hatching-3-days-nou-curs\\\/#breadcrumb\",\"itemListElement\":[{\"@type\":\"ListItem\",\"position\":1,\"name\":\"Home\",\"item\":\"https:\\\/\\\/embryotools.com\\\/\"},{\"@type\":\"ListItem\",\"position\":2,\"name\":\"Shop\",\"item\":\"https:\\\/\\\/embryotools.com\\\/shop\\\/\"},{\"@type\":\"ListItem\",\"position\":3,\"name\":\"04 &#8211; Cryopreservation (Oocytes, Embryos and Blastocysts) and Assisted Hatching\"}]},{\"@type\":\"WebSite\",\"@id\":\"https:\\\/\\\/embryotools.com\\\/#website\",\"url\":\"https:\\\/\\\/embryotools.com\\\/\",\"name\":\"Embryotools\",\"description\":\"for better results\",\"publisher\":{\"@id\":\"https:\\\/\\\/embryotools.com\\\/#organization\"},\"potentialAction\":[{\"@type\":\"SearchAction\",\"target\":{\"@type\":\"EntryPoint\",\"urlTemplate\":\"https:\\\/\\\/embryotools.com\\\/?s={search_term_string}\"},\"query-input\":{\"@type\":\"PropertyValueSpecification\",\"valueRequired\":true,\"valueName\":\"search_term_string\"}}],\"inLanguage\":\"zh-Hans\"},{\"@type\":\"Organization\",\"@id\":\"https:\\\/\\\/embryotools.com\\\/#organization\",\"name\":\"Embryotools\",\"url\":\"https:\\\/\\\/embryotools.com\\\/\",\"logo\":{\"@type\":\"ImageObject\",\"inLanguage\":\"zh-Hans\",\"@id\":\"https:\\\/\\\/embryotools.com\\\/#\\\/schema\\\/logo\\\/image\\\/\",\"url\":\"https:\\\/\\\/embryotools.com\\\/wp-content\\\/uploads\\\/2017\\\/01\\\/embryotools_logo_trans_500-2.png\",\"contentUrl\":\"https:\\\/\\\/embryotools.com\\\/wp-content\\\/uploads\\\/2017\\\/01\\\/embryotools_logo_trans_500-2.png\",\"width\":250,\"height\":59,\"caption\":\"Embryotools\"},\"image\":{\"@id\":\"https:\\\/\\\/embryotools.com\\\/#\\\/schema\\\/logo\\\/image\\\/\"},\"sameAs\":[\"https:\\\/\\\/www.facebook.com\\\/embryotools\",\"https:\\\/\\\/x.com\\\/embryotools\",\"https:\\\/\\\/www.linkedin.com\\\/company\\\/embryotools\"]}]}<\/script>\n<!-- \/ Yoast SEO plugin. -->","yoast_head_json":{"title":"04 - Cryopreservation (Oocytes, Embryos and Blastocysts) and Assisted Hatching - Embryotools","robots":{"index":"index","follow":"follow","max-snippet":"max-snippet:-1","max-image-preview":"max-image-preview:large","max-video-preview":"max-video-preview:-1"},"canonical":"https:\/\/embryotools.com\/shop\/ivf-training-courses\/hands-on-individual-courses\/04-cryopreservation-oocyte-embryo-and-blastocysts-and-assisted-hatching-3-days-nou-curs\/","twitter_card":"summary_large_image","twitter_title":"04 - Cryopreservation (Oocytes, Embryos and Blastocysts) and Assisted Hatching - Embryotools","twitter_description":"[:en]Three day course for those embryologists who are new in vitrification or for those who are already performing vitrification in their daily routine, and even thought they just want to update their knowledge and learn some tips and tricks to improve results.  &nbsp;  For further information please contact us at training@embryotools.com[:es]Curso de tres d\u00edas para aquellos embri\u00f3logos que se inician en la vitrificaci\u00f3n o para aquellos que ya est\u00e1n realizando vitrificaciones en su rutina diaria, e incluso piensan que s\u00f3lo quieren actualizar sus conocimientos y aprender algunos consejos y trucos para mejorar los resultados.  &nbsp;  Para m\u00e1s informaci\u00f3n por favor cont\u00e1ctenos en training@embryotools.com[:fr]Ce cours de trois jours est destin\u00e9 aux embryologistes qui d\u00e9butent dans le domaine de la vitrification ou \u00e0 ceux qui pratiquent d\u00e9j\u00e0 la vitrification dans leur routine quotidienne, et m\u00eame s'ils souhaitent simplement mettre \u00e0 jour leurs connaissances et apprendre quelques trucs et astuces pour am\u00e9liorer les r\u00e9sultats. Pour plus d'informations, veuillez nous contacter \u00e0 l'adresse suivante: training@embryotools.com[:]","twitter_image":"https:\/\/embryotools.com\/wp-content\/uploads\/2019\/05\/2014_11_18_Rink_Barcelona8304-e1556806856904.jpg","twitter_site":"@embryotools","twitter_misc":{"\u9884\u8ba1\u9605\u8bfb\u65f6\u95f4":"2 \u5206"},"schema":{"@context":"https:\/\/schema.org","@graph":[{"@type":"WebPage","@id":"https:\/\/embryotools.com\/shop\/ivf-training-courses\/hands-on-individual-courses\/04-cryopreservation-oocyte-embryo-and-blastocysts-and-assisted-hatching-3-days-nou-curs\/","url":"https:\/\/embryotools.com\/shop\/ivf-training-courses\/hands-on-individual-courses\/04-cryopreservation-oocyte-embryo-and-blastocysts-and-assisted-hatching-3-days-nou-curs\/","name":"04 - Cryopreservation (Oocytes, Embryos and Blastocysts) and Assisted Hatching - Embryotools","isPartOf":{"@id":"https:\/\/embryotools.com\/#website"},"primaryImageOfPage":{"@id":"https:\/\/embryotools.com\/shop\/ivf-training-courses\/hands-on-individual-courses\/04-cryopreservation-oocyte-embryo-and-blastocysts-and-assisted-hatching-3-days-nou-curs\/#primaryimage"},"image":{"@id":"https:\/\/embryotools.com\/shop\/ivf-training-courses\/hands-on-individual-courses\/04-cryopreservation-oocyte-embryo-and-blastocysts-and-assisted-hatching-3-days-nou-curs\/#primaryimage"},"thumbnailUrl":"https:\/\/embryotools.com\/wp-content\/uploads\/2019\/05\/2014_11_18_Rink_Barcelona8304-e1556806856904.jpg","datePublished":"2019-12-23T13:10:49+00:00","dateModified":"2025-08-04T11:23:43+00:00","breadcrumb":{"@id":"https:\/\/embryotools.com\/shop\/ivf-training-courses\/hands-on-individual-courses\/04-cryopreservation-oocyte-embryo-and-blastocysts-and-assisted-hatching-3-days-nou-curs\/#breadcrumb"},"inLanguage":"zh-Hans","potentialAction":[{"@type":"ReadAction","target":["https:\/\/embryotools.com\/shop\/ivf-training-courses\/hands-on-individual-courses\/04-cryopreservation-oocyte-embryo-and-blastocysts-and-assisted-hatching-3-days-nou-curs\/"]}]},{"@type":"ImageObject","inLanguage":"zh-Hans","@id":"https:\/\/embryotools.com\/shop\/ivf-training-courses\/hands-on-individual-courses\/04-cryopreservation-oocyte-embryo-and-blastocysts-and-assisted-hatching-3-days-nou-curs\/#primaryimage","url":"https:\/\/embryotools.com\/wp-content\/uploads\/2019\/05\/2014_11_18_Rink_Barcelona8304-e1556806856904.jpg","contentUrl":"https:\/\/embryotools.com\/wp-content\/uploads\/2019\/05\/2014_11_18_Rink_Barcelona8304-e1556806856904.jpg","width":4608,"height":3456},{"@type":"BreadcrumbList","@id":"https:\/\/embryotools.com\/shop\/ivf-training-courses\/hands-on-individual-courses\/04-cryopreservation-oocyte-embryo-and-blastocysts-and-assisted-hatching-3-days-nou-curs\/#breadcrumb","itemListElement":[{"@type":"ListItem","position":1,"name":"Home","item":"https:\/\/embryotools.com\/"},{"@type":"ListItem","position":2,"name":"Shop","item":"https:\/\/embryotools.com\/shop\/"},{"@type":"ListItem","position":3,"name":"04 &#8211; Cryopreservation (Oocytes, Embryos and Blastocysts) and Assisted Hatching"}]},{"@type":"WebSite","@id":"https:\/\/embryotools.com\/#website","url":"https:\/\/embryotools.com\/","name":"Embryotools","description":"for better results","publisher":{"@id":"https:\/\/embryotools.com\/#organization"},"potentialAction":[{"@type":"SearchAction","target":{"@type":"EntryPoint","urlTemplate":"https:\/\/embryotools.com\/?s={search_term_string}"},"query-input":{"@type":"PropertyValueSpecification","valueRequired":true,"valueName":"search_term_string"}}],"inLanguage":"zh-Hans"},{"@type":"Organization","@id":"https:\/\/embryotools.com\/#organization","name":"Embryotools","url":"https:\/\/embryotools.com\/","logo":{"@type":"ImageObject","inLanguage":"zh-Hans","@id":"https:\/\/embryotools.com\/#\/schema\/logo\/image\/","url":"https:\/\/embryotools.com\/wp-content\/uploads\/2017\/01\/embryotools_logo_trans_500-2.png","contentUrl":"https:\/\/embryotools.com\/wp-content\/uploads\/2017\/01\/embryotools_logo_trans_500-2.png","width":250,"height":59,"caption":"Embryotools"},"image":{"@id":"https:\/\/embryotools.com\/#\/schema\/logo\/image\/"},"sameAs":["https:\/\/www.facebook.com\/embryotools","https:\/\/x.com\/embryotools","https:\/\/www.linkedin.com\/company\/embryotools"]}]}},"_links":{"self":[{"href":"https:\/\/embryotools.com\/zh\/wp-json\/wp\/v2\/product\/20605","targetHints":{"allow":["GET"]}}],"collection":[{"href":"https:\/\/embryotools.com\/zh\/wp-json\/wp\/v2\/product"}],"about":[{"href":"https:\/\/embryotools.com\/zh\/wp-json\/wp\/v2\/types\/product"}],"wp:featuredmedia":[{"embeddable":true,"href":"https:\/\/embryotools.com\/zh\/wp-json\/wp\/v2\/media\/20312"}],"wp:attachment":[{"href":"https:\/\/embryotools.com\/zh\/wp-json\/wp\/v2\/media?parent=20605"}],"wp:term":[{"taxonomy":"product_brand","embeddable":true,"href":"https:\/\/embryotools.com\/zh\/wp-json\/wp\/v2\/product_brand?post=20605"},{"taxonomy":"product_cat","embeddable":true,"href":"https:\/\/embryotools.com\/zh\/wp-json\/wp\/v2\/product_cat?post=20605"},{"taxonomy":"product_tag","embeddable":true,"href":"https:\/\/embryotools.com\/zh\/wp-json\/wp\/v2\/product_tag?post=20605"}],"curies":[{"name":"wp","href":"https:\/\/api.w.org\/{rel}","templated":true}]}}