{"id":20600,"date":"2019-12-23T13:47:58","date_gmt":"2019-12-23T12:47:58","guid":{"rendered":"https:\/\/embryotools.com\/?post_type=product&#038;p=20600"},"modified":"2025-07-02T13:37:46","modified_gmt":"2025-07-02T11:37:46","slug":"02-an-overview-in-ivf-techniques-3-days-nou-curs","status":"publish","type":"product","link":"https:\/\/embryotools.com\/zh\/shop\/ivf-training-courses\/hands-on-individual-courses\/02-an-overview-in-ivf-techniques-3-days-nou-curs\/","title":{"rendered":"02 &#8211; An Overview on IVF techniques"},"content":{"rendered":"<p class=\"qtranxs-available-languages-message qtranxs-available-languages-message-zh\">\u5bf9\u4e0d\u8d77\uff0c\u6b64\u5185\u5bb9\u53ea\u9002\u7528\u4e8e<a href=\"https:\/\/embryotools.com\/en\/wp-json\/wp\/v2\/product\/20600\" class=\"qtranxs-available-language-link qtranxs-available-language-link-en\" title=\"English\">English<\/a>\uff0c<a href=\"https:\/\/embryotools.com\/es\/wp-json\/wp\/v2\/product\/20600\" class=\"qtranxs-available-language-link qtranxs-available-language-link-es\" title=\"Espa\u00f1ol\">Espa\u00f1ol<\/a>\u548c<a href=\"https:\/\/embryotools.com\/fr\/wp-json\/wp\/v2\/product\/20600\" class=\"qtranxs-available-language-link qtranxs-available-language-link-fr\" title=\"Fran\u00e7ais\">Fran\u00e7ais<\/a>\u3002 For the sake of viewer convenience, the content is shown below in this site default language. You may click one of the links to switch the site language to another available language.<\/p><p><\/p>\n<h1><strong>An Overview on IVF Techniques\u00a0<\/strong><\/h1>\n<p>&nbsp;<\/p>\n<h2><span style=\"font-size: 12pt;\"><strong>Aims and Goals of the Course:<\/strong><\/span><\/h2>\n<p>The aim of this training program is to offer a basic hands-on in the techniques used in an IVF laboratory. The course will make special focus on giving basic training in a real IVF setup using unlimited number of samples. After the course, it is expected that the practical knowledge acquired at Embryotools will help the trainee to get more familiarized with the IVF laboratory practice and all the techniques currently used in clinical routine.<\/p>\n<h2><strong>Scientific Program:<\/strong><\/h2>\n<h4>Theoretical Session (30-45 min duration):<\/h4>\n<ul>\n<li>\u201cQuality Control and Quality Assessment in the IVF lab\u201c<\/li>\n<\/ul>\n<h4>Hands-On Sessions and Knowledge to be acquired:<\/h4>\n<p>With the possibility of getting in touch with the most modern technology and equipment currently available in the IVF field and with unlimited samples and disposables, the trainee will be able to visualize and understand the following procedures:<\/p>\n<ul>\n<li>Oocyte and embryo handling using different types of pipetting devices.<\/li>\n<li>Oocyte, zygote, embryo and blastocyst morphology assessment.<\/li>\n<li>Embryo culture up to day 5\/6.<\/li>\n<li>Embryo transfer from the lab\u2019s perspective: pros and cons of different ways of loading the catheter.<\/li>\n<li>Temperature measurements.<\/li>\n<li>Disposables out-gassing.<\/li>\n<li>Handle of media and oil: aliquoting, storage, preparation of dishes (the overlaid and underlaid methods) for gamete and embryo manipulation and culture.<\/li>\n<li>Aseptic techniques for handling media, disposables, gametes and embryos.<\/li>\n<li>Measurement of pH, CO<sub>2 <\/sub>on different types of incubators using the most accurate methodologies and devices.<\/li>\n<li>Basic knowledge of Quality Control and Assessment.<\/li>\n<li>Set up of dishes and media for ICSI.<\/li>\n<li>Micromanipulator and pipette set up.<\/li>\n<li>Overview of the ICSI technique.<\/li>\n<li>Sperm preparation, selection and capture.<\/li>\n<li>Assisted hatching in fresh and frozen embryos and blastocyst.<\/li>\n<li>Oocyte and embryo vitrification.<\/li>\n<\/ul>\n<p><strong>Team of embryologists providing the training:<br \/>\n<\/strong>Nuno Costa-Borges, PhD; Carolina Castell\u00f3, BSc; Enric Mestres, PhD; M\u00f2nica Acacio, MSc; Queralt Matia; MSc.<\/p>\n<p><strong><u>Certificate of attendance will be awarded to participants completing the workshop<\/u><\/strong><\/p>\n<p><strong>Date:<\/strong> Three days from 09:00h to 16:30h (with a coffee break and 30 min lunch pause).<\/p>\n<p><strong>Price:<\/strong> 3000 Euros<\/p>\n<p>Depending on your experience and needs we can modify the training course by adding extra days to the course.<\/p>\n<p><strong>Location:<br \/>\n<\/strong>Embryotools\u2019 Laboratories<br \/>\nAvenida Doctor Mara\u00f1\u00f3n, 8<br \/>\nParc Cient\u00edfic de Barcelona<br \/>\n08028 Barcelona, Spain<\/p>","protected":false},"excerpt":{"rendered":"<p class=\"qtranxs-available-languages-message qtranxs-available-languages-message-zh\">\u5bf9\u4e0d\u8d77\uff0c\u6b64\u5185\u5bb9\u53ea\u9002\u7528\u4e8e<a href=\"https:\/\/embryotools.com\/en\/wp-json\/wp\/v2\/product\/20600\" class=\"qtranxs-available-language-link qtranxs-available-language-link-en\" title=\"English\">English<\/a>\uff0c<a href=\"https:\/\/embryotools.com\/es\/wp-json\/wp\/v2\/product\/20600\" class=\"qtranxs-available-language-link qtranxs-available-language-link-es\" title=\"Espa\u00f1ol\">Espa\u00f1ol<\/a>\u548c<a href=\"https:\/\/embryotools.com\/fr\/wp-json\/wp\/v2\/product\/20600\" class=\"qtranxs-available-language-link qtranxs-available-language-link-fr\" title=\"Fran\u00e7ais\">Fran\u00e7ais<\/a>\u3002 For the sake of viewer convenience, the content is shown below in this site default language. You may click one of the links to switch the site language to another available language.<\/p>\n<p>Three day course full hands-on Oocyte pick-up, embryo culture, embryo grading and transfer.<br \/>\nIdeal for young embryologists who start new in the embryology lab. They will end the course with full information and hands-on.<\/p>\n<p>&nbsp;<\/p>\n<p><em>For further information please contact us at <a href=\"mailto:training@embryotools.com\"><strong>training@embryotools.com<\/strong><\/a><\/em><\/p>\n","protected":false},"featured_media":20220,"template":"","meta":[],"product_brand":[],"product_cat":[181,134],"product_tag":[],"class_list":{"0":"post-20600","1":"product","2":"type-product","3":"status-publish","4":"has-post-thumbnail","6":"product_cat-hands-on-individual-courses","7":"product_cat-ivf-training-courses","9":"first","10":"instock","11":"downloadable","12":"virtual","13":"purchasable","14":"product-type-simple","15":"berocket_lgv_grid","16":"berocket_lgv_list_grid"},"yoast_head":"<!-- This site is optimized with the Yoast SEO plugin v27.5 - https:\/\/yoast.com\/product\/yoast-seo-wordpress\/ -->\n<title>02 - An Overview on IVF techniques - Embryotools<\/title>\n<meta name=\"robots\" content=\"index, follow, max-snippet:-1, max-image-preview:large, max-video-preview:-1\" \/>\n<link rel=\"canonical\" href=\"https:\/\/embryotools.com\/shop\/ivf-training-courses\/hands-on-individual-courses\/02-an-overview-in-ivf-techniques-3-days-nou-curs\/\" \/>\n<meta name=\"twitter:card\" content=\"summary_large_image\" \/>\n<meta name=\"twitter:title\" content=\"02 - An Overview on IVF techniques - Embryotools\" \/>\n<meta name=\"twitter:description\" content=\"[:en]Three day course full hands-on Oocyte pick-up, embryo culture, embryo grading and transfer. Ideal for young embryologists who start new in the embryology lab. They will end the course with full information and hands-on.  &nbsp;  For further information please contact us at training@embryotools.com[:es]Curso de tres d\u00edas donde se practicar\u00e1 la obtenci\u00f3n de ovocitos, as\u00ed como el cultivo, clasificaci\u00f3n y transferencia de embriones.  Ideal para j\u00f3venes embri\u00f3logos que empiezan en el laboratorio de embriolog\u00eda. Al final del curso se adquirir\u00e1 de forma completa toda la informaci\u00f3n te\u00f3rica y pr\u00e1ctica relacionada con las t\u00e9cnicas de FIV.  &nbsp;  &nbsp;  Para m\u00e1s informaci\u00f3n por favor cont\u00e1ctenos en training@embryotools.com[:fr]Cours de trois jours enti\u00e8rement pratique: pr\u00e9l\u00e8vement d&#039;ovocytes, culture d&#039;embryons, classification des embryons et transfert. Id\u00e9al pour les jeunes embryologistes qui d\u00e9butent dans le laboratoire d&#039;embryologie. Ils termineront le cours avec des informations compl\u00e8tes et des travaux pratiques. Pour plus d&#039;informations, veuillez nous contacter \u00e0 l&#039;adresse suivante: training@embryotools.com[:]\" \/>\n<meta name=\"twitter:image\" content=\"https:\/\/embryotools.com\/wp-content\/uploads\/2018\/03\/2014_11_18_Rink_Barcelona8288.jpg\" \/>\n<meta name=\"twitter:site\" content=\"@embryotools\" \/>\n<meta name=\"twitter:label1\" content=\"\u9884\u8ba1\u9605\u8bfb\u65f6\u95f4\" \/>\n\t<meta name=\"twitter:data1\" content=\"1 \u5206\" \/>\n<script type=\"application\/ld+json\" class=\"yoast-schema-graph\">{\"@context\":\"https:\\\/\\\/schema.org\",\"@graph\":[{\"@type\":\"WebPage\",\"@id\":\"https:\\\/\\\/embryotools.com\\\/shop\\\/ivf-training-courses\\\/hands-on-individual-courses\\\/02-an-overview-in-ivf-techniques-3-days-nou-curs\\\/\",\"url\":\"https:\\\/\\\/embryotools.com\\\/shop\\\/ivf-training-courses\\\/hands-on-individual-courses\\\/02-an-overview-in-ivf-techniques-3-days-nou-curs\\\/\",\"name\":\"02 - An Overview on IVF techniques - Embryotools\",\"isPartOf\":{\"@id\":\"https:\\\/\\\/embryotools.com\\\/#website\"},\"primaryImageOfPage\":{\"@id\":\"https:\\\/\\\/embryotools.com\\\/shop\\\/ivf-training-courses\\\/hands-on-individual-courses\\\/02-an-overview-in-ivf-techniques-3-days-nou-curs\\\/#primaryimage\"},\"image\":{\"@id\":\"https:\\\/\\\/embryotools.com\\\/shop\\\/ivf-training-courses\\\/hands-on-individual-courses\\\/02-an-overview-in-ivf-techniques-3-days-nou-curs\\\/#primaryimage\"},\"thumbnailUrl\":\"https:\\\/\\\/embryotools.com\\\/wp-content\\\/uploads\\\/2018\\\/03\\\/2014_11_18_Rink_Barcelona8288.jpg\",\"datePublished\":\"2019-12-23T12:47:58+00:00\",\"dateModified\":\"2025-07-02T11:37:46+00:00\",\"breadcrumb\":{\"@id\":\"https:\\\/\\\/embryotools.com\\\/shop\\\/ivf-training-courses\\\/hands-on-individual-courses\\\/02-an-overview-in-ivf-techniques-3-days-nou-curs\\\/#breadcrumb\"},\"inLanguage\":\"zh-Hans\",\"potentialAction\":[{\"@type\":\"ReadAction\",\"target\":[\"https:\\\/\\\/embryotools.com\\\/shop\\\/ivf-training-courses\\\/hands-on-individual-courses\\\/02-an-overview-in-ivf-techniques-3-days-nou-curs\\\/\"]}]},{\"@type\":\"ImageObject\",\"inLanguage\":\"zh-Hans\",\"@id\":\"https:\\\/\\\/embryotools.com\\\/shop\\\/ivf-training-courses\\\/hands-on-individual-courses\\\/02-an-overview-in-ivf-techniques-3-days-nou-curs\\\/#primaryimage\",\"url\":\"https:\\\/\\\/embryotools.com\\\/wp-content\\\/uploads\\\/2018\\\/03\\\/2014_11_18_Rink_Barcelona8288.jpg\",\"contentUrl\":\"https:\\\/\\\/embryotools.com\\\/wp-content\\\/uploads\\\/2018\\\/03\\\/2014_11_18_Rink_Barcelona8288.jpg\",\"width\":4608,\"height\":3456},{\"@type\":\"BreadcrumbList\",\"@id\":\"https:\\\/\\\/embryotools.com\\\/shop\\\/ivf-training-courses\\\/hands-on-individual-courses\\\/02-an-overview-in-ivf-techniques-3-days-nou-curs\\\/#breadcrumb\",\"itemListElement\":[{\"@type\":\"ListItem\",\"position\":1,\"name\":\"Home\",\"item\":\"https:\\\/\\\/embryotools.com\\\/\"},{\"@type\":\"ListItem\",\"position\":2,\"name\":\"Shop\",\"item\":\"https:\\\/\\\/embryotools.com\\\/shop\\\/\"},{\"@type\":\"ListItem\",\"position\":3,\"name\":\"02 &#8211; An Overview on IVF techniques\"}]},{\"@type\":\"WebSite\",\"@id\":\"https:\\\/\\\/embryotools.com\\\/#website\",\"url\":\"https:\\\/\\\/embryotools.com\\\/\",\"name\":\"Embryotools\",\"description\":\"for better results\",\"publisher\":{\"@id\":\"https:\\\/\\\/embryotools.com\\\/#organization\"},\"potentialAction\":[{\"@type\":\"SearchAction\",\"target\":{\"@type\":\"EntryPoint\",\"urlTemplate\":\"https:\\\/\\\/embryotools.com\\\/?s={search_term_string}\"},\"query-input\":{\"@type\":\"PropertyValueSpecification\",\"valueRequired\":true,\"valueName\":\"search_term_string\"}}],\"inLanguage\":\"zh-Hans\"},{\"@type\":\"Organization\",\"@id\":\"https:\\\/\\\/embryotools.com\\\/#organization\",\"name\":\"Embryotools\",\"url\":\"https:\\\/\\\/embryotools.com\\\/\",\"logo\":{\"@type\":\"ImageObject\",\"inLanguage\":\"zh-Hans\",\"@id\":\"https:\\\/\\\/embryotools.com\\\/#\\\/schema\\\/logo\\\/image\\\/\",\"url\":\"https:\\\/\\\/embryotools.com\\\/wp-content\\\/uploads\\\/2017\\\/01\\\/embryotools_logo_trans_500-2.png\",\"contentUrl\":\"https:\\\/\\\/embryotools.com\\\/wp-content\\\/uploads\\\/2017\\\/01\\\/embryotools_logo_trans_500-2.png\",\"width\":250,\"height\":59,\"caption\":\"Embryotools\"},\"image\":{\"@id\":\"https:\\\/\\\/embryotools.com\\\/#\\\/schema\\\/logo\\\/image\\\/\"},\"sameAs\":[\"https:\\\/\\\/www.facebook.com\\\/embryotools\",\"https:\\\/\\\/x.com\\\/embryotools\",\"https:\\\/\\\/www.linkedin.com\\\/company\\\/embryotools\"]}]}<\/script>\n<!-- \/ Yoast SEO plugin. -->","yoast_head_json":{"title":"02 - An Overview on IVF techniques - Embryotools","robots":{"index":"index","follow":"follow","max-snippet":"max-snippet:-1","max-image-preview":"max-image-preview:large","max-video-preview":"max-video-preview:-1"},"canonical":"https:\/\/embryotools.com\/shop\/ivf-training-courses\/hands-on-individual-courses\/02-an-overview-in-ivf-techniques-3-days-nou-curs\/","twitter_card":"summary_large_image","twitter_title":"02 - An Overview on IVF techniques - Embryotools","twitter_description":"[:en]Three day course full hands-on Oocyte pick-up, embryo culture, embryo grading and transfer. Ideal for young embryologists who start new in the embryology lab. They will end the course with full information and hands-on.  &nbsp;  For further information please contact us at training@embryotools.com[:es]Curso de tres d\u00edas donde se practicar\u00e1 la obtenci\u00f3n de ovocitos, as\u00ed como el cultivo, clasificaci\u00f3n y transferencia de embriones.  Ideal para j\u00f3venes embri\u00f3logos que empiezan en el laboratorio de embriolog\u00eda. Al final del curso se adquirir\u00e1 de forma completa toda la informaci\u00f3n te\u00f3rica y pr\u00e1ctica relacionada con las t\u00e9cnicas de FIV.  &nbsp;  &nbsp;  Para m\u00e1s informaci\u00f3n por favor cont\u00e1ctenos en training@embryotools.com[:fr]Cours de trois jours enti\u00e8rement pratique: pr\u00e9l\u00e8vement d'ovocytes, culture d'embryons, classification des embryons et transfert. Id\u00e9al pour les jeunes embryologistes qui d\u00e9butent dans le laboratoire d'embryologie. Ils termineront le cours avec des informations compl\u00e8tes et des travaux pratiques. Pour plus d'informations, veuillez nous contacter \u00e0 l'adresse suivante: training@embryotools.com[:]","twitter_image":"https:\/\/embryotools.com\/wp-content\/uploads\/2018\/03\/2014_11_18_Rink_Barcelona8288.jpg","twitter_site":"@embryotools","twitter_misc":{"\u9884\u8ba1\u9605\u8bfb\u65f6\u95f4":"1 \u5206"},"schema":{"@context":"https:\/\/schema.org","@graph":[{"@type":"WebPage","@id":"https:\/\/embryotools.com\/shop\/ivf-training-courses\/hands-on-individual-courses\/02-an-overview-in-ivf-techniques-3-days-nou-curs\/","url":"https:\/\/embryotools.com\/shop\/ivf-training-courses\/hands-on-individual-courses\/02-an-overview-in-ivf-techniques-3-days-nou-curs\/","name":"02 - An Overview on IVF techniques - Embryotools","isPartOf":{"@id":"https:\/\/embryotools.com\/#website"},"primaryImageOfPage":{"@id":"https:\/\/embryotools.com\/shop\/ivf-training-courses\/hands-on-individual-courses\/02-an-overview-in-ivf-techniques-3-days-nou-curs\/#primaryimage"},"image":{"@id":"https:\/\/embryotools.com\/shop\/ivf-training-courses\/hands-on-individual-courses\/02-an-overview-in-ivf-techniques-3-days-nou-curs\/#primaryimage"},"thumbnailUrl":"https:\/\/embryotools.com\/wp-content\/uploads\/2018\/03\/2014_11_18_Rink_Barcelona8288.jpg","datePublished":"2019-12-23T12:47:58+00:00","dateModified":"2025-07-02T11:37:46+00:00","breadcrumb":{"@id":"https:\/\/embryotools.com\/shop\/ivf-training-courses\/hands-on-individual-courses\/02-an-overview-in-ivf-techniques-3-days-nou-curs\/#breadcrumb"},"inLanguage":"zh-Hans","potentialAction":[{"@type":"ReadAction","target":["https:\/\/embryotools.com\/shop\/ivf-training-courses\/hands-on-individual-courses\/02-an-overview-in-ivf-techniques-3-days-nou-curs\/"]}]},{"@type":"ImageObject","inLanguage":"zh-Hans","@id":"https:\/\/embryotools.com\/shop\/ivf-training-courses\/hands-on-individual-courses\/02-an-overview-in-ivf-techniques-3-days-nou-curs\/#primaryimage","url":"https:\/\/embryotools.com\/wp-content\/uploads\/2018\/03\/2014_11_18_Rink_Barcelona8288.jpg","contentUrl":"https:\/\/embryotools.com\/wp-content\/uploads\/2018\/03\/2014_11_18_Rink_Barcelona8288.jpg","width":4608,"height":3456},{"@type":"BreadcrumbList","@id":"https:\/\/embryotools.com\/shop\/ivf-training-courses\/hands-on-individual-courses\/02-an-overview-in-ivf-techniques-3-days-nou-curs\/#breadcrumb","itemListElement":[{"@type":"ListItem","position":1,"name":"Home","item":"https:\/\/embryotools.com\/"},{"@type":"ListItem","position":2,"name":"Shop","item":"https:\/\/embryotools.com\/shop\/"},{"@type":"ListItem","position":3,"name":"02 &#8211; An Overview on IVF techniques"}]},{"@type":"WebSite","@id":"https:\/\/embryotools.com\/#website","url":"https:\/\/embryotools.com\/","name":"Embryotools","description":"for better results","publisher":{"@id":"https:\/\/embryotools.com\/#organization"},"potentialAction":[{"@type":"SearchAction","target":{"@type":"EntryPoint","urlTemplate":"https:\/\/embryotools.com\/?s={search_term_string}"},"query-input":{"@type":"PropertyValueSpecification","valueRequired":true,"valueName":"search_term_string"}}],"inLanguage":"zh-Hans"},{"@type":"Organization","@id":"https:\/\/embryotools.com\/#organization","name":"Embryotools","url":"https:\/\/embryotools.com\/","logo":{"@type":"ImageObject","inLanguage":"zh-Hans","@id":"https:\/\/embryotools.com\/#\/schema\/logo\/image\/","url":"https:\/\/embryotools.com\/wp-content\/uploads\/2017\/01\/embryotools_logo_trans_500-2.png","contentUrl":"https:\/\/embryotools.com\/wp-content\/uploads\/2017\/01\/embryotools_logo_trans_500-2.png","width":250,"height":59,"caption":"Embryotools"},"image":{"@id":"https:\/\/embryotools.com\/#\/schema\/logo\/image\/"},"sameAs":["https:\/\/www.facebook.com\/embryotools","https:\/\/x.com\/embryotools","https:\/\/www.linkedin.com\/company\/embryotools"]}]}},"_links":{"self":[{"href":"https:\/\/embryotools.com\/zh\/wp-json\/wp\/v2\/product\/20600","targetHints":{"allow":["GET"]}}],"collection":[{"href":"https:\/\/embryotools.com\/zh\/wp-json\/wp\/v2\/product"}],"about":[{"href":"https:\/\/embryotools.com\/zh\/wp-json\/wp\/v2\/types\/product"}],"wp:featuredmedia":[{"embeddable":true,"href":"https:\/\/embryotools.com\/zh\/wp-json\/wp\/v2\/media\/20220"}],"wp:attachment":[{"href":"https:\/\/embryotools.com\/zh\/wp-json\/wp\/v2\/media?parent=20600"}],"wp:term":[{"taxonomy":"product_brand","embeddable":true,"href":"https:\/\/embryotools.com\/zh\/wp-json\/wp\/v2\/product_brand?post=20600"},{"taxonomy":"product_cat","embeddable":true,"href":"https:\/\/embryotools.com\/zh\/wp-json\/wp\/v2\/product_cat?post=20600"},{"taxonomy":"product_tag","embeddable":true,"href":"https:\/\/embryotools.com\/zh\/wp-json\/wp\/v2\/product_tag?post=20600"}],"curies":[{"name":"wp","href":"https:\/\/api.w.org\/{rel}","templated":true}]}}