{"id":20590,"date":"2019-12-23T13:14:54","date_gmt":"2019-12-23T12:14:54","guid":{"rendered":"https:\/\/embryotools.com\/?post_type=product&#038;p=20590"},"modified":"2025-07-02T13:38:36","modified_gmt":"2025-07-02T11:38:36","slug":"09-sperm-analysis-preparation-and-cryopreservation-hands-on-and-troubleshooting-microptic-3-days-nou-curs","status":"publish","type":"product","link":"https:\/\/embryotools.com\/zh\/shop\/ivf-training-courses\/hands-on-individual-courses\/09-sperm-analysis-preparation-and-cryopreservation-hands-on-and-troubleshooting-microptic-3-days-nou-curs\/","title":{"rendered":"07 &#8211; Sperm preparation in collaboration with Microptic"},"content":{"rendered":"<p class=\"qtranxs-available-languages-message qtranxs-available-languages-message-zh\">\u5bf9\u4e0d\u8d77\uff0c\u6b64\u5185\u5bb9\u53ea\u9002\u7528\u4e8e<a href=\"https:\/\/embryotools.com\/en\/wp-json\/wp\/v2\/product\/20590\" class=\"qtranxs-available-language-link qtranxs-available-language-link-en\" title=\"English\">English<\/a>\uff0c<a href=\"https:\/\/embryotools.com\/es\/wp-json\/wp\/v2\/product\/20590\" class=\"qtranxs-available-language-link qtranxs-available-language-link-es\" title=\"Espa\u00f1ol\">Espa\u00f1ol<\/a>\u548c<a href=\"https:\/\/embryotools.com\/fr\/wp-json\/wp\/v2\/product\/20590\" class=\"qtranxs-available-language-link qtranxs-available-language-link-fr\" title=\"Fran\u00e7ais\">Fran\u00e7ais<\/a>\u3002 For the sake of viewer convenience, the content is shown below in this site default language. You may click one of the links to switch the site language to another available language.<\/p><p><\/p>\n<h1><strong>Sperm preparation in collaboration with Microptic<\/strong><\/h1>\n<p>&nbsp;<\/p>\n<h2><strong><span style=\"font-size: 12pt;\">Aims and goals of the course:<\/span><br \/>\n<\/strong><\/h2>\n<p>To understand how to setup and manage a successful andrology lab and learn key tips on how to deal with all kinds of sperm samples. To improve the knowledge and understanding about the latest techniques to select the best sperm.<\/p>\n<p>In collaboration with Microptic (<a href=\"http:\/\/www.micropticsl.com\">www.micropticsl.com<\/a>) the course will offer the possibility to go through all the latest discoveries and innovations in the field of sperm analysis in Microptic&#8217;s facilities.<\/p>\n<p>In our facilities it will be possible to learn and have intensive hands on sessions in sperm preparation using different types of sperm samples with an assigned member of our team.<\/p>\n<h2><strong>Scientific Program:<\/strong><\/h2>\n<h4>Theoretical Sessions (30-45 min duration):<\/h4>\n<ul>\n<li>\u201cSperm features and fertilization process\u201d by N\u00faria Medarde, PhD<\/li>\n<li>\u201cSperm care&#8221; by Embryotools&#8217; team<\/li>\n<\/ul>\n<h4>Hands on Sessions by Microptic:<\/h4>\n<ul>\n<li>Macroscopic and microscopic sperm analysis.<\/li>\n<li>Microscopic sperm assessment: Motility, Concentration, Morphology and Vitality analysis.<\/li>\n<li>Manual versus automatic sperm evaluation<\/li>\n<li>Sperm functional tests: Mucus penetration, Hyperactivation, Acrosome reaction and DNA fragmentation.<\/li>\n<\/ul>\n<h4>Hands on Sessions by Embryotools:<\/h4>\n<ul>\n<li>Sperm preparation techniques: Gradients, swim-up.<\/li>\n<li>Dilution of sperm preparation samples for IU, IVF and ICSI techniques.<\/li>\n<li>How to cryopreserve sperm.<\/li>\n<li>Simplified sperm selection methods using microfluidics.<\/li>\n<\/ul>\n<p><strong>Team of embryologists providing the training:<br \/>\n<\/strong>Embryotools Team: Nuno Costa-Borges, PhD; Carolina Castell\u00f3, BSc; Enric Mestres, PhD; M\u00f2nica Acacio, MSc; Queralt Matia; MSc.<br \/>\nMicroptic Team: N\u00faria Medarde, PhD<\/p>\n<p><strong><u>Certificate of attendance awarded to participants completing the workshop<\/u><\/strong><\/p>\n<p><strong>Date:<\/strong> Three days.<\/p>\n<ul>\n<li>First day at Microptic&#8217;s facilities.<\/li>\n<li>Two days at Embryotools&#8217; facilities from 09:00h to 16:30h (with a coffee break and 30 min lunch pause).<\/li>\n<\/ul>\n<p><strong>Price:<\/strong> 1800 Euros<\/p>\n<p>Depending on your experience and needs we can modify the training course by adding extra days to the course.<\/p>\n<p><strong>Locations<\/strong><em><strong>:<\/strong><\/em><\/p>\n<ul>\n<li><em>\u00a0<\/em>Embryotools\u2019 Laboratories<br \/>\nAvenida Doctor Mara\u00f1\u00f3n, 8<br \/>\nParc Cient\u00edfic de Barcelona<br \/>\n08028 Barcelona, Spain<\/li>\n<\/ul>\n<ul>\n<li>MICROPTIC S.L.<br \/>\nJosep Tarradellas, 8, 1\u00ba 6\u00aa<br \/>\n08029 Barcelona, Spain<\/li>\n<\/ul>\n<p><\/p>","protected":false},"excerpt":{"rendered":"<p class=\"qtranxs-available-languages-message qtranxs-available-languages-message-zh\">\u5bf9\u4e0d\u8d77\uff0c\u6b64\u5185\u5bb9\u53ea\u9002\u7528\u4e8e<a href=\"https:\/\/embryotools.com\/en\/wp-json\/wp\/v2\/product\/20590\" class=\"qtranxs-available-language-link qtranxs-available-language-link-en\" title=\"English\">English<\/a>\uff0c<a href=\"https:\/\/embryotools.com\/es\/wp-json\/wp\/v2\/product\/20590\" class=\"qtranxs-available-language-link qtranxs-available-language-link-es\" title=\"Espa\u00f1ol\">Espa\u00f1ol<\/a>\u548c<a href=\"https:\/\/embryotools.com\/fr\/wp-json\/wp\/v2\/product\/20590\" class=\"qtranxs-available-language-link qtranxs-available-language-link-fr\" title=\"Fran\u00e7ais\">Fran\u00e7ais<\/a>\u3002 For the sake of viewer convenience, the content is shown below in this site default language. You may click one of the links to switch the site language to another available language.<\/p>\n<p>Full hands-on 3 days course in collaboration with Microptic.<br \/>\nLearn how to analyse all sorts of sperm samples and prepare them for any of the techniques applied in an IVF lab.<br \/>\nThis course guarantees a unique environment and highly technological laboratory with the most modern and exclusive equipment in the market available for training.<\/p>\n<p>&nbsp;<\/p>\n<p><em>For further information please contact us at <a href=\"mailto:training@embryotools.com\"><strong>training@embryotools.com<\/strong><\/a><\/em><\/p>\n","protected":false},"featured_media":21525,"template":"","meta":[],"product_brand":[],"product_cat":[181,134],"product_tag":[],"class_list":{"0":"post-20590","1":"product","2":"type-product","3":"status-publish","4":"has-post-thumbnail","6":"product_cat-hands-on-individual-courses","7":"product_cat-ivf-training-courses","9":"first","10":"instock","11":"downloadable","12":"virtual","13":"purchasable","14":"product-type-simple","15":"berocket_lgv_grid","16":"berocket_lgv_list_grid"},"yoast_head":"<!-- This site is optimized with the Yoast SEO plugin v27.4 - https:\/\/yoast.com\/product\/yoast-seo-wordpress\/ -->\n<title>07 - Sperm preparation in collaboration with Microptic - Embryotools<\/title>\n<meta name=\"robots\" content=\"index, follow, max-snippet:-1, max-image-preview:large, max-video-preview:-1\" \/>\n<link rel=\"canonical\" href=\"https:\/\/embryotools.com\/shop\/ivf-training-courses\/hands-on-individual-courses\/09-sperm-analysis-preparation-and-cryopreservation-hands-on-and-troubleshooting-microptic-3-days-nou-curs\/\" \/>\n<meta name=\"twitter:card\" content=\"summary_large_image\" \/>\n<meta name=\"twitter:title\" content=\"07 - Sperm preparation in collaboration with Microptic - Embryotools\" \/>\n<meta name=\"twitter:description\" content=\"[:en]Full hands-on 3 days course in collaboration with Microptic. Learn how to analyse all sorts of sperm samples and prepare them for any of the techniques applied in an IVF lab. This course guarantees a unique environment and highly technological laboratory with the most modern and exclusive equipment in the market available for training.  &nbsp;  For further information please contact us at training@embryotools.com[:es]Curso pr\u00e1ctico completo de 3 d\u00edas en colaboraci\u00f3n con Microptic. Aprenda a analizar todo tipo de muestras de semen y a prepararlas para cualquiera de las t\u00e9cnicas que se aplican en un laboratorio de FIV.  Este curso garantiza un entorno \u00fanico y un laboratorio altamente tecnol\u00f3gico con los equipos m\u00e1s modernos y exclusivos del mercado disponibles para la formaci\u00f3n.  &nbsp;  Para m\u00e1s informaci\u00f3n por favor cont\u00e1ctenos en training@embryotools.com[:fr]Cours pratique complet de 3 jours en collaboration avec Microptic. Apprenez \u00e0 analyser toutes sortes d&#039;\u00e9chantillons de sperme et \u00e0 les pr\u00e9parer pour toutes les techniques appliqu\u00e9es dans un laboratoire de FIV. Ce cours garantit un environnement unique et un laboratoire hautement technologique avec les \u00e9quipements les plus modernes et exclusifs du march\u00e9 disponibles pour la formation. Pour plus d&#039;informations, veuillez nous contacter \u00e0 l&#039;adresse suivante: training@embryotools.com[:]\" \/>\n<meta name=\"twitter:image\" content=\"https:\/\/embryotools.com\/wp-content\/uploads\/2020\/10\/IMG_3663-scaled.jpg\" \/>\n<meta name=\"twitter:site\" content=\"@embryotools\" \/>\n<meta name=\"twitter:label1\" content=\"\u9884\u8ba1\u9605\u8bfb\u65f6\u95f4\" \/>\n\t<meta name=\"twitter:data1\" content=\"1 \u5206\" \/>\n<script type=\"application\/ld+json\" class=\"yoast-schema-graph\">{\"@context\":\"https:\\\/\\\/schema.org\",\"@graph\":[{\"@type\":\"WebPage\",\"@id\":\"https:\\\/\\\/embryotools.com\\\/shop\\\/ivf-training-courses\\\/hands-on-individual-courses\\\/09-sperm-analysis-preparation-and-cryopreservation-hands-on-and-troubleshooting-microptic-3-days-nou-curs\\\/\",\"url\":\"https:\\\/\\\/embryotools.com\\\/shop\\\/ivf-training-courses\\\/hands-on-individual-courses\\\/09-sperm-analysis-preparation-and-cryopreservation-hands-on-and-troubleshooting-microptic-3-days-nou-curs\\\/\",\"name\":\"07 - Sperm preparation in collaboration with Microptic - Embryotools\",\"isPartOf\":{\"@id\":\"https:\\\/\\\/embryotools.com\\\/#website\"},\"primaryImageOfPage\":{\"@id\":\"https:\\\/\\\/embryotools.com\\\/shop\\\/ivf-training-courses\\\/hands-on-individual-courses\\\/09-sperm-analysis-preparation-and-cryopreservation-hands-on-and-troubleshooting-microptic-3-days-nou-curs\\\/#primaryimage\"},\"image\":{\"@id\":\"https:\\\/\\\/embryotools.com\\\/shop\\\/ivf-training-courses\\\/hands-on-individual-courses\\\/09-sperm-analysis-preparation-and-cryopreservation-hands-on-and-troubleshooting-microptic-3-days-nou-curs\\\/#primaryimage\"},\"thumbnailUrl\":\"https:\\\/\\\/embryotools.com\\\/wp-content\\\/uploads\\\/2020\\\/10\\\/IMG_3663-scaled.jpg\",\"datePublished\":\"2019-12-23T12:14:54+00:00\",\"dateModified\":\"2025-07-02T11:38:36+00:00\",\"breadcrumb\":{\"@id\":\"https:\\\/\\\/embryotools.com\\\/shop\\\/ivf-training-courses\\\/hands-on-individual-courses\\\/09-sperm-analysis-preparation-and-cryopreservation-hands-on-and-troubleshooting-microptic-3-days-nou-curs\\\/#breadcrumb\"},\"inLanguage\":\"zh-Hans\",\"potentialAction\":[{\"@type\":\"ReadAction\",\"target\":[\"https:\\\/\\\/embryotools.com\\\/shop\\\/ivf-training-courses\\\/hands-on-individual-courses\\\/09-sperm-analysis-preparation-and-cryopreservation-hands-on-and-troubleshooting-microptic-3-days-nou-curs\\\/\"]}]},{\"@type\":\"ImageObject\",\"inLanguage\":\"zh-Hans\",\"@id\":\"https:\\\/\\\/embryotools.com\\\/shop\\\/ivf-training-courses\\\/hands-on-individual-courses\\\/09-sperm-analysis-preparation-and-cryopreservation-hands-on-and-troubleshooting-microptic-3-days-nou-curs\\\/#primaryimage\",\"url\":\"https:\\\/\\\/embryotools.com\\\/wp-content\\\/uploads\\\/2020\\\/10\\\/IMG_3663-scaled.jpg\",\"contentUrl\":\"https:\\\/\\\/embryotools.com\\\/wp-content\\\/uploads\\\/2020\\\/10\\\/IMG_3663-scaled.jpg\",\"width\":2051,\"height\":2560},{\"@type\":\"BreadcrumbList\",\"@id\":\"https:\\\/\\\/embryotools.com\\\/shop\\\/ivf-training-courses\\\/hands-on-individual-courses\\\/09-sperm-analysis-preparation-and-cryopreservation-hands-on-and-troubleshooting-microptic-3-days-nou-curs\\\/#breadcrumb\",\"itemListElement\":[{\"@type\":\"ListItem\",\"position\":1,\"name\":\"Home\",\"item\":\"https:\\\/\\\/embryotools.com\\\/\"},{\"@type\":\"ListItem\",\"position\":2,\"name\":\"Shop\",\"item\":\"https:\\\/\\\/embryotools.com\\\/shop\\\/\"},{\"@type\":\"ListItem\",\"position\":3,\"name\":\"07 &#8211; Sperm preparation in collaboration with Microptic\"}]},{\"@type\":\"WebSite\",\"@id\":\"https:\\\/\\\/embryotools.com\\\/#website\",\"url\":\"https:\\\/\\\/embryotools.com\\\/\",\"name\":\"Embryotools\",\"description\":\"for better results\",\"publisher\":{\"@id\":\"https:\\\/\\\/embryotools.com\\\/#organization\"},\"potentialAction\":[{\"@type\":\"SearchAction\",\"target\":{\"@type\":\"EntryPoint\",\"urlTemplate\":\"https:\\\/\\\/embryotools.com\\\/?s={search_term_string}\"},\"query-input\":{\"@type\":\"PropertyValueSpecification\",\"valueRequired\":true,\"valueName\":\"search_term_string\"}}],\"inLanguage\":\"zh-Hans\"},{\"@type\":\"Organization\",\"@id\":\"https:\\\/\\\/embryotools.com\\\/#organization\",\"name\":\"Embryotools\",\"url\":\"https:\\\/\\\/embryotools.com\\\/\",\"logo\":{\"@type\":\"ImageObject\",\"inLanguage\":\"zh-Hans\",\"@id\":\"https:\\\/\\\/embryotools.com\\\/#\\\/schema\\\/logo\\\/image\\\/\",\"url\":\"https:\\\/\\\/embryotools.com\\\/wp-content\\\/uploads\\\/2017\\\/01\\\/embryotools_logo_trans_500-2.png\",\"contentUrl\":\"https:\\\/\\\/embryotools.com\\\/wp-content\\\/uploads\\\/2017\\\/01\\\/embryotools_logo_trans_500-2.png\",\"width\":250,\"height\":59,\"caption\":\"Embryotools\"},\"image\":{\"@id\":\"https:\\\/\\\/embryotools.com\\\/#\\\/schema\\\/logo\\\/image\\\/\"},\"sameAs\":[\"https:\\\/\\\/www.facebook.com\\\/embryotools\",\"https:\\\/\\\/x.com\\\/embryotools\",\"https:\\\/\\\/www.linkedin.com\\\/company\\\/embryotools\"]}]}<\/script>\n<!-- \/ Yoast SEO plugin. -->","yoast_head_json":{"title":"07 - Sperm preparation in collaboration with Microptic - Embryotools","robots":{"index":"index","follow":"follow","max-snippet":"max-snippet:-1","max-image-preview":"max-image-preview:large","max-video-preview":"max-video-preview:-1"},"canonical":"https:\/\/embryotools.com\/shop\/ivf-training-courses\/hands-on-individual-courses\/09-sperm-analysis-preparation-and-cryopreservation-hands-on-and-troubleshooting-microptic-3-days-nou-curs\/","twitter_card":"summary_large_image","twitter_title":"07 - Sperm preparation in collaboration with Microptic - Embryotools","twitter_description":"[:en]Full hands-on 3 days course in collaboration with Microptic. Learn how to analyse all sorts of sperm samples and prepare them for any of the techniques applied in an IVF lab. This course guarantees a unique environment and highly technological laboratory with the most modern and exclusive equipment in the market available for training.  &nbsp;  For further information please contact us at training@embryotools.com[:es]Curso pr\u00e1ctico completo de 3 d\u00edas en colaboraci\u00f3n con Microptic. Aprenda a analizar todo tipo de muestras de semen y a prepararlas para cualquiera de las t\u00e9cnicas que se aplican en un laboratorio de FIV.  Este curso garantiza un entorno \u00fanico y un laboratorio altamente tecnol\u00f3gico con los equipos m\u00e1s modernos y exclusivos del mercado disponibles para la formaci\u00f3n.  &nbsp;  Para m\u00e1s informaci\u00f3n por favor cont\u00e1ctenos en training@embryotools.com[:fr]Cours pratique complet de 3 jours en collaboration avec Microptic. Apprenez \u00e0 analyser toutes sortes d'\u00e9chantillons de sperme et \u00e0 les pr\u00e9parer pour toutes les techniques appliqu\u00e9es dans un laboratoire de FIV. Ce cours garantit un environnement unique et un laboratoire hautement technologique avec les \u00e9quipements les plus modernes et exclusifs du march\u00e9 disponibles pour la formation. Pour plus d'informations, veuillez nous contacter \u00e0 l'adresse suivante: training@embryotools.com[:]","twitter_image":"https:\/\/embryotools.com\/wp-content\/uploads\/2020\/10\/IMG_3663-scaled.jpg","twitter_site":"@embryotools","twitter_misc":{"\u9884\u8ba1\u9605\u8bfb\u65f6\u95f4":"1 \u5206"},"schema":{"@context":"https:\/\/schema.org","@graph":[{"@type":"WebPage","@id":"https:\/\/embryotools.com\/shop\/ivf-training-courses\/hands-on-individual-courses\/09-sperm-analysis-preparation-and-cryopreservation-hands-on-and-troubleshooting-microptic-3-days-nou-curs\/","url":"https:\/\/embryotools.com\/shop\/ivf-training-courses\/hands-on-individual-courses\/09-sperm-analysis-preparation-and-cryopreservation-hands-on-and-troubleshooting-microptic-3-days-nou-curs\/","name":"07 - Sperm preparation in collaboration with Microptic - Embryotools","isPartOf":{"@id":"https:\/\/embryotools.com\/#website"},"primaryImageOfPage":{"@id":"https:\/\/embryotools.com\/shop\/ivf-training-courses\/hands-on-individual-courses\/09-sperm-analysis-preparation-and-cryopreservation-hands-on-and-troubleshooting-microptic-3-days-nou-curs\/#primaryimage"},"image":{"@id":"https:\/\/embryotools.com\/shop\/ivf-training-courses\/hands-on-individual-courses\/09-sperm-analysis-preparation-and-cryopreservation-hands-on-and-troubleshooting-microptic-3-days-nou-curs\/#primaryimage"},"thumbnailUrl":"https:\/\/embryotools.com\/wp-content\/uploads\/2020\/10\/IMG_3663-scaled.jpg","datePublished":"2019-12-23T12:14:54+00:00","dateModified":"2025-07-02T11:38:36+00:00","breadcrumb":{"@id":"https:\/\/embryotools.com\/shop\/ivf-training-courses\/hands-on-individual-courses\/09-sperm-analysis-preparation-and-cryopreservation-hands-on-and-troubleshooting-microptic-3-days-nou-curs\/#breadcrumb"},"inLanguage":"zh-Hans","potentialAction":[{"@type":"ReadAction","target":["https:\/\/embryotools.com\/shop\/ivf-training-courses\/hands-on-individual-courses\/09-sperm-analysis-preparation-and-cryopreservation-hands-on-and-troubleshooting-microptic-3-days-nou-curs\/"]}]},{"@type":"ImageObject","inLanguage":"zh-Hans","@id":"https:\/\/embryotools.com\/shop\/ivf-training-courses\/hands-on-individual-courses\/09-sperm-analysis-preparation-and-cryopreservation-hands-on-and-troubleshooting-microptic-3-days-nou-curs\/#primaryimage","url":"https:\/\/embryotools.com\/wp-content\/uploads\/2020\/10\/IMG_3663-scaled.jpg","contentUrl":"https:\/\/embryotools.com\/wp-content\/uploads\/2020\/10\/IMG_3663-scaled.jpg","width":2051,"height":2560},{"@type":"BreadcrumbList","@id":"https:\/\/embryotools.com\/shop\/ivf-training-courses\/hands-on-individual-courses\/09-sperm-analysis-preparation-and-cryopreservation-hands-on-and-troubleshooting-microptic-3-days-nou-curs\/#breadcrumb","itemListElement":[{"@type":"ListItem","position":1,"name":"Home","item":"https:\/\/embryotools.com\/"},{"@type":"ListItem","position":2,"name":"Shop","item":"https:\/\/embryotools.com\/shop\/"},{"@type":"ListItem","position":3,"name":"07 &#8211; Sperm preparation in collaboration with Microptic"}]},{"@type":"WebSite","@id":"https:\/\/embryotools.com\/#website","url":"https:\/\/embryotools.com\/","name":"Embryotools","description":"for better results","publisher":{"@id":"https:\/\/embryotools.com\/#organization"},"potentialAction":[{"@type":"SearchAction","target":{"@type":"EntryPoint","urlTemplate":"https:\/\/embryotools.com\/?s={search_term_string}"},"query-input":{"@type":"PropertyValueSpecification","valueRequired":true,"valueName":"search_term_string"}}],"inLanguage":"zh-Hans"},{"@type":"Organization","@id":"https:\/\/embryotools.com\/#organization","name":"Embryotools","url":"https:\/\/embryotools.com\/","logo":{"@type":"ImageObject","inLanguage":"zh-Hans","@id":"https:\/\/embryotools.com\/#\/schema\/logo\/image\/","url":"https:\/\/embryotools.com\/wp-content\/uploads\/2017\/01\/embryotools_logo_trans_500-2.png","contentUrl":"https:\/\/embryotools.com\/wp-content\/uploads\/2017\/01\/embryotools_logo_trans_500-2.png","width":250,"height":59,"caption":"Embryotools"},"image":{"@id":"https:\/\/embryotools.com\/#\/schema\/logo\/image\/"},"sameAs":["https:\/\/www.facebook.com\/embryotools","https:\/\/x.com\/embryotools","https:\/\/www.linkedin.com\/company\/embryotools"]}]}},"_links":{"self":[{"href":"https:\/\/embryotools.com\/zh\/wp-json\/wp\/v2\/product\/20590","targetHints":{"allow":["GET"]}}],"collection":[{"href":"https:\/\/embryotools.com\/zh\/wp-json\/wp\/v2\/product"}],"about":[{"href":"https:\/\/embryotools.com\/zh\/wp-json\/wp\/v2\/types\/product"}],"wp:featuredmedia":[{"embeddable":true,"href":"https:\/\/embryotools.com\/zh\/wp-json\/wp\/v2\/media\/21525"}],"wp:attachment":[{"href":"https:\/\/embryotools.com\/zh\/wp-json\/wp\/v2\/media?parent=20590"}],"wp:term":[{"taxonomy":"product_brand","embeddable":true,"href":"https:\/\/embryotools.com\/zh\/wp-json\/wp\/v2\/product_brand?post=20590"},{"taxonomy":"product_cat","embeddable":true,"href":"https:\/\/embryotools.com\/zh\/wp-json\/wp\/v2\/product_cat?post=20590"},{"taxonomy":"product_tag","embeddable":true,"href":"https:\/\/embryotools.com\/zh\/wp-json\/wp\/v2\/product_tag?post=20590"}],"curies":[{"name":"wp","href":"https:\/\/api.w.org\/{rel}","templated":true}]}}