{"id":20584,"date":"2019-12-23T12:39:52","date_gmt":"2019-12-23T11:39:52","guid":{"rendered":"https:\/\/embryotools.com\/?post_type=product&#038;p=20584"},"modified":"2025-07-02T13:39:04","modified_gmt":"2025-07-02T11:39:04","slug":"01-quality-control-and-quality-assessment-in-the-ivf-lab","status":"publish","type":"product","link":"https:\/\/embryotools.com\/zh\/shop\/ivf-training-courses\/hands-on-individual-courses\/01-quality-control-and-quality-assessment-in-the-ivf-lab\/","title":{"rendered":"01 &#8211; Quality Control and Quality Assessment in the IVF lab"},"content":{"rendered":"<p class=\"qtranxs-available-languages-message qtranxs-available-languages-message-zh\">\u5bf9\u4e0d\u8d77\uff0c\u6b64\u5185\u5bb9\u53ea\u9002\u7528\u4e8e<a href=\"https:\/\/embryotools.com\/en\/wp-json\/wp\/v2\/product\/20584\" class=\"qtranxs-available-language-link qtranxs-available-language-link-en\" title=\"English\">English<\/a>\uff0c<a href=\"https:\/\/embryotools.com\/es\/wp-json\/wp\/v2\/product\/20584\" class=\"qtranxs-available-language-link qtranxs-available-language-link-es\" title=\"Espa\u00f1ol\">Espa\u00f1ol<\/a>\u548c<a href=\"https:\/\/embryotools.com\/fr\/wp-json\/wp\/v2\/product\/20584\" class=\"qtranxs-available-language-link qtranxs-available-language-link-fr\" title=\"Fran\u00e7ais\">Fran\u00e7ais<\/a>\u3002 For the sake of viewer convenience, the content is shown below in this site default language. You may click one of the links to switch the site language to another available language.<\/p><p><\/p>\n<h1><strong>Quality Control and Quality Assessment in the IVF lab<\/strong><\/h1>\n<p>&nbsp;<\/p>\n<h2><strong><span style=\"font-size: 18pt;\"><span style=\"font-size: 12pt;\">Aims and Goals of the Course:<\/span><\/span><br \/>\n<\/strong><\/h2>\n<p>To improve the knowledge and understanding of Quality Control and Assurance in the IVF lab. To go through the management of culture media in order to achieve an excellent culture system while learning how to measure, validate, and control essential culture parameters in the IVF lab: temperature, CO2, pH, osmolality and VOCs. To understand how IVF organization and daily routine can affect quality control and influence consistent results.<\/p>\n<h2><strong>Scientific Program:<\/strong><\/h2>\n<h4>Theoretical Session (30-45 min duration):<\/h4>\n<ul>\n<li>\u201cQuality Control and Quality Assessment in the IVF lab\u201d<\/li>\n<\/ul>\n<h4>Hands-On Sessions:<\/h4>\n<ul>\n<li>Lab routine and practical aspects that affect QC&amp;QA.<\/li>\n<li>Early morning setup and daily routine in the IVF lab.<\/li>\n<li>Incubators: pH, gas and temperature control in different types of incubators.<\/li>\n<li>pH measurements with blood analyzer and pH online.<\/li>\n<li>Temperature measurements in all of the heated stages with different kinds of external probes: Thermodata buttons and Picologger.<\/li>\n<li>Osmolality measurements with our Osmometer: with and without oil and in different types of dishes.<\/li>\n<li>Discover and understand different types of culture dishes and their relation with heated stages and embryo culture.<\/li>\n<li>How to handle culture media: Aliquoting, storage, setting up of dishes, HSA, evaluation of temperature, osmolality and pH.<\/li>\n<\/ul>\n<p><strong>Team of embryologists providing the training:<br \/>\n<\/strong>Nuno Costa-Borges, PhD; Carolina Castell\u00f3, BSc; Enric Mestres, PhD; M\u00f2nica Acacio, MSc; Queralt Matia; MSc.<\/p>\n<p><strong>Dates:<\/strong> One day from 09:00h to 16:30h (with a coffee break and 30 min lunch pause).<\/p>\n<p><strong>Price:<\/strong> 1500 Euros<\/p>\n<p>Depending on your experience and needs we can modify the training course by adding extra days to the course.<\/p>\n<p><strong><u>Certificate of attendance will be awarded to participants completing the workshop<\/u><\/strong><\/p>\n<p><strong>Location:<br \/>\n<\/strong>Embryotools\u2019 Laboratories<br \/>\nAvenida Doctor Mara\u00f1\u00f3n, 8<br \/>\nParc Cient\u00edfic de Barcelona<br \/>\n08028 Barcelona, Spain<\/p>","protected":false},"excerpt":{"rendered":"<p class=\"qtranxs-available-languages-message qtranxs-available-languages-message-zh\">\u5bf9\u4e0d\u8d77\uff0c\u6b64\u5185\u5bb9\u53ea\u9002\u7528\u4e8e<a href=\"https:\/\/embryotools.com\/en\/wp-json\/wp\/v2\/product\/20584\" class=\"qtranxs-available-language-link qtranxs-available-language-link-en\" title=\"English\">English<\/a>\uff0c<a href=\"https:\/\/embryotools.com\/es\/wp-json\/wp\/v2\/product\/20584\" class=\"qtranxs-available-language-link qtranxs-available-language-link-es\" title=\"Espa\u00f1ol\">Espa\u00f1ol<\/a>\u548c<a href=\"https:\/\/embryotools.com\/fr\/wp-json\/wp\/v2\/product\/20584\" class=\"qtranxs-available-language-link qtranxs-available-language-link-fr\" title=\"Fran\u00e7ais\">Fran\u00e7ais<\/a>\u3002 For the sake of viewer convenience, the content is shown below in this site default language. You may click one of the links to switch the site language to another available language.<\/p>\n<p>One day course customized for IVF lab directors who want to improve results, gain consistency and analyze the stability of the culture system in their lab.<\/p>\n<p>Also interesting for young embryologist who need to acquire deep knowledge on quality control in the IVF lab.<\/p>\n<p>&nbsp;<\/p>\n<p><em>For further information please contact us at <a href=\"mailto:training@embryotools.com\"><strong>training@embryotools.com<\/strong><\/a><\/em><\/p>\n","protected":false},"featured_media":22587,"template":"","meta":[],"product_brand":[],"product_cat":[181],"product_tag":[],"class_list":{"0":"post-20584","1":"product","2":"type-product","3":"status-publish","4":"has-post-thumbnail","6":"product_cat-hands-on-individual-courses","8":"first","9":"instock","10":"downloadable","11":"virtual","12":"purchasable","13":"product-type-simple","14":"berocket_lgv_grid","15":"berocket_lgv_list_grid"},"yoast_head":"<!-- This site is optimized with the Yoast SEO plugin v27.3 - https:\/\/yoast.com\/product\/yoast-seo-wordpress\/ -->\n<title>01 - Quality Control and Quality Assessment in the IVF lab - Embryotools<\/title>\n<meta name=\"robots\" content=\"index, follow, max-snippet:-1, max-image-preview:large, max-video-preview:-1\" \/>\n<link rel=\"canonical\" href=\"https:\/\/embryotools.com\/shop\/ivf-training-courses\/hands-on-individual-courses\/01-quality-control-and-quality-assessment-in-the-ivf-lab\/\" \/>\n<meta name=\"twitter:card\" content=\"summary_large_image\" \/>\n<meta name=\"twitter:title\" content=\"01 - Quality Control and Quality Assessment in the IVF lab - Embryotools\" \/>\n<meta name=\"twitter:description\" content=\"[:en]One day course customized for IVF lab directors who want to improve results, gain consistency and analyze the stability of the culture system in their lab.  Also interesting for young embryologist who need to acquire deep knowledge on quality control in the IVF lab.  &nbsp;  For further information please contact us at training@embryotools.com[:es]Curso de un d\u00eda personalizado para directores de laboratorios de FIV que quieran mejorar los resultados, ganar consistencia y analizar la estabilidad del sistema de cultivo en su laboratorio.  Este curso tambi\u00e9n es interesante para j\u00f3venes embri\u00f3logos que necesitan adquirir conocimientos sobre el control de calidad en el laboratorio de FIV.  &nbsp;  &nbsp;  Para m\u00e1s informaci\u00f3n por favor cont\u00e1ctenos en training@embryotools.com[:fr]Cours d&#039;une journ\u00e9e personnalis\u00e9 pour les directeurs de laboratoires de FIV qui souhaitent am\u00e9liorer les r\u00e9sultats, gagner en coh\u00e9rence et analyser la stabilit\u00e9 du syst\u00e8me de culture dans leur laboratoire.  Egalement int\u00e9ressant pour les jeunes embryologistes qui ont besoin d&#039;acqu\u00e9rir des connaissances approfondies sur le contr\u00f4le de la qualit\u00e9 dans le laboratoire de FIV.  Pour plus d&#039;information, veuillez nous contacter \u00e0 l&#039;adresse suivante: training@embryotools.com[:]\" \/>\n<meta name=\"twitter:image\" content=\"https:\/\/embryotools.com\/wp-content\/uploads\/2019\/12\/IMG_6201-2-1-scaled.jpg\" \/>\n<meta name=\"twitter:site\" content=\"@embryotools\" \/>\n<meta name=\"twitter:label1\" content=\"\u9884\u8ba1\u9605\u8bfb\u65f6\u95f4\" \/>\n\t<meta name=\"twitter:data1\" content=\"1 \u5206\" \/>\n<script type=\"application\/ld+json\" class=\"yoast-schema-graph\">{\"@context\":\"https:\\\/\\\/schema.org\",\"@graph\":[{\"@type\":\"WebPage\",\"@id\":\"https:\\\/\\\/embryotools.com\\\/shop\\\/ivf-training-courses\\\/hands-on-individual-courses\\\/01-quality-control-and-quality-assessment-in-the-ivf-lab\\\/\",\"url\":\"https:\\\/\\\/embryotools.com\\\/shop\\\/ivf-training-courses\\\/hands-on-individual-courses\\\/01-quality-control-and-quality-assessment-in-the-ivf-lab\\\/\",\"name\":\"01 - Quality Control and Quality Assessment in the IVF lab - Embryotools\",\"isPartOf\":{\"@id\":\"https:\\\/\\\/embryotools.com\\\/#website\"},\"primaryImageOfPage\":{\"@id\":\"https:\\\/\\\/embryotools.com\\\/shop\\\/ivf-training-courses\\\/hands-on-individual-courses\\\/01-quality-control-and-quality-assessment-in-the-ivf-lab\\\/#primaryimage\"},\"image\":{\"@id\":\"https:\\\/\\\/embryotools.com\\\/shop\\\/ivf-training-courses\\\/hands-on-individual-courses\\\/01-quality-control-and-quality-assessment-in-the-ivf-lab\\\/#primaryimage\"},\"thumbnailUrl\":\"https:\\\/\\\/embryotools.com\\\/wp-content\\\/uploads\\\/2019\\\/12\\\/IMG_6201-2-1-scaled.jpg\",\"datePublished\":\"2019-12-23T11:39:52+00:00\",\"dateModified\":\"2025-07-02T11:39:04+00:00\",\"breadcrumb\":{\"@id\":\"https:\\\/\\\/embryotools.com\\\/shop\\\/ivf-training-courses\\\/hands-on-individual-courses\\\/01-quality-control-and-quality-assessment-in-the-ivf-lab\\\/#breadcrumb\"},\"inLanguage\":\"zh-Hans\",\"potentialAction\":[{\"@type\":\"ReadAction\",\"target\":[\"https:\\\/\\\/embryotools.com\\\/shop\\\/ivf-training-courses\\\/hands-on-individual-courses\\\/01-quality-control-and-quality-assessment-in-the-ivf-lab\\\/\"]}]},{\"@type\":\"ImageObject\",\"inLanguage\":\"zh-Hans\",\"@id\":\"https:\\\/\\\/embryotools.com\\\/shop\\\/ivf-training-courses\\\/hands-on-individual-courses\\\/01-quality-control-and-quality-assessment-in-the-ivf-lab\\\/#primaryimage\",\"url\":\"https:\\\/\\\/embryotools.com\\\/wp-content\\\/uploads\\\/2019\\\/12\\\/IMG_6201-2-1-scaled.jpg\",\"contentUrl\":\"https:\\\/\\\/embryotools.com\\\/wp-content\\\/uploads\\\/2019\\\/12\\\/IMG_6201-2-1-scaled.jpg\",\"width\":2560,\"height\":1707},{\"@type\":\"BreadcrumbList\",\"@id\":\"https:\\\/\\\/embryotools.com\\\/shop\\\/ivf-training-courses\\\/hands-on-individual-courses\\\/01-quality-control-and-quality-assessment-in-the-ivf-lab\\\/#breadcrumb\",\"itemListElement\":[{\"@type\":\"ListItem\",\"position\":1,\"name\":\"Home\",\"item\":\"https:\\\/\\\/embryotools.com\\\/\"},{\"@type\":\"ListItem\",\"position\":2,\"name\":\"Shop\",\"item\":\"https:\\\/\\\/embryotools.com\\\/shop\\\/\"},{\"@type\":\"ListItem\",\"position\":3,\"name\":\"01 &#8211; Quality Control and Quality Assessment in the IVF lab\"}]},{\"@type\":\"WebSite\",\"@id\":\"https:\\\/\\\/embryotools.com\\\/#website\",\"url\":\"https:\\\/\\\/embryotools.com\\\/\",\"name\":\"Embryotools\",\"description\":\"for better results\",\"publisher\":{\"@id\":\"https:\\\/\\\/embryotools.com\\\/#organization\"},\"potentialAction\":[{\"@type\":\"SearchAction\",\"target\":{\"@type\":\"EntryPoint\",\"urlTemplate\":\"https:\\\/\\\/embryotools.com\\\/?s={search_term_string}\"},\"query-input\":{\"@type\":\"PropertyValueSpecification\",\"valueRequired\":true,\"valueName\":\"search_term_string\"}}],\"inLanguage\":\"zh-Hans\"},{\"@type\":\"Organization\",\"@id\":\"https:\\\/\\\/embryotools.com\\\/#organization\",\"name\":\"Embryotools\",\"url\":\"https:\\\/\\\/embryotools.com\\\/\",\"logo\":{\"@type\":\"ImageObject\",\"inLanguage\":\"zh-Hans\",\"@id\":\"https:\\\/\\\/embryotools.com\\\/#\\\/schema\\\/logo\\\/image\\\/\",\"url\":\"https:\\\/\\\/embryotools.com\\\/wp-content\\\/uploads\\\/2017\\\/01\\\/embryotools_logo_trans_500-2.png\",\"contentUrl\":\"https:\\\/\\\/embryotools.com\\\/wp-content\\\/uploads\\\/2017\\\/01\\\/embryotools_logo_trans_500-2.png\",\"width\":250,\"height\":59,\"caption\":\"Embryotools\"},\"image\":{\"@id\":\"https:\\\/\\\/embryotools.com\\\/#\\\/schema\\\/logo\\\/image\\\/\"},\"sameAs\":[\"https:\\\/\\\/www.facebook.com\\\/embryotools\",\"https:\\\/\\\/x.com\\\/embryotools\",\"https:\\\/\\\/www.linkedin.com\\\/company\\\/embryotools\"]}]}<\/script>\n<!-- \/ Yoast SEO plugin. -->","yoast_head_json":{"title":"01 - Quality Control and Quality Assessment in the IVF lab - Embryotools","robots":{"index":"index","follow":"follow","max-snippet":"max-snippet:-1","max-image-preview":"max-image-preview:large","max-video-preview":"max-video-preview:-1"},"canonical":"https:\/\/embryotools.com\/shop\/ivf-training-courses\/hands-on-individual-courses\/01-quality-control-and-quality-assessment-in-the-ivf-lab\/","twitter_card":"summary_large_image","twitter_title":"01 - Quality Control and Quality Assessment in the IVF lab - Embryotools","twitter_description":"[:en]One day course customized for IVF lab directors who want to improve results, gain consistency and analyze the stability of the culture system in their lab.  Also interesting for young embryologist who need to acquire deep knowledge on quality control in the IVF lab.  &nbsp;  For further information please contact us at training@embryotools.com[:es]Curso de un d\u00eda personalizado para directores de laboratorios de FIV que quieran mejorar los resultados, ganar consistencia y analizar la estabilidad del sistema de cultivo en su laboratorio.  Este curso tambi\u00e9n es interesante para j\u00f3venes embri\u00f3logos que necesitan adquirir conocimientos sobre el control de calidad en el laboratorio de FIV.  &nbsp;  &nbsp;  Para m\u00e1s informaci\u00f3n por favor cont\u00e1ctenos en training@embryotools.com[:fr]Cours d'une journ\u00e9e personnalis\u00e9 pour les directeurs de laboratoires de FIV qui souhaitent am\u00e9liorer les r\u00e9sultats, gagner en coh\u00e9rence et analyser la stabilit\u00e9 du syst\u00e8me de culture dans leur laboratoire.  Egalement int\u00e9ressant pour les jeunes embryologistes qui ont besoin d'acqu\u00e9rir des connaissances approfondies sur le contr\u00f4le de la qualit\u00e9 dans le laboratoire de FIV.  Pour plus d'information, veuillez nous contacter \u00e0 l'adresse suivante: training@embryotools.com[:]","twitter_image":"https:\/\/embryotools.com\/wp-content\/uploads\/2019\/12\/IMG_6201-2-1-scaled.jpg","twitter_site":"@embryotools","twitter_misc":{"\u9884\u8ba1\u9605\u8bfb\u65f6\u95f4":"1 \u5206"},"schema":{"@context":"https:\/\/schema.org","@graph":[{"@type":"WebPage","@id":"https:\/\/embryotools.com\/shop\/ivf-training-courses\/hands-on-individual-courses\/01-quality-control-and-quality-assessment-in-the-ivf-lab\/","url":"https:\/\/embryotools.com\/shop\/ivf-training-courses\/hands-on-individual-courses\/01-quality-control-and-quality-assessment-in-the-ivf-lab\/","name":"01 - Quality Control and Quality Assessment in the IVF lab - Embryotools","isPartOf":{"@id":"https:\/\/embryotools.com\/#website"},"primaryImageOfPage":{"@id":"https:\/\/embryotools.com\/shop\/ivf-training-courses\/hands-on-individual-courses\/01-quality-control-and-quality-assessment-in-the-ivf-lab\/#primaryimage"},"image":{"@id":"https:\/\/embryotools.com\/shop\/ivf-training-courses\/hands-on-individual-courses\/01-quality-control-and-quality-assessment-in-the-ivf-lab\/#primaryimage"},"thumbnailUrl":"https:\/\/embryotools.com\/wp-content\/uploads\/2019\/12\/IMG_6201-2-1-scaled.jpg","datePublished":"2019-12-23T11:39:52+00:00","dateModified":"2025-07-02T11:39:04+00:00","breadcrumb":{"@id":"https:\/\/embryotools.com\/shop\/ivf-training-courses\/hands-on-individual-courses\/01-quality-control-and-quality-assessment-in-the-ivf-lab\/#breadcrumb"},"inLanguage":"zh-Hans","potentialAction":[{"@type":"ReadAction","target":["https:\/\/embryotools.com\/shop\/ivf-training-courses\/hands-on-individual-courses\/01-quality-control-and-quality-assessment-in-the-ivf-lab\/"]}]},{"@type":"ImageObject","inLanguage":"zh-Hans","@id":"https:\/\/embryotools.com\/shop\/ivf-training-courses\/hands-on-individual-courses\/01-quality-control-and-quality-assessment-in-the-ivf-lab\/#primaryimage","url":"https:\/\/embryotools.com\/wp-content\/uploads\/2019\/12\/IMG_6201-2-1-scaled.jpg","contentUrl":"https:\/\/embryotools.com\/wp-content\/uploads\/2019\/12\/IMG_6201-2-1-scaled.jpg","width":2560,"height":1707},{"@type":"BreadcrumbList","@id":"https:\/\/embryotools.com\/shop\/ivf-training-courses\/hands-on-individual-courses\/01-quality-control-and-quality-assessment-in-the-ivf-lab\/#breadcrumb","itemListElement":[{"@type":"ListItem","position":1,"name":"Home","item":"https:\/\/embryotools.com\/"},{"@type":"ListItem","position":2,"name":"Shop","item":"https:\/\/embryotools.com\/shop\/"},{"@type":"ListItem","position":3,"name":"01 &#8211; Quality Control and Quality Assessment in the IVF lab"}]},{"@type":"WebSite","@id":"https:\/\/embryotools.com\/#website","url":"https:\/\/embryotools.com\/","name":"Embryotools","description":"for better results","publisher":{"@id":"https:\/\/embryotools.com\/#organization"},"potentialAction":[{"@type":"SearchAction","target":{"@type":"EntryPoint","urlTemplate":"https:\/\/embryotools.com\/?s={search_term_string}"},"query-input":{"@type":"PropertyValueSpecification","valueRequired":true,"valueName":"search_term_string"}}],"inLanguage":"zh-Hans"},{"@type":"Organization","@id":"https:\/\/embryotools.com\/#organization","name":"Embryotools","url":"https:\/\/embryotools.com\/","logo":{"@type":"ImageObject","inLanguage":"zh-Hans","@id":"https:\/\/embryotools.com\/#\/schema\/logo\/image\/","url":"https:\/\/embryotools.com\/wp-content\/uploads\/2017\/01\/embryotools_logo_trans_500-2.png","contentUrl":"https:\/\/embryotools.com\/wp-content\/uploads\/2017\/01\/embryotools_logo_trans_500-2.png","width":250,"height":59,"caption":"Embryotools"},"image":{"@id":"https:\/\/embryotools.com\/#\/schema\/logo\/image\/"},"sameAs":["https:\/\/www.facebook.com\/embryotools","https:\/\/x.com\/embryotools","https:\/\/www.linkedin.com\/company\/embryotools"]}]}},"_links":{"self":[{"href":"https:\/\/embryotools.com\/zh\/wp-json\/wp\/v2\/product\/20584","targetHints":{"allow":["GET"]}}],"collection":[{"href":"https:\/\/embryotools.com\/zh\/wp-json\/wp\/v2\/product"}],"about":[{"href":"https:\/\/embryotools.com\/zh\/wp-json\/wp\/v2\/types\/product"}],"wp:featuredmedia":[{"embeddable":true,"href":"https:\/\/embryotools.com\/zh\/wp-json\/wp\/v2\/media\/22587"}],"wp:attachment":[{"href":"https:\/\/embryotools.com\/zh\/wp-json\/wp\/v2\/media?parent=20584"}],"wp:term":[{"taxonomy":"product_brand","embeddable":true,"href":"https:\/\/embryotools.com\/zh\/wp-json\/wp\/v2\/product_brand?post=20584"},{"taxonomy":"product_cat","embeddable":true,"href":"https:\/\/embryotools.com\/zh\/wp-json\/wp\/v2\/product_cat?post=20584"},{"taxonomy":"product_tag","embeddable":true,"href":"https:\/\/embryotools.com\/zh\/wp-json\/wp\/v2\/product_tag?post=20584"}],"curies":[{"name":"wp","href":"https:\/\/api.w.org\/{rel}","templated":true}]}}