{"id":22729,"date":"2021-10-13T16:24:57","date_gmt":"2021-10-13T14:24:57","guid":{"rendered":"https:\/\/embryotools.com\/?post_type=product&#038;p=22729"},"modified":"2025-02-26T15:45:24","modified_gmt":"2025-02-26T14:45:24","slug":"groups","status":"publish","type":"product","link":"https:\/\/embryotools.com\/fr\/shop\/ivf-training-courses\/hands-on-group-courses\/groups\/","title":{"rendered":"Cours pour groupes"},"content":{"rendered":"<p>Les cours collectifs sont dirig\u00e9s aussi bien aux embryologistes exp\u00e9riment\u00e9s qui souhaitent am\u00e9liorer leurs r\u00e9sultats qu&rsquo;aux jeunes embryologistes qui d\u00e9butent dans les techniques de FIV, ainsi qu&rsquo;aux compagnies li\u00e9es au secteur de l&rsquo;assistance m\u00e9dicale \u00e0 la procr\u00e9ation.<\/p>\n<p>Dans les installations d&rsquo;Embryotools, nous disposons de l&rsquo;\u00e9quipement et du personnel enseignant n\u00e9cessaires pour que la formation soit aussi individualis\u00e9e que possible, avec un professeur et une station de travail pour deux \u00e9tudiants. Nous disposons \u00e9galement d&rsquo;un nombre illimit\u00e9 d&rsquo;\u00e9chantillons pour les sessions pratiques.<\/p>\n<p>L&rsquo;objectif de la formation est de parcourir les processus impliqu\u00e9s dans les cycles de FIV en se concentrant sur les principales techniques, en mettant l&rsquo;accent sur les aspects th\u00e9oriques importants et en effectuant une pratique intensive pour devenir un excellent embryologiste clinique.<\/p>\n<p>Nous proposons des formations dans les domaines suivants<\/p>\n<ul>\n<li>Contr\u00f4le de la qualit\u00e9 : comprendre les principes fondamentaux du contr\u00f4le de la qualit\u00e9, la mise en place, la gestion et l&rsquo;organisation du flux de travail dans un laboratoire de FIV.\u00a0 Am\u00e9liorer les r\u00e9sultats, gagner en coh\u00e9rence et analyser la stabilit\u00e9 du syst\u00e8me de culture dans le laboratoire.<\/li>\n<li>Techniques de FIV : formation pratique \u00e0 toutes les techniques utilis\u00e9es dans un laboratoire de FIV. Actualiser les connaissances des techniques de routine et d\u00e9couvrir comment am\u00e9liorer les r\u00e9sultats gr\u00e2ce \u00e0 quelques conseils et astuces importants.<\/li>\n<li>ICSI: bas\u00e9e sur les diff\u00e9rents types d&rsquo;injection d&rsquo;ovocytes, la capture et l&rsquo;immobilisation des spermatozo\u00efdes, la rotation des ovocytes, l&rsquo;IMSI et la PICSI.<\/li>\n<li>La cryoconservation des ovocytes, des embryons et des blastocystes: Le cours se concentrera sur des le\u00e7ons pratiques et intensives sur les techniques de vitrification, de r\u00e9chauffement et d&rsquo;\u00e9closion assist\u00e9e, en fournissant des conseils et des astuces pour obtenir des r\u00e9sultats coh\u00e9rents.<\/li>\n<li>Biopsie d&#8217;embryons: mise en \u0153uvre de la biopsie du trophectoderme (ou biopsie \u00e0 J+3) dans la routine du laboratoire. Apprenez de nouveaux trucs et astuces sur tous les aspects de la biopsie de blastocystes.<\/li>\n<li>Pr\u00e9paration du sperme: apprenez \u00e0 analyser tous les types d&rsquo;\u00e9chantillons de sperme et \u00e0 les pr\u00e9parer pour toutes les techniques appliqu\u00e9es dans un laboratoire de FIV.<\/li>\n<li>Cryoconservation du tissu ovarien : pratique intensive de la dissection du cortex ovarien et de la cryoconservation \u00e0 l&rsquo;aide de protocoles de cong\u00e9lation lente et de vitrification.<\/li>\n<\/ul>\n<p><strong>Pour concevoir un cours personnalis\u00e9, \u00e9laborer un programme adapt\u00e9 \u00e0 vos besoins et organiser l&rsquo;horaire et la dur\u00e9e du cours, veuillez nous contacter \u00e0 l&rsquo;adresse suivante:<\/strong> <a href=\"mailto:training@embryotools.com\"><strong><em>training@embryotools.com<\/em><\/strong><\/a><\/p>\n<p><strong>\u00c9quipe d&#8217;embryologistes dispensant la formation:<\/strong><br \/>\nNuno Costa-Borges, PhD; Enric Mestres, PhD; M\u00f2nica Acacio, MSc; Queralt Matia, MSc and Carolina Castell\u00f3, BSc.<\/p>\n<p><span style=\"text-decoration: underline;\"><strong>Des certificats de participation seront remis aux participants \u00e0 la fin du cours.<\/strong><\/span><\/p>","protected":false},"excerpt":{"rendered":"<p>Cours sur mesure pour de petits groupes de 6 \u00e0 8 \u00e9tudiants, sp\u00e9cialement con\u00e7us pour les centres de reproduction qui souhaitent former leur \u00e9quipe d&#8217;embryologistes ou pour les fabricants et les entreprises dont le personnel a besoin de connaissances en mati\u00e8re de techniques de reproduction assist\u00e9e.<\/p>\n<p>Embryotools garantit un environnement unique et un laboratoire hautement technologique avec l&rsquo;\u00e9quipement le plus moderne et exclusif du march\u00e9 disponible pour la formation.<\/p>\n<p>Possibilit\u00e9 d&rsquo;organiser des cours en dehors de nos installations. Personnalisation du programme en fonction de l&rsquo;exp\u00e9rience et des besoins.<\/p>\n<p>Pour plus d&rsquo;informations, veuillez nous contacter \u00e0 <em><a href=\"mailto:training@embryotools.com\">training@embryotools.com<\/a><\/em><\/p>\n","protected":false},"featured_media":22748,"template":"","meta":[],"product_brand":[],"product_cat":[180,134],"product_tag":[],"class_list":{"0":"post-22729","1":"product","2":"type-product","3":"status-publish","4":"has-post-thumbnail","6":"product_cat-hands-on-group-courses","7":"product_cat-ivf-training-courses","9":"first","10":"instock","11":"virtual","12":"product-type-simple","13":"berocket_lgv_grid","14":"berocket_lgv_list_grid"},"yoast_head":"<!-- This site is optimized with the Yoast SEO plugin v27.3 - https:\/\/yoast.com\/product\/yoast-seo-wordpress\/ -->\n<title>Cours pour groupes - Embryotools<\/title>\n<meta name=\"robots\" content=\"index, follow, max-snippet:-1, max-image-preview:large, max-video-preview:-1\" \/>\n<link rel=\"canonical\" href=\"https:\/\/embryotools.com\/shop\/ivf-training-courses\/hands-on-group-courses\/groups\/\" \/>\n<meta name=\"twitter:card\" content=\"summary_large_image\" \/>\n<meta name=\"twitter:title\" content=\"Cours pour groupes - Embryotools\" \/>\n<meta name=\"twitter:description\" content=\"[:en]Tailor-made courses for small groups of 6 to 8 students specially designed for Reproductive Centers that wish to train their team of embryologists or for manufacturers and companies whose personnel require knowledge in Assisted Reproduction techniques.  Embryotools guarantees a unique environment and a highly technological laboratory with the most modern and exclusive equipment on the market available for training.  Possibility of giving and organizing courses outside our facilities. Customization of the program according to experience and needs.  For more information please contact us at training@embryotools.com[:es]Cursos a medida para grupos reducidos de 6 a 8 alumnos especialmente dise\u00f1ados para Centros de Reproducci\u00f3n que deseen formaci\u00f3n para su equipo de embri\u00f3logos o para fabricantes y empresas cuyo personal requiera adquirir conocimientos en t\u00e9cnicas de Reproducci\u00f3n Asistida.  Embryotools garantiza un entorno \u00fanico y un laboratorio altamente tecnol\u00f3gico con los equipos m\u00e1s modernos y exclusivos del mercado disponibles para la formaci\u00f3n.  Posibilidad de impartir y organizar cursos fuera de nuestras instalaciones. Personalizaci\u00f3n del temario seg\u00fan experiencia y necesidades.  Para m\u00e1s informaci\u00f3n por favor cont\u00e1ctenos en training@embryotools.com[:fr]Cours sur mesure pour de petits groupes de 6 \u00e0 8 \u00e9tudiants, sp\u00e9cialement con\u00e7us pour les centres de reproduction qui souhaitent former leur \u00e9quipe d&#039;embryologistes ou pour les fabricants et les entreprises dont le personnel a besoin de connaissances en mati\u00e8re de techniques de reproduction assist\u00e9e.  Embryotools garantit un environnement unique et un laboratoire hautement technologique avec l&#039;\u00e9quipement le plus moderne et exclusif du march\u00e9 disponible pour la formation.  Possibilit\u00e9 d&#039;organiser des cours en dehors de nos installations. Personnalisation du programme en fonction de l&#039;exp\u00e9rience et des besoins.  Pour plus d&#039;informations, veuillez nous contacter \u00e0 training@embryotools.com[:]\" \/>\n<meta name=\"twitter:image\" content=\"https:\/\/embryotools.com\/wp-content\/uploads\/2021\/10\/IMG_5941-1-scaled.jpg\" \/>\n<meta name=\"twitter:site\" content=\"@embryotools\" \/>\n<meta name=\"twitter:label1\" content=\"Dur\u00e9e de lecture estim\u00e9e\" \/>\n\t<meta name=\"twitter:data1\" content=\"3 minutes\" \/>\n<script type=\"application\/ld+json\" class=\"yoast-schema-graph\">{\"@context\":\"https:\\\/\\\/schema.org\",\"@graph\":[{\"@type\":\"WebPage\",\"@id\":\"https:\\\/\\\/embryotools.com\\\/shop\\\/ivf-training-courses\\\/hands-on-group-courses\\\/groups\\\/\",\"url\":\"https:\\\/\\\/embryotools.com\\\/shop\\\/ivf-training-courses\\\/hands-on-group-courses\\\/groups\\\/\",\"name\":\"Cours pour groupes - Embryotools\",\"isPartOf\":{\"@id\":\"https:\\\/\\\/embryotools.com\\\/#website\"},\"primaryImageOfPage\":{\"@id\":\"https:\\\/\\\/embryotools.com\\\/shop\\\/ivf-training-courses\\\/hands-on-group-courses\\\/groups\\\/#primaryimage\"},\"image\":{\"@id\":\"https:\\\/\\\/embryotools.com\\\/shop\\\/ivf-training-courses\\\/hands-on-group-courses\\\/groups\\\/#primaryimage\"},\"thumbnailUrl\":\"https:\\\/\\\/embryotools.com\\\/wp-content\\\/uploads\\\/2021\\\/10\\\/IMG_5941-1-scaled.jpg\",\"datePublished\":\"2021-10-13T14:24:57+00:00\",\"dateModified\":\"2025-02-26T14:45:24+00:00\",\"breadcrumb\":{\"@id\":\"https:\\\/\\\/embryotools.com\\\/shop\\\/ivf-training-courses\\\/hands-on-group-courses\\\/groups\\\/#breadcrumb\"},\"inLanguage\":\"fr-FR\",\"potentialAction\":[{\"@type\":\"ReadAction\",\"target\":[\"https:\\\/\\\/embryotools.com\\\/shop\\\/ivf-training-courses\\\/hands-on-group-courses\\\/groups\\\/\"]}]},{\"@type\":\"ImageObject\",\"inLanguage\":\"fr-FR\",\"@id\":\"https:\\\/\\\/embryotools.com\\\/shop\\\/ivf-training-courses\\\/hands-on-group-courses\\\/groups\\\/#primaryimage\",\"url\":\"https:\\\/\\\/embryotools.com\\\/wp-content\\\/uploads\\\/2021\\\/10\\\/IMG_5941-1-scaled.jpg\",\"contentUrl\":\"https:\\\/\\\/embryotools.com\\\/wp-content\\\/uploads\\\/2021\\\/10\\\/IMG_5941-1-scaled.jpg\",\"width\":2560,\"height\":1707},{\"@type\":\"BreadcrumbList\",\"@id\":\"https:\\\/\\\/embryotools.com\\\/shop\\\/ivf-training-courses\\\/hands-on-group-courses\\\/groups\\\/#breadcrumb\",\"itemListElement\":[{\"@type\":\"ListItem\",\"position\":1,\"name\":\"Home\",\"item\":\"https:\\\/\\\/embryotools.com\\\/\"},{\"@type\":\"ListItem\",\"position\":2,\"name\":\"Shop\",\"item\":\"https:\\\/\\\/embryotools.com\\\/shop\\\/\"},{\"@type\":\"ListItem\",\"position\":3,\"name\":\"Hands-on Group Courses\"}]},{\"@type\":\"WebSite\",\"@id\":\"https:\\\/\\\/embryotools.com\\\/#website\",\"url\":\"https:\\\/\\\/embryotools.com\\\/\",\"name\":\"Embryotools\",\"description\":\"for better results\",\"publisher\":{\"@id\":\"https:\\\/\\\/embryotools.com\\\/#organization\"},\"potentialAction\":[{\"@type\":\"SearchAction\",\"target\":{\"@type\":\"EntryPoint\",\"urlTemplate\":\"https:\\\/\\\/embryotools.com\\\/?s={search_term_string}\"},\"query-input\":{\"@type\":\"PropertyValueSpecification\",\"valueRequired\":true,\"valueName\":\"search_term_string\"}}],\"inLanguage\":\"fr-FR\"},{\"@type\":\"Organization\",\"@id\":\"https:\\\/\\\/embryotools.com\\\/#organization\",\"name\":\"Embryotools\",\"url\":\"https:\\\/\\\/embryotools.com\\\/\",\"logo\":{\"@type\":\"ImageObject\",\"inLanguage\":\"fr-FR\",\"@id\":\"https:\\\/\\\/embryotools.com\\\/#\\\/schema\\\/logo\\\/image\\\/\",\"url\":\"https:\\\/\\\/embryotools.com\\\/wp-content\\\/uploads\\\/2017\\\/01\\\/embryotools_logo_trans_500-2.png\",\"contentUrl\":\"https:\\\/\\\/embryotools.com\\\/wp-content\\\/uploads\\\/2017\\\/01\\\/embryotools_logo_trans_500-2.png\",\"width\":250,\"height\":59,\"caption\":\"Embryotools\"},\"image\":{\"@id\":\"https:\\\/\\\/embryotools.com\\\/#\\\/schema\\\/logo\\\/image\\\/\"},\"sameAs\":[\"https:\\\/\\\/www.facebook.com\\\/embryotools\",\"https:\\\/\\\/x.com\\\/embryotools\",\"https:\\\/\\\/www.linkedin.com\\\/company\\\/embryotools\"]}]}<\/script>\n<!-- \/ Yoast SEO plugin. -->","yoast_head_json":{"title":"Cours pour groupes - Embryotools","robots":{"index":"index","follow":"follow","max-snippet":"max-snippet:-1","max-image-preview":"max-image-preview:large","max-video-preview":"max-video-preview:-1"},"canonical":"https:\/\/embryotools.com\/shop\/ivf-training-courses\/hands-on-group-courses\/groups\/","twitter_card":"summary_large_image","twitter_title":"Cours pour groupes - Embryotools","twitter_description":"[:en]Tailor-made courses for small groups of 6 to 8 students specially designed for Reproductive Centers that wish to train their team of embryologists or for manufacturers and companies whose personnel require knowledge in Assisted Reproduction techniques.  Embryotools guarantees a unique environment and a highly technological laboratory with the most modern and exclusive equipment on the market available for training.  Possibility of giving and organizing courses outside our facilities. Customization of the program according to experience and needs.  For more information please contact us at training@embryotools.com[:es]Cursos a medida para grupos reducidos de 6 a 8 alumnos especialmente dise\u00f1ados para Centros de Reproducci\u00f3n que deseen formaci\u00f3n para su equipo de embri\u00f3logos o para fabricantes y empresas cuyo personal requiera adquirir conocimientos en t\u00e9cnicas de Reproducci\u00f3n Asistida.  Embryotools garantiza un entorno \u00fanico y un laboratorio altamente tecnol\u00f3gico con los equipos m\u00e1s modernos y exclusivos del mercado disponibles para la formaci\u00f3n.  Posibilidad de impartir y organizar cursos fuera de nuestras instalaciones. Personalizaci\u00f3n del temario seg\u00fan experiencia y necesidades.  Para m\u00e1s informaci\u00f3n por favor cont\u00e1ctenos en training@embryotools.com[:fr]Cours sur mesure pour de petits groupes de 6 \u00e0 8 \u00e9tudiants, sp\u00e9cialement con\u00e7us pour les centres de reproduction qui souhaitent former leur \u00e9quipe d'embryologistes ou pour les fabricants et les entreprises dont le personnel a besoin de connaissances en mati\u00e8re de techniques de reproduction assist\u00e9e.  Embryotools garantit un environnement unique et un laboratoire hautement technologique avec l'\u00e9quipement le plus moderne et exclusif du march\u00e9 disponible pour la formation.  Possibilit\u00e9 d'organiser des cours en dehors de nos installations. Personnalisation du programme en fonction de l'exp\u00e9rience et des besoins.  Pour plus d'informations, veuillez nous contacter \u00e0 training@embryotools.com[:]","twitter_image":"https:\/\/embryotools.com\/wp-content\/uploads\/2021\/10\/IMG_5941-1-scaled.jpg","twitter_site":"@embryotools","twitter_misc":{"Dur\u00e9e de lecture estim\u00e9e":"3 minutes"},"schema":{"@context":"https:\/\/schema.org","@graph":[{"@type":"WebPage","@id":"https:\/\/embryotools.com\/shop\/ivf-training-courses\/hands-on-group-courses\/groups\/","url":"https:\/\/embryotools.com\/shop\/ivf-training-courses\/hands-on-group-courses\/groups\/","name":"Cours pour groupes - Embryotools","isPartOf":{"@id":"https:\/\/embryotools.com\/#website"},"primaryImageOfPage":{"@id":"https:\/\/embryotools.com\/shop\/ivf-training-courses\/hands-on-group-courses\/groups\/#primaryimage"},"image":{"@id":"https:\/\/embryotools.com\/shop\/ivf-training-courses\/hands-on-group-courses\/groups\/#primaryimage"},"thumbnailUrl":"https:\/\/embryotools.com\/wp-content\/uploads\/2021\/10\/IMG_5941-1-scaled.jpg","datePublished":"2021-10-13T14:24:57+00:00","dateModified":"2025-02-26T14:45:24+00:00","breadcrumb":{"@id":"https:\/\/embryotools.com\/shop\/ivf-training-courses\/hands-on-group-courses\/groups\/#breadcrumb"},"inLanguage":"fr-FR","potentialAction":[{"@type":"ReadAction","target":["https:\/\/embryotools.com\/shop\/ivf-training-courses\/hands-on-group-courses\/groups\/"]}]},{"@type":"ImageObject","inLanguage":"fr-FR","@id":"https:\/\/embryotools.com\/shop\/ivf-training-courses\/hands-on-group-courses\/groups\/#primaryimage","url":"https:\/\/embryotools.com\/wp-content\/uploads\/2021\/10\/IMG_5941-1-scaled.jpg","contentUrl":"https:\/\/embryotools.com\/wp-content\/uploads\/2021\/10\/IMG_5941-1-scaled.jpg","width":2560,"height":1707},{"@type":"BreadcrumbList","@id":"https:\/\/embryotools.com\/shop\/ivf-training-courses\/hands-on-group-courses\/groups\/#breadcrumb","itemListElement":[{"@type":"ListItem","position":1,"name":"Home","item":"https:\/\/embryotools.com\/"},{"@type":"ListItem","position":2,"name":"Shop","item":"https:\/\/embryotools.com\/shop\/"},{"@type":"ListItem","position":3,"name":"Hands-on Group Courses"}]},{"@type":"WebSite","@id":"https:\/\/embryotools.com\/#website","url":"https:\/\/embryotools.com\/","name":"Embryotools","description":"for better results","publisher":{"@id":"https:\/\/embryotools.com\/#organization"},"potentialAction":[{"@type":"SearchAction","target":{"@type":"EntryPoint","urlTemplate":"https:\/\/embryotools.com\/?s={search_term_string}"},"query-input":{"@type":"PropertyValueSpecification","valueRequired":true,"valueName":"search_term_string"}}],"inLanguage":"fr-FR"},{"@type":"Organization","@id":"https:\/\/embryotools.com\/#organization","name":"Embryotools","url":"https:\/\/embryotools.com\/","logo":{"@type":"ImageObject","inLanguage":"fr-FR","@id":"https:\/\/embryotools.com\/#\/schema\/logo\/image\/","url":"https:\/\/embryotools.com\/wp-content\/uploads\/2017\/01\/embryotools_logo_trans_500-2.png","contentUrl":"https:\/\/embryotools.com\/wp-content\/uploads\/2017\/01\/embryotools_logo_trans_500-2.png","width":250,"height":59,"caption":"Embryotools"},"image":{"@id":"https:\/\/embryotools.com\/#\/schema\/logo\/image\/"},"sameAs":["https:\/\/www.facebook.com\/embryotools","https:\/\/x.com\/embryotools","https:\/\/www.linkedin.com\/company\/embryotools"]}]}},"_links":{"self":[{"href":"https:\/\/embryotools.com\/fr\/wp-json\/wp\/v2\/product\/22729","targetHints":{"allow":["GET"]}}],"collection":[{"href":"https:\/\/embryotools.com\/fr\/wp-json\/wp\/v2\/product"}],"about":[{"href":"https:\/\/embryotools.com\/fr\/wp-json\/wp\/v2\/types\/product"}],"wp:featuredmedia":[{"embeddable":true,"href":"https:\/\/embryotools.com\/fr\/wp-json\/wp\/v2\/media\/22748"}],"wp:attachment":[{"href":"https:\/\/embryotools.com\/fr\/wp-json\/wp\/v2\/media?parent=22729"}],"wp:term":[{"taxonomy":"product_brand","embeddable":true,"href":"https:\/\/embryotools.com\/fr\/wp-json\/wp\/v2\/product_brand?post=22729"},{"taxonomy":"product_cat","embeddable":true,"href":"https:\/\/embryotools.com\/fr\/wp-json\/wp\/v2\/product_cat?post=22729"},{"taxonomy":"product_tag","embeddable":true,"href":"https:\/\/embryotools.com\/fr\/wp-json\/wp\/v2\/product_tag?post=22729"}],"curies":[{"name":"wp","href":"https:\/\/api.w.org\/{rel}","templated":true}]}}