{"id":20618,"date":"2019-12-23T14:43:03","date_gmt":"2019-12-23T13:43:03","guid":{"rendered":"https:\/\/embryotools.com\/?post_type=product&#038;p=20618"},"modified":"2025-11-24T11:32:30","modified_gmt":"2025-11-24T10:32:30","slug":"08-upgrade-in-ivf-techniques-3-days-nou-curs","status":"publish","type":"product","link":"https:\/\/embryotools.com\/fr\/shop\/ivf-training-courses\/hands-on-individual-courses\/08-upgrade-in-ivf-techniques-3-days-nou-curs\/","title":{"rendered":"08 &#8211; Actualisation des techniques de laboratoire de FIV pour les embryologistes exp\u00e9riment\u00e9s"},"content":{"rendered":"<p><\/p>\n<h1><strong><span style=\"font-size: 24pt;\">Actualisation des techniques de laboratoire de FIV pour les embryologistes exp\u00e9riment\u00e9s<\/span><\/strong><\/h1>\n<p>&nbsp;<\/p>\n<p><em><span style=\"font-size: 14pt;\">D\u00e9couvrez de nouvelles approches de vos techniques quotidiennes<\/span><\/em><\/p>\n<h2><span style=\"font-size: 12pt;\"><strong>Objectifs du cours:<\/strong><\/span><\/h2>\n<p>Avoir une vue d&rsquo;ensemble d&rsquo;un cycle de FIV, en passant par tous les processus, en se concentrant sur les principales techniques et en mettant l&rsquo;accent sur les aspects th\u00e9oriques importants. Comprendre les principes fondamentaux du contr\u00f4le de qualit\u00e9, de la mise en place, de la gestion et de l&rsquo;organisation du travail dans un laboratoire de FIV. Des sessions pratiques intensives sur l&rsquo;ICSI, la vitrification et le r\u00e9chauffement des embryons et des blastocystes, l&rsquo;\u00e9closion assist\u00e9e et le transfert d&#8217;embryons du point de vue du laboratoire. L&rsquo;occasion de prendre le temps d&rsquo;approfondir vos connaissances des techniques de routine et de d\u00e9couvrir comment am\u00e9liorer vos r\u00e9sultats gr\u00e2ce \u00e0 quelques conseils et astuces importants.<\/p>\n<h2><strong>Programme scientifique:<\/strong><\/h2>\n<h4><strong>Sessions th\u00e9oriques (dur\u00e9e 30-45 min):<\/strong><\/h4>\n<ul>\n<li>\u00ab\u00a0Upgrade in IVF techniques\u00a0\u00bb<\/li>\n<\/ul>\n<h4><strong>S\u00e9ances pratiques:<\/strong><\/h4>\n<ul>\n<li>Manipulation des ovocytes et des embryons \u00e0 l&rsquo;aide de diff\u00e9rents dispositifs de pipetage.<\/li>\n<li>ICSI : diff\u00e9rentes fa\u00e7ons de p\u00e9n\u00e9trer la membrane de l&rsquo;ovocyte.<\/li>\n<li>Aper\u00e7u des diff\u00e9rentes techniques de biopsie.<\/li>\n<li>Vitrification et r\u00e9chauffement des blastocystes.<\/li>\n<li>Gestion des embryons r\u00e9chauff\u00e9s: \u00e9closion assist\u00e9e.<\/li>\n<li>Transfert d&#8217;embryons du point de vue du laboratoire.<\/li>\n<li>Comment g\u00e9rer un syst\u00e8me de culture stable.<\/li>\n<li>Mesure de la temp\u00e9rature.<\/li>\n<li>Manipulation des milieux et de l&rsquo;huile : stockage, \u00e9limination des substances volatiles toxiques des consommables, pr\u00e9paration d&rsquo;aliquotes et de plaques (m\u00e9thodes de superposition et de soustraction) pour la manipulation et la culture des gam\u00e8tes et des embryons.<\/li>\n<li>Manipulation des milieux, des consommables, des gam\u00e8tes et des embryons dans des conditions d&rsquo;asepsie.<\/li>\n<\/ul>\n<p><strong>\u00c9quipe d&#8217;embryologistes assurant la formation:<br \/>\n<\/strong>Nuno Costa-Borges, PhD; Enric Mestres, PhD; M\u00f2nica Acacio, MSc; Queralt Matia, MSc and Carolina Castell\u00f3, BSc.<\/p>\n<p><strong><span style=\"text-decoration: underline;\">Des certificats de participation seront remis aux stagiaires \u00e0 la fin du cours<\/span><\/strong><\/p>\n<p><strong>Dates:<\/strong> Trois jours de 09:00h \u00e0 16:30h avec une pause caf\u00e9 et une pause d\u00e9jeuner de 30 minutes.<\/p>\n<p><strong>Prix:<\/strong> 3600 Euros<\/p>\n<p>En fonction de votre exp\u00e9rience et de vos besoins, nous pouvons modifier la formation en ajoutant des jours suppl\u00e9mentaires au cours.<\/p>\n<p><strong>Lieu:<\/strong><br \/>\nLaboratoires d&rsquo; Embryotools<br \/>\nAvenida Doctor Mara\u00f1\u00f3n, 8<br \/>\nParc Cient\u00edfic de Barcelona<br \/>\n08028 Barcelona, Espagne<\/p>","protected":false},"excerpt":{"rendered":"<p>Un cours de trois jours pour d\u00e9couvrir de nouvelles approches des techniques de routine dans le laboratoire de FIV pour les embryologistes exp\u00e9riment\u00e9s qui veulent obtenir des r\u00e9sultats coh\u00e9rents dans leur laboratoire.<\/p>\n<p>&nbsp;<\/p>\n<p><em>Pour plus d&rsquo;informations, veuillez nous contacter \u00e0 l&rsquo;adresse suivante:<\/em> <span class=\"font_8\"><em><a href=\"mailto:training@embryotools.com\"><strong>training@embryotools.com<\/strong><\/a><\/em><\/span><\/p>\n","protected":false},"featured_media":22584,"template":"","meta":[],"product_brand":[],"product_cat":[181,134],"product_tag":[],"class_list":{"0":"post-20618","1":"product","2":"type-product","3":"status-publish","4":"has-post-thumbnail","6":"product_cat-hands-on-individual-courses","7":"product_cat-ivf-training-courses","9":"first","10":"instock","11":"downloadable","12":"virtual","13":"purchasable","14":"product-type-simple","15":"berocket_lgv_grid","16":"berocket_lgv_list_grid"},"yoast_head":"<!-- This site is optimized with the Yoast SEO plugin v27.3 - https:\/\/yoast.com\/product\/yoast-seo-wordpress\/ -->\n<title>08 - Actualisation des techniques de laboratoire de FIV pour les embryologistes exp\u00e9riment\u00e9s - Embryotools<\/title>\n<meta name=\"robots\" content=\"index, follow, max-snippet:-1, max-image-preview:large, max-video-preview:-1\" \/>\n<link rel=\"canonical\" href=\"https:\/\/embryotools.com\/shop\/ivf-training-courses\/hands-on-individual-courses\/08-upgrade-in-ivf-techniques-3-days-nou-curs\/\" \/>\n<meta name=\"twitter:card\" content=\"summary_large_image\" \/>\n<meta name=\"twitter:title\" content=\"08 - Actualisation des techniques de laboratoire de FIV pour les embryologistes exp\u00e9riment\u00e9s - Embryotools\" \/>\n<meta name=\"twitter:description\" content=\"[:en]Three days course to discover new approaches on your daily techniques. For experienced embryologists who want to gain consistency of results in their laboratory.  &nbsp;  &nbsp;  For further information please contact us at training@embryotools.com[:es]Curso de tres d\u00edas para descubrir nuevos enfoques en las t\u00e9cnicas de rutina en el laboratorio de FIV destinado a embri\u00f3logos con experiencia que quieran ganar consistencia en los resultados en su laboratorio.  &nbsp;  Para m\u00e1s informaci\u00f3n por favor cont\u00e1ctenos en training@embryotools.com[:fr]Un cours de trois jours pour d\u00e9couvrir de nouvelles approches des techniques de routine dans le laboratoire de FIV pour les embryologistes exp\u00e9riment\u00e9s qui veulent obtenir des r\u00e9sultats coh\u00e9rents dans leur laboratoire.  &nbsp;  Pour plus d&#039;informations, veuillez nous contacter \u00e0 l&#039;adresse suivante: training@embryotools.com[:]\" \/>\n<meta name=\"twitter:image\" content=\"https:\/\/embryotools.com\/wp-content\/uploads\/2019\/12\/IMG_5956-1-scaled.jpg\" \/>\n<meta name=\"twitter:site\" content=\"@embryotools\" \/>\n<meta name=\"twitter:label1\" content=\"Dur\u00e9e de lecture estim\u00e9e\" \/>\n\t<meta name=\"twitter:data1\" content=\"2 minutes\" \/>\n<script type=\"application\/ld+json\" class=\"yoast-schema-graph\">{\"@context\":\"https:\\\/\\\/schema.org\",\"@graph\":[{\"@type\":\"WebPage\",\"@id\":\"https:\\\/\\\/embryotools.com\\\/shop\\\/ivf-training-courses\\\/hands-on-individual-courses\\\/08-upgrade-in-ivf-techniques-3-days-nou-curs\\\/\",\"url\":\"https:\\\/\\\/embryotools.com\\\/shop\\\/ivf-training-courses\\\/hands-on-individual-courses\\\/08-upgrade-in-ivf-techniques-3-days-nou-curs\\\/\",\"name\":\"08 - Actualisation des techniques de laboratoire de FIV pour les embryologistes exp\u00e9riment\u00e9s - Embryotools\",\"isPartOf\":{\"@id\":\"https:\\\/\\\/embryotools.com\\\/#website\"},\"primaryImageOfPage\":{\"@id\":\"https:\\\/\\\/embryotools.com\\\/shop\\\/ivf-training-courses\\\/hands-on-individual-courses\\\/08-upgrade-in-ivf-techniques-3-days-nou-curs\\\/#primaryimage\"},\"image\":{\"@id\":\"https:\\\/\\\/embryotools.com\\\/shop\\\/ivf-training-courses\\\/hands-on-individual-courses\\\/08-upgrade-in-ivf-techniques-3-days-nou-curs\\\/#primaryimage\"},\"thumbnailUrl\":\"https:\\\/\\\/embryotools.com\\\/wp-content\\\/uploads\\\/2019\\\/12\\\/IMG_5956-1-scaled.jpg\",\"datePublished\":\"2019-12-23T13:43:03+00:00\",\"dateModified\":\"2025-11-24T10:32:30+00:00\",\"breadcrumb\":{\"@id\":\"https:\\\/\\\/embryotools.com\\\/shop\\\/ivf-training-courses\\\/hands-on-individual-courses\\\/08-upgrade-in-ivf-techniques-3-days-nou-curs\\\/#breadcrumb\"},\"inLanguage\":\"fr-FR\",\"potentialAction\":[{\"@type\":\"ReadAction\",\"target\":[\"https:\\\/\\\/embryotools.com\\\/shop\\\/ivf-training-courses\\\/hands-on-individual-courses\\\/08-upgrade-in-ivf-techniques-3-days-nou-curs\\\/\"]}]},{\"@type\":\"ImageObject\",\"inLanguage\":\"fr-FR\",\"@id\":\"https:\\\/\\\/embryotools.com\\\/shop\\\/ivf-training-courses\\\/hands-on-individual-courses\\\/08-upgrade-in-ivf-techniques-3-days-nou-curs\\\/#primaryimage\",\"url\":\"https:\\\/\\\/embryotools.com\\\/wp-content\\\/uploads\\\/2019\\\/12\\\/IMG_5956-1-scaled.jpg\",\"contentUrl\":\"https:\\\/\\\/embryotools.com\\\/wp-content\\\/uploads\\\/2019\\\/12\\\/IMG_5956-1-scaled.jpg\",\"width\":2560,\"height\":1707},{\"@type\":\"BreadcrumbList\",\"@id\":\"https:\\\/\\\/embryotools.com\\\/shop\\\/ivf-training-courses\\\/hands-on-individual-courses\\\/08-upgrade-in-ivf-techniques-3-days-nou-curs\\\/#breadcrumb\",\"itemListElement\":[{\"@type\":\"ListItem\",\"position\":1,\"name\":\"Home\",\"item\":\"https:\\\/\\\/embryotools.com\\\/\"},{\"@type\":\"ListItem\",\"position\":2,\"name\":\"Shop\",\"item\":\"https:\\\/\\\/embryotools.com\\\/shop\\\/\"},{\"@type\":\"ListItem\",\"position\":3,\"name\":\"08 &#8211; Upgrade in IVF techniques for experienced embryologists\"}]},{\"@type\":\"WebSite\",\"@id\":\"https:\\\/\\\/embryotools.com\\\/#website\",\"url\":\"https:\\\/\\\/embryotools.com\\\/\",\"name\":\"Embryotools\",\"description\":\"for better results\",\"publisher\":{\"@id\":\"https:\\\/\\\/embryotools.com\\\/#organization\"},\"potentialAction\":[{\"@type\":\"SearchAction\",\"target\":{\"@type\":\"EntryPoint\",\"urlTemplate\":\"https:\\\/\\\/embryotools.com\\\/?s={search_term_string}\"},\"query-input\":{\"@type\":\"PropertyValueSpecification\",\"valueRequired\":true,\"valueName\":\"search_term_string\"}}],\"inLanguage\":\"fr-FR\"},{\"@type\":\"Organization\",\"@id\":\"https:\\\/\\\/embryotools.com\\\/#organization\",\"name\":\"Embryotools\",\"url\":\"https:\\\/\\\/embryotools.com\\\/\",\"logo\":{\"@type\":\"ImageObject\",\"inLanguage\":\"fr-FR\",\"@id\":\"https:\\\/\\\/embryotools.com\\\/#\\\/schema\\\/logo\\\/image\\\/\",\"url\":\"https:\\\/\\\/embryotools.com\\\/wp-content\\\/uploads\\\/2017\\\/01\\\/embryotools_logo_trans_500-2.png\",\"contentUrl\":\"https:\\\/\\\/embryotools.com\\\/wp-content\\\/uploads\\\/2017\\\/01\\\/embryotools_logo_trans_500-2.png\",\"width\":250,\"height\":59,\"caption\":\"Embryotools\"},\"image\":{\"@id\":\"https:\\\/\\\/embryotools.com\\\/#\\\/schema\\\/logo\\\/image\\\/\"},\"sameAs\":[\"https:\\\/\\\/www.facebook.com\\\/embryotools\",\"https:\\\/\\\/x.com\\\/embryotools\",\"https:\\\/\\\/www.linkedin.com\\\/company\\\/embryotools\"]}]}<\/script>\n<!-- \/ Yoast SEO plugin. -->","yoast_head_json":{"title":"08 - Actualisation des techniques de laboratoire de FIV pour les embryologistes exp\u00e9riment\u00e9s - Embryotools","robots":{"index":"index","follow":"follow","max-snippet":"max-snippet:-1","max-image-preview":"max-image-preview:large","max-video-preview":"max-video-preview:-1"},"canonical":"https:\/\/embryotools.com\/shop\/ivf-training-courses\/hands-on-individual-courses\/08-upgrade-in-ivf-techniques-3-days-nou-curs\/","twitter_card":"summary_large_image","twitter_title":"08 - Actualisation des techniques de laboratoire de FIV pour les embryologistes exp\u00e9riment\u00e9s - Embryotools","twitter_description":"[:en]Three days course to discover new approaches on your daily techniques. For experienced embryologists who want to gain consistency of results in their laboratory.  &nbsp;  &nbsp;  For further information please contact us at training@embryotools.com[:es]Curso de tres d\u00edas para descubrir nuevos enfoques en las t\u00e9cnicas de rutina en el laboratorio de FIV destinado a embri\u00f3logos con experiencia que quieran ganar consistencia en los resultados en su laboratorio.  &nbsp;  Para m\u00e1s informaci\u00f3n por favor cont\u00e1ctenos en training@embryotools.com[:fr]Un cours de trois jours pour d\u00e9couvrir de nouvelles approches des techniques de routine dans le laboratoire de FIV pour les embryologistes exp\u00e9riment\u00e9s qui veulent obtenir des r\u00e9sultats coh\u00e9rents dans leur laboratoire.  &nbsp;  Pour plus d'informations, veuillez nous contacter \u00e0 l'adresse suivante: training@embryotools.com[:]","twitter_image":"https:\/\/embryotools.com\/wp-content\/uploads\/2019\/12\/IMG_5956-1-scaled.jpg","twitter_site":"@embryotools","twitter_misc":{"Dur\u00e9e de lecture estim\u00e9e":"2 minutes"},"schema":{"@context":"https:\/\/schema.org","@graph":[{"@type":"WebPage","@id":"https:\/\/embryotools.com\/shop\/ivf-training-courses\/hands-on-individual-courses\/08-upgrade-in-ivf-techniques-3-days-nou-curs\/","url":"https:\/\/embryotools.com\/shop\/ivf-training-courses\/hands-on-individual-courses\/08-upgrade-in-ivf-techniques-3-days-nou-curs\/","name":"08 - Actualisation des techniques de laboratoire de FIV pour les embryologistes exp\u00e9riment\u00e9s - Embryotools","isPartOf":{"@id":"https:\/\/embryotools.com\/#website"},"primaryImageOfPage":{"@id":"https:\/\/embryotools.com\/shop\/ivf-training-courses\/hands-on-individual-courses\/08-upgrade-in-ivf-techniques-3-days-nou-curs\/#primaryimage"},"image":{"@id":"https:\/\/embryotools.com\/shop\/ivf-training-courses\/hands-on-individual-courses\/08-upgrade-in-ivf-techniques-3-days-nou-curs\/#primaryimage"},"thumbnailUrl":"https:\/\/embryotools.com\/wp-content\/uploads\/2019\/12\/IMG_5956-1-scaled.jpg","datePublished":"2019-12-23T13:43:03+00:00","dateModified":"2025-11-24T10:32:30+00:00","breadcrumb":{"@id":"https:\/\/embryotools.com\/shop\/ivf-training-courses\/hands-on-individual-courses\/08-upgrade-in-ivf-techniques-3-days-nou-curs\/#breadcrumb"},"inLanguage":"fr-FR","potentialAction":[{"@type":"ReadAction","target":["https:\/\/embryotools.com\/shop\/ivf-training-courses\/hands-on-individual-courses\/08-upgrade-in-ivf-techniques-3-days-nou-curs\/"]}]},{"@type":"ImageObject","inLanguage":"fr-FR","@id":"https:\/\/embryotools.com\/shop\/ivf-training-courses\/hands-on-individual-courses\/08-upgrade-in-ivf-techniques-3-days-nou-curs\/#primaryimage","url":"https:\/\/embryotools.com\/wp-content\/uploads\/2019\/12\/IMG_5956-1-scaled.jpg","contentUrl":"https:\/\/embryotools.com\/wp-content\/uploads\/2019\/12\/IMG_5956-1-scaled.jpg","width":2560,"height":1707},{"@type":"BreadcrumbList","@id":"https:\/\/embryotools.com\/shop\/ivf-training-courses\/hands-on-individual-courses\/08-upgrade-in-ivf-techniques-3-days-nou-curs\/#breadcrumb","itemListElement":[{"@type":"ListItem","position":1,"name":"Home","item":"https:\/\/embryotools.com\/"},{"@type":"ListItem","position":2,"name":"Shop","item":"https:\/\/embryotools.com\/shop\/"},{"@type":"ListItem","position":3,"name":"08 &#8211; Upgrade in IVF techniques for experienced embryologists"}]},{"@type":"WebSite","@id":"https:\/\/embryotools.com\/#website","url":"https:\/\/embryotools.com\/","name":"Embryotools","description":"for better results","publisher":{"@id":"https:\/\/embryotools.com\/#organization"},"potentialAction":[{"@type":"SearchAction","target":{"@type":"EntryPoint","urlTemplate":"https:\/\/embryotools.com\/?s={search_term_string}"},"query-input":{"@type":"PropertyValueSpecification","valueRequired":true,"valueName":"search_term_string"}}],"inLanguage":"fr-FR"},{"@type":"Organization","@id":"https:\/\/embryotools.com\/#organization","name":"Embryotools","url":"https:\/\/embryotools.com\/","logo":{"@type":"ImageObject","inLanguage":"fr-FR","@id":"https:\/\/embryotools.com\/#\/schema\/logo\/image\/","url":"https:\/\/embryotools.com\/wp-content\/uploads\/2017\/01\/embryotools_logo_trans_500-2.png","contentUrl":"https:\/\/embryotools.com\/wp-content\/uploads\/2017\/01\/embryotools_logo_trans_500-2.png","width":250,"height":59,"caption":"Embryotools"},"image":{"@id":"https:\/\/embryotools.com\/#\/schema\/logo\/image\/"},"sameAs":["https:\/\/www.facebook.com\/embryotools","https:\/\/x.com\/embryotools","https:\/\/www.linkedin.com\/company\/embryotools"]}]}},"_links":{"self":[{"href":"https:\/\/embryotools.com\/fr\/wp-json\/wp\/v2\/product\/20618","targetHints":{"allow":["GET"]}}],"collection":[{"href":"https:\/\/embryotools.com\/fr\/wp-json\/wp\/v2\/product"}],"about":[{"href":"https:\/\/embryotools.com\/fr\/wp-json\/wp\/v2\/types\/product"}],"wp:featuredmedia":[{"embeddable":true,"href":"https:\/\/embryotools.com\/fr\/wp-json\/wp\/v2\/media\/22584"}],"wp:attachment":[{"href":"https:\/\/embryotools.com\/fr\/wp-json\/wp\/v2\/media?parent=20618"}],"wp:term":[{"taxonomy":"product_brand","embeddable":true,"href":"https:\/\/embryotools.com\/fr\/wp-json\/wp\/v2\/product_brand?post=20618"},{"taxonomy":"product_cat","embeddable":true,"href":"https:\/\/embryotools.com\/fr\/wp-json\/wp\/v2\/product_cat?post=20618"},{"taxonomy":"product_tag","embeddable":true,"href":"https:\/\/embryotools.com\/fr\/wp-json\/wp\/v2\/product_tag?post=20618"}],"curies":[{"name":"wp","href":"https:\/\/api.w.org\/{rel}","templated":true}]}}