{"id":20616,"date":"2019-12-23T14:35:11","date_gmt":"2019-12-23T13:35:11","guid":{"rendered":"https:\/\/embryotools.com\/?post_type=product&#038;p=20616"},"modified":"2025-07-02T13:38:26","modified_gmt":"2025-07-02T11:38:26","slug":"06-ovarian-tissue-cryopreservation-2-days-nou-curs","status":"publish","type":"product","link":"https:\/\/embryotools.com\/fr\/shop\/ivf-training-courses\/hands-on-individual-courses\/06-ovarian-tissue-cryopreservation-2-days-nou-curs\/","title":{"rendered":"06 &#8211; Cryopr\u00e9servation du tissu ovarien"},"content":{"rendered":"<p><\/p>\n<h1>Cryopr\u00e9servation du tissu ovarien<\/h1>\n<p>&nbsp;<\/p>\n<p><strong>Objectifs du cours:<\/strong><\/p>\n<p>Faire un aper\u00e7u de l&rsquo;\u00e9tat de l&rsquo;art de la cryopr\u00e9servation du tissu ovarien. Le cours de deux jours consiste en une dissection pratique intensive du cortex ovarien et sa cryopr\u00e9servation avec les protocoles de cong\u00e9lation lente et de vitrification. Les participants auront l&rsquo;occasion extraordinaire d&rsquo;utiliser un nombre illimit\u00e9 d&rsquo;ovaires de vache afin d&rsquo;aiguiser leurs comp\u00e9tences en mati\u00e8re de pr\u00e9paration d&rsquo;\u00e9chantillons pour la cryopr\u00e9servation.<\/p>\n<h2>Programme scientifique:<\/h2>\n<p><strong>Sessions th\u00e9oriques (dur\u00e9e 30-45 min):<\/strong><\/p>\n<ul>\n<li>\u201cOverview on cryopreservation of ovarian tissue\u201d<\/li>\n<\/ul>\n<p><strong>Sessions pratiques:<\/strong><\/p>\n<ul>\n<li>Mise en place du mat\u00e9riel\u00a0 pour la cryopr\u00e9servation.<\/li>\n<li>Dissection du cortex ovarien.<\/li>\n<li>Pr\u00e9paration des solutions de cryopr\u00e9servation pour la m\u00e9thode de cong\u00e9lation lente.<\/li>\n<li>Mise en place du cong\u00e9lateur programmable<\/li>\n<li>Utilisation du protocole de vitrification de Kitazato avec les dispositifs ouverts et ferm\u00e9s.<\/li>\n<\/ul>\n<p><strong>\u00c9quipe d&#8217;embryologistes assurant la formation:<\/strong><br \/>\nNuno Costa-Borges, PhD; Carolina Castell\u00f3, BSc; Enric Mestres, PhD; M\u00f2nica Acacio, MSc; Queralt Matia; MSc.<\/p>\n<p><strong><span style=\"text-decoration: underline;\">Des certificats de participation seront remis aux stagiaires \u00e0 la fin du cours<\/span>.<\/strong><\/p>\n<p><strong>Dates:<\/strong> Deux jours de 09:00h \u00e0 16:30h (avec une pause caf\u00e9 et une pause d\u00e9jeuner de 30 minutes).<\/p>\n<p><strong>Prix:<\/strong> \u00a02500 Euros<\/p>\n<p>En fonction de votre exp\u00e9rience et de vos besoins, nous pouvons modifier la formation en ajoutant des jours suppl\u00e9mentaires au cours.<\/p>\n<p><strong>Lieu:<\/strong><br \/>\nLaboratoires d&rsquo;Embryotools<br \/>\nAvenida Doctor Mara\u00f1\u00f3n, 8<br \/>\nParc Cient\u00edfic de Barcelona<br \/>\n08028 Barcelone, Espagne<\/p>\n<p>&nbsp;<\/p>","protected":false},"excerpt":{"rendered":"<p>Ce cours de deux jours est centr\u00e9 sur la pr\u00e9paration du cortex ovarien pour la cryopr\u00e9servation et l&rsquo;introduction \u00e0 la vitrification et \u00e0 la cong\u00e9lation lente.<\/p>\n<p>&nbsp;<\/p>\n<p style=\"text-align: left;\"><em>Pour plus d&rsquo;informations, veuillez nous contacter \u00e0 l&rsquo;adresse suivante: <span class=\"font_8\"><a href=\"mailto:training@embryotools.com\"><strong>training@embryotools.com<\/strong><\/a><\/span><\/em><\/p>\n","protected":false},"featured_media":22630,"template":"","meta":[],"product_brand":[],"product_cat":[181,134],"product_tag":[],"class_list":{"0":"post-20616","1":"product","2":"type-product","3":"status-publish","4":"has-post-thumbnail","6":"product_cat-hands-on-individual-courses","7":"product_cat-ivf-training-courses","9":"first","10":"instock","11":"downloadable","12":"virtual","13":"purchasable","14":"product-type-simple","15":"berocket_lgv_grid","16":"berocket_lgv_list_grid"},"yoast_head":"<!-- This site is optimized with the Yoast SEO plugin v27.3 - https:\/\/yoast.com\/product\/yoast-seo-wordpress\/ -->\n<title>06 - Cryopr\u00e9servation du tissu ovarien - Embryotools<\/title>\n<meta name=\"robots\" content=\"index, follow, max-snippet:-1, max-image-preview:large, max-video-preview:-1\" \/>\n<link rel=\"canonical\" href=\"https:\/\/embryotools.com\/shop\/ivf-training-courses\/hands-on-individual-courses\/06-ovarian-tissue-cryopreservation-2-days-nou-curs\/\" \/>\n<meta name=\"twitter:card\" content=\"summary_large_image\" \/>\n<meta name=\"twitter:title\" content=\"06 - Cryopr\u00e9servation du tissu ovarien - Embryotools\" \/>\n<meta name=\"twitter:description\" content=\"[:en]Two days course full hands-on focused on preparation of ovarian cortex for cryopreservation and introduction to vitrification and slow-freezing.  &nbsp;  For further information please contact us at training@embryotools.com[:es]Curso de dos d\u00edas totalmente pr\u00e1ctico centrado en la preparaci\u00f3n de la corteza ov\u00e1rica para la criopreservaci\u00f3n y la introducci\u00f3n a la vitrificaci\u00f3n y la congelaci\u00f3n lenta.  &nbsp;  Para m\u00e1s informaci\u00f3n por favor cont\u00e1ctenos en training@embryotools.com[:fr]Ce cours de deux jours est centr\u00e9 sur la pr\u00e9paration du cortex ovarien pour la cryopr\u00e9servation et l&#039;introduction \u00e0 la vitrification et \u00e0 la cong\u00e9lation lente.  &nbsp; Pour plus d&#039;informations, veuillez nous contacter \u00e0 l&#039;adresse suivante: training@embryotools.com[:]\" \/>\n<meta name=\"twitter:image\" content=\"https:\/\/embryotools.com\/wp-content\/uploads\/2019\/12\/Ovarian-tissue.jpg\" \/>\n<meta name=\"twitter:site\" content=\"@embryotools\" \/>\n<meta name=\"twitter:label1\" content=\"Dur\u00e9e de lecture estim\u00e9e\" \/>\n\t<meta name=\"twitter:data1\" content=\"1 minute\" \/>\n<script type=\"application\/ld+json\" class=\"yoast-schema-graph\">{\"@context\":\"https:\\\/\\\/schema.org\",\"@graph\":[{\"@type\":\"WebPage\",\"@id\":\"https:\\\/\\\/embryotools.com\\\/shop\\\/ivf-training-courses\\\/hands-on-individual-courses\\\/06-ovarian-tissue-cryopreservation-2-days-nou-curs\\\/\",\"url\":\"https:\\\/\\\/embryotools.com\\\/shop\\\/ivf-training-courses\\\/hands-on-individual-courses\\\/06-ovarian-tissue-cryopreservation-2-days-nou-curs\\\/\",\"name\":\"06 - Cryopr\u00e9servation du tissu ovarien - Embryotools\",\"isPartOf\":{\"@id\":\"https:\\\/\\\/embryotools.com\\\/#website\"},\"primaryImageOfPage\":{\"@id\":\"https:\\\/\\\/embryotools.com\\\/shop\\\/ivf-training-courses\\\/hands-on-individual-courses\\\/06-ovarian-tissue-cryopreservation-2-days-nou-curs\\\/#primaryimage\"},\"image\":{\"@id\":\"https:\\\/\\\/embryotools.com\\\/shop\\\/ivf-training-courses\\\/hands-on-individual-courses\\\/06-ovarian-tissue-cryopreservation-2-days-nou-curs\\\/#primaryimage\"},\"thumbnailUrl\":\"https:\\\/\\\/embryotools.com\\\/wp-content\\\/uploads\\\/2019\\\/12\\\/Ovarian-tissue.jpg\",\"datePublished\":\"2019-12-23T13:35:11+00:00\",\"dateModified\":\"2025-07-02T11:38:26+00:00\",\"breadcrumb\":{\"@id\":\"https:\\\/\\\/embryotools.com\\\/shop\\\/ivf-training-courses\\\/hands-on-individual-courses\\\/06-ovarian-tissue-cryopreservation-2-days-nou-curs\\\/#breadcrumb\"},\"inLanguage\":\"fr-FR\",\"potentialAction\":[{\"@type\":\"ReadAction\",\"target\":[\"https:\\\/\\\/embryotools.com\\\/shop\\\/ivf-training-courses\\\/hands-on-individual-courses\\\/06-ovarian-tissue-cryopreservation-2-days-nou-curs\\\/\"]}]},{\"@type\":\"ImageObject\",\"inLanguage\":\"fr-FR\",\"@id\":\"https:\\\/\\\/embryotools.com\\\/shop\\\/ivf-training-courses\\\/hands-on-individual-courses\\\/06-ovarian-tissue-cryopreservation-2-days-nou-curs\\\/#primaryimage\",\"url\":\"https:\\\/\\\/embryotools.com\\\/wp-content\\\/uploads\\\/2019\\\/12\\\/Ovarian-tissue.jpg\",\"contentUrl\":\"https:\\\/\\\/embryotools.com\\\/wp-content\\\/uploads\\\/2019\\\/12\\\/Ovarian-tissue.jpg\",\"width\":958,\"height\":680},{\"@type\":\"BreadcrumbList\",\"@id\":\"https:\\\/\\\/embryotools.com\\\/shop\\\/ivf-training-courses\\\/hands-on-individual-courses\\\/06-ovarian-tissue-cryopreservation-2-days-nou-curs\\\/#breadcrumb\",\"itemListElement\":[{\"@type\":\"ListItem\",\"position\":1,\"name\":\"Home\",\"item\":\"https:\\\/\\\/embryotools.com\\\/\"},{\"@type\":\"ListItem\",\"position\":2,\"name\":\"Shop\",\"item\":\"https:\\\/\\\/embryotools.com\\\/shop\\\/\"},{\"@type\":\"ListItem\",\"position\":3,\"name\":\"06 &#8211; Ovarian Tissue Cryopreservation\"}]},{\"@type\":\"WebSite\",\"@id\":\"https:\\\/\\\/embryotools.com\\\/#website\",\"url\":\"https:\\\/\\\/embryotools.com\\\/\",\"name\":\"Embryotools\",\"description\":\"for better results\",\"publisher\":{\"@id\":\"https:\\\/\\\/embryotools.com\\\/#organization\"},\"potentialAction\":[{\"@type\":\"SearchAction\",\"target\":{\"@type\":\"EntryPoint\",\"urlTemplate\":\"https:\\\/\\\/embryotools.com\\\/?s={search_term_string}\"},\"query-input\":{\"@type\":\"PropertyValueSpecification\",\"valueRequired\":true,\"valueName\":\"search_term_string\"}}],\"inLanguage\":\"fr-FR\"},{\"@type\":\"Organization\",\"@id\":\"https:\\\/\\\/embryotools.com\\\/#organization\",\"name\":\"Embryotools\",\"url\":\"https:\\\/\\\/embryotools.com\\\/\",\"logo\":{\"@type\":\"ImageObject\",\"inLanguage\":\"fr-FR\",\"@id\":\"https:\\\/\\\/embryotools.com\\\/#\\\/schema\\\/logo\\\/image\\\/\",\"url\":\"https:\\\/\\\/embryotools.com\\\/wp-content\\\/uploads\\\/2017\\\/01\\\/embryotools_logo_trans_500-2.png\",\"contentUrl\":\"https:\\\/\\\/embryotools.com\\\/wp-content\\\/uploads\\\/2017\\\/01\\\/embryotools_logo_trans_500-2.png\",\"width\":250,\"height\":59,\"caption\":\"Embryotools\"},\"image\":{\"@id\":\"https:\\\/\\\/embryotools.com\\\/#\\\/schema\\\/logo\\\/image\\\/\"},\"sameAs\":[\"https:\\\/\\\/www.facebook.com\\\/embryotools\",\"https:\\\/\\\/x.com\\\/embryotools\",\"https:\\\/\\\/www.linkedin.com\\\/company\\\/embryotools\"]}]}<\/script>\n<!-- \/ Yoast SEO plugin. -->","yoast_head_json":{"title":"06 - Cryopr\u00e9servation du tissu ovarien - Embryotools","robots":{"index":"index","follow":"follow","max-snippet":"max-snippet:-1","max-image-preview":"max-image-preview:large","max-video-preview":"max-video-preview:-1"},"canonical":"https:\/\/embryotools.com\/shop\/ivf-training-courses\/hands-on-individual-courses\/06-ovarian-tissue-cryopreservation-2-days-nou-curs\/","twitter_card":"summary_large_image","twitter_title":"06 - Cryopr\u00e9servation du tissu ovarien - Embryotools","twitter_description":"[:en]Two days course full hands-on focused on preparation of ovarian cortex for cryopreservation and introduction to vitrification and slow-freezing.  &nbsp;  For further information please contact us at training@embryotools.com[:es]Curso de dos d\u00edas totalmente pr\u00e1ctico centrado en la preparaci\u00f3n de la corteza ov\u00e1rica para la criopreservaci\u00f3n y la introducci\u00f3n a la vitrificaci\u00f3n y la congelaci\u00f3n lenta.  &nbsp;  Para m\u00e1s informaci\u00f3n por favor cont\u00e1ctenos en training@embryotools.com[:fr]Ce cours de deux jours est centr\u00e9 sur la pr\u00e9paration du cortex ovarien pour la cryopr\u00e9servation et l'introduction \u00e0 la vitrification et \u00e0 la cong\u00e9lation lente.  &nbsp; Pour plus d'informations, veuillez nous contacter \u00e0 l'adresse suivante: training@embryotools.com[:]","twitter_image":"https:\/\/embryotools.com\/wp-content\/uploads\/2019\/12\/Ovarian-tissue.jpg","twitter_site":"@embryotools","twitter_misc":{"Dur\u00e9e de lecture estim\u00e9e":"1 minute"},"schema":{"@context":"https:\/\/schema.org","@graph":[{"@type":"WebPage","@id":"https:\/\/embryotools.com\/shop\/ivf-training-courses\/hands-on-individual-courses\/06-ovarian-tissue-cryopreservation-2-days-nou-curs\/","url":"https:\/\/embryotools.com\/shop\/ivf-training-courses\/hands-on-individual-courses\/06-ovarian-tissue-cryopreservation-2-days-nou-curs\/","name":"06 - Cryopr\u00e9servation du tissu ovarien - Embryotools","isPartOf":{"@id":"https:\/\/embryotools.com\/#website"},"primaryImageOfPage":{"@id":"https:\/\/embryotools.com\/shop\/ivf-training-courses\/hands-on-individual-courses\/06-ovarian-tissue-cryopreservation-2-days-nou-curs\/#primaryimage"},"image":{"@id":"https:\/\/embryotools.com\/shop\/ivf-training-courses\/hands-on-individual-courses\/06-ovarian-tissue-cryopreservation-2-days-nou-curs\/#primaryimage"},"thumbnailUrl":"https:\/\/embryotools.com\/wp-content\/uploads\/2019\/12\/Ovarian-tissue.jpg","datePublished":"2019-12-23T13:35:11+00:00","dateModified":"2025-07-02T11:38:26+00:00","breadcrumb":{"@id":"https:\/\/embryotools.com\/shop\/ivf-training-courses\/hands-on-individual-courses\/06-ovarian-tissue-cryopreservation-2-days-nou-curs\/#breadcrumb"},"inLanguage":"fr-FR","potentialAction":[{"@type":"ReadAction","target":["https:\/\/embryotools.com\/shop\/ivf-training-courses\/hands-on-individual-courses\/06-ovarian-tissue-cryopreservation-2-days-nou-curs\/"]}]},{"@type":"ImageObject","inLanguage":"fr-FR","@id":"https:\/\/embryotools.com\/shop\/ivf-training-courses\/hands-on-individual-courses\/06-ovarian-tissue-cryopreservation-2-days-nou-curs\/#primaryimage","url":"https:\/\/embryotools.com\/wp-content\/uploads\/2019\/12\/Ovarian-tissue.jpg","contentUrl":"https:\/\/embryotools.com\/wp-content\/uploads\/2019\/12\/Ovarian-tissue.jpg","width":958,"height":680},{"@type":"BreadcrumbList","@id":"https:\/\/embryotools.com\/shop\/ivf-training-courses\/hands-on-individual-courses\/06-ovarian-tissue-cryopreservation-2-days-nou-curs\/#breadcrumb","itemListElement":[{"@type":"ListItem","position":1,"name":"Home","item":"https:\/\/embryotools.com\/"},{"@type":"ListItem","position":2,"name":"Shop","item":"https:\/\/embryotools.com\/shop\/"},{"@type":"ListItem","position":3,"name":"06 &#8211; Ovarian Tissue Cryopreservation"}]},{"@type":"WebSite","@id":"https:\/\/embryotools.com\/#website","url":"https:\/\/embryotools.com\/","name":"Embryotools","description":"for better results","publisher":{"@id":"https:\/\/embryotools.com\/#organization"},"potentialAction":[{"@type":"SearchAction","target":{"@type":"EntryPoint","urlTemplate":"https:\/\/embryotools.com\/?s={search_term_string}"},"query-input":{"@type":"PropertyValueSpecification","valueRequired":true,"valueName":"search_term_string"}}],"inLanguage":"fr-FR"},{"@type":"Organization","@id":"https:\/\/embryotools.com\/#organization","name":"Embryotools","url":"https:\/\/embryotools.com\/","logo":{"@type":"ImageObject","inLanguage":"fr-FR","@id":"https:\/\/embryotools.com\/#\/schema\/logo\/image\/","url":"https:\/\/embryotools.com\/wp-content\/uploads\/2017\/01\/embryotools_logo_trans_500-2.png","contentUrl":"https:\/\/embryotools.com\/wp-content\/uploads\/2017\/01\/embryotools_logo_trans_500-2.png","width":250,"height":59,"caption":"Embryotools"},"image":{"@id":"https:\/\/embryotools.com\/#\/schema\/logo\/image\/"},"sameAs":["https:\/\/www.facebook.com\/embryotools","https:\/\/x.com\/embryotools","https:\/\/www.linkedin.com\/company\/embryotools"]}]}},"_links":{"self":[{"href":"https:\/\/embryotools.com\/fr\/wp-json\/wp\/v2\/product\/20616","targetHints":{"allow":["GET"]}}],"collection":[{"href":"https:\/\/embryotools.com\/fr\/wp-json\/wp\/v2\/product"}],"about":[{"href":"https:\/\/embryotools.com\/fr\/wp-json\/wp\/v2\/types\/product"}],"wp:featuredmedia":[{"embeddable":true,"href":"https:\/\/embryotools.com\/fr\/wp-json\/wp\/v2\/media\/22630"}],"wp:attachment":[{"href":"https:\/\/embryotools.com\/fr\/wp-json\/wp\/v2\/media?parent=20616"}],"wp:term":[{"taxonomy":"product_brand","embeddable":true,"href":"https:\/\/embryotools.com\/fr\/wp-json\/wp\/v2\/product_brand?post=20616"},{"taxonomy":"product_cat","embeddable":true,"href":"https:\/\/embryotools.com\/fr\/wp-json\/wp\/v2\/product_cat?post=20616"},{"taxonomy":"product_tag","embeddable":true,"href":"https:\/\/embryotools.com\/fr\/wp-json\/wp\/v2\/product_tag?post=20616"}],"curies":[{"name":"wp","href":"https:\/\/api.w.org\/{rel}","templated":true}]}}