{"id":20612,"date":"2019-12-23T14:19:13","date_gmt":"2019-12-23T13:19:13","guid":{"rendered":"https:\/\/embryotools.com\/?post_type=product&#038;p=20612"},"modified":"2025-07-02T13:38:17","modified_gmt":"2025-07-02T11:38:17","slug":"05-how-to-implement-a-successful-pgt-program-3-days-nou-curs","status":"publish","type":"product","link":"https:\/\/embryotools.com\/fr\/shop\/ivf-training-courses\/hands-on-individual-courses\/05-how-to-implement-a-successful-pgt-program-3-days-nou-curs\/","title":{"rendered":"05 &#8211; Biopsie embryonnaire: comment r\u00e9ussir la mise en place d&rsquo;un programme de PGT"},"content":{"rendered":"<p><\/p>\n<h1><span style=\"font-size: 24pt;\">Biopsie embryonnaire: comment r\u00e9ussir la mise en place d&rsquo;un programme de PGT<\/span><\/h1>\n<h2><\/h2>\n<h2><span style=\"font-size: 12pt;\">Objectifs du cours:<\/span><\/h2>\n<p>Comprendre les principes fondamentaux de la culture embryonnaire jusqu&rsquo;au stade du blastocyste, les techniques de biopsie, le diagnostic g\u00e9n\u00e9tique et la cryoconservation. Avoir une vue d\u2019ensemble des r\u00e9sultats actuels et acqu\u00e9rir de l&rsquo;exp\u00e9rience sur la culture jusqu\u2019au jour 5. Pratiquer intensivement la biopsie des blastocystes (et des embryons au jour + 3, si n\u00e9cessaire) en appliquant la m\u00e9thode du \u00ab\u00a0pulling\u00a0\u00bb et la m\u00e9thode du \u00ab\u00a0flicking\u00a0\u00bb sur un nombre illimit\u00e9 de blastocystes dans diff\u00e9rentes phases d&rsquo;expansion. Les sessions pratiques se concentrent sur toutes les \u00e9tapes n\u00e9cessaires \u00e0 la mise en \u0153uvre d&rsquo;un programme de PGT \u00e0 succ\u00e8s, incluant : la vitrification et le r\u00e9chauffement des embryons biopsi\u00e9s, l&rsquo;\u00e9closion assist\u00e9e par laser, le tubing des cellules pour l&rsquo;analyse g\u00e9n\u00e9tique et la validation du nombre de cellules biopsi\u00e9es.<\/p>\n<h2>Programme scientifique:<\/h2>\n<h4>S\u00e9ance th\u00e9orique (dur\u00e9e 30-45 min):<\/h4>\n<ul>\n<li>\u00ab\u00a0Embryo Biopsy -techniques and suggestions\u201d<\/li>\n<\/ul>\n<h4>S\u00e9ances pratiques:<\/h4>\n<ul>\n<li>Pr\u00e9paration des bo\u00eetes de culture embryonnaire et de biopsie.<\/li>\n<li>Pr\u00e9paration du microscope et du laser.<\/li>\n<li>Biopsie de blastocystes pr\u00e9coces, expans\u00e9s et enti\u00e8rement \u00e9clos \u00e0 l&rsquo;aide de techniques de\u00ab pulling \u00bb et de \u00ab flicking \u00bb avec des \u00e9chantillons illimit\u00e9s et une d\u00e9monstration en direct pour chaque cas.<\/li>\n<li>Pr\u00e9paration du mat\u00e9riel pour l&rsquo;analyse g\u00e9n\u00e9tique des cellules biopsi\u00e9es.<\/li>\n<li>Validation du nombre de cellules biopsi\u00e9es au microscope \u00e0 \u00e9pifluorescence.<\/li>\n<li>Vitrificaction, r\u00e9chauffement et culture de blastocystes apr\u00e8s biopsie.<\/li>\n<li>Conseils pour r\u00e9aliser une biopsie, une vitrification, un r\u00e9chauffement et la manipulation de blastocystes compl\u00e8tement \u00e9clos.<\/li>\n<li>Eclosion assist\u00e9e par laser dans des blastocystes r\u00e9chauff\u00e9s.<\/li>\n<li>Enregistrement vid\u00e9o et photographies des proc\u00e9dures effectu\u00e9es.<\/li>\n<\/ul>\n<p><strong>\u00c9quipe d&#8217;embryologistes assurant la formation:<br \/>\n<\/strong>Nuno Costa-Borges, PhD; Carolina Castell\u00f3, BSc; Enric Mestres, PhD; M\u00f2nica Acacio, MSc; Queralt Matia; MSc.<\/p>\n<p><strong><span style=\"text-decoration: underline;\">Des certificats de participation seront remis aux participants \u00e0 la fin du cours.<\/span><\/strong><\/p>\n<p><strong>Dates:<\/strong> Trois jours de 09:00h \u00e0 16:30h (avec une pause caf\u00e9 et une pause d\u00e9jeuner de 30 minutes).<\/p>\n<p><strong>Prix<\/strong>: 3600 Euros<\/p>\n<p>En fonction de votre exp\u00e9rience et de vos besoins, nous pouvons modifier la dur\u00e9e du cours et ajouter des jours de formation au prix de 1 100 euros par jour suppl\u00e9mentaire.<\/p>\n<p><strong>Lieu:<br \/>\n<\/strong>Laboratoires d&rsquo;Embryotools<br \/>\nAvenida Doctor Mara\u00f1\u00f3n, 8<br \/>\nParc Cient\u00edfic de Barcelona<br \/>\n08028 Barcelone, Espagne<\/p>\n<p>&nbsp;<\/p>","protected":false},"excerpt":{"rendered":"<p>Trois jours de cours pour les embryologistes qui ont besoin de mettre en \u0153uvre la biopsie du trophectoderme (ou la biopsie au 3\u00e8me jour) dans leur routine.<\/p>\n<p>Aussi int\u00e9ressant pour les embryologistes qui effectuent d\u00e9j\u00e0 des biopsies, mais aimerait am\u00e9liorer et apprendre de nouveaux conseils et trucs sur tous les aspects li\u00e9s \u00e0 la biospie de blastocystes.<\/p>\n<p style=\"text-align: left;\"><span class=\"font_8\"><em>Pour plus d&rsquo;informations, veuillez nous contacter \u00e0 l&rsquo;adresse suivante: <a href=\"mailto:training@embryotools.com\"><strong>training@embryotools.com<\/strong><\/a><\/em><\/span><\/p>\n","protected":false},"featured_media":20242,"template":"","meta":[],"product_brand":[],"product_cat":[181,134],"product_tag":[],"class_list":{"0":"post-20612","1":"product","2":"type-product","3":"status-publish","4":"has-post-thumbnail","6":"product_cat-hands-on-individual-courses","7":"product_cat-ivf-training-courses","9":"first","10":"instock","11":"downloadable","12":"virtual","13":"purchasable","14":"product-type-simple","15":"berocket_lgv_grid","16":"berocket_lgv_list_grid"},"yoast_head":"<!-- This site is optimized with the Yoast SEO plugin v27.3 - https:\/\/yoast.com\/product\/yoast-seo-wordpress\/ -->\n<title>05 - Biopsie embryonnaire: comment r\u00e9ussir la mise en place d&#039;un programme de PGT - Embryotools<\/title>\n<meta name=\"robots\" content=\"index, follow, max-snippet:-1, max-image-preview:large, max-video-preview:-1\" \/>\n<link rel=\"canonical\" href=\"https:\/\/embryotools.com\/shop\/ivf-training-courses\/hands-on-individual-courses\/05-how-to-implement-a-successful-pgt-program-3-days-nou-curs\/\" \/>\n<meta name=\"twitter:card\" content=\"summary_large_image\" \/>\n<meta name=\"twitter:title\" content=\"05 - Biopsie embryonnaire: comment r\u00e9ussir la mise en place d&#039;un programme de PGT - Embryotools\" \/>\n<meta name=\"twitter:description\" content=\"[:en]Three days course for those embryologists who need to implement the trophectoderm biopsy (or the cleavage stage biopsy) in their routine. Also interesting for those embryologists who are already performing biopsies but would like to have an upgrade to learn new tips and tricks on all the aspects related with the blastocyst biospy.   For further information please contact us at training@embryotools.com[:es]Curso de tres d\u00edas para aquellos embri\u00f3logos que necesitan implementar la biopsia de trofectodermo (o la biopsia en dia+3) en su rutina. Tambi\u00e9n es interesante para aquellos embri\u00f3logos que ya est\u00e1n realizando biopsias pero desean aprender nuevos consejos y trucos sobre todos los aspectos relacionados con la biopsia de blastocisto.  &nbsp;  Para m\u00e1s informaci\u00f3n por favor cont\u00e1ctenos en training@embryotools.com[:fr]Trois jours de cours pour les embryologistes qui ont besoin de mettre en \u0153uvre la biopsie du trophectoderme (ou la biopsie au 3\u00e8me jour) dans leur routine.  Aussi int\u00e9ressant pour les embryologistes qui effectuent d\u00e9j\u00e0 des biopsies, mais aimerait am\u00e9liorer et apprendre de nouveaux conseils et trucs sur tous les aspects li\u00e9s \u00e0 la biospie de blastocystes. Pour plus d&#039;informations, veuillez nous contacter \u00e0 l&#039;adresse suivante: training@embryotools.com[:]\" \/>\n<meta name=\"twitter:image\" content=\"https:\/\/embryotools.com\/wp-content\/uploads\/2018\/03\/hatching-blasto-biopsy-1.jpeg\" \/>\n<meta name=\"twitter:site\" content=\"@embryotools\" \/>\n<meta name=\"twitter:label1\" content=\"Dur\u00e9e de lecture estim\u00e9e\" \/>\n\t<meta name=\"twitter:data1\" content=\"1 minute\" \/>\n<script type=\"application\/ld+json\" class=\"yoast-schema-graph\">{\"@context\":\"https:\\\/\\\/schema.org\",\"@graph\":[{\"@type\":\"WebPage\",\"@id\":\"https:\\\/\\\/embryotools.com\\\/shop\\\/ivf-training-courses\\\/hands-on-individual-courses\\\/05-how-to-implement-a-successful-pgt-program-3-days-nou-curs\\\/\",\"url\":\"https:\\\/\\\/embryotools.com\\\/shop\\\/ivf-training-courses\\\/hands-on-individual-courses\\\/05-how-to-implement-a-successful-pgt-program-3-days-nou-curs\\\/\",\"name\":\"05 - Biopsie embryonnaire: comment r\u00e9ussir la mise en place d'un programme de PGT - Embryotools\",\"isPartOf\":{\"@id\":\"https:\\\/\\\/embryotools.com\\\/#website\"},\"primaryImageOfPage\":{\"@id\":\"https:\\\/\\\/embryotools.com\\\/shop\\\/ivf-training-courses\\\/hands-on-individual-courses\\\/05-how-to-implement-a-successful-pgt-program-3-days-nou-curs\\\/#primaryimage\"},\"image\":{\"@id\":\"https:\\\/\\\/embryotools.com\\\/shop\\\/ivf-training-courses\\\/hands-on-individual-courses\\\/05-how-to-implement-a-successful-pgt-program-3-days-nou-curs\\\/#primaryimage\"},\"thumbnailUrl\":\"https:\\\/\\\/embryotools.com\\\/wp-content\\\/uploads\\\/2018\\\/03\\\/hatching-blasto-biopsy-1.jpeg\",\"datePublished\":\"2019-12-23T13:19:13+00:00\",\"dateModified\":\"2025-07-02T11:38:17+00:00\",\"breadcrumb\":{\"@id\":\"https:\\\/\\\/embryotools.com\\\/shop\\\/ivf-training-courses\\\/hands-on-individual-courses\\\/05-how-to-implement-a-successful-pgt-program-3-days-nou-curs\\\/#breadcrumb\"},\"inLanguage\":\"fr-FR\",\"potentialAction\":[{\"@type\":\"ReadAction\",\"target\":[\"https:\\\/\\\/embryotools.com\\\/shop\\\/ivf-training-courses\\\/hands-on-individual-courses\\\/05-how-to-implement-a-successful-pgt-program-3-days-nou-curs\\\/\"]}]},{\"@type\":\"ImageObject\",\"inLanguage\":\"fr-FR\",\"@id\":\"https:\\\/\\\/embryotools.com\\\/shop\\\/ivf-training-courses\\\/hands-on-individual-courses\\\/05-how-to-implement-a-successful-pgt-program-3-days-nou-curs\\\/#primaryimage\",\"url\":\"https:\\\/\\\/embryotools.com\\\/wp-content\\\/uploads\\\/2018\\\/03\\\/hatching-blasto-biopsy-1.jpeg\",\"contentUrl\":\"https:\\\/\\\/embryotools.com\\\/wp-content\\\/uploads\\\/2018\\\/03\\\/hatching-blasto-biopsy-1.jpeg\",\"width\":2048,\"height\":1536},{\"@type\":\"BreadcrumbList\",\"@id\":\"https:\\\/\\\/embryotools.com\\\/shop\\\/ivf-training-courses\\\/hands-on-individual-courses\\\/05-how-to-implement-a-successful-pgt-program-3-days-nou-curs\\\/#breadcrumb\",\"itemListElement\":[{\"@type\":\"ListItem\",\"position\":1,\"name\":\"Home\",\"item\":\"https:\\\/\\\/embryotools.com\\\/\"},{\"@type\":\"ListItem\",\"position\":2,\"name\":\"Shop\",\"item\":\"https:\\\/\\\/embryotools.com\\\/shop\\\/\"},{\"@type\":\"ListItem\",\"position\":3,\"name\":\"05 &#8211; Embryo biopsy: How to implement a successful PGT program\"}]},{\"@type\":\"WebSite\",\"@id\":\"https:\\\/\\\/embryotools.com\\\/#website\",\"url\":\"https:\\\/\\\/embryotools.com\\\/\",\"name\":\"Embryotools\",\"description\":\"for better results\",\"publisher\":{\"@id\":\"https:\\\/\\\/embryotools.com\\\/#organization\"},\"potentialAction\":[{\"@type\":\"SearchAction\",\"target\":{\"@type\":\"EntryPoint\",\"urlTemplate\":\"https:\\\/\\\/embryotools.com\\\/?s={search_term_string}\"},\"query-input\":{\"@type\":\"PropertyValueSpecification\",\"valueRequired\":true,\"valueName\":\"search_term_string\"}}],\"inLanguage\":\"fr-FR\"},{\"@type\":\"Organization\",\"@id\":\"https:\\\/\\\/embryotools.com\\\/#organization\",\"name\":\"Embryotools\",\"url\":\"https:\\\/\\\/embryotools.com\\\/\",\"logo\":{\"@type\":\"ImageObject\",\"inLanguage\":\"fr-FR\",\"@id\":\"https:\\\/\\\/embryotools.com\\\/#\\\/schema\\\/logo\\\/image\\\/\",\"url\":\"https:\\\/\\\/embryotools.com\\\/wp-content\\\/uploads\\\/2017\\\/01\\\/embryotools_logo_trans_500-2.png\",\"contentUrl\":\"https:\\\/\\\/embryotools.com\\\/wp-content\\\/uploads\\\/2017\\\/01\\\/embryotools_logo_trans_500-2.png\",\"width\":250,\"height\":59,\"caption\":\"Embryotools\"},\"image\":{\"@id\":\"https:\\\/\\\/embryotools.com\\\/#\\\/schema\\\/logo\\\/image\\\/\"},\"sameAs\":[\"https:\\\/\\\/www.facebook.com\\\/embryotools\",\"https:\\\/\\\/x.com\\\/embryotools\",\"https:\\\/\\\/www.linkedin.com\\\/company\\\/embryotools\"]}]}<\/script>\n<!-- \/ Yoast SEO plugin. -->","yoast_head_json":{"title":"05 - Biopsie embryonnaire: comment r\u00e9ussir la mise en place d'un programme de PGT - Embryotools","robots":{"index":"index","follow":"follow","max-snippet":"max-snippet:-1","max-image-preview":"max-image-preview:large","max-video-preview":"max-video-preview:-1"},"canonical":"https:\/\/embryotools.com\/shop\/ivf-training-courses\/hands-on-individual-courses\/05-how-to-implement-a-successful-pgt-program-3-days-nou-curs\/","twitter_card":"summary_large_image","twitter_title":"05 - Biopsie embryonnaire: comment r\u00e9ussir la mise en place d'un programme de PGT - Embryotools","twitter_description":"[:en]Three days course for those embryologists who need to implement the trophectoderm biopsy (or the cleavage stage biopsy) in their routine. Also interesting for those embryologists who are already performing biopsies but would like to have an upgrade to learn new tips and tricks on all the aspects related with the blastocyst biospy.   For further information please contact us at training@embryotools.com[:es]Curso de tres d\u00edas para aquellos embri\u00f3logos que necesitan implementar la biopsia de trofectodermo (o la biopsia en dia+3) en su rutina. Tambi\u00e9n es interesante para aquellos embri\u00f3logos que ya est\u00e1n realizando biopsias pero desean aprender nuevos consejos y trucos sobre todos los aspectos relacionados con la biopsia de blastocisto.  &nbsp;  Para m\u00e1s informaci\u00f3n por favor cont\u00e1ctenos en training@embryotools.com[:fr]Trois jours de cours pour les embryologistes qui ont besoin de mettre en \u0153uvre la biopsie du trophectoderme (ou la biopsie au 3\u00e8me jour) dans leur routine.  Aussi int\u00e9ressant pour les embryologistes qui effectuent d\u00e9j\u00e0 des biopsies, mais aimerait am\u00e9liorer et apprendre de nouveaux conseils et trucs sur tous les aspects li\u00e9s \u00e0 la biospie de blastocystes. Pour plus d'informations, veuillez nous contacter \u00e0 l'adresse suivante: training@embryotools.com[:]","twitter_image":"https:\/\/embryotools.com\/wp-content\/uploads\/2018\/03\/hatching-blasto-biopsy-1.jpeg","twitter_site":"@embryotools","twitter_misc":{"Dur\u00e9e de lecture estim\u00e9e":"1 minute"},"schema":{"@context":"https:\/\/schema.org","@graph":[{"@type":"WebPage","@id":"https:\/\/embryotools.com\/shop\/ivf-training-courses\/hands-on-individual-courses\/05-how-to-implement-a-successful-pgt-program-3-days-nou-curs\/","url":"https:\/\/embryotools.com\/shop\/ivf-training-courses\/hands-on-individual-courses\/05-how-to-implement-a-successful-pgt-program-3-days-nou-curs\/","name":"05 - Biopsie embryonnaire: comment r\u00e9ussir la mise en place d'un programme de PGT - Embryotools","isPartOf":{"@id":"https:\/\/embryotools.com\/#website"},"primaryImageOfPage":{"@id":"https:\/\/embryotools.com\/shop\/ivf-training-courses\/hands-on-individual-courses\/05-how-to-implement-a-successful-pgt-program-3-days-nou-curs\/#primaryimage"},"image":{"@id":"https:\/\/embryotools.com\/shop\/ivf-training-courses\/hands-on-individual-courses\/05-how-to-implement-a-successful-pgt-program-3-days-nou-curs\/#primaryimage"},"thumbnailUrl":"https:\/\/embryotools.com\/wp-content\/uploads\/2018\/03\/hatching-blasto-biopsy-1.jpeg","datePublished":"2019-12-23T13:19:13+00:00","dateModified":"2025-07-02T11:38:17+00:00","breadcrumb":{"@id":"https:\/\/embryotools.com\/shop\/ivf-training-courses\/hands-on-individual-courses\/05-how-to-implement-a-successful-pgt-program-3-days-nou-curs\/#breadcrumb"},"inLanguage":"fr-FR","potentialAction":[{"@type":"ReadAction","target":["https:\/\/embryotools.com\/shop\/ivf-training-courses\/hands-on-individual-courses\/05-how-to-implement-a-successful-pgt-program-3-days-nou-curs\/"]}]},{"@type":"ImageObject","inLanguage":"fr-FR","@id":"https:\/\/embryotools.com\/shop\/ivf-training-courses\/hands-on-individual-courses\/05-how-to-implement-a-successful-pgt-program-3-days-nou-curs\/#primaryimage","url":"https:\/\/embryotools.com\/wp-content\/uploads\/2018\/03\/hatching-blasto-biopsy-1.jpeg","contentUrl":"https:\/\/embryotools.com\/wp-content\/uploads\/2018\/03\/hatching-blasto-biopsy-1.jpeg","width":2048,"height":1536},{"@type":"BreadcrumbList","@id":"https:\/\/embryotools.com\/shop\/ivf-training-courses\/hands-on-individual-courses\/05-how-to-implement-a-successful-pgt-program-3-days-nou-curs\/#breadcrumb","itemListElement":[{"@type":"ListItem","position":1,"name":"Home","item":"https:\/\/embryotools.com\/"},{"@type":"ListItem","position":2,"name":"Shop","item":"https:\/\/embryotools.com\/shop\/"},{"@type":"ListItem","position":3,"name":"05 &#8211; Embryo biopsy: How to implement a successful PGT program"}]},{"@type":"WebSite","@id":"https:\/\/embryotools.com\/#website","url":"https:\/\/embryotools.com\/","name":"Embryotools","description":"for better results","publisher":{"@id":"https:\/\/embryotools.com\/#organization"},"potentialAction":[{"@type":"SearchAction","target":{"@type":"EntryPoint","urlTemplate":"https:\/\/embryotools.com\/?s={search_term_string}"},"query-input":{"@type":"PropertyValueSpecification","valueRequired":true,"valueName":"search_term_string"}}],"inLanguage":"fr-FR"},{"@type":"Organization","@id":"https:\/\/embryotools.com\/#organization","name":"Embryotools","url":"https:\/\/embryotools.com\/","logo":{"@type":"ImageObject","inLanguage":"fr-FR","@id":"https:\/\/embryotools.com\/#\/schema\/logo\/image\/","url":"https:\/\/embryotools.com\/wp-content\/uploads\/2017\/01\/embryotools_logo_trans_500-2.png","contentUrl":"https:\/\/embryotools.com\/wp-content\/uploads\/2017\/01\/embryotools_logo_trans_500-2.png","width":250,"height":59,"caption":"Embryotools"},"image":{"@id":"https:\/\/embryotools.com\/#\/schema\/logo\/image\/"},"sameAs":["https:\/\/www.facebook.com\/embryotools","https:\/\/x.com\/embryotools","https:\/\/www.linkedin.com\/company\/embryotools"]}]}},"_links":{"self":[{"href":"https:\/\/embryotools.com\/fr\/wp-json\/wp\/v2\/product\/20612","targetHints":{"allow":["GET"]}}],"collection":[{"href":"https:\/\/embryotools.com\/fr\/wp-json\/wp\/v2\/product"}],"about":[{"href":"https:\/\/embryotools.com\/fr\/wp-json\/wp\/v2\/types\/product"}],"wp:featuredmedia":[{"embeddable":true,"href":"https:\/\/embryotools.com\/fr\/wp-json\/wp\/v2\/media\/20242"}],"wp:attachment":[{"href":"https:\/\/embryotools.com\/fr\/wp-json\/wp\/v2\/media?parent=20612"}],"wp:term":[{"taxonomy":"product_brand","embeddable":true,"href":"https:\/\/embryotools.com\/fr\/wp-json\/wp\/v2\/product_brand?post=20612"},{"taxonomy":"product_cat","embeddable":true,"href":"https:\/\/embryotools.com\/fr\/wp-json\/wp\/v2\/product_cat?post=20612"},{"taxonomy":"product_tag","embeddable":true,"href":"https:\/\/embryotools.com\/fr\/wp-json\/wp\/v2\/product_tag?post=20612"}],"curies":[{"name":"wp","href":"https:\/\/api.w.org\/{rel}","templated":true}]}}