{"id":20605,"date":"2019-12-23T14:10:49","date_gmt":"2019-12-23T13:10:49","guid":{"rendered":"https:\/\/embryotools.com\/?post_type=product&#038;p=20605"},"modified":"2025-08-04T13:23:43","modified_gmt":"2025-08-04T11:23:43","slug":"04-cryopreservation-oocyte-embryo-and-blastocysts-and-assisted-hatching-3-days-nou-curs","status":"publish","type":"product","link":"https:\/\/embryotools.com\/fr\/shop\/ivf-training-courses\/hands-on-individual-courses\/04-cryopreservation-oocyte-embryo-and-blastocysts-and-assisted-hatching-3-days-nou-curs\/","title":{"rendered":"04 &#8211; Cong\u00e9lation (ovocytes, embryons et blastocystes) et \u00e9closion assist\u00e9e"},"content":{"rendered":"<p><\/p>\n<h1>Cong\u00e9lation (ovocytes, embryons et blastocystes) et \u00e9closion assist\u00e9e<\/h1>\n<p>&nbsp;<\/p>\n<h2><span style=\"font-size: 12pt;\">Objectifs du cours:<\/span><\/h2>\n<p>Ce cours de formation de trois jours est sp\u00e9cialement con\u00e7u pour les embryologistes qui souhaitent acqu\u00e9rir des comp\u00e9tences pratiques et mettre \u00e0 jour leurs connaissances sur les techniques de cong\u00e9lation des ovocytes, des embryons et des blastocystes. Le cours se concentrera sur des le\u00e7ons didactiques et pratiques intensives sur le syst\u00e8me et les milieux de vitrification que l&#8217;embryologiste doit mettre en \u0153uvre, en soulignant les trucs et astuces pour obtenir des r\u00e9sultats coh\u00e9rents. Tout au long des trois jours, les embryologistes auront l&rsquo;occasion de vitrifier et de r\u00e9chauffer un nombre illimit\u00e9 d&rsquo;ovocytes et d&#8217;embryons n\u00e9cessaires pour comprendre comment de petits d\u00e9tails importants peuvent affecter les r\u00e9sultats. Le cours couvre \u00e9galement les principes fondamentaux de la proc\u00e9dure d&rsquo;\u00e9closion assist\u00e9e et ses multiples applications \u00e0 diff\u00e9rents stades du d\u00e9veloppement. Introduction \u00e0 l&rsquo;\u00e9closion assist\u00e9e par laser et familiarisation avec les diff\u00e9rents modes de fonctionnement. \u00c9valuation et discussion de l&rsquo;effet de la taille du trou sur l&#8217;embryon en d\u00e9veloppement en cultivant des embryons trait\u00e9s dans un syst\u00e8me TL.<\/p>\n<h2>Programme scientifique:<\/h2>\n<h2><span style=\"font-size: 12pt;\">Sessions th\u00e9oriques (dur\u00e9e 30-45 min):<\/span><\/h2>\n<ul>\n<li>\u201cOocyte and Embryo Vitrification: Theoretical and practical aspects\u201d<\/li>\n<\/ul>\n<h2><span style=\"font-size: 12pt;\">Sessions pratiques:<\/span><\/h2>\n<ul>\n<li>Vitrification et r\u00e9chauffement des ovocytes, en utilisant le syst\u00e8me de vitrification de votre choix.<\/li>\n<li>Vitrification et r\u00e9chauffement d&#8217;embryons de souris au stade de clivage et de blastocystes, en utilisant le syst\u00e8me de vitrification de votre choix.<\/li>\n<li>Protocoles de vitrification et r\u00e9chauffement ultra-fast.<\/li>\n<li>Conseils et astuces pour maximiser les r\u00e9sultats.<\/li>\n<li>\u00c9closion assist\u00e9e d&#8217;embryons r\u00e9chauff\u00e9s.<\/li>\n<li>Culture d&#8217;embryons r\u00e9chauff\u00e9s et analyse de leur d\u00e9veloppement.<\/li>\n<\/ul>\n<p><strong>\u00c9quipe d&#8217;embryologistes assurant la formation:<\/strong><br \/>\nNuno Costa-Borges, PhD; Carolina Castell\u00f3, BSc; Enric Mestres, PhD; M\u00f2nica Acacio, MSc; Queralt Matia; MSc.<\/p>\n<p><span style=\"text-decoration: underline;\"><strong>Des certificats de participation seront remis aux stagiaires \u00e0 la fin du cours<\/strong><\/span>.<\/p>\n<p><strong>Dates:<\/strong> Trois jours de 09:00h \u00e0 16:30h (avec une pause caf\u00e9 et une pause d\u00e9jeuner de 30 minutes).<\/p>\n<p><strong>Prix:<\/strong> 3000 Euros.<\/p>\n<p>En fonction de votre exp\u00e9rience et de vos besoins, nous pouvons modifier la dur\u00e9e du cours et ajouter des jours de formation au prix de 1 100 euros par jour suppl\u00e9mentaire.<\/p>\n<p><strong>Lieu:<\/strong><br \/>\nLaboratoires d&rsquo;Embryotools<br \/>\nAvenida Doctor Mara\u00f1\u00f3n, 8<br \/>\nParc Cient\u00edfic de Barcelona<br \/>\n08028 Barcelone, Espagne<\/p>","protected":false},"excerpt":{"rendered":"<p>Ce cours de trois jours est destin\u00e9 aux embryologistes qui d\u00e9butent dans le domaine de la vitrification ou \u00e0 ceux qui pratiquent d\u00e9j\u00e0 la vitrification dans leur routine quotidienne, et m\u00eame s&rsquo;ils souhaitent simplement mettre \u00e0 jour leurs connaissances et apprendre quelques trucs et astuces pour am\u00e9liorer les r\u00e9sultats.<\/p>\n<p style=\"text-align: left;\"><em>Pour plus d&rsquo;informations, veuillez nous contacter \u00e0 l&rsquo;adresse suivante:<\/em> <span class=\"font_8\"><em><a href=\"mailto:training@embryotools.com\"><strong>training@embryotools.com<\/strong><\/a><\/em><\/span><\/p>\n","protected":false},"featured_media":20312,"template":"","meta":[],"product_brand":[],"product_cat":[181,134],"product_tag":[],"class_list":{"0":"post-20605","1":"product","2":"type-product","3":"status-publish","4":"has-post-thumbnail","6":"product_cat-hands-on-individual-courses","7":"product_cat-ivf-training-courses","9":"first","10":"instock","11":"downloadable","12":"virtual","13":"purchasable","14":"product-type-simple","15":"berocket_lgv_grid","16":"berocket_lgv_list_grid"},"yoast_head":"<!-- This site is optimized with the Yoast SEO plugin v27.4 - https:\/\/yoast.com\/product\/yoast-seo-wordpress\/ -->\n<title>04 - Cong\u00e9lation (ovocytes, embryons et blastocystes) et \u00e9closion assist\u00e9e - Embryotools<\/title>\n<meta name=\"robots\" content=\"index, follow, max-snippet:-1, max-image-preview:large, max-video-preview:-1\" \/>\n<link rel=\"canonical\" href=\"https:\/\/embryotools.com\/shop\/ivf-training-courses\/hands-on-individual-courses\/04-cryopreservation-oocyte-embryo-and-blastocysts-and-assisted-hatching-3-days-nou-curs\/\" \/>\n<meta name=\"twitter:card\" content=\"summary_large_image\" \/>\n<meta name=\"twitter:title\" content=\"04 - Cong\u00e9lation (ovocytes, embryons et blastocystes) et \u00e9closion assist\u00e9e - Embryotools\" \/>\n<meta name=\"twitter:description\" content=\"[:en]Three day course for those embryologists who are new in vitrification or for those who are already performing vitrification in their daily routine, and even thought they just want to update their knowledge and learn some tips and tricks to improve results.  &nbsp;  For further information please contact us at training@embryotools.com[:es]Curso de tres d\u00edas para aquellos embri\u00f3logos que se inician en la vitrificaci\u00f3n o para aquellos que ya est\u00e1n realizando vitrificaciones en su rutina diaria, e incluso piensan que s\u00f3lo quieren actualizar sus conocimientos y aprender algunos consejos y trucos para mejorar los resultados.  &nbsp;  Para m\u00e1s informaci\u00f3n por favor cont\u00e1ctenos en training@embryotools.com[:fr]Ce cours de trois jours est destin\u00e9 aux embryologistes qui d\u00e9butent dans le domaine de la vitrification ou \u00e0 ceux qui pratiquent d\u00e9j\u00e0 la vitrification dans leur routine quotidienne, et m\u00eame s&#039;ils souhaitent simplement mettre \u00e0 jour leurs connaissances et apprendre quelques trucs et astuces pour am\u00e9liorer les r\u00e9sultats. Pour plus d&#039;informations, veuillez nous contacter \u00e0 l&#039;adresse suivante: training@embryotools.com[:]\" \/>\n<meta name=\"twitter:image\" content=\"https:\/\/embryotools.com\/wp-content\/uploads\/2019\/05\/2014_11_18_Rink_Barcelona8304-e1556806856904.jpg\" \/>\n<meta name=\"twitter:site\" content=\"@embryotools\" \/>\n<meta name=\"twitter:label1\" content=\"Dur\u00e9e de lecture estim\u00e9e\" \/>\n\t<meta name=\"twitter:data1\" content=\"2 minutes\" \/>\n<script type=\"application\/ld+json\" class=\"yoast-schema-graph\">{\"@context\":\"https:\\\/\\\/schema.org\",\"@graph\":[{\"@type\":\"WebPage\",\"@id\":\"https:\\\/\\\/embryotools.com\\\/shop\\\/ivf-training-courses\\\/hands-on-individual-courses\\\/04-cryopreservation-oocyte-embryo-and-blastocysts-and-assisted-hatching-3-days-nou-curs\\\/\",\"url\":\"https:\\\/\\\/embryotools.com\\\/shop\\\/ivf-training-courses\\\/hands-on-individual-courses\\\/04-cryopreservation-oocyte-embryo-and-blastocysts-and-assisted-hatching-3-days-nou-curs\\\/\",\"name\":\"04 - Cong\u00e9lation (ovocytes, embryons et blastocystes) et \u00e9closion assist\u00e9e - Embryotools\",\"isPartOf\":{\"@id\":\"https:\\\/\\\/embryotools.com\\\/#website\"},\"primaryImageOfPage\":{\"@id\":\"https:\\\/\\\/embryotools.com\\\/shop\\\/ivf-training-courses\\\/hands-on-individual-courses\\\/04-cryopreservation-oocyte-embryo-and-blastocysts-and-assisted-hatching-3-days-nou-curs\\\/#primaryimage\"},\"image\":{\"@id\":\"https:\\\/\\\/embryotools.com\\\/shop\\\/ivf-training-courses\\\/hands-on-individual-courses\\\/04-cryopreservation-oocyte-embryo-and-blastocysts-and-assisted-hatching-3-days-nou-curs\\\/#primaryimage\"},\"thumbnailUrl\":\"https:\\\/\\\/embryotools.com\\\/wp-content\\\/uploads\\\/2019\\\/05\\\/2014_11_18_Rink_Barcelona8304-e1556806856904.jpg\",\"datePublished\":\"2019-12-23T13:10:49+00:00\",\"dateModified\":\"2025-08-04T11:23:43+00:00\",\"breadcrumb\":{\"@id\":\"https:\\\/\\\/embryotools.com\\\/shop\\\/ivf-training-courses\\\/hands-on-individual-courses\\\/04-cryopreservation-oocyte-embryo-and-blastocysts-and-assisted-hatching-3-days-nou-curs\\\/#breadcrumb\"},\"inLanguage\":\"fr-FR\",\"potentialAction\":[{\"@type\":\"ReadAction\",\"target\":[\"https:\\\/\\\/embryotools.com\\\/shop\\\/ivf-training-courses\\\/hands-on-individual-courses\\\/04-cryopreservation-oocyte-embryo-and-blastocysts-and-assisted-hatching-3-days-nou-curs\\\/\"]}]},{\"@type\":\"ImageObject\",\"inLanguage\":\"fr-FR\",\"@id\":\"https:\\\/\\\/embryotools.com\\\/shop\\\/ivf-training-courses\\\/hands-on-individual-courses\\\/04-cryopreservation-oocyte-embryo-and-blastocysts-and-assisted-hatching-3-days-nou-curs\\\/#primaryimage\",\"url\":\"https:\\\/\\\/embryotools.com\\\/wp-content\\\/uploads\\\/2019\\\/05\\\/2014_11_18_Rink_Barcelona8304-e1556806856904.jpg\",\"contentUrl\":\"https:\\\/\\\/embryotools.com\\\/wp-content\\\/uploads\\\/2019\\\/05\\\/2014_11_18_Rink_Barcelona8304-e1556806856904.jpg\",\"width\":4608,\"height\":3456},{\"@type\":\"BreadcrumbList\",\"@id\":\"https:\\\/\\\/embryotools.com\\\/shop\\\/ivf-training-courses\\\/hands-on-individual-courses\\\/04-cryopreservation-oocyte-embryo-and-blastocysts-and-assisted-hatching-3-days-nou-curs\\\/#breadcrumb\",\"itemListElement\":[{\"@type\":\"ListItem\",\"position\":1,\"name\":\"Home\",\"item\":\"https:\\\/\\\/embryotools.com\\\/\"},{\"@type\":\"ListItem\",\"position\":2,\"name\":\"Shop\",\"item\":\"https:\\\/\\\/embryotools.com\\\/shop\\\/\"},{\"@type\":\"ListItem\",\"position\":3,\"name\":\"04 &#8211; Cryopreservation (Oocytes, Embryos and Blastocysts) and Assisted Hatching\"}]},{\"@type\":\"WebSite\",\"@id\":\"https:\\\/\\\/embryotools.com\\\/#website\",\"url\":\"https:\\\/\\\/embryotools.com\\\/\",\"name\":\"Embryotools\",\"description\":\"for better results\",\"publisher\":{\"@id\":\"https:\\\/\\\/embryotools.com\\\/#organization\"},\"potentialAction\":[{\"@type\":\"SearchAction\",\"target\":{\"@type\":\"EntryPoint\",\"urlTemplate\":\"https:\\\/\\\/embryotools.com\\\/?s={search_term_string}\"},\"query-input\":{\"@type\":\"PropertyValueSpecification\",\"valueRequired\":true,\"valueName\":\"search_term_string\"}}],\"inLanguage\":\"fr-FR\"},{\"@type\":\"Organization\",\"@id\":\"https:\\\/\\\/embryotools.com\\\/#organization\",\"name\":\"Embryotools\",\"url\":\"https:\\\/\\\/embryotools.com\\\/\",\"logo\":{\"@type\":\"ImageObject\",\"inLanguage\":\"fr-FR\",\"@id\":\"https:\\\/\\\/embryotools.com\\\/#\\\/schema\\\/logo\\\/image\\\/\",\"url\":\"https:\\\/\\\/embryotools.com\\\/wp-content\\\/uploads\\\/2017\\\/01\\\/embryotools_logo_trans_500-2.png\",\"contentUrl\":\"https:\\\/\\\/embryotools.com\\\/wp-content\\\/uploads\\\/2017\\\/01\\\/embryotools_logo_trans_500-2.png\",\"width\":250,\"height\":59,\"caption\":\"Embryotools\"},\"image\":{\"@id\":\"https:\\\/\\\/embryotools.com\\\/#\\\/schema\\\/logo\\\/image\\\/\"},\"sameAs\":[\"https:\\\/\\\/www.facebook.com\\\/embryotools\",\"https:\\\/\\\/x.com\\\/embryotools\",\"https:\\\/\\\/www.linkedin.com\\\/company\\\/embryotools\"]}]}<\/script>\n<!-- \/ Yoast SEO plugin. -->","yoast_head_json":{"title":"04 - Cong\u00e9lation (ovocytes, embryons et blastocystes) et \u00e9closion assist\u00e9e - Embryotools","robots":{"index":"index","follow":"follow","max-snippet":"max-snippet:-1","max-image-preview":"max-image-preview:large","max-video-preview":"max-video-preview:-1"},"canonical":"https:\/\/embryotools.com\/shop\/ivf-training-courses\/hands-on-individual-courses\/04-cryopreservation-oocyte-embryo-and-blastocysts-and-assisted-hatching-3-days-nou-curs\/","twitter_card":"summary_large_image","twitter_title":"04 - Cong\u00e9lation (ovocytes, embryons et blastocystes) et \u00e9closion assist\u00e9e - Embryotools","twitter_description":"[:en]Three day course for those embryologists who are new in vitrification or for those who are already performing vitrification in their daily routine, and even thought they just want to update their knowledge and learn some tips and tricks to improve results.  &nbsp;  For further information please contact us at training@embryotools.com[:es]Curso de tres d\u00edas para aquellos embri\u00f3logos que se inician en la vitrificaci\u00f3n o para aquellos que ya est\u00e1n realizando vitrificaciones en su rutina diaria, e incluso piensan que s\u00f3lo quieren actualizar sus conocimientos y aprender algunos consejos y trucos para mejorar los resultados.  &nbsp;  Para m\u00e1s informaci\u00f3n por favor cont\u00e1ctenos en training@embryotools.com[:fr]Ce cours de trois jours est destin\u00e9 aux embryologistes qui d\u00e9butent dans le domaine de la vitrification ou \u00e0 ceux qui pratiquent d\u00e9j\u00e0 la vitrification dans leur routine quotidienne, et m\u00eame s'ils souhaitent simplement mettre \u00e0 jour leurs connaissances et apprendre quelques trucs et astuces pour am\u00e9liorer les r\u00e9sultats. Pour plus d'informations, veuillez nous contacter \u00e0 l'adresse suivante: training@embryotools.com[:]","twitter_image":"https:\/\/embryotools.com\/wp-content\/uploads\/2019\/05\/2014_11_18_Rink_Barcelona8304-e1556806856904.jpg","twitter_site":"@embryotools","twitter_misc":{"Dur\u00e9e de lecture estim\u00e9e":"2 minutes"},"schema":{"@context":"https:\/\/schema.org","@graph":[{"@type":"WebPage","@id":"https:\/\/embryotools.com\/shop\/ivf-training-courses\/hands-on-individual-courses\/04-cryopreservation-oocyte-embryo-and-blastocysts-and-assisted-hatching-3-days-nou-curs\/","url":"https:\/\/embryotools.com\/shop\/ivf-training-courses\/hands-on-individual-courses\/04-cryopreservation-oocyte-embryo-and-blastocysts-and-assisted-hatching-3-days-nou-curs\/","name":"04 - Cong\u00e9lation (ovocytes, embryons et blastocystes) et \u00e9closion assist\u00e9e - Embryotools","isPartOf":{"@id":"https:\/\/embryotools.com\/#website"},"primaryImageOfPage":{"@id":"https:\/\/embryotools.com\/shop\/ivf-training-courses\/hands-on-individual-courses\/04-cryopreservation-oocyte-embryo-and-blastocysts-and-assisted-hatching-3-days-nou-curs\/#primaryimage"},"image":{"@id":"https:\/\/embryotools.com\/shop\/ivf-training-courses\/hands-on-individual-courses\/04-cryopreservation-oocyte-embryo-and-blastocysts-and-assisted-hatching-3-days-nou-curs\/#primaryimage"},"thumbnailUrl":"https:\/\/embryotools.com\/wp-content\/uploads\/2019\/05\/2014_11_18_Rink_Barcelona8304-e1556806856904.jpg","datePublished":"2019-12-23T13:10:49+00:00","dateModified":"2025-08-04T11:23:43+00:00","breadcrumb":{"@id":"https:\/\/embryotools.com\/shop\/ivf-training-courses\/hands-on-individual-courses\/04-cryopreservation-oocyte-embryo-and-blastocysts-and-assisted-hatching-3-days-nou-curs\/#breadcrumb"},"inLanguage":"fr-FR","potentialAction":[{"@type":"ReadAction","target":["https:\/\/embryotools.com\/shop\/ivf-training-courses\/hands-on-individual-courses\/04-cryopreservation-oocyte-embryo-and-blastocysts-and-assisted-hatching-3-days-nou-curs\/"]}]},{"@type":"ImageObject","inLanguage":"fr-FR","@id":"https:\/\/embryotools.com\/shop\/ivf-training-courses\/hands-on-individual-courses\/04-cryopreservation-oocyte-embryo-and-blastocysts-and-assisted-hatching-3-days-nou-curs\/#primaryimage","url":"https:\/\/embryotools.com\/wp-content\/uploads\/2019\/05\/2014_11_18_Rink_Barcelona8304-e1556806856904.jpg","contentUrl":"https:\/\/embryotools.com\/wp-content\/uploads\/2019\/05\/2014_11_18_Rink_Barcelona8304-e1556806856904.jpg","width":4608,"height":3456},{"@type":"BreadcrumbList","@id":"https:\/\/embryotools.com\/shop\/ivf-training-courses\/hands-on-individual-courses\/04-cryopreservation-oocyte-embryo-and-blastocysts-and-assisted-hatching-3-days-nou-curs\/#breadcrumb","itemListElement":[{"@type":"ListItem","position":1,"name":"Home","item":"https:\/\/embryotools.com\/"},{"@type":"ListItem","position":2,"name":"Shop","item":"https:\/\/embryotools.com\/shop\/"},{"@type":"ListItem","position":3,"name":"04 &#8211; Cryopreservation (Oocytes, Embryos and Blastocysts) and Assisted Hatching"}]},{"@type":"WebSite","@id":"https:\/\/embryotools.com\/#website","url":"https:\/\/embryotools.com\/","name":"Embryotools","description":"for better results","publisher":{"@id":"https:\/\/embryotools.com\/#organization"},"potentialAction":[{"@type":"SearchAction","target":{"@type":"EntryPoint","urlTemplate":"https:\/\/embryotools.com\/?s={search_term_string}"},"query-input":{"@type":"PropertyValueSpecification","valueRequired":true,"valueName":"search_term_string"}}],"inLanguage":"fr-FR"},{"@type":"Organization","@id":"https:\/\/embryotools.com\/#organization","name":"Embryotools","url":"https:\/\/embryotools.com\/","logo":{"@type":"ImageObject","inLanguage":"fr-FR","@id":"https:\/\/embryotools.com\/#\/schema\/logo\/image\/","url":"https:\/\/embryotools.com\/wp-content\/uploads\/2017\/01\/embryotools_logo_trans_500-2.png","contentUrl":"https:\/\/embryotools.com\/wp-content\/uploads\/2017\/01\/embryotools_logo_trans_500-2.png","width":250,"height":59,"caption":"Embryotools"},"image":{"@id":"https:\/\/embryotools.com\/#\/schema\/logo\/image\/"},"sameAs":["https:\/\/www.facebook.com\/embryotools","https:\/\/x.com\/embryotools","https:\/\/www.linkedin.com\/company\/embryotools"]}]}},"_links":{"self":[{"href":"https:\/\/embryotools.com\/fr\/wp-json\/wp\/v2\/product\/20605","targetHints":{"allow":["GET"]}}],"collection":[{"href":"https:\/\/embryotools.com\/fr\/wp-json\/wp\/v2\/product"}],"about":[{"href":"https:\/\/embryotools.com\/fr\/wp-json\/wp\/v2\/types\/product"}],"wp:featuredmedia":[{"embeddable":true,"href":"https:\/\/embryotools.com\/fr\/wp-json\/wp\/v2\/media\/20312"}],"wp:attachment":[{"href":"https:\/\/embryotools.com\/fr\/wp-json\/wp\/v2\/media?parent=20605"}],"wp:term":[{"taxonomy":"product_brand","embeddable":true,"href":"https:\/\/embryotools.com\/fr\/wp-json\/wp\/v2\/product_brand?post=20605"},{"taxonomy":"product_cat","embeddable":true,"href":"https:\/\/embryotools.com\/fr\/wp-json\/wp\/v2\/product_cat?post=20605"},{"taxonomy":"product_tag","embeddable":true,"href":"https:\/\/embryotools.com\/fr\/wp-json\/wp\/v2\/product_tag?post=20605"}],"curies":[{"name":"wp","href":"https:\/\/api.w.org\/{rel}","templated":true}]}}