{"id":20600,"date":"2019-12-23T13:47:58","date_gmt":"2019-12-23T12:47:58","guid":{"rendered":"https:\/\/embryotools.com\/?post_type=product&#038;p=20600"},"modified":"2025-07-02T13:37:46","modified_gmt":"2025-07-02T11:37:46","slug":"02-an-overview-in-ivf-techniques-3-days-nou-curs","status":"publish","type":"product","link":"https:\/\/embryotools.com\/fr\/shop\/ivf-training-courses\/hands-on-individual-courses\/02-an-overview-in-ivf-techniques-3-days-nou-curs\/","title":{"rendered":"02 &#8211; Un aper\u00e7u des techniques de FIV"},"content":{"rendered":"<p><\/p>\n<h1>Un aper\u00e7u des techniques de FIV<\/h1>\n<p>&nbsp;<\/p>\n<h4>Objectifs du cours:<\/h4>\n<p>L&rsquo;objectif de ce programme de formation est d&rsquo;offrir une formation pratique de base sur les techniques utilis\u00e9es dans un laboratoire de FIV. Le cours mettra l&rsquo;accent sur la formation de base \u00e0 une v\u00e9ritable organisation de la FIV en utilisant un nombre illimit\u00e9 d&rsquo;\u00e9chantillons. Apr\u00e8s le cours, les connaissances pratiques acquises au sein d&rsquo;Embryotools devraient aider le stagiaire \u00e0 se familiariser avec la pratique des laboratoires de FIV et toutes les techniques actuellement utilis\u00e9es en routine clinique.<\/p>\n<h2>Programme scientifique:<\/h2>\n<h4>S\u00e9ance th\u00e9orique (dur\u00e9e 30-45 min):<\/h4>\n<ul>\n<li>\u201cQuality Control and Quality Assessment in the IVF lab\u201c<\/li>\n<\/ul>\n<h4>S\u00e9ances pratiques:<\/h4>\n<p>Avec la possibilit\u00e9 d&rsquo;entrer en contact avec la technologie et l&rsquo;\u00e9quipement les plus modernes actuellement disponibles dans le domaine de la FIV et avec un nombre illimit\u00e9 d&rsquo;\u00e9chantillons et de consommables, le stagiaire sera en mesure de visualiser et de comprendre les proc\u00e9dures suivantes :<\/p>\n<ul>\n<li>Manipulation des ovocytes et des embryons \u00e0 l&rsquo;aide de diff\u00e9rents types de dispositifs de pipetage.<\/li>\n<li>\u00c9valuation de la morphologie de l&rsquo;ovocyte, du zygote, de l&#8217;embryon et du blastocyste.<\/li>\n<li>Culture d&#8217;embryons jusqu&rsquo;au jour 5\/6.<\/li>\n<li>Transfert d&#8217;embryon du point de vue du laboratoire : avantages et inconv\u00e9nients des diff\u00e9rentes mani\u00e8res de charger le cath\u00e9ter.<\/li>\n<li>Mesures de la temp\u00e9rature.<\/li>\n<li>D\u00e9gagement gazeux des produits consommables.<\/li>\n<li>Manipulation des milieux et de l&rsquo;huile : aliquotage, stockage, pr\u00e9paration des boites de culture ( les m\u00e9thodes overlaid et underlaid ) pour la manipulation et la culture des gam\u00e8tes et des embryons.<\/li>\n<li>Techniques aseptiques pour la manipulation des milieux de culture, des produits consommables, des gam\u00e8tes et des embryons.<\/li>\n<li>Mesure du pH, du CO2 sur diff\u00e9rents types d&rsquo;incubateurs en utilisant les m\u00e9thodologies et les appareils les plus pr\u00e9cis.<\/li>\n<li>Pr\u00e9paration des boites et des milieux pour l&rsquo;ICSI.<\/li>\n<li>Mise en place des boites et des milieux pour l&rsquo;ICSI.<\/li>\n<li>Mise en place du micromanipulateur et des pipettes.<\/li>\n<li>Aper\u00e7u de la technique de l&rsquo;ICSI.<\/li>\n<li>Analyse, pr\u00e9paration, s\u00e9lection et capture des spermatozo\u00efdes.<\/li>\n<li>\u00c9closion assist\u00e9e d&#8217;embryons frais et congel\u00e9s et de blastocystes.<\/li>\n<li>Vitrification des ovocytes et des embryons.<\/li>\n<\/ul>\n<p><strong>\u00c9quipe d&#8217;embryologistes assurant la formation:<br \/>\n<\/strong>Nuno Costa-Borges, PhD; Carolina Castell\u00f3, BSc; Enric Mestres, PhD; M\u00f2nica Acacio, MSc; Queralt Matia; MSc.<\/p>\n<p><span style=\"text-decoration: underline;\"><strong>Des certificats de participation seront remis aux stagiaires \u00e0 la fin du cours.<\/strong><\/span><\/p>\n<p><strong>Date:<\/strong> Trois jours\u00a0de 09:00h \u00e0 16:30h (avec une pause caf\u00e9 et une pause d\u00e9jeuner de 30 minutes).<\/p>\n<p><strong>Prix:\u00a0<\/strong>3000 Euros.<\/p>\n<p>En fonction de votre exp\u00e9rience et de vos besoins, nous pouvons modifier la formation en ajoutant des jours suppl\u00e9mentaires au cours.<\/p>\n<p><strong>Lieu:<\/strong><br \/>\nLaboratoires d&rsquo;Embryotools<br \/>\nAvenida Doctor Mara\u00f1\u00f3n, 8<br \/>\nParc Cient\u00edfic de Barcelona<br \/>\n08028 Barcelone, Espagne<\/p>\n<p>&nbsp;<\/p>","protected":false},"excerpt":{"rendered":"<p style=\"text-align: left;\">Cours de trois jours enti\u00e8rement pratique: pr\u00e9l\u00e8vement d&rsquo;ovocytes, culture d&#8217;embryons, classification des embryons et transfert.<br \/>\nId\u00e9al pour les jeunes embryologistes qui d\u00e9butent dans le laboratoire d&#8217;embryologie. Ils termineront le cours avec des informations compl\u00e8tes et des travaux pratiques.<\/p>\n<p style=\"text-align: left;\">Pour plus d&rsquo;informations, veuillez nous contacter \u00e0 l&rsquo;adresse suivante: <span class=\"font_8\"><em> <a href=\"mailto:training@embryotools.com\"><strong>training@embryotools.com<\/strong><\/a><\/em><\/span><\/p>\n","protected":false},"featured_media":20220,"template":"","meta":[],"product_brand":[],"product_cat":[181,134],"product_tag":[],"class_list":{"0":"post-20600","1":"product","2":"type-product","3":"status-publish","4":"has-post-thumbnail","6":"product_cat-hands-on-individual-courses","7":"product_cat-ivf-training-courses","9":"first","10":"instock","11":"downloadable","12":"virtual","13":"purchasable","14":"product-type-simple","15":"berocket_lgv_grid","16":"berocket_lgv_list_grid"},"yoast_head":"<!-- This site is optimized with the Yoast SEO plugin v27.4 - https:\/\/yoast.com\/product\/yoast-seo-wordpress\/ -->\n<title>02 - Un aper\u00e7u des techniques de FIV - Embryotools<\/title>\n<meta name=\"robots\" content=\"index, follow, max-snippet:-1, max-image-preview:large, max-video-preview:-1\" \/>\n<link rel=\"canonical\" href=\"https:\/\/embryotools.com\/shop\/ivf-training-courses\/hands-on-individual-courses\/02-an-overview-in-ivf-techniques-3-days-nou-curs\/\" \/>\n<meta name=\"twitter:card\" content=\"summary_large_image\" \/>\n<meta name=\"twitter:title\" content=\"02 - Un aper\u00e7u des techniques de FIV - Embryotools\" \/>\n<meta name=\"twitter:description\" content=\"[:en]Three day course full hands-on Oocyte pick-up, embryo culture, embryo grading and transfer. Ideal for young embryologists who start new in the embryology lab. They will end the course with full information and hands-on.  &nbsp;  For further information please contact us at training@embryotools.com[:es]Curso de tres d\u00edas donde se practicar\u00e1 la obtenci\u00f3n de ovocitos, as\u00ed como el cultivo, clasificaci\u00f3n y transferencia de embriones.  Ideal para j\u00f3venes embri\u00f3logos que empiezan en el laboratorio de embriolog\u00eda. Al final del curso se adquirir\u00e1 de forma completa toda la informaci\u00f3n te\u00f3rica y pr\u00e1ctica relacionada con las t\u00e9cnicas de FIV.  &nbsp;  &nbsp;  Para m\u00e1s informaci\u00f3n por favor cont\u00e1ctenos en training@embryotools.com[:fr]Cours de trois jours enti\u00e8rement pratique: pr\u00e9l\u00e8vement d&#039;ovocytes, culture d&#039;embryons, classification des embryons et transfert. Id\u00e9al pour les jeunes embryologistes qui d\u00e9butent dans le laboratoire d&#039;embryologie. Ils termineront le cours avec des informations compl\u00e8tes et des travaux pratiques. Pour plus d&#039;informations, veuillez nous contacter \u00e0 l&#039;adresse suivante: training@embryotools.com[:]\" \/>\n<meta name=\"twitter:image\" content=\"https:\/\/embryotools.com\/wp-content\/uploads\/2018\/03\/2014_11_18_Rink_Barcelona8288.jpg\" \/>\n<meta name=\"twitter:site\" content=\"@embryotools\" \/>\n<meta name=\"twitter:label1\" content=\"Dur\u00e9e de lecture estim\u00e9e\" \/>\n\t<meta name=\"twitter:data1\" content=\"1 minute\" \/>\n<script type=\"application\/ld+json\" class=\"yoast-schema-graph\">{\"@context\":\"https:\\\/\\\/schema.org\",\"@graph\":[{\"@type\":\"WebPage\",\"@id\":\"https:\\\/\\\/embryotools.com\\\/shop\\\/ivf-training-courses\\\/hands-on-individual-courses\\\/02-an-overview-in-ivf-techniques-3-days-nou-curs\\\/\",\"url\":\"https:\\\/\\\/embryotools.com\\\/shop\\\/ivf-training-courses\\\/hands-on-individual-courses\\\/02-an-overview-in-ivf-techniques-3-days-nou-curs\\\/\",\"name\":\"02 - Un aper\u00e7u des techniques de FIV - Embryotools\",\"isPartOf\":{\"@id\":\"https:\\\/\\\/embryotools.com\\\/#website\"},\"primaryImageOfPage\":{\"@id\":\"https:\\\/\\\/embryotools.com\\\/shop\\\/ivf-training-courses\\\/hands-on-individual-courses\\\/02-an-overview-in-ivf-techniques-3-days-nou-curs\\\/#primaryimage\"},\"image\":{\"@id\":\"https:\\\/\\\/embryotools.com\\\/shop\\\/ivf-training-courses\\\/hands-on-individual-courses\\\/02-an-overview-in-ivf-techniques-3-days-nou-curs\\\/#primaryimage\"},\"thumbnailUrl\":\"https:\\\/\\\/embryotools.com\\\/wp-content\\\/uploads\\\/2018\\\/03\\\/2014_11_18_Rink_Barcelona8288.jpg\",\"datePublished\":\"2019-12-23T12:47:58+00:00\",\"dateModified\":\"2025-07-02T11:37:46+00:00\",\"breadcrumb\":{\"@id\":\"https:\\\/\\\/embryotools.com\\\/shop\\\/ivf-training-courses\\\/hands-on-individual-courses\\\/02-an-overview-in-ivf-techniques-3-days-nou-curs\\\/#breadcrumb\"},\"inLanguage\":\"fr-FR\",\"potentialAction\":[{\"@type\":\"ReadAction\",\"target\":[\"https:\\\/\\\/embryotools.com\\\/shop\\\/ivf-training-courses\\\/hands-on-individual-courses\\\/02-an-overview-in-ivf-techniques-3-days-nou-curs\\\/\"]}]},{\"@type\":\"ImageObject\",\"inLanguage\":\"fr-FR\",\"@id\":\"https:\\\/\\\/embryotools.com\\\/shop\\\/ivf-training-courses\\\/hands-on-individual-courses\\\/02-an-overview-in-ivf-techniques-3-days-nou-curs\\\/#primaryimage\",\"url\":\"https:\\\/\\\/embryotools.com\\\/wp-content\\\/uploads\\\/2018\\\/03\\\/2014_11_18_Rink_Barcelona8288.jpg\",\"contentUrl\":\"https:\\\/\\\/embryotools.com\\\/wp-content\\\/uploads\\\/2018\\\/03\\\/2014_11_18_Rink_Barcelona8288.jpg\",\"width\":4608,\"height\":3456},{\"@type\":\"BreadcrumbList\",\"@id\":\"https:\\\/\\\/embryotools.com\\\/shop\\\/ivf-training-courses\\\/hands-on-individual-courses\\\/02-an-overview-in-ivf-techniques-3-days-nou-curs\\\/#breadcrumb\",\"itemListElement\":[{\"@type\":\"ListItem\",\"position\":1,\"name\":\"Home\",\"item\":\"https:\\\/\\\/embryotools.com\\\/\"},{\"@type\":\"ListItem\",\"position\":2,\"name\":\"Shop\",\"item\":\"https:\\\/\\\/embryotools.com\\\/shop\\\/\"},{\"@type\":\"ListItem\",\"position\":3,\"name\":\"02 &#8211; An Overview on IVF techniques\"}]},{\"@type\":\"WebSite\",\"@id\":\"https:\\\/\\\/embryotools.com\\\/#website\",\"url\":\"https:\\\/\\\/embryotools.com\\\/\",\"name\":\"Embryotools\",\"description\":\"for better results\",\"publisher\":{\"@id\":\"https:\\\/\\\/embryotools.com\\\/#organization\"},\"potentialAction\":[{\"@type\":\"SearchAction\",\"target\":{\"@type\":\"EntryPoint\",\"urlTemplate\":\"https:\\\/\\\/embryotools.com\\\/?s={search_term_string}\"},\"query-input\":{\"@type\":\"PropertyValueSpecification\",\"valueRequired\":true,\"valueName\":\"search_term_string\"}}],\"inLanguage\":\"fr-FR\"},{\"@type\":\"Organization\",\"@id\":\"https:\\\/\\\/embryotools.com\\\/#organization\",\"name\":\"Embryotools\",\"url\":\"https:\\\/\\\/embryotools.com\\\/\",\"logo\":{\"@type\":\"ImageObject\",\"inLanguage\":\"fr-FR\",\"@id\":\"https:\\\/\\\/embryotools.com\\\/#\\\/schema\\\/logo\\\/image\\\/\",\"url\":\"https:\\\/\\\/embryotools.com\\\/wp-content\\\/uploads\\\/2017\\\/01\\\/embryotools_logo_trans_500-2.png\",\"contentUrl\":\"https:\\\/\\\/embryotools.com\\\/wp-content\\\/uploads\\\/2017\\\/01\\\/embryotools_logo_trans_500-2.png\",\"width\":250,\"height\":59,\"caption\":\"Embryotools\"},\"image\":{\"@id\":\"https:\\\/\\\/embryotools.com\\\/#\\\/schema\\\/logo\\\/image\\\/\"},\"sameAs\":[\"https:\\\/\\\/www.facebook.com\\\/embryotools\",\"https:\\\/\\\/x.com\\\/embryotools\",\"https:\\\/\\\/www.linkedin.com\\\/company\\\/embryotools\"]}]}<\/script>\n<!-- \/ Yoast SEO plugin. -->","yoast_head_json":{"title":"02 - Un aper\u00e7u des techniques de FIV - Embryotools","robots":{"index":"index","follow":"follow","max-snippet":"max-snippet:-1","max-image-preview":"max-image-preview:large","max-video-preview":"max-video-preview:-1"},"canonical":"https:\/\/embryotools.com\/shop\/ivf-training-courses\/hands-on-individual-courses\/02-an-overview-in-ivf-techniques-3-days-nou-curs\/","twitter_card":"summary_large_image","twitter_title":"02 - Un aper\u00e7u des techniques de FIV - Embryotools","twitter_description":"[:en]Three day course full hands-on Oocyte pick-up, embryo culture, embryo grading and transfer. Ideal for young embryologists who start new in the embryology lab. They will end the course with full information and hands-on.  &nbsp;  For further information please contact us at training@embryotools.com[:es]Curso de tres d\u00edas donde se practicar\u00e1 la obtenci\u00f3n de ovocitos, as\u00ed como el cultivo, clasificaci\u00f3n y transferencia de embriones.  Ideal para j\u00f3venes embri\u00f3logos que empiezan en el laboratorio de embriolog\u00eda. Al final del curso se adquirir\u00e1 de forma completa toda la informaci\u00f3n te\u00f3rica y pr\u00e1ctica relacionada con las t\u00e9cnicas de FIV.  &nbsp;  &nbsp;  Para m\u00e1s informaci\u00f3n por favor cont\u00e1ctenos en training@embryotools.com[:fr]Cours de trois jours enti\u00e8rement pratique: pr\u00e9l\u00e8vement d'ovocytes, culture d'embryons, classification des embryons et transfert. Id\u00e9al pour les jeunes embryologistes qui d\u00e9butent dans le laboratoire d'embryologie. Ils termineront le cours avec des informations compl\u00e8tes et des travaux pratiques. Pour plus d'informations, veuillez nous contacter \u00e0 l'adresse suivante: training@embryotools.com[:]","twitter_image":"https:\/\/embryotools.com\/wp-content\/uploads\/2018\/03\/2014_11_18_Rink_Barcelona8288.jpg","twitter_site":"@embryotools","twitter_misc":{"Dur\u00e9e de lecture estim\u00e9e":"1 minute"},"schema":{"@context":"https:\/\/schema.org","@graph":[{"@type":"WebPage","@id":"https:\/\/embryotools.com\/shop\/ivf-training-courses\/hands-on-individual-courses\/02-an-overview-in-ivf-techniques-3-days-nou-curs\/","url":"https:\/\/embryotools.com\/shop\/ivf-training-courses\/hands-on-individual-courses\/02-an-overview-in-ivf-techniques-3-days-nou-curs\/","name":"02 - Un aper\u00e7u des techniques de FIV - Embryotools","isPartOf":{"@id":"https:\/\/embryotools.com\/#website"},"primaryImageOfPage":{"@id":"https:\/\/embryotools.com\/shop\/ivf-training-courses\/hands-on-individual-courses\/02-an-overview-in-ivf-techniques-3-days-nou-curs\/#primaryimage"},"image":{"@id":"https:\/\/embryotools.com\/shop\/ivf-training-courses\/hands-on-individual-courses\/02-an-overview-in-ivf-techniques-3-days-nou-curs\/#primaryimage"},"thumbnailUrl":"https:\/\/embryotools.com\/wp-content\/uploads\/2018\/03\/2014_11_18_Rink_Barcelona8288.jpg","datePublished":"2019-12-23T12:47:58+00:00","dateModified":"2025-07-02T11:37:46+00:00","breadcrumb":{"@id":"https:\/\/embryotools.com\/shop\/ivf-training-courses\/hands-on-individual-courses\/02-an-overview-in-ivf-techniques-3-days-nou-curs\/#breadcrumb"},"inLanguage":"fr-FR","potentialAction":[{"@type":"ReadAction","target":["https:\/\/embryotools.com\/shop\/ivf-training-courses\/hands-on-individual-courses\/02-an-overview-in-ivf-techniques-3-days-nou-curs\/"]}]},{"@type":"ImageObject","inLanguage":"fr-FR","@id":"https:\/\/embryotools.com\/shop\/ivf-training-courses\/hands-on-individual-courses\/02-an-overview-in-ivf-techniques-3-days-nou-curs\/#primaryimage","url":"https:\/\/embryotools.com\/wp-content\/uploads\/2018\/03\/2014_11_18_Rink_Barcelona8288.jpg","contentUrl":"https:\/\/embryotools.com\/wp-content\/uploads\/2018\/03\/2014_11_18_Rink_Barcelona8288.jpg","width":4608,"height":3456},{"@type":"BreadcrumbList","@id":"https:\/\/embryotools.com\/shop\/ivf-training-courses\/hands-on-individual-courses\/02-an-overview-in-ivf-techniques-3-days-nou-curs\/#breadcrumb","itemListElement":[{"@type":"ListItem","position":1,"name":"Home","item":"https:\/\/embryotools.com\/"},{"@type":"ListItem","position":2,"name":"Shop","item":"https:\/\/embryotools.com\/shop\/"},{"@type":"ListItem","position":3,"name":"02 &#8211; An Overview on IVF techniques"}]},{"@type":"WebSite","@id":"https:\/\/embryotools.com\/#website","url":"https:\/\/embryotools.com\/","name":"Embryotools","description":"for better results","publisher":{"@id":"https:\/\/embryotools.com\/#organization"},"potentialAction":[{"@type":"SearchAction","target":{"@type":"EntryPoint","urlTemplate":"https:\/\/embryotools.com\/?s={search_term_string}"},"query-input":{"@type":"PropertyValueSpecification","valueRequired":true,"valueName":"search_term_string"}}],"inLanguage":"fr-FR"},{"@type":"Organization","@id":"https:\/\/embryotools.com\/#organization","name":"Embryotools","url":"https:\/\/embryotools.com\/","logo":{"@type":"ImageObject","inLanguage":"fr-FR","@id":"https:\/\/embryotools.com\/#\/schema\/logo\/image\/","url":"https:\/\/embryotools.com\/wp-content\/uploads\/2017\/01\/embryotools_logo_trans_500-2.png","contentUrl":"https:\/\/embryotools.com\/wp-content\/uploads\/2017\/01\/embryotools_logo_trans_500-2.png","width":250,"height":59,"caption":"Embryotools"},"image":{"@id":"https:\/\/embryotools.com\/#\/schema\/logo\/image\/"},"sameAs":["https:\/\/www.facebook.com\/embryotools","https:\/\/x.com\/embryotools","https:\/\/www.linkedin.com\/company\/embryotools"]}]}},"_links":{"self":[{"href":"https:\/\/embryotools.com\/fr\/wp-json\/wp\/v2\/product\/20600","targetHints":{"allow":["GET"]}}],"collection":[{"href":"https:\/\/embryotools.com\/fr\/wp-json\/wp\/v2\/product"}],"about":[{"href":"https:\/\/embryotools.com\/fr\/wp-json\/wp\/v2\/types\/product"}],"wp:featuredmedia":[{"embeddable":true,"href":"https:\/\/embryotools.com\/fr\/wp-json\/wp\/v2\/media\/20220"}],"wp:attachment":[{"href":"https:\/\/embryotools.com\/fr\/wp-json\/wp\/v2\/media?parent=20600"}],"wp:term":[{"taxonomy":"product_brand","embeddable":true,"href":"https:\/\/embryotools.com\/fr\/wp-json\/wp\/v2\/product_brand?post=20600"},{"taxonomy":"product_cat","embeddable":true,"href":"https:\/\/embryotools.com\/fr\/wp-json\/wp\/v2\/product_cat?post=20600"},{"taxonomy":"product_tag","embeddable":true,"href":"https:\/\/embryotools.com\/fr\/wp-json\/wp\/v2\/product_tag?post=20600"}],"curies":[{"name":"wp","href":"https:\/\/api.w.org\/{rel}","templated":true}]}}