{"id":20595,"date":"2019-12-23T13:31:57","date_gmt":"2019-12-23T12:31:57","guid":{"rendered":"https:\/\/embryotools.com\/?post_type=product&#038;p=20595"},"modified":"2025-11-24T11:23:54","modified_gmt":"2025-11-24T10:23:54","slug":"03-icsi-techniques-how-to-inject-in-a-less-invasive-way-nou-curs","status":"publish","type":"product","link":"https:\/\/embryotools.com\/fr\/shop\/ivf-training-courses\/hands-on-individual-courses\/03-icsi-techniques-how-to-inject-in-a-less-invasive-way-nou-curs\/","title":{"rendered":"03 &#8211; Techniques d&rsquo;ICSI: comment injecter de mani\u00e8re moins invasive"},"content":{"rendered":"<p><\/p>\n<h1>Techniques d&rsquo;ICSI : comment injecter de mani\u00e8re moins invasive<\/h1>\n<p>&nbsp;<\/p>\n<h2><span style=\"font-size: 12pt;\">Objectifs du cours:<\/span><\/h2>\n<p>Ce cours est sp\u00e9cifiquement con\u00e7u pour les embryologistes int\u00e9ress\u00e9s \u00e0 acqu\u00e9rir des comp\u00e9tences pratiques et \u00e0 mettre \u00e0 jour leurs connaissances sur la technique de l&rsquo;ICSI. Le cours se concentrera sur des le\u00e7ons didactiques et pratiques intensives sur la proc\u00e9dure d&rsquo;ICSI, la rupture de la membrane de l&rsquo;ovocyte par pression, la pr\u00e9vention de l&rsquo;aspiration du cytoplasme et l&rsquo;am\u00e9lioration de la qualit\u00e9 de l&#8217;embryon.<\/p>\n<p>Tout au long du cours, les embryologistes auront l&rsquo;occasion de se familiariser avec les derni\u00e8res technologies actuellement disponibles dans le domaine.<\/p>\n<h2><strong>Programme scientifique:<\/strong><\/h2>\n<h4>S\u00e9ance th\u00e9orique (dur\u00e9e 30-45 min):<\/h4>\n<ul>\n<li>\u201cICSI not all injections are the same \u201c<\/li>\n<\/ul>\n<h4><strong>S\u00e9ances pratiques:<\/strong><\/h4>\n<ul>\n<li>Pr\u00e9paration des bo\u00eetes et des milieux pour l&rsquo;ICSI.<\/li>\n<li>Mise en place du micromanipulateur et des pipettes.<\/li>\n<li>S\u00e9lection et capture des spermatozo\u00efdes.<\/li>\n<li>Rotation des ovocytes et micro-injection.<\/li>\n<li>Diff\u00e9rentes mani\u00e8res de briser la membrane.<\/li>\n<li>Lavage et culture des ovocytes micro-inject\u00e9s ainsi que l&rsquo;analyse de leur d\u00e9veloppement le lendemain.<\/li>\n<\/ul>\n<p><strong>\u00c9quipe d&#8217;embryologistes assurant la formation:<\/strong><span style=\"font-family: georgia, palatino, serif;\"><strong><br \/>\n<\/strong><\/span>Nuno Costa-Borges, PhD; Carolina Castell\u00f3, BSc; Enric Mestres, PhD; M\u00f2nica Acacio, MSc; Queralt Matia; MSc.<\/p>\n<p><strong><span style=\"text-decoration: underline;\">Des certificats de participation seront remis aux stagiaires \u00e0 la fin du cours<\/span>. <\/strong><\/p>\n<p><strong>Dates: <\/strong>Deux jours de 09:00h \u00e0 16:30h (avec une pause caf\u00e9 et une pause d\u00e9jeuner de 30 minutes).<\/p>\n<p><strong>Prix: <\/strong>2500 Euros.<\/p>\n<p>En fonction de votre exp\u00e9rience et de vos besoins, nous pouvons modifier la dur\u00e9e du cours et ajouter des jours de formation au prix de 1 100 euros par jour suppl\u00e9mentaire.<\/p>\n<p><strong>Lieu:<\/strong><br \/>\n<b><\/b>Laboratoires d&rsquo;Embryotools<br \/>\nAvenida Doctor Mara\u00f1\u00f3n, 8<br \/>\nParc Cient\u00edfic de Barcelona<br \/>\n08028 Barcelone, Espagne<\/p>","protected":false},"excerpt":{"rendered":"<p>Cours de deux jours bas\u00e9 sur les diff\u00e9rents types d&rsquo;injection d&rsquo;ovocytes, la capture et l&rsquo;immobilisation des spermatozo\u00efdes, la rotation des ovocytes. Id\u00e9al pour les embryologistes qui d\u00e9butent dans la technique de l&rsquo;ICSI et aussi pour les embryologistes plus exp\u00e9riment\u00e9s qui veulent s&rsquo;exercer et apprendre des astuces pour am\u00e9liorer leurs r\u00e9sultats.<\/p>\n<p><em>Pour plus d&rsquo;information, veuillez nous contacter \u00e0 l&rsquo;adresse suivante: <span class=\"font_8\"><a href=\"mailto:training@embryotools.com\"><strong>training@embryotools.com<\/strong><\/a><\/span><\/em><\/p>\n","protected":false},"featured_media":20185,"template":"","meta":[],"product_brand":[],"product_cat":[181,134],"product_tag":[],"class_list":{"0":"post-20595","1":"product","2":"type-product","3":"status-publish","4":"has-post-thumbnail","6":"product_cat-hands-on-individual-courses","7":"product_cat-ivf-training-courses","9":"first","10":"instock","11":"downloadable","12":"virtual","13":"purchasable","14":"product-type-simple","15":"berocket_lgv_grid","16":"berocket_lgv_list_grid"},"yoast_head":"<!-- This site is optimized with the Yoast SEO plugin v27.3 - https:\/\/yoast.com\/product\/yoast-seo-wordpress\/ -->\n<title>03 - Techniques d&#039;ICSI: comment injecter de mani\u00e8re moins invasive - Embryotools<\/title>\n<meta name=\"robots\" content=\"index, follow, max-snippet:-1, max-image-preview:large, max-video-preview:-1\" \/>\n<link rel=\"canonical\" href=\"https:\/\/embryotools.com\/shop\/ivf-training-courses\/hands-on-individual-courses\/03-icsi-techniques-how-to-inject-in-a-less-invasive-way-nou-curs\/\" \/>\n<meta name=\"twitter:card\" content=\"summary_large_image\" \/>\n<meta name=\"twitter:title\" content=\"03 - Techniques d&#039;ICSI: comment injecter de mani\u00e8re moins invasive - Embryotools\" \/>\n<meta name=\"twitter:description\" content=\"[:en]Two day course based on different types of oocyte injection, sperm capture and immobilization, oocyte rotation. Ideal for embryologists who are new to the ICSI technique and also for more experienced embryologists who want to practice and learn tricks to improve their results.  &nbsp;  For further information please contact us at training@embryotools.com[:es]Curso de dos d\u00edas basado en diferentes tipos de inyecci\u00f3n de ovocitos, captura e inmovilizaci\u00f3n de esperma, rotaci\u00f3n de ovocitos. Ideal para embri\u00f3logos que se inician en la t\u00e9cnica de ICSI y tambi\u00e9n para embri\u00f3logos con m\u00e1s experiencia que desean practicar y aprender trucos para mejorar sus resultados.  &nbsp;  Para m\u00e1s informaci\u00f3n por favor cont\u00e1ctenos en training@embryotools.com[:fr]Cours de deux jours bas\u00e9 sur les diff\u00e9rents types d&#039;injection d&#039;ovocytes, la capture et l&#039;immobilisation des spermatozo\u00efdes, la rotation des ovocytes. Id\u00e9al pour les embryologistes qui d\u00e9butent dans la technique de l&#039;ICSI et aussi pour les embryologistes plus exp\u00e9riment\u00e9s qui veulent s&#039;exercer et apprendre des astuces pour am\u00e9liorer leurs r\u00e9sultats.  Pour plus d&#039;information, veuillez nous contacter \u00e0 l&#039;adresse suivante: training@embryotools.com[:]\" \/>\n<meta name=\"twitter:image\" content=\"https:\/\/embryotools.com\/wp-content\/uploads\/2018\/03\/ICSI-89.jpeg\" \/>\n<meta name=\"twitter:site\" content=\"@embryotools\" \/>\n<meta name=\"twitter:label1\" content=\"Dur\u00e9e de lecture estim\u00e9e\" \/>\n\t<meta name=\"twitter:data1\" content=\"1 minute\" \/>\n<script type=\"application\/ld+json\" class=\"yoast-schema-graph\">{\"@context\":\"https:\\\/\\\/schema.org\",\"@graph\":[{\"@type\":\"WebPage\",\"@id\":\"https:\\\/\\\/embryotools.com\\\/shop\\\/ivf-training-courses\\\/hands-on-individual-courses\\\/03-icsi-techniques-how-to-inject-in-a-less-invasive-way-nou-curs\\\/\",\"url\":\"https:\\\/\\\/embryotools.com\\\/shop\\\/ivf-training-courses\\\/hands-on-individual-courses\\\/03-icsi-techniques-how-to-inject-in-a-less-invasive-way-nou-curs\\\/\",\"name\":\"03 - Techniques d'ICSI: comment injecter de mani\u00e8re moins invasive - Embryotools\",\"isPartOf\":{\"@id\":\"https:\\\/\\\/embryotools.com\\\/#website\"},\"primaryImageOfPage\":{\"@id\":\"https:\\\/\\\/embryotools.com\\\/shop\\\/ivf-training-courses\\\/hands-on-individual-courses\\\/03-icsi-techniques-how-to-inject-in-a-less-invasive-way-nou-curs\\\/#primaryimage\"},\"image\":{\"@id\":\"https:\\\/\\\/embryotools.com\\\/shop\\\/ivf-training-courses\\\/hands-on-individual-courses\\\/03-icsi-techniques-how-to-inject-in-a-less-invasive-way-nou-curs\\\/#primaryimage\"},\"thumbnailUrl\":\"https:\\\/\\\/embryotools.com\\\/wp-content\\\/uploads\\\/2018\\\/03\\\/ICSI-89.jpeg\",\"datePublished\":\"2019-12-23T12:31:57+00:00\",\"dateModified\":\"2025-11-24T10:23:54+00:00\",\"breadcrumb\":{\"@id\":\"https:\\\/\\\/embryotools.com\\\/shop\\\/ivf-training-courses\\\/hands-on-individual-courses\\\/03-icsi-techniques-how-to-inject-in-a-less-invasive-way-nou-curs\\\/#breadcrumb\"},\"inLanguage\":\"fr-FR\",\"potentialAction\":[{\"@type\":\"ReadAction\",\"target\":[\"https:\\\/\\\/embryotools.com\\\/shop\\\/ivf-training-courses\\\/hands-on-individual-courses\\\/03-icsi-techniques-how-to-inject-in-a-less-invasive-way-nou-curs\\\/\"]}]},{\"@type\":\"ImageObject\",\"inLanguage\":\"fr-FR\",\"@id\":\"https:\\\/\\\/embryotools.com\\\/shop\\\/ivf-training-courses\\\/hands-on-individual-courses\\\/03-icsi-techniques-how-to-inject-in-a-less-invasive-way-nou-curs\\\/#primaryimage\",\"url\":\"https:\\\/\\\/embryotools.com\\\/wp-content\\\/uploads\\\/2018\\\/03\\\/ICSI-89.jpeg\",\"contentUrl\":\"https:\\\/\\\/embryotools.com\\\/wp-content\\\/uploads\\\/2018\\\/03\\\/ICSI-89.jpeg\",\"width\":1280,\"height\":1024},{\"@type\":\"BreadcrumbList\",\"@id\":\"https:\\\/\\\/embryotools.com\\\/shop\\\/ivf-training-courses\\\/hands-on-individual-courses\\\/03-icsi-techniques-how-to-inject-in-a-less-invasive-way-nou-curs\\\/#breadcrumb\",\"itemListElement\":[{\"@type\":\"ListItem\",\"position\":1,\"name\":\"Home\",\"item\":\"https:\\\/\\\/embryotools.com\\\/\"},{\"@type\":\"ListItem\",\"position\":2,\"name\":\"Shop\",\"item\":\"https:\\\/\\\/embryotools.com\\\/shop\\\/\"},{\"@type\":\"ListItem\",\"position\":3,\"name\":\"03 &#8211; ICSI techniques: how to inject in a less invasive way\"}]},{\"@type\":\"WebSite\",\"@id\":\"https:\\\/\\\/embryotools.com\\\/#website\",\"url\":\"https:\\\/\\\/embryotools.com\\\/\",\"name\":\"Embryotools\",\"description\":\"for better results\",\"publisher\":{\"@id\":\"https:\\\/\\\/embryotools.com\\\/#organization\"},\"potentialAction\":[{\"@type\":\"SearchAction\",\"target\":{\"@type\":\"EntryPoint\",\"urlTemplate\":\"https:\\\/\\\/embryotools.com\\\/?s={search_term_string}\"},\"query-input\":{\"@type\":\"PropertyValueSpecification\",\"valueRequired\":true,\"valueName\":\"search_term_string\"}}],\"inLanguage\":\"fr-FR\"},{\"@type\":\"Organization\",\"@id\":\"https:\\\/\\\/embryotools.com\\\/#organization\",\"name\":\"Embryotools\",\"url\":\"https:\\\/\\\/embryotools.com\\\/\",\"logo\":{\"@type\":\"ImageObject\",\"inLanguage\":\"fr-FR\",\"@id\":\"https:\\\/\\\/embryotools.com\\\/#\\\/schema\\\/logo\\\/image\\\/\",\"url\":\"https:\\\/\\\/embryotools.com\\\/wp-content\\\/uploads\\\/2017\\\/01\\\/embryotools_logo_trans_500-2.png\",\"contentUrl\":\"https:\\\/\\\/embryotools.com\\\/wp-content\\\/uploads\\\/2017\\\/01\\\/embryotools_logo_trans_500-2.png\",\"width\":250,\"height\":59,\"caption\":\"Embryotools\"},\"image\":{\"@id\":\"https:\\\/\\\/embryotools.com\\\/#\\\/schema\\\/logo\\\/image\\\/\"},\"sameAs\":[\"https:\\\/\\\/www.facebook.com\\\/embryotools\",\"https:\\\/\\\/x.com\\\/embryotools\",\"https:\\\/\\\/www.linkedin.com\\\/company\\\/embryotools\"]}]}<\/script>\n<!-- \/ Yoast SEO plugin. -->","yoast_head_json":{"title":"03 - Techniques d'ICSI: comment injecter de mani\u00e8re moins invasive - Embryotools","robots":{"index":"index","follow":"follow","max-snippet":"max-snippet:-1","max-image-preview":"max-image-preview:large","max-video-preview":"max-video-preview:-1"},"canonical":"https:\/\/embryotools.com\/shop\/ivf-training-courses\/hands-on-individual-courses\/03-icsi-techniques-how-to-inject-in-a-less-invasive-way-nou-curs\/","twitter_card":"summary_large_image","twitter_title":"03 - Techniques d'ICSI: comment injecter de mani\u00e8re moins invasive - Embryotools","twitter_description":"[:en]Two day course based on different types of oocyte injection, sperm capture and immobilization, oocyte rotation. Ideal for embryologists who are new to the ICSI technique and also for more experienced embryologists who want to practice and learn tricks to improve their results.  &nbsp;  For further information please contact us at training@embryotools.com[:es]Curso de dos d\u00edas basado en diferentes tipos de inyecci\u00f3n de ovocitos, captura e inmovilizaci\u00f3n de esperma, rotaci\u00f3n de ovocitos. Ideal para embri\u00f3logos que se inician en la t\u00e9cnica de ICSI y tambi\u00e9n para embri\u00f3logos con m\u00e1s experiencia que desean practicar y aprender trucos para mejorar sus resultados.  &nbsp;  Para m\u00e1s informaci\u00f3n por favor cont\u00e1ctenos en training@embryotools.com[:fr]Cours de deux jours bas\u00e9 sur les diff\u00e9rents types d'injection d'ovocytes, la capture et l'immobilisation des spermatozo\u00efdes, la rotation des ovocytes. Id\u00e9al pour les embryologistes qui d\u00e9butent dans la technique de l'ICSI et aussi pour les embryologistes plus exp\u00e9riment\u00e9s qui veulent s'exercer et apprendre des astuces pour am\u00e9liorer leurs r\u00e9sultats.  Pour plus d'information, veuillez nous contacter \u00e0 l'adresse suivante: training@embryotools.com[:]","twitter_image":"https:\/\/embryotools.com\/wp-content\/uploads\/2018\/03\/ICSI-89.jpeg","twitter_site":"@embryotools","twitter_misc":{"Dur\u00e9e de lecture estim\u00e9e":"1 minute"},"schema":{"@context":"https:\/\/schema.org","@graph":[{"@type":"WebPage","@id":"https:\/\/embryotools.com\/shop\/ivf-training-courses\/hands-on-individual-courses\/03-icsi-techniques-how-to-inject-in-a-less-invasive-way-nou-curs\/","url":"https:\/\/embryotools.com\/shop\/ivf-training-courses\/hands-on-individual-courses\/03-icsi-techniques-how-to-inject-in-a-less-invasive-way-nou-curs\/","name":"03 - Techniques d'ICSI: comment injecter de mani\u00e8re moins invasive - Embryotools","isPartOf":{"@id":"https:\/\/embryotools.com\/#website"},"primaryImageOfPage":{"@id":"https:\/\/embryotools.com\/shop\/ivf-training-courses\/hands-on-individual-courses\/03-icsi-techniques-how-to-inject-in-a-less-invasive-way-nou-curs\/#primaryimage"},"image":{"@id":"https:\/\/embryotools.com\/shop\/ivf-training-courses\/hands-on-individual-courses\/03-icsi-techniques-how-to-inject-in-a-less-invasive-way-nou-curs\/#primaryimage"},"thumbnailUrl":"https:\/\/embryotools.com\/wp-content\/uploads\/2018\/03\/ICSI-89.jpeg","datePublished":"2019-12-23T12:31:57+00:00","dateModified":"2025-11-24T10:23:54+00:00","breadcrumb":{"@id":"https:\/\/embryotools.com\/shop\/ivf-training-courses\/hands-on-individual-courses\/03-icsi-techniques-how-to-inject-in-a-less-invasive-way-nou-curs\/#breadcrumb"},"inLanguage":"fr-FR","potentialAction":[{"@type":"ReadAction","target":["https:\/\/embryotools.com\/shop\/ivf-training-courses\/hands-on-individual-courses\/03-icsi-techniques-how-to-inject-in-a-less-invasive-way-nou-curs\/"]}]},{"@type":"ImageObject","inLanguage":"fr-FR","@id":"https:\/\/embryotools.com\/shop\/ivf-training-courses\/hands-on-individual-courses\/03-icsi-techniques-how-to-inject-in-a-less-invasive-way-nou-curs\/#primaryimage","url":"https:\/\/embryotools.com\/wp-content\/uploads\/2018\/03\/ICSI-89.jpeg","contentUrl":"https:\/\/embryotools.com\/wp-content\/uploads\/2018\/03\/ICSI-89.jpeg","width":1280,"height":1024},{"@type":"BreadcrumbList","@id":"https:\/\/embryotools.com\/shop\/ivf-training-courses\/hands-on-individual-courses\/03-icsi-techniques-how-to-inject-in-a-less-invasive-way-nou-curs\/#breadcrumb","itemListElement":[{"@type":"ListItem","position":1,"name":"Home","item":"https:\/\/embryotools.com\/"},{"@type":"ListItem","position":2,"name":"Shop","item":"https:\/\/embryotools.com\/shop\/"},{"@type":"ListItem","position":3,"name":"03 &#8211; ICSI techniques: how to inject in a less invasive way"}]},{"@type":"WebSite","@id":"https:\/\/embryotools.com\/#website","url":"https:\/\/embryotools.com\/","name":"Embryotools","description":"for better results","publisher":{"@id":"https:\/\/embryotools.com\/#organization"},"potentialAction":[{"@type":"SearchAction","target":{"@type":"EntryPoint","urlTemplate":"https:\/\/embryotools.com\/?s={search_term_string}"},"query-input":{"@type":"PropertyValueSpecification","valueRequired":true,"valueName":"search_term_string"}}],"inLanguage":"fr-FR"},{"@type":"Organization","@id":"https:\/\/embryotools.com\/#organization","name":"Embryotools","url":"https:\/\/embryotools.com\/","logo":{"@type":"ImageObject","inLanguage":"fr-FR","@id":"https:\/\/embryotools.com\/#\/schema\/logo\/image\/","url":"https:\/\/embryotools.com\/wp-content\/uploads\/2017\/01\/embryotools_logo_trans_500-2.png","contentUrl":"https:\/\/embryotools.com\/wp-content\/uploads\/2017\/01\/embryotools_logo_trans_500-2.png","width":250,"height":59,"caption":"Embryotools"},"image":{"@id":"https:\/\/embryotools.com\/#\/schema\/logo\/image\/"},"sameAs":["https:\/\/www.facebook.com\/embryotools","https:\/\/x.com\/embryotools","https:\/\/www.linkedin.com\/company\/embryotools"]}]}},"_links":{"self":[{"href":"https:\/\/embryotools.com\/fr\/wp-json\/wp\/v2\/product\/20595","targetHints":{"allow":["GET"]}}],"collection":[{"href":"https:\/\/embryotools.com\/fr\/wp-json\/wp\/v2\/product"}],"about":[{"href":"https:\/\/embryotools.com\/fr\/wp-json\/wp\/v2\/types\/product"}],"wp:featuredmedia":[{"embeddable":true,"href":"https:\/\/embryotools.com\/fr\/wp-json\/wp\/v2\/media\/20185"}],"wp:attachment":[{"href":"https:\/\/embryotools.com\/fr\/wp-json\/wp\/v2\/media?parent=20595"}],"wp:term":[{"taxonomy":"product_brand","embeddable":true,"href":"https:\/\/embryotools.com\/fr\/wp-json\/wp\/v2\/product_brand?post=20595"},{"taxonomy":"product_cat","embeddable":true,"href":"https:\/\/embryotools.com\/fr\/wp-json\/wp\/v2\/product_cat?post=20595"},{"taxonomy":"product_tag","embeddable":true,"href":"https:\/\/embryotools.com\/fr\/wp-json\/wp\/v2\/product_tag?post=20595"}],"curies":[{"name":"wp","href":"https:\/\/api.w.org\/{rel}","templated":true}]}}