{"id":20590,"date":"2019-12-23T13:14:54","date_gmt":"2019-12-23T12:14:54","guid":{"rendered":"https:\/\/embryotools.com\/?post_type=product&#038;p=20590"},"modified":"2025-07-02T13:38:36","modified_gmt":"2025-07-02T11:38:36","slug":"09-sperm-analysis-preparation-and-cryopreservation-hands-on-and-troubleshooting-microptic-3-days-nou-curs","status":"publish","type":"product","link":"https:\/\/embryotools.com\/fr\/shop\/ivf-training-courses\/hands-on-individual-courses\/09-sperm-analysis-preparation-and-cryopreservation-hands-on-and-troubleshooting-microptic-3-days-nou-curs\/","title":{"rendered":"07 &#8211; Pr\u00e9paration des spermatozo\u00efdes en collaboration avec Microptic"},"content":{"rendered":"<p><\/p>\n<h1>Pr\u00e9paration des spermatozo\u00efdes en collaboration avec Microptic<\/h1>\n<p>&nbsp;<\/p>\n<p>Comprendre comment mettre en place et organiser un laboratoire d&rsquo;andrologie et apprendre des conseils cl\u00e9s sur la fa\u00e7on de traiter toutes sortes d&rsquo;\u00e9chantillons de sperme. Am\u00e9liorer la connaissance et la compr\u00e9hension des derni\u00e8res techniques pour s\u00e9lectionner les meilleurs spermatozo\u00efdes.<\/p>\n<p>En collaboration avec Microptic (www.micropticsl.com), le cours offrira la possibilit\u00e9 de d\u00e9couvrir les derni\u00e8res d\u00e9couvertes et innovations dans le domaine de l&rsquo;analyse du sperme dans les installations de Microptic.<br \/>\nDans nos installations, il sera possible d&rsquo;apprendre et d&rsquo;avoir des sessions pratiques intensives de pr\u00e9paration de sperme en utilisant diff\u00e9rents types d&rsquo;\u00e9chantillons de sperme avec un membre assign\u00e9 de notre \u00e9quipe.<\/p>\n<h2>Programme scientifique:<\/h2>\n<h4>Sessions th\u00e9oriques (dur\u00e9e 30-45 min):<\/h4>\n<ul>\n<li>\u00ab\u00a0Sperm features and fertilization process\u201d by N\u00faria Medarde, PhD<\/li>\n<li>\u201cSperm care\u201d by Embryotools team<\/li>\n<\/ul>\n<h4>Sessions pratiques\u00a0dans les installations de Microptic:<\/h4>\n<ul>\n<li>Analyse macroscopique et microscopique des spermatozo\u00efdes.<\/li>\n<li>\u00c9valuation microscopique des spermatozo\u00efdes : motilit\u00e9, concentration, morphologie et analyse de la vitalit\u00e9.<\/li>\n<li>\u00c9valuation manuelle ou automatique des spermatozo\u00efdes.<\/li>\n<li>Tests fonctionnels des spermatozo\u00efdes: p\u00e9n\u00e9tration du mucus, hyperactivation, r\u00e9action acrosomique et fragmentation de l&rsquo;ADN.<\/li>\n<\/ul>\n<h4>Sessions pratiques dans les installations d&rsquo; Embryotools:<\/h4>\n<ul>\n<li>Techniques de pr\u00e9paration des spermatozo\u00efdes : Gradients, swim-up.<\/li>\n<li>Dilution des \u00e9chantillons de sperme pour les techniques d&rsquo;IUI, de FIV et d&rsquo;ICSI.<\/li>\n<li>Comment cryoconserver des spermatozo\u00efdes.<\/li>\n<li>M\u00e9thodes simplifi\u00e9es de s\u00e9lection des spermatozo\u00efdes utilisant la microfluidique.<\/li>\n<\/ul>\n<p><strong>\u00c9quipe d&#8217;embryologistes assurant la formation:<\/strong><br \/>\n\u00c9quipe Embryotools: Nuno Costa-Borges, PhD; Carolina Castell\u00f3, BSc; Enric Mestres, PhD; M\u00f2nica Acacio, MSc; Queralt Matia; MSc.<br \/>\n\u00c9quipe Microptic: N\u00faria Medarde, PhD<\/p>\n<p><strong><span style=\"text-decoration: underline;\">Des certificats de participation seront remis aux participants \u00e0 la fin du cours<\/span><\/strong><\/p>\n<p><strong>Date:<\/strong> Trois jours.<\/p>\n<ul>\n<li>Premier jour dans les installations de Microptic.<\/li>\n<li>Deux jours dans les installations d&rsquo;Embryotools de 09h00 \u00e0 16h30 (avec une pause caf\u00e9 et 30 minutes pour le d\u00e9jeuner).<\/li>\n<\/ul>\n<p><strong>Prix:<\/strong> 1800 Euros<\/p>\n<p><strong>Lieux:<\/strong><\/p>\n<ul>\n<li>Laboratoires d&rsquo;Embryotools<br \/>\nAvenida Doctor Mara\u00f1\u00f3n, 8<br \/>\nParc Cient\u00edfic de Barcelona<br \/>\n08028 Barcelone, Espagne<\/li>\n<li>MICROPTIC S.L.<br \/>\nJosep Tarradellas, 8, 1\u00ba 6\u00aa<br \/>\n08029 Barcelone, Espagne<\/li>\n<\/ul>\n<p>&nbsp;<\/p>","protected":false},"excerpt":{"rendered":"<p>Cours pratique complet de 3 jours en collaboration avec Microptic. Apprenez \u00e0 analyser toutes sortes d&rsquo;\u00e9chantillons de sperme et \u00e0 les pr\u00e9parer pour toutes les techniques appliqu\u00e9es dans un laboratoire de FIV. Ce cours garantit un environnement unique et un laboratoire hautement technologique avec les \u00e9quipements les plus modernes et exclusifs du march\u00e9 disponibles pour la formation.<\/p>\n<p style=\"text-align: left;\"><em>Pour plus d&rsquo;informations, veuillez nous contacter \u00e0 l&rsquo;adresse suivante:<\/em><span style=\"color: #000000;\"> <span class=\"font_8\"><em><a href=\"mailto:training@embryotools.com\"><strong>training@embryotools.com<\/strong><\/a><\/em><\/span><\/span><\/p>\n","protected":false},"featured_media":21525,"template":"","meta":[],"product_brand":[],"product_cat":[181,134],"product_tag":[],"class_list":{"0":"post-20590","1":"product","2":"type-product","3":"status-publish","4":"has-post-thumbnail","6":"product_cat-hands-on-individual-courses","7":"product_cat-ivf-training-courses","9":"first","10":"instock","11":"downloadable","12":"virtual","13":"purchasable","14":"product-type-simple","15":"berocket_lgv_grid","16":"berocket_lgv_list_grid"},"yoast_head":"<!-- This site is optimized with the Yoast SEO plugin v27.4 - https:\/\/yoast.com\/product\/yoast-seo-wordpress\/ -->\n<title>07 - Pr\u00e9paration des spermatozo\u00efdes en collaboration avec Microptic - Embryotools<\/title>\n<meta name=\"robots\" content=\"index, follow, max-snippet:-1, max-image-preview:large, max-video-preview:-1\" \/>\n<link rel=\"canonical\" href=\"https:\/\/embryotools.com\/shop\/ivf-training-courses\/hands-on-individual-courses\/09-sperm-analysis-preparation-and-cryopreservation-hands-on-and-troubleshooting-microptic-3-days-nou-curs\/\" \/>\n<meta name=\"twitter:card\" content=\"summary_large_image\" \/>\n<meta name=\"twitter:title\" content=\"07 - Pr\u00e9paration des spermatozo\u00efdes en collaboration avec Microptic - Embryotools\" \/>\n<meta name=\"twitter:description\" content=\"[:en]Full hands-on 3 days course in collaboration with Microptic. Learn how to analyse all sorts of sperm samples and prepare them for any of the techniques applied in an IVF lab. This course guarantees a unique environment and highly technological laboratory with the most modern and exclusive equipment in the market available for training.  &nbsp;  For further information please contact us at training@embryotools.com[:es]Curso pr\u00e1ctico completo de 3 d\u00edas en colaboraci\u00f3n con Microptic. Aprenda a analizar todo tipo de muestras de semen y a prepararlas para cualquiera de las t\u00e9cnicas que se aplican en un laboratorio de FIV.  Este curso garantiza un entorno \u00fanico y un laboratorio altamente tecnol\u00f3gico con los equipos m\u00e1s modernos y exclusivos del mercado disponibles para la formaci\u00f3n.  &nbsp;  Para m\u00e1s informaci\u00f3n por favor cont\u00e1ctenos en training@embryotools.com[:fr]Cours pratique complet de 3 jours en collaboration avec Microptic. Apprenez \u00e0 analyser toutes sortes d&#039;\u00e9chantillons de sperme et \u00e0 les pr\u00e9parer pour toutes les techniques appliqu\u00e9es dans un laboratoire de FIV. Ce cours garantit un environnement unique et un laboratoire hautement technologique avec les \u00e9quipements les plus modernes et exclusifs du march\u00e9 disponibles pour la formation. Pour plus d&#039;informations, veuillez nous contacter \u00e0 l&#039;adresse suivante: training@embryotools.com[:]\" \/>\n<meta name=\"twitter:image\" content=\"https:\/\/embryotools.com\/wp-content\/uploads\/2020\/10\/IMG_3663-scaled.jpg\" \/>\n<meta name=\"twitter:site\" content=\"@embryotools\" \/>\n<meta name=\"twitter:label1\" content=\"Dur\u00e9e de lecture estim\u00e9e\" \/>\n\t<meta name=\"twitter:data1\" content=\"1 minute\" \/>\n<script type=\"application\/ld+json\" class=\"yoast-schema-graph\">{\"@context\":\"https:\\\/\\\/schema.org\",\"@graph\":[{\"@type\":\"WebPage\",\"@id\":\"https:\\\/\\\/embryotools.com\\\/shop\\\/ivf-training-courses\\\/hands-on-individual-courses\\\/09-sperm-analysis-preparation-and-cryopreservation-hands-on-and-troubleshooting-microptic-3-days-nou-curs\\\/\",\"url\":\"https:\\\/\\\/embryotools.com\\\/shop\\\/ivf-training-courses\\\/hands-on-individual-courses\\\/09-sperm-analysis-preparation-and-cryopreservation-hands-on-and-troubleshooting-microptic-3-days-nou-curs\\\/\",\"name\":\"07 - Pr\u00e9paration des spermatozo\u00efdes en collaboration avec Microptic - Embryotools\",\"isPartOf\":{\"@id\":\"https:\\\/\\\/embryotools.com\\\/#website\"},\"primaryImageOfPage\":{\"@id\":\"https:\\\/\\\/embryotools.com\\\/shop\\\/ivf-training-courses\\\/hands-on-individual-courses\\\/09-sperm-analysis-preparation-and-cryopreservation-hands-on-and-troubleshooting-microptic-3-days-nou-curs\\\/#primaryimage\"},\"image\":{\"@id\":\"https:\\\/\\\/embryotools.com\\\/shop\\\/ivf-training-courses\\\/hands-on-individual-courses\\\/09-sperm-analysis-preparation-and-cryopreservation-hands-on-and-troubleshooting-microptic-3-days-nou-curs\\\/#primaryimage\"},\"thumbnailUrl\":\"https:\\\/\\\/embryotools.com\\\/wp-content\\\/uploads\\\/2020\\\/10\\\/IMG_3663-scaled.jpg\",\"datePublished\":\"2019-12-23T12:14:54+00:00\",\"dateModified\":\"2025-07-02T11:38:36+00:00\",\"breadcrumb\":{\"@id\":\"https:\\\/\\\/embryotools.com\\\/shop\\\/ivf-training-courses\\\/hands-on-individual-courses\\\/09-sperm-analysis-preparation-and-cryopreservation-hands-on-and-troubleshooting-microptic-3-days-nou-curs\\\/#breadcrumb\"},\"inLanguage\":\"fr-FR\",\"potentialAction\":[{\"@type\":\"ReadAction\",\"target\":[\"https:\\\/\\\/embryotools.com\\\/shop\\\/ivf-training-courses\\\/hands-on-individual-courses\\\/09-sperm-analysis-preparation-and-cryopreservation-hands-on-and-troubleshooting-microptic-3-days-nou-curs\\\/\"]}]},{\"@type\":\"ImageObject\",\"inLanguage\":\"fr-FR\",\"@id\":\"https:\\\/\\\/embryotools.com\\\/shop\\\/ivf-training-courses\\\/hands-on-individual-courses\\\/09-sperm-analysis-preparation-and-cryopreservation-hands-on-and-troubleshooting-microptic-3-days-nou-curs\\\/#primaryimage\",\"url\":\"https:\\\/\\\/embryotools.com\\\/wp-content\\\/uploads\\\/2020\\\/10\\\/IMG_3663-scaled.jpg\",\"contentUrl\":\"https:\\\/\\\/embryotools.com\\\/wp-content\\\/uploads\\\/2020\\\/10\\\/IMG_3663-scaled.jpg\",\"width\":2051,\"height\":2560},{\"@type\":\"BreadcrumbList\",\"@id\":\"https:\\\/\\\/embryotools.com\\\/shop\\\/ivf-training-courses\\\/hands-on-individual-courses\\\/09-sperm-analysis-preparation-and-cryopreservation-hands-on-and-troubleshooting-microptic-3-days-nou-curs\\\/#breadcrumb\",\"itemListElement\":[{\"@type\":\"ListItem\",\"position\":1,\"name\":\"Home\",\"item\":\"https:\\\/\\\/embryotools.com\\\/\"},{\"@type\":\"ListItem\",\"position\":2,\"name\":\"Shop\",\"item\":\"https:\\\/\\\/embryotools.com\\\/shop\\\/\"},{\"@type\":\"ListItem\",\"position\":3,\"name\":\"07 &#8211; Sperm preparation in collaboration with Microptic\"}]},{\"@type\":\"WebSite\",\"@id\":\"https:\\\/\\\/embryotools.com\\\/#website\",\"url\":\"https:\\\/\\\/embryotools.com\\\/\",\"name\":\"Embryotools\",\"description\":\"for better results\",\"publisher\":{\"@id\":\"https:\\\/\\\/embryotools.com\\\/#organization\"},\"potentialAction\":[{\"@type\":\"SearchAction\",\"target\":{\"@type\":\"EntryPoint\",\"urlTemplate\":\"https:\\\/\\\/embryotools.com\\\/?s={search_term_string}\"},\"query-input\":{\"@type\":\"PropertyValueSpecification\",\"valueRequired\":true,\"valueName\":\"search_term_string\"}}],\"inLanguage\":\"fr-FR\"},{\"@type\":\"Organization\",\"@id\":\"https:\\\/\\\/embryotools.com\\\/#organization\",\"name\":\"Embryotools\",\"url\":\"https:\\\/\\\/embryotools.com\\\/\",\"logo\":{\"@type\":\"ImageObject\",\"inLanguage\":\"fr-FR\",\"@id\":\"https:\\\/\\\/embryotools.com\\\/#\\\/schema\\\/logo\\\/image\\\/\",\"url\":\"https:\\\/\\\/embryotools.com\\\/wp-content\\\/uploads\\\/2017\\\/01\\\/embryotools_logo_trans_500-2.png\",\"contentUrl\":\"https:\\\/\\\/embryotools.com\\\/wp-content\\\/uploads\\\/2017\\\/01\\\/embryotools_logo_trans_500-2.png\",\"width\":250,\"height\":59,\"caption\":\"Embryotools\"},\"image\":{\"@id\":\"https:\\\/\\\/embryotools.com\\\/#\\\/schema\\\/logo\\\/image\\\/\"},\"sameAs\":[\"https:\\\/\\\/www.facebook.com\\\/embryotools\",\"https:\\\/\\\/x.com\\\/embryotools\",\"https:\\\/\\\/www.linkedin.com\\\/company\\\/embryotools\"]}]}<\/script>\n<!-- \/ Yoast SEO plugin. -->","yoast_head_json":{"title":"07 - Pr\u00e9paration des spermatozo\u00efdes en collaboration avec Microptic - Embryotools","robots":{"index":"index","follow":"follow","max-snippet":"max-snippet:-1","max-image-preview":"max-image-preview:large","max-video-preview":"max-video-preview:-1"},"canonical":"https:\/\/embryotools.com\/shop\/ivf-training-courses\/hands-on-individual-courses\/09-sperm-analysis-preparation-and-cryopreservation-hands-on-and-troubleshooting-microptic-3-days-nou-curs\/","twitter_card":"summary_large_image","twitter_title":"07 - Pr\u00e9paration des spermatozo\u00efdes en collaboration avec Microptic - Embryotools","twitter_description":"[:en]Full hands-on 3 days course in collaboration with Microptic. Learn how to analyse all sorts of sperm samples and prepare them for any of the techniques applied in an IVF lab. This course guarantees a unique environment and highly technological laboratory with the most modern and exclusive equipment in the market available for training.  &nbsp;  For further information please contact us at training@embryotools.com[:es]Curso pr\u00e1ctico completo de 3 d\u00edas en colaboraci\u00f3n con Microptic. Aprenda a analizar todo tipo de muestras de semen y a prepararlas para cualquiera de las t\u00e9cnicas que se aplican en un laboratorio de FIV.  Este curso garantiza un entorno \u00fanico y un laboratorio altamente tecnol\u00f3gico con los equipos m\u00e1s modernos y exclusivos del mercado disponibles para la formaci\u00f3n.  &nbsp;  Para m\u00e1s informaci\u00f3n por favor cont\u00e1ctenos en training@embryotools.com[:fr]Cours pratique complet de 3 jours en collaboration avec Microptic. Apprenez \u00e0 analyser toutes sortes d'\u00e9chantillons de sperme et \u00e0 les pr\u00e9parer pour toutes les techniques appliqu\u00e9es dans un laboratoire de FIV. Ce cours garantit un environnement unique et un laboratoire hautement technologique avec les \u00e9quipements les plus modernes et exclusifs du march\u00e9 disponibles pour la formation. Pour plus d'informations, veuillez nous contacter \u00e0 l'adresse suivante: training@embryotools.com[:]","twitter_image":"https:\/\/embryotools.com\/wp-content\/uploads\/2020\/10\/IMG_3663-scaled.jpg","twitter_site":"@embryotools","twitter_misc":{"Dur\u00e9e de lecture estim\u00e9e":"1 minute"},"schema":{"@context":"https:\/\/schema.org","@graph":[{"@type":"WebPage","@id":"https:\/\/embryotools.com\/shop\/ivf-training-courses\/hands-on-individual-courses\/09-sperm-analysis-preparation-and-cryopreservation-hands-on-and-troubleshooting-microptic-3-days-nou-curs\/","url":"https:\/\/embryotools.com\/shop\/ivf-training-courses\/hands-on-individual-courses\/09-sperm-analysis-preparation-and-cryopreservation-hands-on-and-troubleshooting-microptic-3-days-nou-curs\/","name":"07 - Pr\u00e9paration des spermatozo\u00efdes en collaboration avec Microptic - Embryotools","isPartOf":{"@id":"https:\/\/embryotools.com\/#website"},"primaryImageOfPage":{"@id":"https:\/\/embryotools.com\/shop\/ivf-training-courses\/hands-on-individual-courses\/09-sperm-analysis-preparation-and-cryopreservation-hands-on-and-troubleshooting-microptic-3-days-nou-curs\/#primaryimage"},"image":{"@id":"https:\/\/embryotools.com\/shop\/ivf-training-courses\/hands-on-individual-courses\/09-sperm-analysis-preparation-and-cryopreservation-hands-on-and-troubleshooting-microptic-3-days-nou-curs\/#primaryimage"},"thumbnailUrl":"https:\/\/embryotools.com\/wp-content\/uploads\/2020\/10\/IMG_3663-scaled.jpg","datePublished":"2019-12-23T12:14:54+00:00","dateModified":"2025-07-02T11:38:36+00:00","breadcrumb":{"@id":"https:\/\/embryotools.com\/shop\/ivf-training-courses\/hands-on-individual-courses\/09-sperm-analysis-preparation-and-cryopreservation-hands-on-and-troubleshooting-microptic-3-days-nou-curs\/#breadcrumb"},"inLanguage":"fr-FR","potentialAction":[{"@type":"ReadAction","target":["https:\/\/embryotools.com\/shop\/ivf-training-courses\/hands-on-individual-courses\/09-sperm-analysis-preparation-and-cryopreservation-hands-on-and-troubleshooting-microptic-3-days-nou-curs\/"]}]},{"@type":"ImageObject","inLanguage":"fr-FR","@id":"https:\/\/embryotools.com\/shop\/ivf-training-courses\/hands-on-individual-courses\/09-sperm-analysis-preparation-and-cryopreservation-hands-on-and-troubleshooting-microptic-3-days-nou-curs\/#primaryimage","url":"https:\/\/embryotools.com\/wp-content\/uploads\/2020\/10\/IMG_3663-scaled.jpg","contentUrl":"https:\/\/embryotools.com\/wp-content\/uploads\/2020\/10\/IMG_3663-scaled.jpg","width":2051,"height":2560},{"@type":"BreadcrumbList","@id":"https:\/\/embryotools.com\/shop\/ivf-training-courses\/hands-on-individual-courses\/09-sperm-analysis-preparation-and-cryopreservation-hands-on-and-troubleshooting-microptic-3-days-nou-curs\/#breadcrumb","itemListElement":[{"@type":"ListItem","position":1,"name":"Home","item":"https:\/\/embryotools.com\/"},{"@type":"ListItem","position":2,"name":"Shop","item":"https:\/\/embryotools.com\/shop\/"},{"@type":"ListItem","position":3,"name":"07 &#8211; Sperm preparation in collaboration with Microptic"}]},{"@type":"WebSite","@id":"https:\/\/embryotools.com\/#website","url":"https:\/\/embryotools.com\/","name":"Embryotools","description":"for better results","publisher":{"@id":"https:\/\/embryotools.com\/#organization"},"potentialAction":[{"@type":"SearchAction","target":{"@type":"EntryPoint","urlTemplate":"https:\/\/embryotools.com\/?s={search_term_string}"},"query-input":{"@type":"PropertyValueSpecification","valueRequired":true,"valueName":"search_term_string"}}],"inLanguage":"fr-FR"},{"@type":"Organization","@id":"https:\/\/embryotools.com\/#organization","name":"Embryotools","url":"https:\/\/embryotools.com\/","logo":{"@type":"ImageObject","inLanguage":"fr-FR","@id":"https:\/\/embryotools.com\/#\/schema\/logo\/image\/","url":"https:\/\/embryotools.com\/wp-content\/uploads\/2017\/01\/embryotools_logo_trans_500-2.png","contentUrl":"https:\/\/embryotools.com\/wp-content\/uploads\/2017\/01\/embryotools_logo_trans_500-2.png","width":250,"height":59,"caption":"Embryotools"},"image":{"@id":"https:\/\/embryotools.com\/#\/schema\/logo\/image\/"},"sameAs":["https:\/\/www.facebook.com\/embryotools","https:\/\/x.com\/embryotools","https:\/\/www.linkedin.com\/company\/embryotools"]}]}},"_links":{"self":[{"href":"https:\/\/embryotools.com\/fr\/wp-json\/wp\/v2\/product\/20590","targetHints":{"allow":["GET"]}}],"collection":[{"href":"https:\/\/embryotools.com\/fr\/wp-json\/wp\/v2\/product"}],"about":[{"href":"https:\/\/embryotools.com\/fr\/wp-json\/wp\/v2\/types\/product"}],"wp:featuredmedia":[{"embeddable":true,"href":"https:\/\/embryotools.com\/fr\/wp-json\/wp\/v2\/media\/21525"}],"wp:attachment":[{"href":"https:\/\/embryotools.com\/fr\/wp-json\/wp\/v2\/media?parent=20590"}],"wp:term":[{"taxonomy":"product_brand","embeddable":true,"href":"https:\/\/embryotools.com\/fr\/wp-json\/wp\/v2\/product_brand?post=20590"},{"taxonomy":"product_cat","embeddable":true,"href":"https:\/\/embryotools.com\/fr\/wp-json\/wp\/v2\/product_cat?post=20590"},{"taxonomy":"product_tag","embeddable":true,"href":"https:\/\/embryotools.com\/fr\/wp-json\/wp\/v2\/product_tag?post=20590"}],"curies":[{"name":"wp","href":"https:\/\/api.w.org\/{rel}","templated":true}]}}