{"id":20584,"date":"2019-12-23T12:39:52","date_gmt":"2019-12-23T11:39:52","guid":{"rendered":"https:\/\/embryotools.com\/?post_type=product&#038;p=20584"},"modified":"2025-07-02T13:39:04","modified_gmt":"2025-07-02T11:39:04","slug":"01-quality-control-and-quality-assessment-in-the-ivf-lab","status":"publish","type":"product","link":"https:\/\/embryotools.com\/fr\/shop\/ivf-training-courses\/hands-on-individual-courses\/01-quality-control-and-quality-assessment-in-the-ivf-lab\/","title":{"rendered":"01 &#8211; Contr\u00f4le et \u00e9valuation de la qualit\u00e9 dans le laboratoire de FIV"},"content":{"rendered":"<p><\/p>\n<h1><strong>Contr\u00f4le et \u00e9valuation de la qualit\u00e9 dans le laboratoire de FIV<\/strong><\/h1>\n<p>&nbsp;<\/p>\n<p><strong>Objectifs du cours:<\/strong><\/p>\n<p>Am\u00e9liorer la connaissance et la compr\u00e9hension du contr\u00f4le et de l&rsquo;assurance de la qualit\u00e9 dans le laboratoire de FIV. Passer en revue la gestion des milieux de culture afin d&rsquo;obtenir un excellent syst\u00e8me de culture tout en apprenant \u00e0 mesurer, valider et contr\u00f4ler les param\u00e8tres de culture essentiels dans le laboratoire de FIV: temp\u00e9rature, CO2, pH, osmolalit\u00e9 et COV. Comprendre comment l&rsquo;organisation de la FIV et la routine quotidienne peuvent affecter le contr\u00f4le de la qualit\u00e9 et influencer la constance des r\u00e9sultats.<\/p>\n<h2>Programme scientifique:<\/h2>\n<p><strong>S\u00e9ance th\u00e9orique (dur\u00e9e 30-45 minutes):<\/strong><\/p>\n<ul>\n<li>\u201cQuality Control and Quality Assessment in the IVF lab\u201d<\/li>\n<\/ul>\n<p><strong>S\u00e9ance pratique:<\/strong><\/p>\n<ul>\n<li>Routine du laboratoire et aspects pratiques qui affectent le QC&amp;QA.<\/li>\n<li>Organisation et routine quotidienne dans le laboratoire de FIV.<\/li>\n<li>Incubateurs : contr\u00f4le du pH, des gaz et de la temp\u00e9rature dans diff\u00e9rents types d&rsquo;incubateurs.<\/li>\n<li>Mesures du pH avec l&rsquo;analyseur de sang et le pH en ligne.<\/li>\n<li>Mesures de la temp\u00e9rature dans tous les surfaces chauff\u00e9s avec diff\u00e9rents types de sondes externes: Thermodata buttons et Picologger.<\/li>\n<li>Mesures de l&rsquo;osmolalit\u00e9 avec notre Osmom\u00e8tre: avec et sans huile et dans diff\u00e9rents types de bo\u00eetes de culture.<\/li>\n<li>D\u00e9couvrir et comprendre les diff\u00e9rents types de bo\u00eetes de culture et leur relation avec les surfaces chauff\u00e9es et la culture d&#8217;embryons.<\/li>\n<li>Comment manipuler les milieux de culture : Aliquotage, stockage, pr\u00e9paration des bo\u00eetes, HSA, \u00e9valuation de la temp\u00e9rature, de l&rsquo;osmolalit\u00e9 et du pH.<\/li>\n<\/ul>\n<p><strong>\u00c9quipe d\u2019embryologistes assurant la formation:<br \/>\n<\/strong>Nuno Costa-Borges, PhD; Carolina Castell\u00f3, BSc; Enric Mestres, PhD; M\u00f2nica Acacio, MSc; Queralt Matia; MSc.<\/p>\n<p><span style=\"text-decoration: underline;\"><strong>Des certificats de participation seront remis aux participants \u00e0 la fin du cours.<\/strong><\/span><\/p>\n<p><strong>Dates:<\/strong> Un jour de 09:00h \u00e0 16:30h (avec une pause caf\u00e9 et une pause d\u00e9jeuner de 30 minutes).<\/p>\n<p><strong>Prix<\/strong>: 1500 Euros<\/p>\n<p>En fonction de votre exp\u00e9rience et de vos besoins, nous pouvons modifier la formation en ajoutant des jours suppl\u00e9mentaires au cours.<\/p>\n<p><strong>Lieu:<br \/>\n<\/strong>Laboratoires d\u2019Embryotools<br \/>\nAvenida Doctor Mara\u00f1\u00f3n, 8<br \/>\nParc Cient\u00edfic de Barcelona<br \/>\n08028 Barcelone, Espagne<\/p>","protected":false},"excerpt":{"rendered":"<p>Cours d&rsquo;une journ\u00e9e personnalis\u00e9 pour les directeurs de laboratoires de FIV qui souhaitent am\u00e9liorer les r\u00e9sultats, gagner en coh\u00e9rence et analyser la stabilit\u00e9 du syst\u00e8me de culture dans leur laboratoire.<\/p>\n<p>Egalement int\u00e9ressant pour les jeunes embryologistes qui ont besoin d&rsquo;acqu\u00e9rir des connaissances approfondies sur le contr\u00f4le de la qualit\u00e9 dans le laboratoire de FIV.<\/p>\n<p><span class=\"font_8\"><em>Pour plus d&rsquo;information, veuillez nous contacter \u00e0 l&rsquo;adresse suivante: <a href=\"mailto:training@embryotools.com\"><strong>training@embryotools.com<\/strong><\/a><\/em><\/span><\/p>\n","protected":false},"featured_media":22587,"template":"","meta":[],"product_brand":[],"product_cat":[181],"product_tag":[],"class_list":{"0":"post-20584","1":"product","2":"type-product","3":"status-publish","4":"has-post-thumbnail","6":"product_cat-hands-on-individual-courses","8":"first","9":"instock","10":"downloadable","11":"virtual","12":"purchasable","13":"product-type-simple","14":"berocket_lgv_grid","15":"berocket_lgv_list_grid"},"yoast_head":"<!-- This site is optimized with the Yoast SEO plugin v27.4 - https:\/\/yoast.com\/product\/yoast-seo-wordpress\/ -->\n<title>01 - Contr\u00f4le et \u00e9valuation de la qualit\u00e9 dans le laboratoire de FIV - Embryotools<\/title>\n<meta name=\"robots\" content=\"index, follow, max-snippet:-1, max-image-preview:large, max-video-preview:-1\" \/>\n<link rel=\"canonical\" href=\"https:\/\/embryotools.com\/shop\/ivf-training-courses\/hands-on-individual-courses\/01-quality-control-and-quality-assessment-in-the-ivf-lab\/\" \/>\n<meta name=\"twitter:card\" content=\"summary_large_image\" \/>\n<meta name=\"twitter:title\" content=\"01 - Contr\u00f4le et \u00e9valuation de la qualit\u00e9 dans le laboratoire de FIV - Embryotools\" \/>\n<meta name=\"twitter:description\" content=\"[:en]One day course customized for IVF lab directors who want to improve results, gain consistency and analyze the stability of the culture system in their lab.  Also interesting for young embryologist who need to acquire deep knowledge on quality control in the IVF lab.  &nbsp;  For further information please contact us at training@embryotools.com[:es]Curso de un d\u00eda personalizado para directores de laboratorios de FIV que quieran mejorar los resultados, ganar consistencia y analizar la estabilidad del sistema de cultivo en su laboratorio.  Este curso tambi\u00e9n es interesante para j\u00f3venes embri\u00f3logos que necesitan adquirir conocimientos sobre el control de calidad en el laboratorio de FIV.  &nbsp;  &nbsp;  Para m\u00e1s informaci\u00f3n por favor cont\u00e1ctenos en training@embryotools.com[:fr]Cours d&#039;une journ\u00e9e personnalis\u00e9 pour les directeurs de laboratoires de FIV qui souhaitent am\u00e9liorer les r\u00e9sultats, gagner en coh\u00e9rence et analyser la stabilit\u00e9 du syst\u00e8me de culture dans leur laboratoire.  Egalement int\u00e9ressant pour les jeunes embryologistes qui ont besoin d&#039;acqu\u00e9rir des connaissances approfondies sur le contr\u00f4le de la qualit\u00e9 dans le laboratoire de FIV.  Pour plus d&#039;information, veuillez nous contacter \u00e0 l&#039;adresse suivante: training@embryotools.com[:]\" \/>\n<meta name=\"twitter:image\" content=\"https:\/\/embryotools.com\/wp-content\/uploads\/2019\/12\/IMG_6201-2-1-scaled.jpg\" \/>\n<meta name=\"twitter:site\" content=\"@embryotools\" \/>\n<meta name=\"twitter:label1\" content=\"Dur\u00e9e de lecture estim\u00e9e\" \/>\n\t<meta name=\"twitter:data1\" content=\"1 minute\" \/>\n<script type=\"application\/ld+json\" class=\"yoast-schema-graph\">{\"@context\":\"https:\\\/\\\/schema.org\",\"@graph\":[{\"@type\":\"WebPage\",\"@id\":\"https:\\\/\\\/embryotools.com\\\/shop\\\/ivf-training-courses\\\/hands-on-individual-courses\\\/01-quality-control-and-quality-assessment-in-the-ivf-lab\\\/\",\"url\":\"https:\\\/\\\/embryotools.com\\\/shop\\\/ivf-training-courses\\\/hands-on-individual-courses\\\/01-quality-control-and-quality-assessment-in-the-ivf-lab\\\/\",\"name\":\"01 - Contr\u00f4le et \u00e9valuation de la qualit\u00e9 dans le laboratoire de FIV - Embryotools\",\"isPartOf\":{\"@id\":\"https:\\\/\\\/embryotools.com\\\/#website\"},\"primaryImageOfPage\":{\"@id\":\"https:\\\/\\\/embryotools.com\\\/shop\\\/ivf-training-courses\\\/hands-on-individual-courses\\\/01-quality-control-and-quality-assessment-in-the-ivf-lab\\\/#primaryimage\"},\"image\":{\"@id\":\"https:\\\/\\\/embryotools.com\\\/shop\\\/ivf-training-courses\\\/hands-on-individual-courses\\\/01-quality-control-and-quality-assessment-in-the-ivf-lab\\\/#primaryimage\"},\"thumbnailUrl\":\"https:\\\/\\\/embryotools.com\\\/wp-content\\\/uploads\\\/2019\\\/12\\\/IMG_6201-2-1-scaled.jpg\",\"datePublished\":\"2019-12-23T11:39:52+00:00\",\"dateModified\":\"2025-07-02T11:39:04+00:00\",\"breadcrumb\":{\"@id\":\"https:\\\/\\\/embryotools.com\\\/shop\\\/ivf-training-courses\\\/hands-on-individual-courses\\\/01-quality-control-and-quality-assessment-in-the-ivf-lab\\\/#breadcrumb\"},\"inLanguage\":\"fr-FR\",\"potentialAction\":[{\"@type\":\"ReadAction\",\"target\":[\"https:\\\/\\\/embryotools.com\\\/shop\\\/ivf-training-courses\\\/hands-on-individual-courses\\\/01-quality-control-and-quality-assessment-in-the-ivf-lab\\\/\"]}]},{\"@type\":\"ImageObject\",\"inLanguage\":\"fr-FR\",\"@id\":\"https:\\\/\\\/embryotools.com\\\/shop\\\/ivf-training-courses\\\/hands-on-individual-courses\\\/01-quality-control-and-quality-assessment-in-the-ivf-lab\\\/#primaryimage\",\"url\":\"https:\\\/\\\/embryotools.com\\\/wp-content\\\/uploads\\\/2019\\\/12\\\/IMG_6201-2-1-scaled.jpg\",\"contentUrl\":\"https:\\\/\\\/embryotools.com\\\/wp-content\\\/uploads\\\/2019\\\/12\\\/IMG_6201-2-1-scaled.jpg\",\"width\":2560,\"height\":1707},{\"@type\":\"BreadcrumbList\",\"@id\":\"https:\\\/\\\/embryotools.com\\\/shop\\\/ivf-training-courses\\\/hands-on-individual-courses\\\/01-quality-control-and-quality-assessment-in-the-ivf-lab\\\/#breadcrumb\",\"itemListElement\":[{\"@type\":\"ListItem\",\"position\":1,\"name\":\"Home\",\"item\":\"https:\\\/\\\/embryotools.com\\\/\"},{\"@type\":\"ListItem\",\"position\":2,\"name\":\"Shop\",\"item\":\"https:\\\/\\\/embryotools.com\\\/shop\\\/\"},{\"@type\":\"ListItem\",\"position\":3,\"name\":\"01 &#8211; Quality Control and Quality Assessment in the IVF lab\"}]},{\"@type\":\"WebSite\",\"@id\":\"https:\\\/\\\/embryotools.com\\\/#website\",\"url\":\"https:\\\/\\\/embryotools.com\\\/\",\"name\":\"Embryotools\",\"description\":\"for better results\",\"publisher\":{\"@id\":\"https:\\\/\\\/embryotools.com\\\/#organization\"},\"potentialAction\":[{\"@type\":\"SearchAction\",\"target\":{\"@type\":\"EntryPoint\",\"urlTemplate\":\"https:\\\/\\\/embryotools.com\\\/?s={search_term_string}\"},\"query-input\":{\"@type\":\"PropertyValueSpecification\",\"valueRequired\":true,\"valueName\":\"search_term_string\"}}],\"inLanguage\":\"fr-FR\"},{\"@type\":\"Organization\",\"@id\":\"https:\\\/\\\/embryotools.com\\\/#organization\",\"name\":\"Embryotools\",\"url\":\"https:\\\/\\\/embryotools.com\\\/\",\"logo\":{\"@type\":\"ImageObject\",\"inLanguage\":\"fr-FR\",\"@id\":\"https:\\\/\\\/embryotools.com\\\/#\\\/schema\\\/logo\\\/image\\\/\",\"url\":\"https:\\\/\\\/embryotools.com\\\/wp-content\\\/uploads\\\/2017\\\/01\\\/embryotools_logo_trans_500-2.png\",\"contentUrl\":\"https:\\\/\\\/embryotools.com\\\/wp-content\\\/uploads\\\/2017\\\/01\\\/embryotools_logo_trans_500-2.png\",\"width\":250,\"height\":59,\"caption\":\"Embryotools\"},\"image\":{\"@id\":\"https:\\\/\\\/embryotools.com\\\/#\\\/schema\\\/logo\\\/image\\\/\"},\"sameAs\":[\"https:\\\/\\\/www.facebook.com\\\/embryotools\",\"https:\\\/\\\/x.com\\\/embryotools\",\"https:\\\/\\\/www.linkedin.com\\\/company\\\/embryotools\"]}]}<\/script>\n<!-- \/ Yoast SEO plugin. -->","yoast_head_json":{"title":"01 - Contr\u00f4le et \u00e9valuation de la qualit\u00e9 dans le laboratoire de FIV - Embryotools","robots":{"index":"index","follow":"follow","max-snippet":"max-snippet:-1","max-image-preview":"max-image-preview:large","max-video-preview":"max-video-preview:-1"},"canonical":"https:\/\/embryotools.com\/shop\/ivf-training-courses\/hands-on-individual-courses\/01-quality-control-and-quality-assessment-in-the-ivf-lab\/","twitter_card":"summary_large_image","twitter_title":"01 - Contr\u00f4le et \u00e9valuation de la qualit\u00e9 dans le laboratoire de FIV - Embryotools","twitter_description":"[:en]One day course customized for IVF lab directors who want to improve results, gain consistency and analyze the stability of the culture system in their lab.  Also interesting for young embryologist who need to acquire deep knowledge on quality control in the IVF lab.  &nbsp;  For further information please contact us at training@embryotools.com[:es]Curso de un d\u00eda personalizado para directores de laboratorios de FIV que quieran mejorar los resultados, ganar consistencia y analizar la estabilidad del sistema de cultivo en su laboratorio.  Este curso tambi\u00e9n es interesante para j\u00f3venes embri\u00f3logos que necesitan adquirir conocimientos sobre el control de calidad en el laboratorio de FIV.  &nbsp;  &nbsp;  Para m\u00e1s informaci\u00f3n por favor cont\u00e1ctenos en training@embryotools.com[:fr]Cours d'une journ\u00e9e personnalis\u00e9 pour les directeurs de laboratoires de FIV qui souhaitent am\u00e9liorer les r\u00e9sultats, gagner en coh\u00e9rence et analyser la stabilit\u00e9 du syst\u00e8me de culture dans leur laboratoire.  Egalement int\u00e9ressant pour les jeunes embryologistes qui ont besoin d'acqu\u00e9rir des connaissances approfondies sur le contr\u00f4le de la qualit\u00e9 dans le laboratoire de FIV.  Pour plus d'information, veuillez nous contacter \u00e0 l'adresse suivante: training@embryotools.com[:]","twitter_image":"https:\/\/embryotools.com\/wp-content\/uploads\/2019\/12\/IMG_6201-2-1-scaled.jpg","twitter_site":"@embryotools","twitter_misc":{"Dur\u00e9e de lecture estim\u00e9e":"1 minute"},"schema":{"@context":"https:\/\/schema.org","@graph":[{"@type":"WebPage","@id":"https:\/\/embryotools.com\/shop\/ivf-training-courses\/hands-on-individual-courses\/01-quality-control-and-quality-assessment-in-the-ivf-lab\/","url":"https:\/\/embryotools.com\/shop\/ivf-training-courses\/hands-on-individual-courses\/01-quality-control-and-quality-assessment-in-the-ivf-lab\/","name":"01 - Contr\u00f4le et \u00e9valuation de la qualit\u00e9 dans le laboratoire de FIV - Embryotools","isPartOf":{"@id":"https:\/\/embryotools.com\/#website"},"primaryImageOfPage":{"@id":"https:\/\/embryotools.com\/shop\/ivf-training-courses\/hands-on-individual-courses\/01-quality-control-and-quality-assessment-in-the-ivf-lab\/#primaryimage"},"image":{"@id":"https:\/\/embryotools.com\/shop\/ivf-training-courses\/hands-on-individual-courses\/01-quality-control-and-quality-assessment-in-the-ivf-lab\/#primaryimage"},"thumbnailUrl":"https:\/\/embryotools.com\/wp-content\/uploads\/2019\/12\/IMG_6201-2-1-scaled.jpg","datePublished":"2019-12-23T11:39:52+00:00","dateModified":"2025-07-02T11:39:04+00:00","breadcrumb":{"@id":"https:\/\/embryotools.com\/shop\/ivf-training-courses\/hands-on-individual-courses\/01-quality-control-and-quality-assessment-in-the-ivf-lab\/#breadcrumb"},"inLanguage":"fr-FR","potentialAction":[{"@type":"ReadAction","target":["https:\/\/embryotools.com\/shop\/ivf-training-courses\/hands-on-individual-courses\/01-quality-control-and-quality-assessment-in-the-ivf-lab\/"]}]},{"@type":"ImageObject","inLanguage":"fr-FR","@id":"https:\/\/embryotools.com\/shop\/ivf-training-courses\/hands-on-individual-courses\/01-quality-control-and-quality-assessment-in-the-ivf-lab\/#primaryimage","url":"https:\/\/embryotools.com\/wp-content\/uploads\/2019\/12\/IMG_6201-2-1-scaled.jpg","contentUrl":"https:\/\/embryotools.com\/wp-content\/uploads\/2019\/12\/IMG_6201-2-1-scaled.jpg","width":2560,"height":1707},{"@type":"BreadcrumbList","@id":"https:\/\/embryotools.com\/shop\/ivf-training-courses\/hands-on-individual-courses\/01-quality-control-and-quality-assessment-in-the-ivf-lab\/#breadcrumb","itemListElement":[{"@type":"ListItem","position":1,"name":"Home","item":"https:\/\/embryotools.com\/"},{"@type":"ListItem","position":2,"name":"Shop","item":"https:\/\/embryotools.com\/shop\/"},{"@type":"ListItem","position":3,"name":"01 &#8211; Quality Control and Quality Assessment in the IVF lab"}]},{"@type":"WebSite","@id":"https:\/\/embryotools.com\/#website","url":"https:\/\/embryotools.com\/","name":"Embryotools","description":"for better results","publisher":{"@id":"https:\/\/embryotools.com\/#organization"},"potentialAction":[{"@type":"SearchAction","target":{"@type":"EntryPoint","urlTemplate":"https:\/\/embryotools.com\/?s={search_term_string}"},"query-input":{"@type":"PropertyValueSpecification","valueRequired":true,"valueName":"search_term_string"}}],"inLanguage":"fr-FR"},{"@type":"Organization","@id":"https:\/\/embryotools.com\/#organization","name":"Embryotools","url":"https:\/\/embryotools.com\/","logo":{"@type":"ImageObject","inLanguage":"fr-FR","@id":"https:\/\/embryotools.com\/#\/schema\/logo\/image\/","url":"https:\/\/embryotools.com\/wp-content\/uploads\/2017\/01\/embryotools_logo_trans_500-2.png","contentUrl":"https:\/\/embryotools.com\/wp-content\/uploads\/2017\/01\/embryotools_logo_trans_500-2.png","width":250,"height":59,"caption":"Embryotools"},"image":{"@id":"https:\/\/embryotools.com\/#\/schema\/logo\/image\/"},"sameAs":["https:\/\/www.facebook.com\/embryotools","https:\/\/x.com\/embryotools","https:\/\/www.linkedin.com\/company\/embryotools"]}]}},"_links":{"self":[{"href":"https:\/\/embryotools.com\/fr\/wp-json\/wp\/v2\/product\/20584","targetHints":{"allow":["GET"]}}],"collection":[{"href":"https:\/\/embryotools.com\/fr\/wp-json\/wp\/v2\/product"}],"about":[{"href":"https:\/\/embryotools.com\/fr\/wp-json\/wp\/v2\/types\/product"}],"wp:featuredmedia":[{"embeddable":true,"href":"https:\/\/embryotools.com\/fr\/wp-json\/wp\/v2\/media\/22587"}],"wp:attachment":[{"href":"https:\/\/embryotools.com\/fr\/wp-json\/wp\/v2\/media?parent=20584"}],"wp:term":[{"taxonomy":"product_brand","embeddable":true,"href":"https:\/\/embryotools.com\/fr\/wp-json\/wp\/v2\/product_brand?post=20584"},{"taxonomy":"product_cat","embeddable":true,"href":"https:\/\/embryotools.com\/fr\/wp-json\/wp\/v2\/product_cat?post=20584"},{"taxonomy":"product_tag","embeddable":true,"href":"https:\/\/embryotools.com\/fr\/wp-json\/wp\/v2\/product_tag?post=20584"}],"curies":[{"name":"wp","href":"https:\/\/api.w.org\/{rel}","templated":true}]}}