{"id":8,"date":"2015-12-01T15:55:34","date_gmt":"2015-12-01T15:55:34","guid":{"rendered":"http:\/\/test.embryotools.com\/about-us\/"},"modified":"2025-07-17T12:20:22","modified_gmt":"2025-07-17T10:20:22","slug":"about-us","status":"publish","type":"page","link":"https:\/\/embryotools.com\/fr\/about-us\/","title":{"rendered":"About Us"},"content":{"rendered":"<p class=\"qtranxs-available-languages-message qtranxs-available-languages-message-fr\">D\u00e9sol\u00e9, cet article est seulement disponible en <a href=\"https:\/\/embryotools.com\/en\/wp-json\/wp\/v2\/pages\/8\" class=\"qtranxs-available-language-link qtranxs-available-language-link-en\" title=\"English\">English<\/a>, <a href=\"https:\/\/embryotools.com\/es\/wp-json\/wp\/v2\/pages\/8\" class=\"qtranxs-available-language-link qtranxs-available-language-link-es\" title=\"Espa\u00f1ol\">Espa\u00f1ol<\/a> et <a href=\"https:\/\/embryotools.com\/zh\/wp-json\/wp\/v2\/pages\/8\" class=\"qtranxs-available-language-link qtranxs-available-language-link-zh\" title=\"\u4e2d\u6587\">\u4e2d\u6587<\/a>. Pour le confort de l\u2019utilisateur, le contenu est affich\u00e9 ci-dessous dans la langue par d\u00e9faut du site. Vous pouvez cliquer l\u2019un des liens pour changer la langue du site en une autre langue disponible.<\/p><p><img loading=\"lazy\" decoding=\"async\" class=\"wp-image-23281 alignright\" src=\"https:\/\/embryotools.com\/wp-content\/uploads\/2025\/07\/IMG_9349-scaled-200x300.jpg\" alt=\"\" width=\"193\" height=\"290\" srcset=\"https:\/\/embryotools.com\/wp-content\/uploads\/2025\/07\/IMG_9349-scaled-200x300.jpg 200w, https:\/\/embryotools.com\/wp-content\/uploads\/2025\/07\/IMG_9349-scaled-682x1024.jpg 682w, https:\/\/embryotools.com\/wp-content\/uploads\/2025\/07\/IMG_9349-scaled-768x1152.jpg 768w, https:\/\/embryotools.com\/wp-content\/uploads\/2025\/07\/IMG_9349-scaled-1024x1536.jpg 1024w, https:\/\/embryotools.com\/wp-content\/uploads\/2025\/07\/IMG_9349-scaled-1365x2048.jpg 1365w, https:\/\/embryotools.com\/wp-content\/uploads\/2025\/07\/IMG_9349-scaled-600x900.jpg 600w, https:\/\/embryotools.com\/wp-content\/uploads\/2025\/07\/IMG_9349-scaled.jpg 1706w\" sizes=\"auto, (max-width: 193px) 100vw, 193px\" \/><span class=\"font_8\"><span class=\"color_30\">Embryotools has been founded by scientists with an international reputation for innovation and excellence and who are passionate about reproduction and best practices. \u00a0<\/span><\/span><span class=\"font_8\"><span class=\"color_30\">With more than 30 years experience in both clinical embryology and animal reproduction, we provide a wide range of expertise to reproductive specialists, centers and manufacturers.<\/span><\/span><\/p>\n<p class=\"alignJustify\"><span class=\"font_8\"><span class=\"color_30\">We hold the highest standards and drive for excellence.\u00a0 All our services are performed in our own state of the art facilities, with the most advanced technology and innovative techniques.\u00a0<\/span><\/span><\/p>\n<p class=\"alignJustify\"><strong><span class=\"font_8\"><span class=\"color_30\">Our team looks forward to contributing to the IVF Global community by:<\/span><\/span><\/strong><\/p>\n<ul>\n<li class=\"alignJustify\"><span class=\"font_8\"><span class=\"color_30\">Providing the most advanced and profound Quality Control Testing for products for\u00a0the IVF industry<\/span><\/span><\/li>\n<li class=\"alignJustify\"><span class=\"font_8\"><span class=\"color_30\">Sharing our experience and expertise with other laboratory professionals in our Training School<\/span><\/span><\/li>\n<li class=\"alignJustify\"><span class=\"font_8\"><span class=\"color_30\">Providing Independent Scientific and Clinical Consulting Services to reproductive centers to improve results with best practices and protocols\u00a0and assist manufacturers on developing and optimizing new products for IVF based on our long term experience and deep understanding of IVF industry needs<\/span><\/span><\/li>\n<li class=\"alignJustify\"><span class=\"font_8\"><span class=\"color_30\">Developing the most innovative techniques through continuous research in our Animal Reproduction Center.<\/span><\/span><\/li>\n<\/ul>\n<p class=\"alignJustify\"><span class=\"font_8\"><span class=\"bold\"><span class=\"color_30\">Let us be your partner in success! \u00a0<span class=\"underline\"><a href=\"\/en\/contact\/\">Contact Us Today<\/a><\/span><\/span><\/span><\/span><\/p>\n<p><\/p>","protected":false},"excerpt":{"rendered":"<p>D\u00e9sol\u00e9, cet article est seulement disponible en English, Espa\u00f1ol et \u4e2d\u6587. Pour le confort de l\u2019utilisateur, le contenu est affich\u00e9 ci-dessous dans la langue par d\u00e9faut du site. Vous pouvez cliquer l\u2019un des liens pour changer la langue du site en une autre langue disponible.Embryotools has been founded by scientists with an international reputation for\u2026<\/p>\n","protected":false},"author":1,"featured_media":0,"parent":0,"menu_order":40,"comment_status":"closed","ping_status":"closed","template":"","meta":{"footnotes":""},"class_list":["post-8","page","type-page","status-publish","hentry"],"yoast_head":"<!-- This site is optimized with the Yoast SEO plugin v27.4 - https:\/\/yoast.com\/product\/yoast-seo-wordpress\/ -->\n<title>About Us - Embryotools<\/title>\n<meta name=\"robots\" content=\"index, follow, max-snippet:-1, max-image-preview:large, max-video-preview:-1\" \/>\n<link rel=\"canonical\" href=\"https:\/\/embryotools.com\/about-us\/\" \/>\n<meta name=\"twitter:card\" content=\"summary_large_image\" \/>\n<meta name=\"twitter:title\" content=\"About Us - Embryotools\" \/>\n<meta name=\"twitter:description\" content=\"D\u00e9sol\u00e9, cet article est seulement disponible en English, Espa\u00f1ol et \u4e2d\u6587. Pour le confort de l\u2019utilisateur, le contenu est affich\u00e9 ci-dessous dans la langue par d\u00e9faut du site. Vous pouvez cliquer l\u2019un des liens pour changer la langue du site en une autre langue disponible.Embryotools has been founded by scientists with an international reputation for\u2026\" \/>\n<meta name=\"twitter:image\" content=\"https:\/\/static.wixstatic.com\/media\/b8ad96_de9d03419b74432d6d1bfa94ad5da2cc.png\/v1\/fill\/w_335,h_335,al_c,lg_1\/b8ad96_de9d03419b74432d6d1bfa94ad5da2cc.png\" \/>\n<meta name=\"twitter:site\" content=\"@embryotools\" \/>\n<meta name=\"twitter:label1\" content=\"Dur\u00e9e de lecture estim\u00e9e\" \/>\n\t<meta name=\"twitter:data1\" content=\"2 minutes\" \/>\n<script type=\"application\/ld+json\" class=\"yoast-schema-graph\">{\"@context\":\"https:\\\/\\\/schema.org\",\"@graph\":[{\"@type\":\"WebPage\",\"@id\":\"https:\\\/\\\/embryotools.com\\\/about-us\\\/\",\"url\":\"https:\\\/\\\/embryotools.com\\\/about-us\\\/\",\"name\":\"About Us - Embryotools\",\"isPartOf\":{\"@id\":\"https:\\\/\\\/embryotools.com\\\/#website\"},\"primaryImageOfPage\":{\"@id\":\"https:\\\/\\\/embryotools.com\\\/about-us\\\/#primaryimage\"},\"image\":{\"@id\":\"https:\\\/\\\/embryotools.com\\\/about-us\\\/#primaryimage\"},\"thumbnailUrl\":\"https:\\\/\\\/embryotools.com\\\/wp-content\\\/uploads\\\/2025\\\/07\\\/IMG_9349-scaled-200x300.jpg\",\"datePublished\":\"2015-12-01T15:55:34+00:00\",\"dateModified\":\"2025-07-17T10:20:22+00:00\",\"breadcrumb\":{\"@id\":\"https:\\\/\\\/embryotools.com\\\/about-us\\\/#breadcrumb\"},\"inLanguage\":\"fr-FR\",\"potentialAction\":[{\"@type\":\"ReadAction\",\"target\":[\"https:\\\/\\\/embryotools.com\\\/about-us\\\/\"]}]},{\"@type\":\"ImageObject\",\"inLanguage\":\"fr-FR\",\"@id\":\"https:\\\/\\\/embryotools.com\\\/about-us\\\/#primaryimage\",\"url\":\"https:\\\/\\\/embryotools.com\\\/wp-content\\\/uploads\\\/2025\\\/07\\\/IMG_9349-scaled-200x300.jpg\",\"contentUrl\":\"https:\\\/\\\/embryotools.com\\\/wp-content\\\/uploads\\\/2025\\\/07\\\/IMG_9349-scaled-200x300.jpg\"},{\"@type\":\"BreadcrumbList\",\"@id\":\"https:\\\/\\\/embryotools.com\\\/about-us\\\/#breadcrumb\",\"itemListElement\":[{\"@type\":\"ListItem\",\"position\":1,\"name\":\"Home\",\"item\":\"https:\\\/\\\/embryotools.com\\\/\"},{\"@type\":\"ListItem\",\"position\":2,\"name\":\"\u5173\u4e8e\u6211\u4eec\"}]},{\"@type\":\"WebSite\",\"@id\":\"https:\\\/\\\/embryotools.com\\\/#website\",\"url\":\"https:\\\/\\\/embryotools.com\\\/\",\"name\":\"Embryotools\",\"description\":\"for better results\",\"publisher\":{\"@id\":\"https:\\\/\\\/embryotools.com\\\/#organization\"},\"potentialAction\":[{\"@type\":\"SearchAction\",\"target\":{\"@type\":\"EntryPoint\",\"urlTemplate\":\"https:\\\/\\\/embryotools.com\\\/?s={search_term_string}\"},\"query-input\":{\"@type\":\"PropertyValueSpecification\",\"valueRequired\":true,\"valueName\":\"search_term_string\"}}],\"inLanguage\":\"fr-FR\"},{\"@type\":\"Organization\",\"@id\":\"https:\\\/\\\/embryotools.com\\\/#organization\",\"name\":\"Embryotools\",\"url\":\"https:\\\/\\\/embryotools.com\\\/\",\"logo\":{\"@type\":\"ImageObject\",\"inLanguage\":\"fr-FR\",\"@id\":\"https:\\\/\\\/embryotools.com\\\/#\\\/schema\\\/logo\\\/image\\\/\",\"url\":\"https:\\\/\\\/embryotools.com\\\/wp-content\\\/uploads\\\/2017\\\/01\\\/embryotools_logo_trans_500-2.png\",\"contentUrl\":\"https:\\\/\\\/embryotools.com\\\/wp-content\\\/uploads\\\/2017\\\/01\\\/embryotools_logo_trans_500-2.png\",\"width\":250,\"height\":59,\"caption\":\"Embryotools\"},\"image\":{\"@id\":\"https:\\\/\\\/embryotools.com\\\/#\\\/schema\\\/logo\\\/image\\\/\"},\"sameAs\":[\"https:\\\/\\\/www.facebook.com\\\/embryotools\",\"https:\\\/\\\/x.com\\\/embryotools\",\"https:\\\/\\\/www.linkedin.com\\\/company\\\/embryotools\"]}]}<\/script>\n<!-- \/ Yoast SEO plugin. -->","yoast_head_json":{"title":"About Us - Embryotools","robots":{"index":"index","follow":"follow","max-snippet":"max-snippet:-1","max-image-preview":"max-image-preview:large","max-video-preview":"max-video-preview:-1"},"canonical":"https:\/\/embryotools.com\/about-us\/","twitter_card":"summary_large_image","twitter_title":"About Us - Embryotools","twitter_description":"D\u00e9sol\u00e9, cet article est seulement disponible en English, Espa\u00f1ol et \u4e2d\u6587. Pour le confort de l\u2019utilisateur, le contenu est affich\u00e9 ci-dessous dans la langue par d\u00e9faut du site. Vous pouvez cliquer l\u2019un des liens pour changer la langue du site en une autre langue disponible.Embryotools has been founded by scientists with an international reputation for\u2026","twitter_image":"https:\/\/static.wixstatic.com\/media\/b8ad96_de9d03419b74432d6d1bfa94ad5da2cc.png\/v1\/fill\/w_335,h_335,al_c,lg_1\/b8ad96_de9d03419b74432d6d1bfa94ad5da2cc.png","twitter_site":"@embryotools","twitter_misc":{"Dur\u00e9e de lecture estim\u00e9e":"2 minutes"},"schema":{"@context":"https:\/\/schema.org","@graph":[{"@type":"WebPage","@id":"https:\/\/embryotools.com\/about-us\/","url":"https:\/\/embryotools.com\/about-us\/","name":"About Us - Embryotools","isPartOf":{"@id":"https:\/\/embryotools.com\/#website"},"primaryImageOfPage":{"@id":"https:\/\/embryotools.com\/about-us\/#primaryimage"},"image":{"@id":"https:\/\/embryotools.com\/about-us\/#primaryimage"},"thumbnailUrl":"https:\/\/embryotools.com\/wp-content\/uploads\/2025\/07\/IMG_9349-scaled-200x300.jpg","datePublished":"2015-12-01T15:55:34+00:00","dateModified":"2025-07-17T10:20:22+00:00","breadcrumb":{"@id":"https:\/\/embryotools.com\/about-us\/#breadcrumb"},"inLanguage":"fr-FR","potentialAction":[{"@type":"ReadAction","target":["https:\/\/embryotools.com\/about-us\/"]}]},{"@type":"ImageObject","inLanguage":"fr-FR","@id":"https:\/\/embryotools.com\/about-us\/#primaryimage","url":"https:\/\/embryotools.com\/wp-content\/uploads\/2025\/07\/IMG_9349-scaled-200x300.jpg","contentUrl":"https:\/\/embryotools.com\/wp-content\/uploads\/2025\/07\/IMG_9349-scaled-200x300.jpg"},{"@type":"BreadcrumbList","@id":"https:\/\/embryotools.com\/about-us\/#breadcrumb","itemListElement":[{"@type":"ListItem","position":1,"name":"Home","item":"https:\/\/embryotools.com\/"},{"@type":"ListItem","position":2,"name":"\u5173\u4e8e\u6211\u4eec"}]},{"@type":"WebSite","@id":"https:\/\/embryotools.com\/#website","url":"https:\/\/embryotools.com\/","name":"Embryotools","description":"for better results","publisher":{"@id":"https:\/\/embryotools.com\/#organization"},"potentialAction":[{"@type":"SearchAction","target":{"@type":"EntryPoint","urlTemplate":"https:\/\/embryotools.com\/?s={search_term_string}"},"query-input":{"@type":"PropertyValueSpecification","valueRequired":true,"valueName":"search_term_string"}}],"inLanguage":"fr-FR"},{"@type":"Organization","@id":"https:\/\/embryotools.com\/#organization","name":"Embryotools","url":"https:\/\/embryotools.com\/","logo":{"@type":"ImageObject","inLanguage":"fr-FR","@id":"https:\/\/embryotools.com\/#\/schema\/logo\/image\/","url":"https:\/\/embryotools.com\/wp-content\/uploads\/2017\/01\/embryotools_logo_trans_500-2.png","contentUrl":"https:\/\/embryotools.com\/wp-content\/uploads\/2017\/01\/embryotools_logo_trans_500-2.png","width":250,"height":59,"caption":"Embryotools"},"image":{"@id":"https:\/\/embryotools.com\/#\/schema\/logo\/image\/"},"sameAs":["https:\/\/www.facebook.com\/embryotools","https:\/\/x.com\/embryotools","https:\/\/www.linkedin.com\/company\/embryotools"]}]}},"_links":{"self":[{"href":"https:\/\/embryotools.com\/fr\/wp-json\/wp\/v2\/pages\/8","targetHints":{"allow":["GET"]}}],"collection":[{"href":"https:\/\/embryotools.com\/fr\/wp-json\/wp\/v2\/pages"}],"about":[{"href":"https:\/\/embryotools.com\/fr\/wp-json\/wp\/v2\/types\/page"}],"author":[{"embeddable":true,"href":"https:\/\/embryotools.com\/fr\/wp-json\/wp\/v2\/users\/1"}],"replies":[{"embeddable":true,"href":"https:\/\/embryotools.com\/fr\/wp-json\/wp\/v2\/comments?post=8"}],"version-history":[{"count":14,"href":"https:\/\/embryotools.com\/fr\/wp-json\/wp\/v2\/pages\/8\/revisions"}],"predecessor-version":[{"id":23286,"href":"https:\/\/embryotools.com\/fr\/wp-json\/wp\/v2\/pages\/8\/revisions\/23286"}],"wp:attachment":[{"href":"https:\/\/embryotools.com\/fr\/wp-json\/wp\/v2\/media?parent=8"}],"curies":[{"name":"wp","href":"https:\/\/api.w.org\/{rel}","templated":true}]}}