{"id":300,"date":"2016-03-18T12:16:10","date_gmt":"2016-03-18T12:16:10","guid":{"rendered":"https:\/\/embryotools.com\/?page_id=300"},"modified":"2017-03-14T17:16:56","modified_gmt":"2017-03-14T16:16:56","slug":"terms-of-use","status":"publish","type":"page","link":"https:\/\/embryotools.com\/fr\/terms-of-use\/","title":{"rendered":"Terms of use"},"content":{"rendered":"<p class=\"qtranxs-available-languages-message qtranxs-available-languages-message-fr\">D\u00e9sol\u00e9, cet article est seulement disponible en <a href=\"https:\/\/embryotools.com\/en\/wp-json\/wp\/v2\/pages\/300\" class=\"qtranxs-available-language-link qtranxs-available-language-link-en\" title=\"English\">English<\/a>, <a href=\"https:\/\/embryotools.com\/es\/wp-json\/wp\/v2\/pages\/300\" class=\"qtranxs-available-language-link qtranxs-available-language-link-es\" title=\"Espa\u00f1ol\">Espa\u00f1ol<\/a> et <a href=\"https:\/\/embryotools.com\/zh\/wp-json\/wp\/v2\/pages\/300\" class=\"qtranxs-available-language-link qtranxs-available-language-link-zh\" title=\"\u4e2d\u6587\">\u4e2d\u6587<\/a>. Pour le confort de l\u2019utilisateur, le contenu est affich\u00e9 ci-dessous dans la langue par d\u00e9faut du site. Vous pouvez cliquer l\u2019un des liens pour changer la langue du site en une autre langue disponible.<\/p><p><span class=\"font_8\">Welcome to the Embryotools Website. The information provided on this site is for general informational and educational purposes only. By accessing or using this site, you acknowledge that you have read, understood and agreed to the Terms of Use Agreement. If you do not agree to the Terms of Use, you may not access or use the site.<\/span><\/p>\n<p><span class=\"font_8\"><\/span><\/p>\n<p><span class=\"font_8\">1. Use of Web site. The information provided on this site is for general informational and educational purposes. Certain sections of this Web site are intended for particular audiences. Your access to and use of the information contained in the Web site is subject to this Terms of Use Agreement. By accessing and using this Web site, you accept, without limitation or qualification, this Terms of Use Agreement.<\/span><br \/>\n<span class=\"font_8\">2. Content. Embryotools\u00a0 will use reasonable efforts to include accurate and up-to-date information on this Web site but makes no warranties or representations of any kind as to its accuracy, currency or completeness. Embryotools disclaims all warranties, express or implied, including warranties of merchantability or fitness for a particular purpose. Neither Embryotools nor any party involved in creating, producing or delivering this Web site shall be liable for any damages, including without limitation, direct, incidental, consequential, indirect or punitive damages, arising out of access to, use of or inability to use this Web site, or any errors or omissions in the content thereof. This limitation includes damages to, or for any viruses that infect, your computer equipment.<\/span><br \/>\n<span class=\"font_8\">3. Indemnification. You agree to indemnify, defend and hold harmless Embryotools, its officers, directors, employees, agents, suppliers and third party partners from and against all losses, expenses, damages and costs, including reasonable attorneys&rsquo; fees, resulting from any violation by you of these Terms of Use.<\/span><br \/>\n<span class=\"font_8\">4. Privacy. Any information supplied by you when using the site will be used by Embryotools in accordance with our Privacy Policy.<\/span><br \/>\n<span class=\"font_8\">5. Third Party Web sites and Links. This Web site may contain links or references to other Web sites maintained by third parties.\u00a0\u00a0 Embryotools assumes no responsibility for, and disclaims all liability in respect of, the content, accuracy, completeness or timeliness of any third-party websites to which this site is linked and the privacy practices and\/or quality of products or services provided by or advertised on or in connection with any such third-party websites.<\/span><br \/>\n<span class=\"font_8\">6. Trademarks and Copyrights. All textual, graphical and other content currently created by or for Embryotools and its affiliates and appearing on this site is the sole and exclusive property of Embryotools.\u00a0\u00a0 Copy of any content generated by this site without Embryotools written consent is expressly prohibited.<\/span><br \/>\n<span class=\"font_8\">7. Governing Laws.\u00a0\u00a0 This Web site and its contents are intended to comply with the laws and regulations in Spain.<br \/>\nThis Terms of Use Agreement and your use of the Web site shall be governed by the laws of Spain.\u00a0 Any legal action or proceeding related to this Web site shall be brought exclusively in a court of competent jurisdiction in Spain.<\/span><br \/>\n<span class=\"font_8\">8. Miscellaneous. If any provision of this Agreement is held to be unlawful, void or unenforceable, then such provision shall be severable without affecting the enforceability of all remaining provisions. Embryotools reserves the right to alter or delete materials from this Web site at any time at its discretion.<\/span><\/p>","protected":false},"excerpt":{"rendered":"<p>D\u00e9sol\u00e9, cet article est seulement disponible en English, Espa\u00f1ol et \u4e2d\u6587. Pour le confort de l\u2019utilisateur, le contenu est affich\u00e9 ci-dessous dans la langue par d\u00e9faut du site. Vous pouvez cliquer l\u2019un des liens pour changer la langue du site en une autre langue disponible.Welcome to the Embryotools Website. The information provided on this site\u2026<\/p>\n","protected":false},"author":1,"featured_media":0,"parent":0,"menu_order":0,"comment_status":"closed","ping_status":"closed","template":"","meta":{"footnotes":""},"class_list":["post-300","page","type-page","status-publish","hentry"],"yoast_head":"<!-- This site is optimized with the Yoast SEO plugin v27.3 - https:\/\/yoast.com\/product\/yoast-seo-wordpress\/ -->\n<title>Terms of use - Embryotools<\/title>\n<meta name=\"robots\" content=\"index, follow, max-snippet:-1, max-image-preview:large, max-video-preview:-1\" \/>\n<link rel=\"canonical\" href=\"https:\/\/embryotools.com\/terms-of-use\/\" \/>\n<meta name=\"twitter:card\" content=\"summary_large_image\" \/>\n<meta name=\"twitter:title\" content=\"Terms of use - Embryotools\" \/>\n<meta name=\"twitter:description\" content=\"D\u00e9sol\u00e9, cet article est seulement disponible en English, Espa\u00f1ol et \u4e2d\u6587. Pour le confort de l\u2019utilisateur, le contenu est affich\u00e9 ci-dessous dans la langue par d\u00e9faut du site. Vous pouvez cliquer l\u2019un des liens pour changer la langue du site en une autre langue disponible.Welcome to the Embryotools Website. The information provided on this site\u2026\" \/>\n<meta name=\"twitter:site\" content=\"@embryotools\" \/>\n<meta name=\"twitter:label1\" content=\"Dur\u00e9e de lecture estim\u00e9e\" \/>\n\t<meta name=\"twitter:data1\" content=\"6 minutes\" \/>\n<script type=\"application\/ld+json\" class=\"yoast-schema-graph\">{\"@context\":\"https:\\\/\\\/schema.org\",\"@graph\":[{\"@type\":\"WebPage\",\"@id\":\"https:\\\/\\\/embryotools.com\\\/terms-of-use\\\/\",\"url\":\"https:\\\/\\\/embryotools.com\\\/terms-of-use\\\/\",\"name\":\"Terms of use - Embryotools\",\"isPartOf\":{\"@id\":\"https:\\\/\\\/embryotools.com\\\/#website\"},\"datePublished\":\"2016-03-18T12:16:10+00:00\",\"dateModified\":\"2017-03-14T16:16:56+00:00\",\"breadcrumb\":{\"@id\":\"https:\\\/\\\/embryotools.com\\\/terms-of-use\\\/#breadcrumb\"},\"inLanguage\":\"fr-FR\",\"potentialAction\":[{\"@type\":\"ReadAction\",\"target\":[\"https:\\\/\\\/embryotools.com\\\/terms-of-use\\\/\"]}]},{\"@type\":\"BreadcrumbList\",\"@id\":\"https:\\\/\\\/embryotools.com\\\/terms-of-use\\\/#breadcrumb\",\"itemListElement\":[{\"@type\":\"ListItem\",\"position\":1,\"name\":\"Home\",\"item\":\"https:\\\/\\\/embryotools.com\\\/\"},{\"@type\":\"ListItem\",\"position\":2,\"name\":\"Terms of use\"}]},{\"@type\":\"WebSite\",\"@id\":\"https:\\\/\\\/embryotools.com\\\/#website\",\"url\":\"https:\\\/\\\/embryotools.com\\\/\",\"name\":\"Embryotools\",\"description\":\"for better results\",\"publisher\":{\"@id\":\"https:\\\/\\\/embryotools.com\\\/#organization\"},\"potentialAction\":[{\"@type\":\"SearchAction\",\"target\":{\"@type\":\"EntryPoint\",\"urlTemplate\":\"https:\\\/\\\/embryotools.com\\\/?s={search_term_string}\"},\"query-input\":{\"@type\":\"PropertyValueSpecification\",\"valueRequired\":true,\"valueName\":\"search_term_string\"}}],\"inLanguage\":\"fr-FR\"},{\"@type\":\"Organization\",\"@id\":\"https:\\\/\\\/embryotools.com\\\/#organization\",\"name\":\"Embryotools\",\"url\":\"https:\\\/\\\/embryotools.com\\\/\",\"logo\":{\"@type\":\"ImageObject\",\"inLanguage\":\"fr-FR\",\"@id\":\"https:\\\/\\\/embryotools.com\\\/#\\\/schema\\\/logo\\\/image\\\/\",\"url\":\"https:\\\/\\\/embryotools.com\\\/wp-content\\\/uploads\\\/2017\\\/01\\\/embryotools_logo_trans_500-2.png\",\"contentUrl\":\"https:\\\/\\\/embryotools.com\\\/wp-content\\\/uploads\\\/2017\\\/01\\\/embryotools_logo_trans_500-2.png\",\"width\":250,\"height\":59,\"caption\":\"Embryotools\"},\"image\":{\"@id\":\"https:\\\/\\\/embryotools.com\\\/#\\\/schema\\\/logo\\\/image\\\/\"},\"sameAs\":[\"https:\\\/\\\/www.facebook.com\\\/embryotools\",\"https:\\\/\\\/x.com\\\/embryotools\",\"https:\\\/\\\/www.linkedin.com\\\/company\\\/embryotools\"]}]}<\/script>\n<!-- \/ Yoast SEO plugin. -->","yoast_head_json":{"title":"Terms of use - Embryotools","robots":{"index":"index","follow":"follow","max-snippet":"max-snippet:-1","max-image-preview":"max-image-preview:large","max-video-preview":"max-video-preview:-1"},"canonical":"https:\/\/embryotools.com\/terms-of-use\/","twitter_card":"summary_large_image","twitter_title":"Terms of use - Embryotools","twitter_description":"D\u00e9sol\u00e9, cet article est seulement disponible en English, Espa\u00f1ol et \u4e2d\u6587. Pour le confort de l\u2019utilisateur, le contenu est affich\u00e9 ci-dessous dans la langue par d\u00e9faut du site. Vous pouvez cliquer l\u2019un des liens pour changer la langue du site en une autre langue disponible.Welcome to the Embryotools Website. The information provided on this site\u2026","twitter_site":"@embryotools","twitter_misc":{"Dur\u00e9e de lecture estim\u00e9e":"6 minutes"},"schema":{"@context":"https:\/\/schema.org","@graph":[{"@type":"WebPage","@id":"https:\/\/embryotools.com\/terms-of-use\/","url":"https:\/\/embryotools.com\/terms-of-use\/","name":"Terms of use - Embryotools","isPartOf":{"@id":"https:\/\/embryotools.com\/#website"},"datePublished":"2016-03-18T12:16:10+00:00","dateModified":"2017-03-14T16:16:56+00:00","breadcrumb":{"@id":"https:\/\/embryotools.com\/terms-of-use\/#breadcrumb"},"inLanguage":"fr-FR","potentialAction":[{"@type":"ReadAction","target":["https:\/\/embryotools.com\/terms-of-use\/"]}]},{"@type":"BreadcrumbList","@id":"https:\/\/embryotools.com\/terms-of-use\/#breadcrumb","itemListElement":[{"@type":"ListItem","position":1,"name":"Home","item":"https:\/\/embryotools.com\/"},{"@type":"ListItem","position":2,"name":"Terms of use"}]},{"@type":"WebSite","@id":"https:\/\/embryotools.com\/#website","url":"https:\/\/embryotools.com\/","name":"Embryotools","description":"for better results","publisher":{"@id":"https:\/\/embryotools.com\/#organization"},"potentialAction":[{"@type":"SearchAction","target":{"@type":"EntryPoint","urlTemplate":"https:\/\/embryotools.com\/?s={search_term_string}"},"query-input":{"@type":"PropertyValueSpecification","valueRequired":true,"valueName":"search_term_string"}}],"inLanguage":"fr-FR"},{"@type":"Organization","@id":"https:\/\/embryotools.com\/#organization","name":"Embryotools","url":"https:\/\/embryotools.com\/","logo":{"@type":"ImageObject","inLanguage":"fr-FR","@id":"https:\/\/embryotools.com\/#\/schema\/logo\/image\/","url":"https:\/\/embryotools.com\/wp-content\/uploads\/2017\/01\/embryotools_logo_trans_500-2.png","contentUrl":"https:\/\/embryotools.com\/wp-content\/uploads\/2017\/01\/embryotools_logo_trans_500-2.png","width":250,"height":59,"caption":"Embryotools"},"image":{"@id":"https:\/\/embryotools.com\/#\/schema\/logo\/image\/"},"sameAs":["https:\/\/www.facebook.com\/embryotools","https:\/\/x.com\/embryotools","https:\/\/www.linkedin.com\/company\/embryotools"]}]}},"_links":{"self":[{"href":"https:\/\/embryotools.com\/fr\/wp-json\/wp\/v2\/pages\/300","targetHints":{"allow":["GET"]}}],"collection":[{"href":"https:\/\/embryotools.com\/fr\/wp-json\/wp\/v2\/pages"}],"about":[{"href":"https:\/\/embryotools.com\/fr\/wp-json\/wp\/v2\/types\/page"}],"author":[{"embeddable":true,"href":"https:\/\/embryotools.com\/fr\/wp-json\/wp\/v2\/users\/1"}],"replies":[{"embeddable":true,"href":"https:\/\/embryotools.com\/fr\/wp-json\/wp\/v2\/comments?post=300"}],"version-history":[{"count":2,"href":"https:\/\/embryotools.com\/fr\/wp-json\/wp\/v2\/pages\/300\/revisions"}],"predecessor-version":[{"id":1016,"href":"https:\/\/embryotools.com\/fr\/wp-json\/wp\/v2\/pages\/300\/revisions\/1016"}],"wp:attachment":[{"href":"https:\/\/embryotools.com\/fr\/wp-json\/wp\/v2\/media?parent=300"}],"curies":[{"name":"wp","href":"https:\/\/api.w.org\/{rel}","templated":true}]}}