{"id":23115,"date":"2024-02-07T16:10:43","date_gmt":"2024-02-07T15:10:43","guid":{"rendered":"https:\/\/embryotools.com\/?post_type=product&#038;p=23115"},"modified":"2025-11-24T11:39:58","modified_gmt":"2025-11-24T10:39:58","slug":"09-piezo-actuated-intracytoplasmic-sperm-injection","status":"publish","type":"product","link":"https:\/\/embryotools.com\/es\/shop\/ivf-training-courses\/hands-on-individual-courses\/09-piezo-actuated-intracytoplasmic-sperm-injection\/","title":{"rendered":"09 &#8211; Inyecci\u00f3n Intracitoplasm\u00e1tica de Espermatozoides (Piezo-ICSI)"},"content":{"rendered":"<p><span style=\"font-size: 24pt;\"><strong>Inyecci\u00f3n intracitoplasm\u00e1tica de espermatozoides (Piezo-ICSI)<\/strong><\/span><\/p>\n<h2><span style=\"font-size: 12pt;\">Objetivos del curso:<\/span><\/h2>\n<p>Este curso est\u00e1 especialmente dise\u00f1ado para embri\u00f3logos que deseen adquirir habilidades pr\u00e1cticas y actualizar sus conocimientos sobre el procedimiento Piezo-ICSI. El curso se centrar\u00e1 en lecciones did\u00e1cticas y pr\u00e1cticas intensivas sobre la ruptura de la membrana del ovocito mediante impulsos mec\u00e1nicos, evitando la aspiraci\u00f3n del citoplasma y mejorando la calidad del embri\u00f3n.<br \/>\nA lo largo del curso, los embri\u00f3logos tendr\u00e1n la oportunidad de familiarizarse con las \u00faltimas tecnolog\u00edas disponibles en este campo.<\/p>\n<h2><strong>Programa cient\u00edfico:<\/strong><\/h2>\n<h4>Sesi\u00f3n te\u00f3rica (duraci\u00f3n 30-45 min):<\/h4>\n<ul>\n<li>\u201cICSI not all injections are the same: how to inject in a less invasive way \u201c<\/li>\n<\/ul>\n<h4><strong>Sesi\u00f3n pr\u00e1ctica:<\/strong><\/h4>\n<ul>\n<li>Puesta a punto del micromanipulador y de las pipetas.<\/li>\n<li>Preparaci\u00f3n de placas y medios para Piezo-ICSI.<\/li>\n<li>Selecci\u00f3n y captura de espermatozoides.<\/li>\n<li>Rotaci\u00f3n de ovocitos y microinyecci\u00f3n piezoasistida.<\/li>\n<li>Lavado y cultivo de los ovocitos microinyectados y an\u00e1lisis de su desarrollo.<\/li>\n<\/ul>\n<p><strong>Equipo de embri\u00f3logos que imparten la formaci\u00f3n:<\/strong><span style=\"font-family: georgia, palatino, serif;\"><strong><br \/>\n<\/strong><\/span>Nuno Costa-Borges, PhD; Enric Mestres, PhD; M\u00f2nica Acacio, MSc; Queralt Matia, MSc and Carolina Castell\u00f3, BSc.<\/p>\n<p><strong><span style=\"text-decoration: underline;\">Se entregar\u00e1 el certificado de asistencia a los participantes que completes el curso<\/span><\/strong><\/p>\n<p><strong>Fechas: <\/strong>Dos d\u00edas de 09:00h a 16:30h (con una pausa para caf\u00e9 y 30 minutos para comer).<\/p>\n<p><strong>Precio: <\/strong>2500 Euros<\/p>\n<p>Dependiendo de su experiencia y necesidades podemos modificar el curso de formaci\u00f3n a\u00f1adiendo d\u00edas extra al curso.<\/p>\n<p><strong>Lugar:<\/strong><br \/>\n<b><\/b>Laboratorios de Embryotools<br \/>\nAvenida Doctor Mara\u00f1\u00f3n, 8<br \/>\nParc Cient\u00edfic de Barcelona<br \/>\n08028 Barcelona<\/p>","protected":false},"excerpt":{"rendered":"<p>Curso de dos d\u00edas basado en pr\u00e1cticas para aprender a utilizar la t\u00e9cnica Piezo-ICSI para la microinyecci\u00f3n de ovocitos.<\/p>\n<p>&nbsp;<\/p>\n<p><span class=\"font_8\"><em>Para m\u00e1s informaci\u00f3n por favor cont\u00e1ctenos en <a href=\"mailto:training@embryotools.com\"><strong>training@embryotools.com<\/strong><\/a><\/em><\/span><\/p>\n","protected":false},"featured_media":23119,"template":"","meta":[],"product_brand":[],"product_cat":[181,134],"product_tag":[],"class_list":{"0":"post-23115","1":"product","2":"type-product","3":"status-publish","4":"has-post-thumbnail","6":"product_cat-hands-on-individual-courses","7":"product_cat-ivf-training-courses","9":"first","10":"instock","11":"downloadable","12":"virtual","13":"purchasable","14":"product-type-simple","15":"berocket_lgv_grid","16":"berocket_lgv_list_grid"},"yoast_head":"<!-- This site is optimized with the Yoast SEO plugin v27.3 - https:\/\/yoast.com\/product\/yoast-seo-wordpress\/ -->\n<title>09 - Inyecci\u00f3n Intracitoplasm\u00e1tica de Espermatozoides (Piezo-ICSI) - Embryotools<\/title>\n<meta name=\"robots\" content=\"index, follow, max-snippet:-1, max-image-preview:large, max-video-preview:-1\" \/>\n<link rel=\"canonical\" href=\"https:\/\/embryotools.com\/shop\/ivf-training-courses\/hands-on-individual-courses\/09-piezo-actuated-intracytoplasmic-sperm-injection\/\" \/>\n<meta name=\"twitter:card\" content=\"summary_large_image\" \/>\n<meta name=\"twitter:title\" content=\"09 - Inyecci\u00f3n Intracitoplasm\u00e1tica de Espermatozoides (Piezo-ICSI) - Embryotools\" \/>\n<meta name=\"twitter:description\" content=\"[:en]Two day course based on practice hands-on to learn how to use the Piezo-actuated technique for intracytoplasmic sperm injection.  &nbsp;  For further information please contact us at training@embryotools.com[:es]Curso de dos d\u00edas basado en pr\u00e1cticas para aprender a utilizar la t\u00e9cnica Piezo-ICSI para la microinyecci\u00f3n de ovocitos.  &nbsp;  Para m\u00e1s informaci\u00f3n por favor cont\u00e1ctenos en training@embryotools.com[:fr]Cours de deux jours bas\u00e9 sur la pratique pour apprendre \u00e0 utiliser la technique Piezo-ICSI pour la micro-injection d&#039;ovocytes.  &nbsp;  Pour plus d&#039;information, veuillez nous contacter \u00e0 l&#039;adresse suivante: training@embryotools.com[:]\" \/>\n<meta name=\"twitter:image\" content=\"https:\/\/embryotools.com\/wp-content\/uploads\/2024\/02\/Piezo-1.png\" \/>\n<meta name=\"twitter:site\" content=\"@embryotools\" \/>\n<meta name=\"twitter:label1\" content=\"Tiempo de lectura\" \/>\n\t<meta name=\"twitter:data1\" content=\"2 minutos\" \/>\n<script type=\"application\/ld+json\" class=\"yoast-schema-graph\">{\"@context\":\"https:\\\/\\\/schema.org\",\"@graph\":[{\"@type\":\"WebPage\",\"@id\":\"https:\\\/\\\/embryotools.com\\\/shop\\\/ivf-training-courses\\\/hands-on-individual-courses\\\/09-piezo-actuated-intracytoplasmic-sperm-injection\\\/\",\"url\":\"https:\\\/\\\/embryotools.com\\\/shop\\\/ivf-training-courses\\\/hands-on-individual-courses\\\/09-piezo-actuated-intracytoplasmic-sperm-injection\\\/\",\"name\":\"09 - Inyecci\u00f3n Intracitoplasm\u00e1tica de Espermatozoides (Piezo-ICSI) - Embryotools\",\"isPartOf\":{\"@id\":\"https:\\\/\\\/embryotools.com\\\/#website\"},\"primaryImageOfPage\":{\"@id\":\"https:\\\/\\\/embryotools.com\\\/shop\\\/ivf-training-courses\\\/hands-on-individual-courses\\\/09-piezo-actuated-intracytoplasmic-sperm-injection\\\/#primaryimage\"},\"image\":{\"@id\":\"https:\\\/\\\/embryotools.com\\\/shop\\\/ivf-training-courses\\\/hands-on-individual-courses\\\/09-piezo-actuated-intracytoplasmic-sperm-injection\\\/#primaryimage\"},\"thumbnailUrl\":\"https:\\\/\\\/embryotools.com\\\/wp-content\\\/uploads\\\/2024\\\/02\\\/Piezo-1.png\",\"datePublished\":\"2024-02-07T15:10:43+00:00\",\"dateModified\":\"2025-11-24T10:39:58+00:00\",\"breadcrumb\":{\"@id\":\"https:\\\/\\\/embryotools.com\\\/shop\\\/ivf-training-courses\\\/hands-on-individual-courses\\\/09-piezo-actuated-intracytoplasmic-sperm-injection\\\/#breadcrumb\"},\"inLanguage\":\"es\",\"potentialAction\":[{\"@type\":\"ReadAction\",\"target\":[\"https:\\\/\\\/embryotools.com\\\/shop\\\/ivf-training-courses\\\/hands-on-individual-courses\\\/09-piezo-actuated-intracytoplasmic-sperm-injection\\\/\"]}]},{\"@type\":\"ImageObject\",\"inLanguage\":\"es\",\"@id\":\"https:\\\/\\\/embryotools.com\\\/shop\\\/ivf-training-courses\\\/hands-on-individual-courses\\\/09-piezo-actuated-intracytoplasmic-sperm-injection\\\/#primaryimage\",\"url\":\"https:\\\/\\\/embryotools.com\\\/wp-content\\\/uploads\\\/2024\\\/02\\\/Piezo-1.png\",\"contentUrl\":\"https:\\\/\\\/embryotools.com\\\/wp-content\\\/uploads\\\/2024\\\/02\\\/Piezo-1.png\",\"width\":909,\"height\":914},{\"@type\":\"BreadcrumbList\",\"@id\":\"https:\\\/\\\/embryotools.com\\\/shop\\\/ivf-training-courses\\\/hands-on-individual-courses\\\/09-piezo-actuated-intracytoplasmic-sperm-injection\\\/#breadcrumb\",\"itemListElement\":[{\"@type\":\"ListItem\",\"position\":1,\"name\":\"Home\",\"item\":\"https:\\\/\\\/embryotools.com\\\/\"},{\"@type\":\"ListItem\",\"position\":2,\"name\":\"Shop\",\"item\":\"https:\\\/\\\/embryotools.com\\\/shop\\\/\"},{\"@type\":\"ListItem\",\"position\":3,\"name\":\"09 &#8211; Piezo-actuated intracytoplasmic sperm injection\"}]},{\"@type\":\"WebSite\",\"@id\":\"https:\\\/\\\/embryotools.com\\\/#website\",\"url\":\"https:\\\/\\\/embryotools.com\\\/\",\"name\":\"Embryotools\",\"description\":\"for better results\",\"publisher\":{\"@id\":\"https:\\\/\\\/embryotools.com\\\/#organization\"},\"potentialAction\":[{\"@type\":\"SearchAction\",\"target\":{\"@type\":\"EntryPoint\",\"urlTemplate\":\"https:\\\/\\\/embryotools.com\\\/?s={search_term_string}\"},\"query-input\":{\"@type\":\"PropertyValueSpecification\",\"valueRequired\":true,\"valueName\":\"search_term_string\"}}],\"inLanguage\":\"es\"},{\"@type\":\"Organization\",\"@id\":\"https:\\\/\\\/embryotools.com\\\/#organization\",\"name\":\"Embryotools\",\"url\":\"https:\\\/\\\/embryotools.com\\\/\",\"logo\":{\"@type\":\"ImageObject\",\"inLanguage\":\"es\",\"@id\":\"https:\\\/\\\/embryotools.com\\\/#\\\/schema\\\/logo\\\/image\\\/\",\"url\":\"https:\\\/\\\/embryotools.com\\\/wp-content\\\/uploads\\\/2017\\\/01\\\/embryotools_logo_trans_500-2.png\",\"contentUrl\":\"https:\\\/\\\/embryotools.com\\\/wp-content\\\/uploads\\\/2017\\\/01\\\/embryotools_logo_trans_500-2.png\",\"width\":250,\"height\":59,\"caption\":\"Embryotools\"},\"image\":{\"@id\":\"https:\\\/\\\/embryotools.com\\\/#\\\/schema\\\/logo\\\/image\\\/\"},\"sameAs\":[\"https:\\\/\\\/www.facebook.com\\\/embryotools\",\"https:\\\/\\\/x.com\\\/embryotools\",\"https:\\\/\\\/www.linkedin.com\\\/company\\\/embryotools\"]}]}<\/script>\n<!-- \/ Yoast SEO plugin. -->","yoast_head_json":{"title":"09 - Inyecci\u00f3n Intracitoplasm\u00e1tica de Espermatozoides (Piezo-ICSI) - Embryotools","robots":{"index":"index","follow":"follow","max-snippet":"max-snippet:-1","max-image-preview":"max-image-preview:large","max-video-preview":"max-video-preview:-1"},"canonical":"https:\/\/embryotools.com\/shop\/ivf-training-courses\/hands-on-individual-courses\/09-piezo-actuated-intracytoplasmic-sperm-injection\/","twitter_card":"summary_large_image","twitter_title":"09 - Inyecci\u00f3n Intracitoplasm\u00e1tica de Espermatozoides (Piezo-ICSI) - Embryotools","twitter_description":"[:en]Two day course based on practice hands-on to learn how to use the Piezo-actuated technique for intracytoplasmic sperm injection.  &nbsp;  For further information please contact us at training@embryotools.com[:es]Curso de dos d\u00edas basado en pr\u00e1cticas para aprender a utilizar la t\u00e9cnica Piezo-ICSI para la microinyecci\u00f3n de ovocitos.  &nbsp;  Para m\u00e1s informaci\u00f3n por favor cont\u00e1ctenos en training@embryotools.com[:fr]Cours de deux jours bas\u00e9 sur la pratique pour apprendre \u00e0 utiliser la technique Piezo-ICSI pour la micro-injection d'ovocytes.  &nbsp;  Pour plus d'information, veuillez nous contacter \u00e0 l'adresse suivante: training@embryotools.com[:]","twitter_image":"https:\/\/embryotools.com\/wp-content\/uploads\/2024\/02\/Piezo-1.png","twitter_site":"@embryotools","twitter_misc":{"Tiempo de lectura":"2 minutos"},"schema":{"@context":"https:\/\/schema.org","@graph":[{"@type":"WebPage","@id":"https:\/\/embryotools.com\/shop\/ivf-training-courses\/hands-on-individual-courses\/09-piezo-actuated-intracytoplasmic-sperm-injection\/","url":"https:\/\/embryotools.com\/shop\/ivf-training-courses\/hands-on-individual-courses\/09-piezo-actuated-intracytoplasmic-sperm-injection\/","name":"09 - Inyecci\u00f3n Intracitoplasm\u00e1tica de Espermatozoides (Piezo-ICSI) - Embryotools","isPartOf":{"@id":"https:\/\/embryotools.com\/#website"},"primaryImageOfPage":{"@id":"https:\/\/embryotools.com\/shop\/ivf-training-courses\/hands-on-individual-courses\/09-piezo-actuated-intracytoplasmic-sperm-injection\/#primaryimage"},"image":{"@id":"https:\/\/embryotools.com\/shop\/ivf-training-courses\/hands-on-individual-courses\/09-piezo-actuated-intracytoplasmic-sperm-injection\/#primaryimage"},"thumbnailUrl":"https:\/\/embryotools.com\/wp-content\/uploads\/2024\/02\/Piezo-1.png","datePublished":"2024-02-07T15:10:43+00:00","dateModified":"2025-11-24T10:39:58+00:00","breadcrumb":{"@id":"https:\/\/embryotools.com\/shop\/ivf-training-courses\/hands-on-individual-courses\/09-piezo-actuated-intracytoplasmic-sperm-injection\/#breadcrumb"},"inLanguage":"es","potentialAction":[{"@type":"ReadAction","target":["https:\/\/embryotools.com\/shop\/ivf-training-courses\/hands-on-individual-courses\/09-piezo-actuated-intracytoplasmic-sperm-injection\/"]}]},{"@type":"ImageObject","inLanguage":"es","@id":"https:\/\/embryotools.com\/shop\/ivf-training-courses\/hands-on-individual-courses\/09-piezo-actuated-intracytoplasmic-sperm-injection\/#primaryimage","url":"https:\/\/embryotools.com\/wp-content\/uploads\/2024\/02\/Piezo-1.png","contentUrl":"https:\/\/embryotools.com\/wp-content\/uploads\/2024\/02\/Piezo-1.png","width":909,"height":914},{"@type":"BreadcrumbList","@id":"https:\/\/embryotools.com\/shop\/ivf-training-courses\/hands-on-individual-courses\/09-piezo-actuated-intracytoplasmic-sperm-injection\/#breadcrumb","itemListElement":[{"@type":"ListItem","position":1,"name":"Home","item":"https:\/\/embryotools.com\/"},{"@type":"ListItem","position":2,"name":"Shop","item":"https:\/\/embryotools.com\/shop\/"},{"@type":"ListItem","position":3,"name":"09 &#8211; Piezo-actuated intracytoplasmic sperm injection"}]},{"@type":"WebSite","@id":"https:\/\/embryotools.com\/#website","url":"https:\/\/embryotools.com\/","name":"Embryotools","description":"for better results","publisher":{"@id":"https:\/\/embryotools.com\/#organization"},"potentialAction":[{"@type":"SearchAction","target":{"@type":"EntryPoint","urlTemplate":"https:\/\/embryotools.com\/?s={search_term_string}"},"query-input":{"@type":"PropertyValueSpecification","valueRequired":true,"valueName":"search_term_string"}}],"inLanguage":"es"},{"@type":"Organization","@id":"https:\/\/embryotools.com\/#organization","name":"Embryotools","url":"https:\/\/embryotools.com\/","logo":{"@type":"ImageObject","inLanguage":"es","@id":"https:\/\/embryotools.com\/#\/schema\/logo\/image\/","url":"https:\/\/embryotools.com\/wp-content\/uploads\/2017\/01\/embryotools_logo_trans_500-2.png","contentUrl":"https:\/\/embryotools.com\/wp-content\/uploads\/2017\/01\/embryotools_logo_trans_500-2.png","width":250,"height":59,"caption":"Embryotools"},"image":{"@id":"https:\/\/embryotools.com\/#\/schema\/logo\/image\/"},"sameAs":["https:\/\/www.facebook.com\/embryotools","https:\/\/x.com\/embryotools","https:\/\/www.linkedin.com\/company\/embryotools"]}]}},"_links":{"self":[{"href":"https:\/\/embryotools.com\/es\/wp-json\/wp\/v2\/product\/23115","targetHints":{"allow":["GET"]}}],"collection":[{"href":"https:\/\/embryotools.com\/es\/wp-json\/wp\/v2\/product"}],"about":[{"href":"https:\/\/embryotools.com\/es\/wp-json\/wp\/v2\/types\/product"}],"wp:featuredmedia":[{"embeddable":true,"href":"https:\/\/embryotools.com\/es\/wp-json\/wp\/v2\/media\/23119"}],"wp:attachment":[{"href":"https:\/\/embryotools.com\/es\/wp-json\/wp\/v2\/media?parent=23115"}],"wp:term":[{"taxonomy":"product_brand","embeddable":true,"href":"https:\/\/embryotools.com\/es\/wp-json\/wp\/v2\/product_brand?post=23115"},{"taxonomy":"product_cat","embeddable":true,"href":"https:\/\/embryotools.com\/es\/wp-json\/wp\/v2\/product_cat?post=23115"},{"taxonomy":"product_tag","embeddable":true,"href":"https:\/\/embryotools.com\/es\/wp-json\/wp\/v2\/product_tag?post=23115"}],"curies":[{"name":"wp","href":"https:\/\/api.w.org\/{rel}","templated":true}]}}