{"id":22729,"date":"2021-10-13T16:24:57","date_gmt":"2021-10-13T14:24:57","guid":{"rendered":"https:\/\/embryotools.com\/?post_type=product&#038;p=22729"},"modified":"2025-02-26T15:45:24","modified_gmt":"2025-02-26T14:45:24","slug":"groups","status":"publish","type":"product","link":"https:\/\/embryotools.com\/es\/shop\/ivf-training-courses\/hands-on-group-courses\/groups\/","title":{"rendered":"Cursos para grupos"},"content":{"rendered":"<p>Los cursos grupales est\u00e1n dise\u00f1ados tanto para embri\u00f3logos con experiencia que desean mejorar sus resultados como para embri\u00f3logos j\u00f3venes que se inician en las t\u00e9cnicas de FIV y tambi\u00e9n para empresas relacionadas con el sector de la Reproducci\u00f3n Asistida.<\/p>\n<p>En las instalaciones de Embryotools disponemos del equipamiento y el personal docente necesario para que la formaci\u00f3n se realice de la forma m\u00e1s individualizada posible, contando con un profesor y una estaci\u00f3n de trabajo por cada dos alumnos. As\u00ed mismo disponemos de un n\u00famero ilimitado de muestras para las sesiones pr\u00e1cticas.<\/p>\n<p>El objetivo de la formaci\u00f3n es recorrer los procesos involucrados en los ciclos de FIV centr\u00e1ndose en las principales t\u00e9cnicas, haciendo hincapi\u00e9 en los aspectos te\u00f3ricos importantes y realizando pr\u00e1cticas intensivas para convertirse en un excelente embri\u00f3logo cl\u00ednico.<\/p>\n<p>Ofrecemos formaci\u00f3n en:<\/p>\n<ul>\n<li>Control de calidad: entender los principios fundamentales del control de calidad, el set up, la gesti\u00f3n y la organizaci\u00f3n del trabajo en un laboratorio de FIV. \u00a0Mejorar los resultados, ganar consistencia y analizar la estabilidad del sistema de cultivo en el laboratorio.<\/li>\n<li>T\u00e9cnicas de FIV:\u00a0 formaci\u00f3n pr\u00e1ctica en todas las t\u00e9cnicas utilizadas en un laboratorio de FIV. Actualizaci\u00f3n de los conocimientos de las t\u00e9cnicas rutinarias y descubrir c\u00f3mo mejorar los resultados s\u00f3lo con algunos consejos y trucos importantes.<\/li>\n<li>ICSI: basado en diferentes tipos de inyecci\u00f3n de ovocitos, captura e inmovilizaci\u00f3n de esperma, rotaci\u00f3n de ovocitos, IMSI y PICSI.<\/li>\n<li>Criopreservaci\u00f3n de ovocitos, embriones y blastocistos: el curso se centrar\u00e1 en lecciones pr\u00e1cticas e intensivas sobre las t\u00e9cnicas de vitrificaci\u00f3n y desvitrificaci\u00f3n y de eclosi\u00f3n asistida, proporcionando consejos y trucos para lograr resultados consistentes.<\/li>\n<li>Biopsia embrionaria: implementar la biopsia de trofectodermo (o la biopsia en dia+3) en la rutina del laboratorio. Aprender nuevos consejos y trucos sobre todos los aspectos relacionados con la biopsia de blastocisto.<\/li>\n<li>Preparaci\u00f3n de semen: aprender a analizar todo tipo de muestras de semen y a prepararlas para cualquiera de las t\u00e9cnicas que se aplican en un laboratorio de FIV.<\/li>\n<li>Criopreservaci\u00f3n de tejido ov\u00e1rico: pr\u00e1cticas intensivas en la disecci\u00f3n de la corteza ov\u00e1rica y su criopreservaci\u00f3n con los protocolos de congelaci\u00f3n lenta y vitrificaci\u00f3n.<\/li>\n<\/ul>\n<p><strong>Para dise\u00f1ar un curso a medida, elaborando un temario adaptado a sus necesidades y organizar los horarios y la duraci\u00f3n del mismo p\u00f3ngase en contacto con nosotros a trav\u00e9s de:<\/strong> <a href=\"mailto:training@embryotools.com\"><strong><em>training@embryotools.com<\/em><\/strong><\/a><\/p>\n<p><strong>Equipo de embri\u00f3logos que imparten la formaci\u00f3n:<br \/>\n<\/strong>Nuno Costa-Borges, PhD; Enric Mestres, PhD; M\u00f2nica Acacio, MSc; Queralt Matia, MSc and Carolina Castell\u00f3, BSc.<\/p>\n<p><span style=\"text-decoration: underline;\"><strong>Se entregar\u00e1n certificados de asistencia al finalizar el curso.<\/strong><\/span><\/p>","protected":false},"excerpt":{"rendered":"<p>Cursos a medida para grupos reducidos de 6 a 8 alumnos especialmente dise\u00f1ados para Centros de Reproducci\u00f3n que deseen formaci\u00f3n para su equipo de embri\u00f3logos o para fabricantes y empresas cuyo personal requiera adquirir conocimientos en t\u00e9cnicas de Reproducci\u00f3n Asistida.<\/p>\n<p>Embryotools garantiza un entorno \u00fanico y un laboratorio altamente tecnol\u00f3gico con los equipos m\u00e1s modernos y exclusivos del mercado disponibles para la formaci\u00f3n.<\/p>\n<p>Posibilidad de impartir y organizar cursos fuera de nuestras instalaciones. Personalizaci\u00f3n del temario seg\u00fan experiencia y necesidades.<\/p>\n<p>Para m\u00e1s informaci\u00f3n por favor cont\u00e1ctenos en <em><a href=\"mailto:training@embryotools.com\">training@embryotools.com<\/a><\/em><\/p>\n","protected":false},"featured_media":22748,"template":"","meta":[],"product_brand":[],"product_cat":[180,134],"product_tag":[],"class_list":{"0":"post-22729","1":"product","2":"type-product","3":"status-publish","4":"has-post-thumbnail","6":"product_cat-hands-on-group-courses","7":"product_cat-ivf-training-courses","9":"first","10":"instock","11":"virtual","12":"product-type-simple","13":"berocket_lgv_grid","14":"berocket_lgv_list_grid"},"yoast_head":"<!-- This site is optimized with the Yoast SEO plugin v27.3 - https:\/\/yoast.com\/product\/yoast-seo-wordpress\/ -->\n<title>Cursos para grupos - Embryotools<\/title>\n<meta name=\"robots\" content=\"index, follow, max-snippet:-1, max-image-preview:large, max-video-preview:-1\" \/>\n<link rel=\"canonical\" href=\"https:\/\/embryotools.com\/shop\/ivf-training-courses\/hands-on-group-courses\/groups\/\" \/>\n<meta name=\"twitter:card\" content=\"summary_large_image\" \/>\n<meta name=\"twitter:title\" content=\"Cursos para grupos - Embryotools\" \/>\n<meta name=\"twitter:description\" content=\"[:en]Tailor-made courses for small groups of 6 to 8 students specially designed for Reproductive Centers that wish to train their team of embryologists or for manufacturers and companies whose personnel require knowledge in Assisted Reproduction techniques.  Embryotools guarantees a unique environment and a highly technological laboratory with the most modern and exclusive equipment on the market available for training.  Possibility of giving and organizing courses outside our facilities. Customization of the program according to experience and needs.  For more information please contact us at training@embryotools.com[:es]Cursos a medida para grupos reducidos de 6 a 8 alumnos especialmente dise\u00f1ados para Centros de Reproducci\u00f3n que deseen formaci\u00f3n para su equipo de embri\u00f3logos o para fabricantes y empresas cuyo personal requiera adquirir conocimientos en t\u00e9cnicas de Reproducci\u00f3n Asistida.  Embryotools garantiza un entorno \u00fanico y un laboratorio altamente tecnol\u00f3gico con los equipos m\u00e1s modernos y exclusivos del mercado disponibles para la formaci\u00f3n.  Posibilidad de impartir y organizar cursos fuera de nuestras instalaciones. Personalizaci\u00f3n del temario seg\u00fan experiencia y necesidades.  Para m\u00e1s informaci\u00f3n por favor cont\u00e1ctenos en training@embryotools.com[:fr]Cours sur mesure pour de petits groupes de 6 \u00e0 8 \u00e9tudiants, sp\u00e9cialement con\u00e7us pour les centres de reproduction qui souhaitent former leur \u00e9quipe d&#039;embryologistes ou pour les fabricants et les entreprises dont le personnel a besoin de connaissances en mati\u00e8re de techniques de reproduction assist\u00e9e.  Embryotools garantit un environnement unique et un laboratoire hautement technologique avec l&#039;\u00e9quipement le plus moderne et exclusif du march\u00e9 disponible pour la formation.  Possibilit\u00e9 d&#039;organiser des cours en dehors de nos installations. Personnalisation du programme en fonction de l&#039;exp\u00e9rience et des besoins.  Pour plus d&#039;informations, veuillez nous contacter \u00e0 training@embryotools.com[:]\" \/>\n<meta name=\"twitter:image\" content=\"https:\/\/embryotools.com\/wp-content\/uploads\/2021\/10\/IMG_5941-1-scaled.jpg\" \/>\n<meta name=\"twitter:site\" content=\"@embryotools\" \/>\n<meta name=\"twitter:label1\" content=\"Tiempo de lectura\" \/>\n\t<meta name=\"twitter:data1\" content=\"3 minutos\" \/>\n<script type=\"application\/ld+json\" class=\"yoast-schema-graph\">{\"@context\":\"https:\\\/\\\/schema.org\",\"@graph\":[{\"@type\":\"WebPage\",\"@id\":\"https:\\\/\\\/embryotools.com\\\/shop\\\/ivf-training-courses\\\/hands-on-group-courses\\\/groups\\\/\",\"url\":\"https:\\\/\\\/embryotools.com\\\/shop\\\/ivf-training-courses\\\/hands-on-group-courses\\\/groups\\\/\",\"name\":\"Cursos para grupos - Embryotools\",\"isPartOf\":{\"@id\":\"https:\\\/\\\/embryotools.com\\\/#website\"},\"primaryImageOfPage\":{\"@id\":\"https:\\\/\\\/embryotools.com\\\/shop\\\/ivf-training-courses\\\/hands-on-group-courses\\\/groups\\\/#primaryimage\"},\"image\":{\"@id\":\"https:\\\/\\\/embryotools.com\\\/shop\\\/ivf-training-courses\\\/hands-on-group-courses\\\/groups\\\/#primaryimage\"},\"thumbnailUrl\":\"https:\\\/\\\/embryotools.com\\\/wp-content\\\/uploads\\\/2021\\\/10\\\/IMG_5941-1-scaled.jpg\",\"datePublished\":\"2021-10-13T14:24:57+00:00\",\"dateModified\":\"2025-02-26T14:45:24+00:00\",\"breadcrumb\":{\"@id\":\"https:\\\/\\\/embryotools.com\\\/shop\\\/ivf-training-courses\\\/hands-on-group-courses\\\/groups\\\/#breadcrumb\"},\"inLanguage\":\"es\",\"potentialAction\":[{\"@type\":\"ReadAction\",\"target\":[\"https:\\\/\\\/embryotools.com\\\/shop\\\/ivf-training-courses\\\/hands-on-group-courses\\\/groups\\\/\"]}]},{\"@type\":\"ImageObject\",\"inLanguage\":\"es\",\"@id\":\"https:\\\/\\\/embryotools.com\\\/shop\\\/ivf-training-courses\\\/hands-on-group-courses\\\/groups\\\/#primaryimage\",\"url\":\"https:\\\/\\\/embryotools.com\\\/wp-content\\\/uploads\\\/2021\\\/10\\\/IMG_5941-1-scaled.jpg\",\"contentUrl\":\"https:\\\/\\\/embryotools.com\\\/wp-content\\\/uploads\\\/2021\\\/10\\\/IMG_5941-1-scaled.jpg\",\"width\":2560,\"height\":1707},{\"@type\":\"BreadcrumbList\",\"@id\":\"https:\\\/\\\/embryotools.com\\\/shop\\\/ivf-training-courses\\\/hands-on-group-courses\\\/groups\\\/#breadcrumb\",\"itemListElement\":[{\"@type\":\"ListItem\",\"position\":1,\"name\":\"Home\",\"item\":\"https:\\\/\\\/embryotools.com\\\/\"},{\"@type\":\"ListItem\",\"position\":2,\"name\":\"Shop\",\"item\":\"https:\\\/\\\/embryotools.com\\\/shop\\\/\"},{\"@type\":\"ListItem\",\"position\":3,\"name\":\"Hands-on Group Courses\"}]},{\"@type\":\"WebSite\",\"@id\":\"https:\\\/\\\/embryotools.com\\\/#website\",\"url\":\"https:\\\/\\\/embryotools.com\\\/\",\"name\":\"Embryotools\",\"description\":\"for better results\",\"publisher\":{\"@id\":\"https:\\\/\\\/embryotools.com\\\/#organization\"},\"potentialAction\":[{\"@type\":\"SearchAction\",\"target\":{\"@type\":\"EntryPoint\",\"urlTemplate\":\"https:\\\/\\\/embryotools.com\\\/?s={search_term_string}\"},\"query-input\":{\"@type\":\"PropertyValueSpecification\",\"valueRequired\":true,\"valueName\":\"search_term_string\"}}],\"inLanguage\":\"es\"},{\"@type\":\"Organization\",\"@id\":\"https:\\\/\\\/embryotools.com\\\/#organization\",\"name\":\"Embryotools\",\"url\":\"https:\\\/\\\/embryotools.com\\\/\",\"logo\":{\"@type\":\"ImageObject\",\"inLanguage\":\"es\",\"@id\":\"https:\\\/\\\/embryotools.com\\\/#\\\/schema\\\/logo\\\/image\\\/\",\"url\":\"https:\\\/\\\/embryotools.com\\\/wp-content\\\/uploads\\\/2017\\\/01\\\/embryotools_logo_trans_500-2.png\",\"contentUrl\":\"https:\\\/\\\/embryotools.com\\\/wp-content\\\/uploads\\\/2017\\\/01\\\/embryotools_logo_trans_500-2.png\",\"width\":250,\"height\":59,\"caption\":\"Embryotools\"},\"image\":{\"@id\":\"https:\\\/\\\/embryotools.com\\\/#\\\/schema\\\/logo\\\/image\\\/\"},\"sameAs\":[\"https:\\\/\\\/www.facebook.com\\\/embryotools\",\"https:\\\/\\\/x.com\\\/embryotools\",\"https:\\\/\\\/www.linkedin.com\\\/company\\\/embryotools\"]}]}<\/script>\n<!-- \/ Yoast SEO plugin. -->","yoast_head_json":{"title":"Cursos para grupos - Embryotools","robots":{"index":"index","follow":"follow","max-snippet":"max-snippet:-1","max-image-preview":"max-image-preview:large","max-video-preview":"max-video-preview:-1"},"canonical":"https:\/\/embryotools.com\/shop\/ivf-training-courses\/hands-on-group-courses\/groups\/","twitter_card":"summary_large_image","twitter_title":"Cursos para grupos - Embryotools","twitter_description":"[:en]Tailor-made courses for small groups of 6 to 8 students specially designed for Reproductive Centers that wish to train their team of embryologists or for manufacturers and companies whose personnel require knowledge in Assisted Reproduction techniques.  Embryotools guarantees a unique environment and a highly technological laboratory with the most modern and exclusive equipment on the market available for training.  Possibility of giving and organizing courses outside our facilities. Customization of the program according to experience and needs.  For more information please contact us at training@embryotools.com[:es]Cursos a medida para grupos reducidos de 6 a 8 alumnos especialmente dise\u00f1ados para Centros de Reproducci\u00f3n que deseen formaci\u00f3n para su equipo de embri\u00f3logos o para fabricantes y empresas cuyo personal requiera adquirir conocimientos en t\u00e9cnicas de Reproducci\u00f3n Asistida.  Embryotools garantiza un entorno \u00fanico y un laboratorio altamente tecnol\u00f3gico con los equipos m\u00e1s modernos y exclusivos del mercado disponibles para la formaci\u00f3n.  Posibilidad de impartir y organizar cursos fuera de nuestras instalaciones. Personalizaci\u00f3n del temario seg\u00fan experiencia y necesidades.  Para m\u00e1s informaci\u00f3n por favor cont\u00e1ctenos en training@embryotools.com[:fr]Cours sur mesure pour de petits groupes de 6 \u00e0 8 \u00e9tudiants, sp\u00e9cialement con\u00e7us pour les centres de reproduction qui souhaitent former leur \u00e9quipe d'embryologistes ou pour les fabricants et les entreprises dont le personnel a besoin de connaissances en mati\u00e8re de techniques de reproduction assist\u00e9e.  Embryotools garantit un environnement unique et un laboratoire hautement technologique avec l'\u00e9quipement le plus moderne et exclusif du march\u00e9 disponible pour la formation.  Possibilit\u00e9 d'organiser des cours en dehors de nos installations. Personnalisation du programme en fonction de l'exp\u00e9rience et des besoins.  Pour plus d'informations, veuillez nous contacter \u00e0 training@embryotools.com[:]","twitter_image":"https:\/\/embryotools.com\/wp-content\/uploads\/2021\/10\/IMG_5941-1-scaled.jpg","twitter_site":"@embryotools","twitter_misc":{"Tiempo de lectura":"3 minutos"},"schema":{"@context":"https:\/\/schema.org","@graph":[{"@type":"WebPage","@id":"https:\/\/embryotools.com\/shop\/ivf-training-courses\/hands-on-group-courses\/groups\/","url":"https:\/\/embryotools.com\/shop\/ivf-training-courses\/hands-on-group-courses\/groups\/","name":"Cursos para grupos - Embryotools","isPartOf":{"@id":"https:\/\/embryotools.com\/#website"},"primaryImageOfPage":{"@id":"https:\/\/embryotools.com\/shop\/ivf-training-courses\/hands-on-group-courses\/groups\/#primaryimage"},"image":{"@id":"https:\/\/embryotools.com\/shop\/ivf-training-courses\/hands-on-group-courses\/groups\/#primaryimage"},"thumbnailUrl":"https:\/\/embryotools.com\/wp-content\/uploads\/2021\/10\/IMG_5941-1-scaled.jpg","datePublished":"2021-10-13T14:24:57+00:00","dateModified":"2025-02-26T14:45:24+00:00","breadcrumb":{"@id":"https:\/\/embryotools.com\/shop\/ivf-training-courses\/hands-on-group-courses\/groups\/#breadcrumb"},"inLanguage":"es","potentialAction":[{"@type":"ReadAction","target":["https:\/\/embryotools.com\/shop\/ivf-training-courses\/hands-on-group-courses\/groups\/"]}]},{"@type":"ImageObject","inLanguage":"es","@id":"https:\/\/embryotools.com\/shop\/ivf-training-courses\/hands-on-group-courses\/groups\/#primaryimage","url":"https:\/\/embryotools.com\/wp-content\/uploads\/2021\/10\/IMG_5941-1-scaled.jpg","contentUrl":"https:\/\/embryotools.com\/wp-content\/uploads\/2021\/10\/IMG_5941-1-scaled.jpg","width":2560,"height":1707},{"@type":"BreadcrumbList","@id":"https:\/\/embryotools.com\/shop\/ivf-training-courses\/hands-on-group-courses\/groups\/#breadcrumb","itemListElement":[{"@type":"ListItem","position":1,"name":"Home","item":"https:\/\/embryotools.com\/"},{"@type":"ListItem","position":2,"name":"Shop","item":"https:\/\/embryotools.com\/shop\/"},{"@type":"ListItem","position":3,"name":"Hands-on Group Courses"}]},{"@type":"WebSite","@id":"https:\/\/embryotools.com\/#website","url":"https:\/\/embryotools.com\/","name":"Embryotools","description":"for better results","publisher":{"@id":"https:\/\/embryotools.com\/#organization"},"potentialAction":[{"@type":"SearchAction","target":{"@type":"EntryPoint","urlTemplate":"https:\/\/embryotools.com\/?s={search_term_string}"},"query-input":{"@type":"PropertyValueSpecification","valueRequired":true,"valueName":"search_term_string"}}],"inLanguage":"es"},{"@type":"Organization","@id":"https:\/\/embryotools.com\/#organization","name":"Embryotools","url":"https:\/\/embryotools.com\/","logo":{"@type":"ImageObject","inLanguage":"es","@id":"https:\/\/embryotools.com\/#\/schema\/logo\/image\/","url":"https:\/\/embryotools.com\/wp-content\/uploads\/2017\/01\/embryotools_logo_trans_500-2.png","contentUrl":"https:\/\/embryotools.com\/wp-content\/uploads\/2017\/01\/embryotools_logo_trans_500-2.png","width":250,"height":59,"caption":"Embryotools"},"image":{"@id":"https:\/\/embryotools.com\/#\/schema\/logo\/image\/"},"sameAs":["https:\/\/www.facebook.com\/embryotools","https:\/\/x.com\/embryotools","https:\/\/www.linkedin.com\/company\/embryotools"]}]}},"_links":{"self":[{"href":"https:\/\/embryotools.com\/es\/wp-json\/wp\/v2\/product\/22729","targetHints":{"allow":["GET"]}}],"collection":[{"href":"https:\/\/embryotools.com\/es\/wp-json\/wp\/v2\/product"}],"about":[{"href":"https:\/\/embryotools.com\/es\/wp-json\/wp\/v2\/types\/product"}],"wp:featuredmedia":[{"embeddable":true,"href":"https:\/\/embryotools.com\/es\/wp-json\/wp\/v2\/media\/22748"}],"wp:attachment":[{"href":"https:\/\/embryotools.com\/es\/wp-json\/wp\/v2\/media?parent=22729"}],"wp:term":[{"taxonomy":"product_brand","embeddable":true,"href":"https:\/\/embryotools.com\/es\/wp-json\/wp\/v2\/product_brand?post=22729"},{"taxonomy":"product_cat","embeddable":true,"href":"https:\/\/embryotools.com\/es\/wp-json\/wp\/v2\/product_cat?post=22729"},{"taxonomy":"product_tag","embeddable":true,"href":"https:\/\/embryotools.com\/es\/wp-json\/wp\/v2\/product_tag?post=22729"}],"curies":[{"name":"wp","href":"https:\/\/api.w.org\/{rel}","templated":true}]}}