{"id":20618,"date":"2019-12-23T14:43:03","date_gmt":"2019-12-23T13:43:03","guid":{"rendered":"https:\/\/embryotools.com\/?post_type=product&#038;p=20618"},"modified":"2025-11-24T11:32:30","modified_gmt":"2025-11-24T10:32:30","slug":"08-upgrade-in-ivf-techniques-3-days-nou-curs","status":"publish","type":"product","link":"https:\/\/embryotools.com\/es\/shop\/ivf-training-courses\/hands-on-individual-courses\/08-upgrade-in-ivf-techniques-3-days-nou-curs\/","title":{"rendered":"08 &#8211; Actualizaci\u00f3n de las t\u00e9cnicas del laboratorio de FIV para embri\u00f3logos con experiencia"},"content":{"rendered":"<p>&nbsp;<\/p>\n<h1><strong>Actualizaci\u00f3n de las t\u00e9cnicas del laboratorio de FIV para embri\u00f3logos con experiencia<\/strong><\/h1>\n<p>&nbsp;<\/p>\n<p><span style=\"font-size: 14pt;\"><em>Descubra nuevos enfoques en sus t\u00e9cnicas diarias<\/em><\/span><\/p>\n<h2><strong><span style=\"font-size: 12pt;\">Objetivos del curso:<\/span><\/strong><\/h2>\n<p>Tener una visi\u00f3n general de un ciclo de FIV, recorriendo todos los procesos, centr\u00e1ndose en las principales t\u00e9cnicas y haciendo hincapi\u00e9 en los aspectos te\u00f3ricos importantes. Entender los principios fundamentales del control de calidad, el set up, la gesti\u00f3n y la organizaci\u00f3n del trabajo en un laboratorio de FIV. Realizar sesiones pr\u00e1cticas intensivas de ICSI, vitrificaci\u00f3n y desvitrificaci\u00f3n de embriones y blastocistos, eclosi\u00f3n asistida y transferencia de embriones desde la perspectiva del laboratorio. Una oportunidad para tomarse un tiempo para profundizar en la actualizaci\u00f3n de los conocimientos de las t\u00e9cnicas rutinarias y descubrir c\u00f3mo mejorar los resultados s\u00f3lo con algunos consejos y trucos importantes.<\/p>\n<h2><strong>Programa cient\u00edfico:<\/strong><\/h2>\n<h4><strong>Sesiones te\u00f3ricas <\/strong><strong>(30-45 min de duraci\u00f3n):<\/strong><\/h4>\n<ul>\n<li>\u00abUpgrade in IVF techniques\u00bb<\/li>\n<\/ul>\n<h4><strong>Sesiones <\/strong><strong>pr\u00e1cticas:<\/strong><\/h4>\n<ul>\n<li>Manipulaci\u00f3n de ovocitos y embriones utilizando diferentes dispositivos de pipeteo.<\/li>\n<li>ICSI: diferentes formas de penetrar la membrana del ovocito.<\/li>\n<li>Visi\u00f3n general de las diferentes t\u00e9cnicas de biopsia.<\/li>\n<li>Vitrificaci\u00f3n y desvitrificaci\u00f3n de blastocistos.<\/li>\n<li>Gesti\u00f3n de los embriones desvitrificados: eclosi\u00f3n asistida.<\/li>\n<li>Transferencia de embriones desde la perspectiva del laboratorio.<\/li>\n<li>C\u00f3mo manejar un sistema de cultivo estable.<\/li>\n<li>Medici\u00f3n de la temperatura.<\/li>\n<li>Manipulaci\u00f3n de medios y aceite: almacenamiento, eliminaci\u00f3n de componentes vol\u00e1tiles t\u00f3xicos del material fungible, preparaci\u00f3n de al\u00edcuotas y placas (m\u00e9todos overlaid y underlaid) para la manipulaci\u00f3n y el cultivo de gametos y embriones.<\/li>\n<li>Manipulaci\u00f3n de medios, material fungible, gametos y embriones en condiciones as\u00e9pticas.<\/li>\n<\/ul>\n<p><strong>Equipo de embri\u00f3logos que imparten la formaci\u00f3n:<\/strong><br \/>\nNuno Costa-Borges, PhD; Enric Mestres, PhD; M\u00f2nica Acacio, MSc; Queralt Matia, MSc and Carolina Castell\u00f3, BSc.<\/p>\n<p><span style=\"text-decoration: underline;\"><strong>Se entregar\u00e1 el certificado de asistencia a los participantes que completen el curso<\/strong><\/span><\/p>\n<p><strong>Fechas:<\/strong> Tres d\u00edas de 09:00h a 16:30h con una pausa para caf\u00e9 y 30 minutos para comer.<\/p>\n<p><strong>Precios:<\/strong> 3600 Euros<\/p>\n<p>Dependiendo de su experiencia y necesidades podemos modificar el curso de formaci\u00f3n a\u00f1adiendo d\u00edas extra al curso.<\/p>\n<p><strong>Ubicaci\u00f3n:<\/strong><br \/>\nLaboratorios de Embryotools<br \/>\nAvenida Doctor Mara\u00f1\u00f3n, 8<br \/>\nParc Cient\u00edfic de Barcelona<br \/>\n08028 Barcelona<\/p>\n<p>&nbsp;<\/p>","protected":false},"excerpt":{"rendered":"<p>Curso de tres d\u00edas para descubrir nuevos enfoques en las t\u00e9cnicas de rutina en el laboratorio de FIV destinado a embri\u00f3logos con experiencia que quieran ganar consistencia en los resultados en su laboratorio.<\/p>\n<p>&nbsp;<\/p>\n<p><span class=\"font_8\"><em>Para m\u00e1s informaci\u00f3n por favor cont\u00e1ctenos en <a href=\"mailto:training@embryotools.com\"><strong>training@embryotools.com<\/strong><\/a><\/em><\/span><\/p>\n","protected":false},"featured_media":22584,"template":"","meta":[],"product_brand":[],"product_cat":[181,134],"product_tag":[],"class_list":{"0":"post-20618","1":"product","2":"type-product","3":"status-publish","4":"has-post-thumbnail","6":"product_cat-hands-on-individual-courses","7":"product_cat-ivf-training-courses","9":"first","10":"instock","11":"downloadable","12":"virtual","13":"purchasable","14":"product-type-simple","15":"berocket_lgv_grid","16":"berocket_lgv_list_grid"},"yoast_head":"<!-- This site is optimized with the Yoast SEO plugin v27.3 - https:\/\/yoast.com\/product\/yoast-seo-wordpress\/ -->\n<title>08 - Actualizaci\u00f3n de las t\u00e9cnicas del laboratorio de FIV para embri\u00f3logos con experiencia - Embryotools<\/title>\n<meta name=\"robots\" content=\"index, follow, max-snippet:-1, max-image-preview:large, max-video-preview:-1\" \/>\n<link rel=\"canonical\" href=\"https:\/\/embryotools.com\/shop\/ivf-training-courses\/hands-on-individual-courses\/08-upgrade-in-ivf-techniques-3-days-nou-curs\/\" \/>\n<meta name=\"twitter:card\" content=\"summary_large_image\" \/>\n<meta name=\"twitter:title\" content=\"08 - Actualizaci\u00f3n de las t\u00e9cnicas del laboratorio de FIV para embri\u00f3logos con experiencia - Embryotools\" \/>\n<meta name=\"twitter:description\" content=\"[:en]Three days course to discover new approaches on your daily techniques. For experienced embryologists who want to gain consistency of results in their laboratory.  &nbsp;  &nbsp;  For further information please contact us at training@embryotools.com[:es]Curso de tres d\u00edas para descubrir nuevos enfoques en las t\u00e9cnicas de rutina en el laboratorio de FIV destinado a embri\u00f3logos con experiencia que quieran ganar consistencia en los resultados en su laboratorio.  &nbsp;  Para m\u00e1s informaci\u00f3n por favor cont\u00e1ctenos en training@embryotools.com[:fr]Un cours de trois jours pour d\u00e9couvrir de nouvelles approches des techniques de routine dans le laboratoire de FIV pour les embryologistes exp\u00e9riment\u00e9s qui veulent obtenir des r\u00e9sultats coh\u00e9rents dans leur laboratoire.  &nbsp;  Pour plus d&#039;informations, veuillez nous contacter \u00e0 l&#039;adresse suivante: training@embryotools.com[:]\" \/>\n<meta name=\"twitter:image\" content=\"https:\/\/embryotools.com\/wp-content\/uploads\/2019\/12\/IMG_5956-1-scaled.jpg\" \/>\n<meta name=\"twitter:site\" content=\"@embryotools\" \/>\n<meta name=\"twitter:label1\" content=\"Tiempo de lectura\" \/>\n\t<meta name=\"twitter:data1\" content=\"2 minutos\" \/>\n<script type=\"application\/ld+json\" class=\"yoast-schema-graph\">{\"@context\":\"https:\\\/\\\/schema.org\",\"@graph\":[{\"@type\":\"WebPage\",\"@id\":\"https:\\\/\\\/embryotools.com\\\/shop\\\/ivf-training-courses\\\/hands-on-individual-courses\\\/08-upgrade-in-ivf-techniques-3-days-nou-curs\\\/\",\"url\":\"https:\\\/\\\/embryotools.com\\\/shop\\\/ivf-training-courses\\\/hands-on-individual-courses\\\/08-upgrade-in-ivf-techniques-3-days-nou-curs\\\/\",\"name\":\"08 - Actualizaci\u00f3n de las t\u00e9cnicas del laboratorio de FIV para embri\u00f3logos con experiencia - Embryotools\",\"isPartOf\":{\"@id\":\"https:\\\/\\\/embryotools.com\\\/#website\"},\"primaryImageOfPage\":{\"@id\":\"https:\\\/\\\/embryotools.com\\\/shop\\\/ivf-training-courses\\\/hands-on-individual-courses\\\/08-upgrade-in-ivf-techniques-3-days-nou-curs\\\/#primaryimage\"},\"image\":{\"@id\":\"https:\\\/\\\/embryotools.com\\\/shop\\\/ivf-training-courses\\\/hands-on-individual-courses\\\/08-upgrade-in-ivf-techniques-3-days-nou-curs\\\/#primaryimage\"},\"thumbnailUrl\":\"https:\\\/\\\/embryotools.com\\\/wp-content\\\/uploads\\\/2019\\\/12\\\/IMG_5956-1-scaled.jpg\",\"datePublished\":\"2019-12-23T13:43:03+00:00\",\"dateModified\":\"2025-11-24T10:32:30+00:00\",\"breadcrumb\":{\"@id\":\"https:\\\/\\\/embryotools.com\\\/shop\\\/ivf-training-courses\\\/hands-on-individual-courses\\\/08-upgrade-in-ivf-techniques-3-days-nou-curs\\\/#breadcrumb\"},\"inLanguage\":\"es\",\"potentialAction\":[{\"@type\":\"ReadAction\",\"target\":[\"https:\\\/\\\/embryotools.com\\\/shop\\\/ivf-training-courses\\\/hands-on-individual-courses\\\/08-upgrade-in-ivf-techniques-3-days-nou-curs\\\/\"]}]},{\"@type\":\"ImageObject\",\"inLanguage\":\"es\",\"@id\":\"https:\\\/\\\/embryotools.com\\\/shop\\\/ivf-training-courses\\\/hands-on-individual-courses\\\/08-upgrade-in-ivf-techniques-3-days-nou-curs\\\/#primaryimage\",\"url\":\"https:\\\/\\\/embryotools.com\\\/wp-content\\\/uploads\\\/2019\\\/12\\\/IMG_5956-1-scaled.jpg\",\"contentUrl\":\"https:\\\/\\\/embryotools.com\\\/wp-content\\\/uploads\\\/2019\\\/12\\\/IMG_5956-1-scaled.jpg\",\"width\":2560,\"height\":1707},{\"@type\":\"BreadcrumbList\",\"@id\":\"https:\\\/\\\/embryotools.com\\\/shop\\\/ivf-training-courses\\\/hands-on-individual-courses\\\/08-upgrade-in-ivf-techniques-3-days-nou-curs\\\/#breadcrumb\",\"itemListElement\":[{\"@type\":\"ListItem\",\"position\":1,\"name\":\"Home\",\"item\":\"https:\\\/\\\/embryotools.com\\\/\"},{\"@type\":\"ListItem\",\"position\":2,\"name\":\"Shop\",\"item\":\"https:\\\/\\\/embryotools.com\\\/shop\\\/\"},{\"@type\":\"ListItem\",\"position\":3,\"name\":\"08 &#8211; Upgrade in IVF techniques for experienced embryologists\"}]},{\"@type\":\"WebSite\",\"@id\":\"https:\\\/\\\/embryotools.com\\\/#website\",\"url\":\"https:\\\/\\\/embryotools.com\\\/\",\"name\":\"Embryotools\",\"description\":\"for better results\",\"publisher\":{\"@id\":\"https:\\\/\\\/embryotools.com\\\/#organization\"},\"potentialAction\":[{\"@type\":\"SearchAction\",\"target\":{\"@type\":\"EntryPoint\",\"urlTemplate\":\"https:\\\/\\\/embryotools.com\\\/?s={search_term_string}\"},\"query-input\":{\"@type\":\"PropertyValueSpecification\",\"valueRequired\":true,\"valueName\":\"search_term_string\"}}],\"inLanguage\":\"es\"},{\"@type\":\"Organization\",\"@id\":\"https:\\\/\\\/embryotools.com\\\/#organization\",\"name\":\"Embryotools\",\"url\":\"https:\\\/\\\/embryotools.com\\\/\",\"logo\":{\"@type\":\"ImageObject\",\"inLanguage\":\"es\",\"@id\":\"https:\\\/\\\/embryotools.com\\\/#\\\/schema\\\/logo\\\/image\\\/\",\"url\":\"https:\\\/\\\/embryotools.com\\\/wp-content\\\/uploads\\\/2017\\\/01\\\/embryotools_logo_trans_500-2.png\",\"contentUrl\":\"https:\\\/\\\/embryotools.com\\\/wp-content\\\/uploads\\\/2017\\\/01\\\/embryotools_logo_trans_500-2.png\",\"width\":250,\"height\":59,\"caption\":\"Embryotools\"},\"image\":{\"@id\":\"https:\\\/\\\/embryotools.com\\\/#\\\/schema\\\/logo\\\/image\\\/\"},\"sameAs\":[\"https:\\\/\\\/www.facebook.com\\\/embryotools\",\"https:\\\/\\\/x.com\\\/embryotools\",\"https:\\\/\\\/www.linkedin.com\\\/company\\\/embryotools\"]}]}<\/script>\n<!-- \/ Yoast SEO plugin. -->","yoast_head_json":{"title":"08 - Actualizaci\u00f3n de las t\u00e9cnicas del laboratorio de FIV para embri\u00f3logos con experiencia - Embryotools","robots":{"index":"index","follow":"follow","max-snippet":"max-snippet:-1","max-image-preview":"max-image-preview:large","max-video-preview":"max-video-preview:-1"},"canonical":"https:\/\/embryotools.com\/shop\/ivf-training-courses\/hands-on-individual-courses\/08-upgrade-in-ivf-techniques-3-days-nou-curs\/","twitter_card":"summary_large_image","twitter_title":"08 - Actualizaci\u00f3n de las t\u00e9cnicas del laboratorio de FIV para embri\u00f3logos con experiencia - Embryotools","twitter_description":"[:en]Three days course to discover new approaches on your daily techniques. For experienced embryologists who want to gain consistency of results in their laboratory.  &nbsp;  &nbsp;  For further information please contact us at training@embryotools.com[:es]Curso de tres d\u00edas para descubrir nuevos enfoques en las t\u00e9cnicas de rutina en el laboratorio de FIV destinado a embri\u00f3logos con experiencia que quieran ganar consistencia en los resultados en su laboratorio.  &nbsp;  Para m\u00e1s informaci\u00f3n por favor cont\u00e1ctenos en training@embryotools.com[:fr]Un cours de trois jours pour d\u00e9couvrir de nouvelles approches des techniques de routine dans le laboratoire de FIV pour les embryologistes exp\u00e9riment\u00e9s qui veulent obtenir des r\u00e9sultats coh\u00e9rents dans leur laboratoire.  &nbsp;  Pour plus d'informations, veuillez nous contacter \u00e0 l'adresse suivante: training@embryotools.com[:]","twitter_image":"https:\/\/embryotools.com\/wp-content\/uploads\/2019\/12\/IMG_5956-1-scaled.jpg","twitter_site":"@embryotools","twitter_misc":{"Tiempo de lectura":"2 minutos"},"schema":{"@context":"https:\/\/schema.org","@graph":[{"@type":"WebPage","@id":"https:\/\/embryotools.com\/shop\/ivf-training-courses\/hands-on-individual-courses\/08-upgrade-in-ivf-techniques-3-days-nou-curs\/","url":"https:\/\/embryotools.com\/shop\/ivf-training-courses\/hands-on-individual-courses\/08-upgrade-in-ivf-techniques-3-days-nou-curs\/","name":"08 - Actualizaci\u00f3n de las t\u00e9cnicas del laboratorio de FIV para embri\u00f3logos con experiencia - Embryotools","isPartOf":{"@id":"https:\/\/embryotools.com\/#website"},"primaryImageOfPage":{"@id":"https:\/\/embryotools.com\/shop\/ivf-training-courses\/hands-on-individual-courses\/08-upgrade-in-ivf-techniques-3-days-nou-curs\/#primaryimage"},"image":{"@id":"https:\/\/embryotools.com\/shop\/ivf-training-courses\/hands-on-individual-courses\/08-upgrade-in-ivf-techniques-3-days-nou-curs\/#primaryimage"},"thumbnailUrl":"https:\/\/embryotools.com\/wp-content\/uploads\/2019\/12\/IMG_5956-1-scaled.jpg","datePublished":"2019-12-23T13:43:03+00:00","dateModified":"2025-11-24T10:32:30+00:00","breadcrumb":{"@id":"https:\/\/embryotools.com\/shop\/ivf-training-courses\/hands-on-individual-courses\/08-upgrade-in-ivf-techniques-3-days-nou-curs\/#breadcrumb"},"inLanguage":"es","potentialAction":[{"@type":"ReadAction","target":["https:\/\/embryotools.com\/shop\/ivf-training-courses\/hands-on-individual-courses\/08-upgrade-in-ivf-techniques-3-days-nou-curs\/"]}]},{"@type":"ImageObject","inLanguage":"es","@id":"https:\/\/embryotools.com\/shop\/ivf-training-courses\/hands-on-individual-courses\/08-upgrade-in-ivf-techniques-3-days-nou-curs\/#primaryimage","url":"https:\/\/embryotools.com\/wp-content\/uploads\/2019\/12\/IMG_5956-1-scaled.jpg","contentUrl":"https:\/\/embryotools.com\/wp-content\/uploads\/2019\/12\/IMG_5956-1-scaled.jpg","width":2560,"height":1707},{"@type":"BreadcrumbList","@id":"https:\/\/embryotools.com\/shop\/ivf-training-courses\/hands-on-individual-courses\/08-upgrade-in-ivf-techniques-3-days-nou-curs\/#breadcrumb","itemListElement":[{"@type":"ListItem","position":1,"name":"Home","item":"https:\/\/embryotools.com\/"},{"@type":"ListItem","position":2,"name":"Shop","item":"https:\/\/embryotools.com\/shop\/"},{"@type":"ListItem","position":3,"name":"08 &#8211; Upgrade in IVF techniques for experienced embryologists"}]},{"@type":"WebSite","@id":"https:\/\/embryotools.com\/#website","url":"https:\/\/embryotools.com\/","name":"Embryotools","description":"for better results","publisher":{"@id":"https:\/\/embryotools.com\/#organization"},"potentialAction":[{"@type":"SearchAction","target":{"@type":"EntryPoint","urlTemplate":"https:\/\/embryotools.com\/?s={search_term_string}"},"query-input":{"@type":"PropertyValueSpecification","valueRequired":true,"valueName":"search_term_string"}}],"inLanguage":"es"},{"@type":"Organization","@id":"https:\/\/embryotools.com\/#organization","name":"Embryotools","url":"https:\/\/embryotools.com\/","logo":{"@type":"ImageObject","inLanguage":"es","@id":"https:\/\/embryotools.com\/#\/schema\/logo\/image\/","url":"https:\/\/embryotools.com\/wp-content\/uploads\/2017\/01\/embryotools_logo_trans_500-2.png","contentUrl":"https:\/\/embryotools.com\/wp-content\/uploads\/2017\/01\/embryotools_logo_trans_500-2.png","width":250,"height":59,"caption":"Embryotools"},"image":{"@id":"https:\/\/embryotools.com\/#\/schema\/logo\/image\/"},"sameAs":["https:\/\/www.facebook.com\/embryotools","https:\/\/x.com\/embryotools","https:\/\/www.linkedin.com\/company\/embryotools"]}]}},"_links":{"self":[{"href":"https:\/\/embryotools.com\/es\/wp-json\/wp\/v2\/product\/20618","targetHints":{"allow":["GET"]}}],"collection":[{"href":"https:\/\/embryotools.com\/es\/wp-json\/wp\/v2\/product"}],"about":[{"href":"https:\/\/embryotools.com\/es\/wp-json\/wp\/v2\/types\/product"}],"wp:featuredmedia":[{"embeddable":true,"href":"https:\/\/embryotools.com\/es\/wp-json\/wp\/v2\/media\/22584"}],"wp:attachment":[{"href":"https:\/\/embryotools.com\/es\/wp-json\/wp\/v2\/media?parent=20618"}],"wp:term":[{"taxonomy":"product_brand","embeddable":true,"href":"https:\/\/embryotools.com\/es\/wp-json\/wp\/v2\/product_brand?post=20618"},{"taxonomy":"product_cat","embeddable":true,"href":"https:\/\/embryotools.com\/es\/wp-json\/wp\/v2\/product_cat?post=20618"},{"taxonomy":"product_tag","embeddable":true,"href":"https:\/\/embryotools.com\/es\/wp-json\/wp\/v2\/product_tag?post=20618"}],"curies":[{"name":"wp","href":"https:\/\/api.w.org\/{rel}","templated":true}]}}