{"id":20616,"date":"2019-12-23T14:35:11","date_gmt":"2019-12-23T13:35:11","guid":{"rendered":"https:\/\/embryotools.com\/?post_type=product&#038;p=20616"},"modified":"2025-07-02T13:38:26","modified_gmt":"2025-07-02T11:38:26","slug":"06-ovarian-tissue-cryopreservation-2-days-nou-curs","status":"publish","type":"product","link":"https:\/\/embryotools.com\/es\/shop\/ivf-training-courses\/hands-on-individual-courses\/06-ovarian-tissue-cryopreservation-2-days-nou-curs\/","title":{"rendered":"06 &#8211; Criopreservaci\u00f3n de tejido ov\u00e1rico"},"content":{"rendered":"<p><\/p>\n<h1>Criopreservaci\u00f3n de tejido ov\u00e1rico<\/h1>\n<p>&nbsp;<\/p>\n<p><strong>Objetivos del curso:<\/strong><\/p>\n<p>Revisi\u00f3n de la \u00faltima tecnolog\u00eda utilizada en la criopreservaci\u00f3n de tejido ov\u00e1rico. El curso de dos d\u00edas consiste en pr\u00e1cticas intensivas en la disecci\u00f3n de la corteza ov\u00e1rica y su criopreservaci\u00f3n con los protocolos de congelaci\u00f3n lenta y vitrificaci\u00f3n. Los participantes tendr\u00e1n la extraordinaria oportunidad de utilizar un n\u00famero ilimitado de ovarios de vaca para perfeccionar sus habilidades en la preparaci\u00f3n de muestras para la criopreservaci\u00f3n.<\/p>\n<h2>Programa cient\u00edfico:<\/h2>\n<h4>\u00a0Sesiones te\u00f3ricas (30-45 min):<\/h4>\n<ul>\n<li>\u201cOverview on cryopreservation of ovarian tissue\u201d<\/li>\n<\/ul>\n<h4>\u00a0Sesiones pr\u00e1cticas:<\/h4>\n<ul>\n<li>Set up del material para criopreservaci\u00f3n.<\/li>\n<li>Disecci\u00f3n de la corteza ov\u00e1rica.<\/li>\n<li>Preparaci\u00f3n de las soluciones de criopreservaci\u00f3n mediante m\u00e9todo de congelaci\u00f3n lenta.<\/li>\n<li>Set up y programaci\u00f3n del congelador.<\/li>\n<li>Utilizaci\u00f3n del protocolo de vitrificaci\u00f3n para sistemas abiertos y cerrados.<\/li>\n<\/ul>\n<p><strong>Equipo de embri\u00f3logos que imparten la formaci\u00f3n:<\/strong><strong><br \/>\n<\/strong>Nuno Costa-Borges, PhD; Carolina Castell\u00f3, BSc; Enric Mestres, PhD; M\u00f2nica Acacio, MSc; Queralt Matia; MSc.<\/p>\n<p><strong><u>Se entregar\u00e1 el certificado de asistencia a los participantes que completen el curso<\/u><\/strong><\/p>\n<p><strong>Fechas:<\/strong> Dos d\u00edas de 09:00h a 16:30h (con una pausa para caf\u00e9 y 30 minutos para comer).<\/p>\n<p><strong>Precios: <\/strong>2500 Euros<\/p>\n<p>Dependiendo de su experiencia y necesidades podemos modificar el curso de formaci\u00f3n a\u00f1adiendo d\u00edas extra al curso.<\/p>\n<p><strong>Ubicaci\u00f3n:<\/strong><strong><br \/>\n<\/strong>Laboratorios de Embryotools<br \/>\nAvenida Doctor Mara\u00f1\u00f3n, 8<br \/>\nParc Cient\u00edfic de Barcelona<br \/>\n08028 Barcelona<\/p>\n<p>&nbsp;<\/p>","protected":false},"excerpt":{"rendered":"<p>Curso de dos d\u00edas totalmente pr\u00e1ctico centrado en la preparaci\u00f3n de la corteza ov\u00e1rica para la criopreservaci\u00f3n y la introducci\u00f3n a la vitrificaci\u00f3n y la congelaci\u00f3n lenta.<\/p>\n<p>&nbsp;<\/p>\n<p><span class=\"font_8\"><em>Para m\u00e1s informaci\u00f3n por favor cont\u00e1ctenos en <a href=\"mailto:training@embryotools.com\"><strong>training@embryotools.com<\/strong><\/a><\/em><\/span><\/p>\n","protected":false},"featured_media":22630,"template":"","meta":[],"product_brand":[],"product_cat":[181,134],"product_tag":[],"class_list":{"0":"post-20616","1":"product","2":"type-product","3":"status-publish","4":"has-post-thumbnail","6":"product_cat-hands-on-individual-courses","7":"product_cat-ivf-training-courses","9":"first","10":"instock","11":"downloadable","12":"virtual","13":"purchasable","14":"product-type-simple","15":"berocket_lgv_grid","16":"berocket_lgv_list_grid"},"yoast_head":"<!-- This site is optimized with the Yoast SEO plugin v27.4 - https:\/\/yoast.com\/product\/yoast-seo-wordpress\/ -->\n<title>06 - Criopreservaci\u00f3n de tejido ov\u00e1rico - Embryotools<\/title>\n<meta name=\"robots\" content=\"index, follow, max-snippet:-1, max-image-preview:large, max-video-preview:-1\" \/>\n<link rel=\"canonical\" href=\"https:\/\/embryotools.com\/shop\/ivf-training-courses\/hands-on-individual-courses\/06-ovarian-tissue-cryopreservation-2-days-nou-curs\/\" \/>\n<meta name=\"twitter:card\" content=\"summary_large_image\" \/>\n<meta name=\"twitter:title\" content=\"06 - Criopreservaci\u00f3n de tejido ov\u00e1rico - Embryotools\" \/>\n<meta name=\"twitter:description\" content=\"[:en]Two days course full hands-on focused on preparation of ovarian cortex for cryopreservation and introduction to vitrification and slow-freezing.  &nbsp;  For further information please contact us at training@embryotools.com[:es]Curso de dos d\u00edas totalmente pr\u00e1ctico centrado en la preparaci\u00f3n de la corteza ov\u00e1rica para la criopreservaci\u00f3n y la introducci\u00f3n a la vitrificaci\u00f3n y la congelaci\u00f3n lenta.  &nbsp;  Para m\u00e1s informaci\u00f3n por favor cont\u00e1ctenos en training@embryotools.com[:fr]Ce cours de deux jours est centr\u00e9 sur la pr\u00e9paration du cortex ovarien pour la cryopr\u00e9servation et l&#039;introduction \u00e0 la vitrification et \u00e0 la cong\u00e9lation lente.  &nbsp; Pour plus d&#039;informations, veuillez nous contacter \u00e0 l&#039;adresse suivante: training@embryotools.com[:]\" \/>\n<meta name=\"twitter:image\" content=\"https:\/\/embryotools.com\/wp-content\/uploads\/2019\/12\/Ovarian-tissue.jpg\" \/>\n<meta name=\"twitter:site\" content=\"@embryotools\" \/>\n<meta name=\"twitter:label1\" content=\"Tiempo de lectura\" \/>\n\t<meta name=\"twitter:data1\" content=\"1 minuto\" \/>\n<script type=\"application\/ld+json\" class=\"yoast-schema-graph\">{\"@context\":\"https:\\\/\\\/schema.org\",\"@graph\":[{\"@type\":\"WebPage\",\"@id\":\"https:\\\/\\\/embryotools.com\\\/shop\\\/ivf-training-courses\\\/hands-on-individual-courses\\\/06-ovarian-tissue-cryopreservation-2-days-nou-curs\\\/\",\"url\":\"https:\\\/\\\/embryotools.com\\\/shop\\\/ivf-training-courses\\\/hands-on-individual-courses\\\/06-ovarian-tissue-cryopreservation-2-days-nou-curs\\\/\",\"name\":\"06 - Criopreservaci\u00f3n de tejido ov\u00e1rico - Embryotools\",\"isPartOf\":{\"@id\":\"https:\\\/\\\/embryotools.com\\\/#website\"},\"primaryImageOfPage\":{\"@id\":\"https:\\\/\\\/embryotools.com\\\/shop\\\/ivf-training-courses\\\/hands-on-individual-courses\\\/06-ovarian-tissue-cryopreservation-2-days-nou-curs\\\/#primaryimage\"},\"image\":{\"@id\":\"https:\\\/\\\/embryotools.com\\\/shop\\\/ivf-training-courses\\\/hands-on-individual-courses\\\/06-ovarian-tissue-cryopreservation-2-days-nou-curs\\\/#primaryimage\"},\"thumbnailUrl\":\"https:\\\/\\\/embryotools.com\\\/wp-content\\\/uploads\\\/2019\\\/12\\\/Ovarian-tissue.jpg\",\"datePublished\":\"2019-12-23T13:35:11+00:00\",\"dateModified\":\"2025-07-02T11:38:26+00:00\",\"breadcrumb\":{\"@id\":\"https:\\\/\\\/embryotools.com\\\/shop\\\/ivf-training-courses\\\/hands-on-individual-courses\\\/06-ovarian-tissue-cryopreservation-2-days-nou-curs\\\/#breadcrumb\"},\"inLanguage\":\"es\",\"potentialAction\":[{\"@type\":\"ReadAction\",\"target\":[\"https:\\\/\\\/embryotools.com\\\/shop\\\/ivf-training-courses\\\/hands-on-individual-courses\\\/06-ovarian-tissue-cryopreservation-2-days-nou-curs\\\/\"]}]},{\"@type\":\"ImageObject\",\"inLanguage\":\"es\",\"@id\":\"https:\\\/\\\/embryotools.com\\\/shop\\\/ivf-training-courses\\\/hands-on-individual-courses\\\/06-ovarian-tissue-cryopreservation-2-days-nou-curs\\\/#primaryimage\",\"url\":\"https:\\\/\\\/embryotools.com\\\/wp-content\\\/uploads\\\/2019\\\/12\\\/Ovarian-tissue.jpg\",\"contentUrl\":\"https:\\\/\\\/embryotools.com\\\/wp-content\\\/uploads\\\/2019\\\/12\\\/Ovarian-tissue.jpg\",\"width\":958,\"height\":680},{\"@type\":\"BreadcrumbList\",\"@id\":\"https:\\\/\\\/embryotools.com\\\/shop\\\/ivf-training-courses\\\/hands-on-individual-courses\\\/06-ovarian-tissue-cryopreservation-2-days-nou-curs\\\/#breadcrumb\",\"itemListElement\":[{\"@type\":\"ListItem\",\"position\":1,\"name\":\"Home\",\"item\":\"https:\\\/\\\/embryotools.com\\\/\"},{\"@type\":\"ListItem\",\"position\":2,\"name\":\"Shop\",\"item\":\"https:\\\/\\\/embryotools.com\\\/shop\\\/\"},{\"@type\":\"ListItem\",\"position\":3,\"name\":\"06 &#8211; Ovarian Tissue Cryopreservation\"}]},{\"@type\":\"WebSite\",\"@id\":\"https:\\\/\\\/embryotools.com\\\/#website\",\"url\":\"https:\\\/\\\/embryotools.com\\\/\",\"name\":\"Embryotools\",\"description\":\"for better results\",\"publisher\":{\"@id\":\"https:\\\/\\\/embryotools.com\\\/#organization\"},\"potentialAction\":[{\"@type\":\"SearchAction\",\"target\":{\"@type\":\"EntryPoint\",\"urlTemplate\":\"https:\\\/\\\/embryotools.com\\\/?s={search_term_string}\"},\"query-input\":{\"@type\":\"PropertyValueSpecification\",\"valueRequired\":true,\"valueName\":\"search_term_string\"}}],\"inLanguage\":\"es\"},{\"@type\":\"Organization\",\"@id\":\"https:\\\/\\\/embryotools.com\\\/#organization\",\"name\":\"Embryotools\",\"url\":\"https:\\\/\\\/embryotools.com\\\/\",\"logo\":{\"@type\":\"ImageObject\",\"inLanguage\":\"es\",\"@id\":\"https:\\\/\\\/embryotools.com\\\/#\\\/schema\\\/logo\\\/image\\\/\",\"url\":\"https:\\\/\\\/embryotools.com\\\/wp-content\\\/uploads\\\/2017\\\/01\\\/embryotools_logo_trans_500-2.png\",\"contentUrl\":\"https:\\\/\\\/embryotools.com\\\/wp-content\\\/uploads\\\/2017\\\/01\\\/embryotools_logo_trans_500-2.png\",\"width\":250,\"height\":59,\"caption\":\"Embryotools\"},\"image\":{\"@id\":\"https:\\\/\\\/embryotools.com\\\/#\\\/schema\\\/logo\\\/image\\\/\"},\"sameAs\":[\"https:\\\/\\\/www.facebook.com\\\/embryotools\",\"https:\\\/\\\/x.com\\\/embryotools\",\"https:\\\/\\\/www.linkedin.com\\\/company\\\/embryotools\"]}]}<\/script>\n<!-- \/ Yoast SEO plugin. -->","yoast_head_json":{"title":"06 - Criopreservaci\u00f3n de tejido ov\u00e1rico - Embryotools","robots":{"index":"index","follow":"follow","max-snippet":"max-snippet:-1","max-image-preview":"max-image-preview:large","max-video-preview":"max-video-preview:-1"},"canonical":"https:\/\/embryotools.com\/shop\/ivf-training-courses\/hands-on-individual-courses\/06-ovarian-tissue-cryopreservation-2-days-nou-curs\/","twitter_card":"summary_large_image","twitter_title":"06 - Criopreservaci\u00f3n de tejido ov\u00e1rico - Embryotools","twitter_description":"[:en]Two days course full hands-on focused on preparation of ovarian cortex for cryopreservation and introduction to vitrification and slow-freezing.  &nbsp;  For further information please contact us at training@embryotools.com[:es]Curso de dos d\u00edas totalmente pr\u00e1ctico centrado en la preparaci\u00f3n de la corteza ov\u00e1rica para la criopreservaci\u00f3n y la introducci\u00f3n a la vitrificaci\u00f3n y la congelaci\u00f3n lenta.  &nbsp;  Para m\u00e1s informaci\u00f3n por favor cont\u00e1ctenos en training@embryotools.com[:fr]Ce cours de deux jours est centr\u00e9 sur la pr\u00e9paration du cortex ovarien pour la cryopr\u00e9servation et l'introduction \u00e0 la vitrification et \u00e0 la cong\u00e9lation lente.  &nbsp; Pour plus d'informations, veuillez nous contacter \u00e0 l'adresse suivante: training@embryotools.com[:]","twitter_image":"https:\/\/embryotools.com\/wp-content\/uploads\/2019\/12\/Ovarian-tissue.jpg","twitter_site":"@embryotools","twitter_misc":{"Tiempo de lectura":"1 minuto"},"schema":{"@context":"https:\/\/schema.org","@graph":[{"@type":"WebPage","@id":"https:\/\/embryotools.com\/shop\/ivf-training-courses\/hands-on-individual-courses\/06-ovarian-tissue-cryopreservation-2-days-nou-curs\/","url":"https:\/\/embryotools.com\/shop\/ivf-training-courses\/hands-on-individual-courses\/06-ovarian-tissue-cryopreservation-2-days-nou-curs\/","name":"06 - Criopreservaci\u00f3n de tejido ov\u00e1rico - Embryotools","isPartOf":{"@id":"https:\/\/embryotools.com\/#website"},"primaryImageOfPage":{"@id":"https:\/\/embryotools.com\/shop\/ivf-training-courses\/hands-on-individual-courses\/06-ovarian-tissue-cryopreservation-2-days-nou-curs\/#primaryimage"},"image":{"@id":"https:\/\/embryotools.com\/shop\/ivf-training-courses\/hands-on-individual-courses\/06-ovarian-tissue-cryopreservation-2-days-nou-curs\/#primaryimage"},"thumbnailUrl":"https:\/\/embryotools.com\/wp-content\/uploads\/2019\/12\/Ovarian-tissue.jpg","datePublished":"2019-12-23T13:35:11+00:00","dateModified":"2025-07-02T11:38:26+00:00","breadcrumb":{"@id":"https:\/\/embryotools.com\/shop\/ivf-training-courses\/hands-on-individual-courses\/06-ovarian-tissue-cryopreservation-2-days-nou-curs\/#breadcrumb"},"inLanguage":"es","potentialAction":[{"@type":"ReadAction","target":["https:\/\/embryotools.com\/shop\/ivf-training-courses\/hands-on-individual-courses\/06-ovarian-tissue-cryopreservation-2-days-nou-curs\/"]}]},{"@type":"ImageObject","inLanguage":"es","@id":"https:\/\/embryotools.com\/shop\/ivf-training-courses\/hands-on-individual-courses\/06-ovarian-tissue-cryopreservation-2-days-nou-curs\/#primaryimage","url":"https:\/\/embryotools.com\/wp-content\/uploads\/2019\/12\/Ovarian-tissue.jpg","contentUrl":"https:\/\/embryotools.com\/wp-content\/uploads\/2019\/12\/Ovarian-tissue.jpg","width":958,"height":680},{"@type":"BreadcrumbList","@id":"https:\/\/embryotools.com\/shop\/ivf-training-courses\/hands-on-individual-courses\/06-ovarian-tissue-cryopreservation-2-days-nou-curs\/#breadcrumb","itemListElement":[{"@type":"ListItem","position":1,"name":"Home","item":"https:\/\/embryotools.com\/"},{"@type":"ListItem","position":2,"name":"Shop","item":"https:\/\/embryotools.com\/shop\/"},{"@type":"ListItem","position":3,"name":"06 &#8211; Ovarian Tissue Cryopreservation"}]},{"@type":"WebSite","@id":"https:\/\/embryotools.com\/#website","url":"https:\/\/embryotools.com\/","name":"Embryotools","description":"for better results","publisher":{"@id":"https:\/\/embryotools.com\/#organization"},"potentialAction":[{"@type":"SearchAction","target":{"@type":"EntryPoint","urlTemplate":"https:\/\/embryotools.com\/?s={search_term_string}"},"query-input":{"@type":"PropertyValueSpecification","valueRequired":true,"valueName":"search_term_string"}}],"inLanguage":"es"},{"@type":"Organization","@id":"https:\/\/embryotools.com\/#organization","name":"Embryotools","url":"https:\/\/embryotools.com\/","logo":{"@type":"ImageObject","inLanguage":"es","@id":"https:\/\/embryotools.com\/#\/schema\/logo\/image\/","url":"https:\/\/embryotools.com\/wp-content\/uploads\/2017\/01\/embryotools_logo_trans_500-2.png","contentUrl":"https:\/\/embryotools.com\/wp-content\/uploads\/2017\/01\/embryotools_logo_trans_500-2.png","width":250,"height":59,"caption":"Embryotools"},"image":{"@id":"https:\/\/embryotools.com\/#\/schema\/logo\/image\/"},"sameAs":["https:\/\/www.facebook.com\/embryotools","https:\/\/x.com\/embryotools","https:\/\/www.linkedin.com\/company\/embryotools"]}]}},"_links":{"self":[{"href":"https:\/\/embryotools.com\/es\/wp-json\/wp\/v2\/product\/20616","targetHints":{"allow":["GET"]}}],"collection":[{"href":"https:\/\/embryotools.com\/es\/wp-json\/wp\/v2\/product"}],"about":[{"href":"https:\/\/embryotools.com\/es\/wp-json\/wp\/v2\/types\/product"}],"wp:featuredmedia":[{"embeddable":true,"href":"https:\/\/embryotools.com\/es\/wp-json\/wp\/v2\/media\/22630"}],"wp:attachment":[{"href":"https:\/\/embryotools.com\/es\/wp-json\/wp\/v2\/media?parent=20616"}],"wp:term":[{"taxonomy":"product_brand","embeddable":true,"href":"https:\/\/embryotools.com\/es\/wp-json\/wp\/v2\/product_brand?post=20616"},{"taxonomy":"product_cat","embeddable":true,"href":"https:\/\/embryotools.com\/es\/wp-json\/wp\/v2\/product_cat?post=20616"},{"taxonomy":"product_tag","embeddable":true,"href":"https:\/\/embryotools.com\/es\/wp-json\/wp\/v2\/product_tag?post=20616"}],"curies":[{"name":"wp","href":"https:\/\/api.w.org\/{rel}","templated":true}]}}