{"id":20612,"date":"2019-12-23T14:19:13","date_gmt":"2019-12-23T13:19:13","guid":{"rendered":"https:\/\/embryotools.com\/?post_type=product&#038;p=20612"},"modified":"2025-07-02T13:38:17","modified_gmt":"2025-07-02T11:38:17","slug":"05-how-to-implement-a-successful-pgt-program-3-days-nou-curs","status":"publish","type":"product","link":"https:\/\/embryotools.com\/es\/shop\/ivf-training-courses\/hands-on-individual-courses\/05-how-to-implement-a-successful-pgt-program-3-days-nou-curs\/","title":{"rendered":"05 &#8211; Biopsia embrionaria: c\u00f3mo implementar un programa de PGT con \u00e9xito"},"content":{"rendered":"<p><\/p>\n<h1><strong>Biopsia embrionaria: c\u00f3mo implementar un programa de PGT con \u00e9xito<\/strong><\/h1>\n<h2><\/h2>\n<h2><span style=\"font-size: 12pt;\">Objetivos del curso:<\/span><\/h2>\n<p>Entender los principios fundamentales del cultivo embrionario hasta estadio de blastocisto, la biopsia, el diagn\u00f3stico gen\u00e9tico y las t\u00e9cnicas de criopreservaci\u00f3n. Tener una visi\u00f3n general de resultados actuales y adquirir experiencia sobre c\u00f3mo gestionar un programa de cultivo a D\u00eda +5 con \u00e9xito. Practicar de forma intensiva la biopsia de blastocistos (y de embriones en dia+3, si es necesario) aplicando el m\u00e9todo de \u00abpulling\u00bb y el m\u00e9todo de \u00abflicking\u00bb en un n\u00famero ilimitado de blastocistos en diferentes fases de expansi\u00f3n. Las sesiones pr\u00e1cticas se centran en todos los pasos necesarios para implementar\u00a0 un programa de PGT con \u00e9xito, incluyendo: la vitrificaci\u00f3n y desvitrificaci\u00f3n de los embriones biopsiados, la eclosi\u00f3n asistida por l\u00e1ser, el entubado de c\u00e9lulas para el an\u00e1lisis gen\u00e9tico y la validaci\u00f3n del n\u00famero de c\u00e9lulas biopsiadas.<\/p>\n<h2><strong>Programa Cient\u00edfico:<\/strong><\/h2>\n<h4>\u00a0Sesi\u00f3n te\u00f3rica (30-45 min duration):<\/h4>\n<ul>\n<li>\u201cEmbryo Biopsy -techniques and suggestions\u201d<\/li>\n<\/ul>\n<h4>Sesiones pr\u00e1cticas:<\/h4>\n<ul>\n<li>Preparaci\u00f3n de placas de biopsia y de cultivo de embriones.<\/li>\n<li>Preparaci\u00f3n del microscopio y del l\u00e1ser.<\/li>\n<li>Biopsia de blastocistos tempranos, expandidos y completamente eclosionados utilizando las t\u00e9cnicas de \u00abpulling\u00bb y \u00abflicking\u00bb con muestras ilimitadas y demostraci\u00f3n en vivo para cada caso.<\/li>\n<li>Preparaci\u00f3n del material para el an\u00e1lisis gen\u00e9tico de las c\u00e9lulas biopsiadas.<\/li>\n<li>Validaci\u00f3n del n\u00famero de c\u00e9lulas biopsiadas bajo un microscopio de epifluorescencia.<\/li>\n<li>Vitrificaci\u00f3n, desvitrificaci\u00f3n y cultivo de blastocistos tras la biopsia.<\/li>\n<li>Consejos para realizar la biopsia, la vitrificaci\u00f3n, la desvitrificaci\u00f3n y la manipulaci\u00f3n de blastocistos completamente eclosionados.<\/li>\n<li>Eclosi\u00f3n asistida mediante l\u00e1ser en blastocistos desvitrificados.<\/li>\n<li>Grabaci\u00f3n en v\u00eddeo y fotograf\u00edas de los procedimientos realizados durante el training.<\/li>\n<\/ul>\n<p><strong>Equipo de embri\u00f3logos que imparten la formaci\u00f3n:<\/strong><strong><br \/>\n<\/strong>Nuno Costa-Borges, PhD; Carolina Castell\u00f3, BSc; Enric Mestres, PhD; M\u00f2nica Acacio, MSc; Queralt Matia; MSc.<\/p>\n<p><strong><u>Se entregar\u00e1 el certificado de asistencia a los participantes que completen el curso<\/u><\/strong><\/p>\n<p><strong>Fechas:<\/strong> Tres d\u00edas de 09:00h a 16:30h (con una pausa para caf\u00e9 y 30 minutos para comer).<\/p>\n<p><strong>Precios: <\/strong>3600 Euros<\/p>\n<p>Dependiendo de su experiencia y necesidades, podemos modificar la duraci\u00f3n del curso y a\u00f1adir d\u00edas de formaci\u00f3n a un precio adicional de 1.100 euros por d\u00eda extra.<\/p>\n<p><strong>Ubicaci\u00f3n:<\/strong><strong><br \/>\n<\/strong>Laboratorios de Embryotools<br \/>\nAvenida Doctor Mara\u00f1\u00f3n, 8<br \/>\nParc Cient\u00edfic de Barcelona<br \/>\n08028 Barcelona<\/p>","protected":false},"excerpt":{"rendered":"<p>Curso de tres d\u00edas para aquellos embri\u00f3logos que necesitan implementar la biopsia de trofectodermo (o la biopsia en dia+3) en su rutina.<br \/>\nTambi\u00e9n es interesante para aquellos embri\u00f3logos que ya est\u00e1n realizando biopsias pero desean aprender nuevos consejos y trucos sobre todos los aspectos relacionados con la biopsia de blastocisto.<\/p>\n<p>&nbsp;<\/p>\n<p><span class=\"font_8\"><em>Para m\u00e1s informaci\u00f3n por favor cont\u00e1ctenos en <a href=\"mailto:training@embryotools.com\"><strong>training@embryotools.com<\/strong><\/a><\/em><\/span><\/p>\n","protected":false},"featured_media":20242,"template":"","meta":[],"product_brand":[],"product_cat":[181,134],"product_tag":[],"class_list":{"0":"post-20612","1":"product","2":"type-product","3":"status-publish","4":"has-post-thumbnail","6":"product_cat-hands-on-individual-courses","7":"product_cat-ivf-training-courses","9":"first","10":"instock","11":"downloadable","12":"virtual","13":"purchasable","14":"product-type-simple","15":"berocket_lgv_grid","16":"berocket_lgv_list_grid"},"yoast_head":"<!-- This site is optimized with the Yoast SEO plugin v27.3 - https:\/\/yoast.com\/product\/yoast-seo-wordpress\/ -->\n<title>05 - Biopsia embrionaria: c\u00f3mo implementar un programa de PGT con \u00e9xito - Embryotools<\/title>\n<meta name=\"robots\" content=\"index, follow, max-snippet:-1, max-image-preview:large, max-video-preview:-1\" \/>\n<link rel=\"canonical\" href=\"https:\/\/embryotools.com\/shop\/ivf-training-courses\/hands-on-individual-courses\/05-how-to-implement-a-successful-pgt-program-3-days-nou-curs\/\" \/>\n<meta name=\"twitter:card\" content=\"summary_large_image\" \/>\n<meta name=\"twitter:title\" content=\"05 - Biopsia embrionaria: c\u00f3mo implementar un programa de PGT con \u00e9xito - Embryotools\" \/>\n<meta name=\"twitter:description\" content=\"[:en]Three days course for those embryologists who need to implement the trophectoderm biopsy (or the cleavage stage biopsy) in their routine. Also interesting for those embryologists who are already performing biopsies but would like to have an upgrade to learn new tips and tricks on all the aspects related with the blastocyst biospy.   For further information please contact us at training@embryotools.com[:es]Curso de tres d\u00edas para aquellos embri\u00f3logos que necesitan implementar la biopsia de trofectodermo (o la biopsia en dia+3) en su rutina. Tambi\u00e9n es interesante para aquellos embri\u00f3logos que ya est\u00e1n realizando biopsias pero desean aprender nuevos consejos y trucos sobre todos los aspectos relacionados con la biopsia de blastocisto.  &nbsp;  Para m\u00e1s informaci\u00f3n por favor cont\u00e1ctenos en training@embryotools.com[:fr]Trois jours de cours pour les embryologistes qui ont besoin de mettre en \u0153uvre la biopsie du trophectoderme (ou la biopsie au 3\u00e8me jour) dans leur routine.  Aussi int\u00e9ressant pour les embryologistes qui effectuent d\u00e9j\u00e0 des biopsies, mais aimerait am\u00e9liorer et apprendre de nouveaux conseils et trucs sur tous les aspects li\u00e9s \u00e0 la biospie de blastocystes. Pour plus d&#039;informations, veuillez nous contacter \u00e0 l&#039;adresse suivante: training@embryotools.com[:]\" \/>\n<meta name=\"twitter:image\" content=\"https:\/\/embryotools.com\/wp-content\/uploads\/2018\/03\/hatching-blasto-biopsy-1.jpeg\" \/>\n<meta name=\"twitter:site\" content=\"@embryotools\" \/>\n<meta name=\"twitter:label1\" content=\"Tiempo de lectura\" \/>\n\t<meta name=\"twitter:data1\" content=\"1 minuto\" \/>\n<script type=\"application\/ld+json\" class=\"yoast-schema-graph\">{\"@context\":\"https:\\\/\\\/schema.org\",\"@graph\":[{\"@type\":\"WebPage\",\"@id\":\"https:\\\/\\\/embryotools.com\\\/shop\\\/ivf-training-courses\\\/hands-on-individual-courses\\\/05-how-to-implement-a-successful-pgt-program-3-days-nou-curs\\\/\",\"url\":\"https:\\\/\\\/embryotools.com\\\/shop\\\/ivf-training-courses\\\/hands-on-individual-courses\\\/05-how-to-implement-a-successful-pgt-program-3-days-nou-curs\\\/\",\"name\":\"05 - Biopsia embrionaria: c\u00f3mo implementar un programa de PGT con \u00e9xito - Embryotools\",\"isPartOf\":{\"@id\":\"https:\\\/\\\/embryotools.com\\\/#website\"},\"primaryImageOfPage\":{\"@id\":\"https:\\\/\\\/embryotools.com\\\/shop\\\/ivf-training-courses\\\/hands-on-individual-courses\\\/05-how-to-implement-a-successful-pgt-program-3-days-nou-curs\\\/#primaryimage\"},\"image\":{\"@id\":\"https:\\\/\\\/embryotools.com\\\/shop\\\/ivf-training-courses\\\/hands-on-individual-courses\\\/05-how-to-implement-a-successful-pgt-program-3-days-nou-curs\\\/#primaryimage\"},\"thumbnailUrl\":\"https:\\\/\\\/embryotools.com\\\/wp-content\\\/uploads\\\/2018\\\/03\\\/hatching-blasto-biopsy-1.jpeg\",\"datePublished\":\"2019-12-23T13:19:13+00:00\",\"dateModified\":\"2025-07-02T11:38:17+00:00\",\"breadcrumb\":{\"@id\":\"https:\\\/\\\/embryotools.com\\\/shop\\\/ivf-training-courses\\\/hands-on-individual-courses\\\/05-how-to-implement-a-successful-pgt-program-3-days-nou-curs\\\/#breadcrumb\"},\"inLanguage\":\"es\",\"potentialAction\":[{\"@type\":\"ReadAction\",\"target\":[\"https:\\\/\\\/embryotools.com\\\/shop\\\/ivf-training-courses\\\/hands-on-individual-courses\\\/05-how-to-implement-a-successful-pgt-program-3-days-nou-curs\\\/\"]}]},{\"@type\":\"ImageObject\",\"inLanguage\":\"es\",\"@id\":\"https:\\\/\\\/embryotools.com\\\/shop\\\/ivf-training-courses\\\/hands-on-individual-courses\\\/05-how-to-implement-a-successful-pgt-program-3-days-nou-curs\\\/#primaryimage\",\"url\":\"https:\\\/\\\/embryotools.com\\\/wp-content\\\/uploads\\\/2018\\\/03\\\/hatching-blasto-biopsy-1.jpeg\",\"contentUrl\":\"https:\\\/\\\/embryotools.com\\\/wp-content\\\/uploads\\\/2018\\\/03\\\/hatching-blasto-biopsy-1.jpeg\",\"width\":2048,\"height\":1536},{\"@type\":\"BreadcrumbList\",\"@id\":\"https:\\\/\\\/embryotools.com\\\/shop\\\/ivf-training-courses\\\/hands-on-individual-courses\\\/05-how-to-implement-a-successful-pgt-program-3-days-nou-curs\\\/#breadcrumb\",\"itemListElement\":[{\"@type\":\"ListItem\",\"position\":1,\"name\":\"Home\",\"item\":\"https:\\\/\\\/embryotools.com\\\/\"},{\"@type\":\"ListItem\",\"position\":2,\"name\":\"Shop\",\"item\":\"https:\\\/\\\/embryotools.com\\\/shop\\\/\"},{\"@type\":\"ListItem\",\"position\":3,\"name\":\"05 &#8211; Embryo biopsy: How to implement a successful PGT program\"}]},{\"@type\":\"WebSite\",\"@id\":\"https:\\\/\\\/embryotools.com\\\/#website\",\"url\":\"https:\\\/\\\/embryotools.com\\\/\",\"name\":\"Embryotools\",\"description\":\"for better results\",\"publisher\":{\"@id\":\"https:\\\/\\\/embryotools.com\\\/#organization\"},\"potentialAction\":[{\"@type\":\"SearchAction\",\"target\":{\"@type\":\"EntryPoint\",\"urlTemplate\":\"https:\\\/\\\/embryotools.com\\\/?s={search_term_string}\"},\"query-input\":{\"@type\":\"PropertyValueSpecification\",\"valueRequired\":true,\"valueName\":\"search_term_string\"}}],\"inLanguage\":\"es\"},{\"@type\":\"Organization\",\"@id\":\"https:\\\/\\\/embryotools.com\\\/#organization\",\"name\":\"Embryotools\",\"url\":\"https:\\\/\\\/embryotools.com\\\/\",\"logo\":{\"@type\":\"ImageObject\",\"inLanguage\":\"es\",\"@id\":\"https:\\\/\\\/embryotools.com\\\/#\\\/schema\\\/logo\\\/image\\\/\",\"url\":\"https:\\\/\\\/embryotools.com\\\/wp-content\\\/uploads\\\/2017\\\/01\\\/embryotools_logo_trans_500-2.png\",\"contentUrl\":\"https:\\\/\\\/embryotools.com\\\/wp-content\\\/uploads\\\/2017\\\/01\\\/embryotools_logo_trans_500-2.png\",\"width\":250,\"height\":59,\"caption\":\"Embryotools\"},\"image\":{\"@id\":\"https:\\\/\\\/embryotools.com\\\/#\\\/schema\\\/logo\\\/image\\\/\"},\"sameAs\":[\"https:\\\/\\\/www.facebook.com\\\/embryotools\",\"https:\\\/\\\/x.com\\\/embryotools\",\"https:\\\/\\\/www.linkedin.com\\\/company\\\/embryotools\"]}]}<\/script>\n<!-- \/ Yoast SEO plugin. -->","yoast_head_json":{"title":"05 - Biopsia embrionaria: c\u00f3mo implementar un programa de PGT con \u00e9xito - Embryotools","robots":{"index":"index","follow":"follow","max-snippet":"max-snippet:-1","max-image-preview":"max-image-preview:large","max-video-preview":"max-video-preview:-1"},"canonical":"https:\/\/embryotools.com\/shop\/ivf-training-courses\/hands-on-individual-courses\/05-how-to-implement-a-successful-pgt-program-3-days-nou-curs\/","twitter_card":"summary_large_image","twitter_title":"05 - Biopsia embrionaria: c\u00f3mo implementar un programa de PGT con \u00e9xito - Embryotools","twitter_description":"[:en]Three days course for those embryologists who need to implement the trophectoderm biopsy (or the cleavage stage biopsy) in their routine. Also interesting for those embryologists who are already performing biopsies but would like to have an upgrade to learn new tips and tricks on all the aspects related with the blastocyst biospy.   For further information please contact us at training@embryotools.com[:es]Curso de tres d\u00edas para aquellos embri\u00f3logos que necesitan implementar la biopsia de trofectodermo (o la biopsia en dia+3) en su rutina. Tambi\u00e9n es interesante para aquellos embri\u00f3logos que ya est\u00e1n realizando biopsias pero desean aprender nuevos consejos y trucos sobre todos los aspectos relacionados con la biopsia de blastocisto.  &nbsp;  Para m\u00e1s informaci\u00f3n por favor cont\u00e1ctenos en training@embryotools.com[:fr]Trois jours de cours pour les embryologistes qui ont besoin de mettre en \u0153uvre la biopsie du trophectoderme (ou la biopsie au 3\u00e8me jour) dans leur routine.  Aussi int\u00e9ressant pour les embryologistes qui effectuent d\u00e9j\u00e0 des biopsies, mais aimerait am\u00e9liorer et apprendre de nouveaux conseils et trucs sur tous les aspects li\u00e9s \u00e0 la biospie de blastocystes. Pour plus d'informations, veuillez nous contacter \u00e0 l'adresse suivante: training@embryotools.com[:]","twitter_image":"https:\/\/embryotools.com\/wp-content\/uploads\/2018\/03\/hatching-blasto-biopsy-1.jpeg","twitter_site":"@embryotools","twitter_misc":{"Tiempo de lectura":"1 minuto"},"schema":{"@context":"https:\/\/schema.org","@graph":[{"@type":"WebPage","@id":"https:\/\/embryotools.com\/shop\/ivf-training-courses\/hands-on-individual-courses\/05-how-to-implement-a-successful-pgt-program-3-days-nou-curs\/","url":"https:\/\/embryotools.com\/shop\/ivf-training-courses\/hands-on-individual-courses\/05-how-to-implement-a-successful-pgt-program-3-days-nou-curs\/","name":"05 - Biopsia embrionaria: c\u00f3mo implementar un programa de PGT con \u00e9xito - Embryotools","isPartOf":{"@id":"https:\/\/embryotools.com\/#website"},"primaryImageOfPage":{"@id":"https:\/\/embryotools.com\/shop\/ivf-training-courses\/hands-on-individual-courses\/05-how-to-implement-a-successful-pgt-program-3-days-nou-curs\/#primaryimage"},"image":{"@id":"https:\/\/embryotools.com\/shop\/ivf-training-courses\/hands-on-individual-courses\/05-how-to-implement-a-successful-pgt-program-3-days-nou-curs\/#primaryimage"},"thumbnailUrl":"https:\/\/embryotools.com\/wp-content\/uploads\/2018\/03\/hatching-blasto-biopsy-1.jpeg","datePublished":"2019-12-23T13:19:13+00:00","dateModified":"2025-07-02T11:38:17+00:00","breadcrumb":{"@id":"https:\/\/embryotools.com\/shop\/ivf-training-courses\/hands-on-individual-courses\/05-how-to-implement-a-successful-pgt-program-3-days-nou-curs\/#breadcrumb"},"inLanguage":"es","potentialAction":[{"@type":"ReadAction","target":["https:\/\/embryotools.com\/shop\/ivf-training-courses\/hands-on-individual-courses\/05-how-to-implement-a-successful-pgt-program-3-days-nou-curs\/"]}]},{"@type":"ImageObject","inLanguage":"es","@id":"https:\/\/embryotools.com\/shop\/ivf-training-courses\/hands-on-individual-courses\/05-how-to-implement-a-successful-pgt-program-3-days-nou-curs\/#primaryimage","url":"https:\/\/embryotools.com\/wp-content\/uploads\/2018\/03\/hatching-blasto-biopsy-1.jpeg","contentUrl":"https:\/\/embryotools.com\/wp-content\/uploads\/2018\/03\/hatching-blasto-biopsy-1.jpeg","width":2048,"height":1536},{"@type":"BreadcrumbList","@id":"https:\/\/embryotools.com\/shop\/ivf-training-courses\/hands-on-individual-courses\/05-how-to-implement-a-successful-pgt-program-3-days-nou-curs\/#breadcrumb","itemListElement":[{"@type":"ListItem","position":1,"name":"Home","item":"https:\/\/embryotools.com\/"},{"@type":"ListItem","position":2,"name":"Shop","item":"https:\/\/embryotools.com\/shop\/"},{"@type":"ListItem","position":3,"name":"05 &#8211; Embryo biopsy: How to implement a successful PGT program"}]},{"@type":"WebSite","@id":"https:\/\/embryotools.com\/#website","url":"https:\/\/embryotools.com\/","name":"Embryotools","description":"for better results","publisher":{"@id":"https:\/\/embryotools.com\/#organization"},"potentialAction":[{"@type":"SearchAction","target":{"@type":"EntryPoint","urlTemplate":"https:\/\/embryotools.com\/?s={search_term_string}"},"query-input":{"@type":"PropertyValueSpecification","valueRequired":true,"valueName":"search_term_string"}}],"inLanguage":"es"},{"@type":"Organization","@id":"https:\/\/embryotools.com\/#organization","name":"Embryotools","url":"https:\/\/embryotools.com\/","logo":{"@type":"ImageObject","inLanguage":"es","@id":"https:\/\/embryotools.com\/#\/schema\/logo\/image\/","url":"https:\/\/embryotools.com\/wp-content\/uploads\/2017\/01\/embryotools_logo_trans_500-2.png","contentUrl":"https:\/\/embryotools.com\/wp-content\/uploads\/2017\/01\/embryotools_logo_trans_500-2.png","width":250,"height":59,"caption":"Embryotools"},"image":{"@id":"https:\/\/embryotools.com\/#\/schema\/logo\/image\/"},"sameAs":["https:\/\/www.facebook.com\/embryotools","https:\/\/x.com\/embryotools","https:\/\/www.linkedin.com\/company\/embryotools"]}]}},"_links":{"self":[{"href":"https:\/\/embryotools.com\/es\/wp-json\/wp\/v2\/product\/20612","targetHints":{"allow":["GET"]}}],"collection":[{"href":"https:\/\/embryotools.com\/es\/wp-json\/wp\/v2\/product"}],"about":[{"href":"https:\/\/embryotools.com\/es\/wp-json\/wp\/v2\/types\/product"}],"wp:featuredmedia":[{"embeddable":true,"href":"https:\/\/embryotools.com\/es\/wp-json\/wp\/v2\/media\/20242"}],"wp:attachment":[{"href":"https:\/\/embryotools.com\/es\/wp-json\/wp\/v2\/media?parent=20612"}],"wp:term":[{"taxonomy":"product_brand","embeddable":true,"href":"https:\/\/embryotools.com\/es\/wp-json\/wp\/v2\/product_brand?post=20612"},{"taxonomy":"product_cat","embeddable":true,"href":"https:\/\/embryotools.com\/es\/wp-json\/wp\/v2\/product_cat?post=20612"},{"taxonomy":"product_tag","embeddable":true,"href":"https:\/\/embryotools.com\/es\/wp-json\/wp\/v2\/product_tag?post=20612"}],"curies":[{"name":"wp","href":"https:\/\/api.w.org\/{rel}","templated":true}]}}