{"id":20605,"date":"2019-12-23T14:10:49","date_gmt":"2019-12-23T13:10:49","guid":{"rendered":"https:\/\/embryotools.com\/?post_type=product&#038;p=20605"},"modified":"2025-08-04T13:23:43","modified_gmt":"2025-08-04T11:23:43","slug":"04-cryopreservation-oocyte-embryo-and-blastocysts-and-assisted-hatching-3-days-nou-curs","status":"publish","type":"product","link":"https:\/\/embryotools.com\/es\/shop\/ivf-training-courses\/hands-on-individual-courses\/04-cryopreservation-oocyte-embryo-and-blastocysts-and-assisted-hatching-3-days-nou-curs\/","title":{"rendered":"04 &#8211; Criopreservaci\u00f3n de ovocitos, embriones y blastocistos y eclosi\u00f3n asistida"},"content":{"rendered":"<p><\/p>\n<h1>Criopreservaci\u00f3n de ovocitos, embriones y blastocistos y eclosi\u00f3n asistida<\/h1>\n<p>&nbsp;<\/p>\n<h2><strong><span style=\"font-size: 12pt;\">Objetivos del curso:<\/span><\/strong><\/h2>\n<p>Este curso de formaci\u00f3n de tres d\u00edas est\u00e1 espec\u00edficamente dise\u00f1ado para embri\u00f3logos interesados en adquirir habilidades pr\u00e1cticas y mejorar sus conocimientos en las t\u00e9cnicas de criopreservaci\u00f3n de ovocitos, embriones y blastocistos. El curso se centrar\u00e1 en lecciones pr\u00e1cticas e intensivas sobre la t\u00e9cnica y los medios de vitrificaci\u00f3n, proporcionando consejos y trucos para lograr resultados consistentes. A lo largo de los tres d\u00edas, los embri\u00f3logos tendr\u00e1n la oportunidad de vitrificar y desvitrificar un n\u00famero ilimitado de ovocitos y embriones para entender c\u00f3mo los peque\u00f1os detalles importantes pueden afectar a los resultados. El curso tambi\u00e9n cubre los principios fundamentales del procedimiento de eclosi\u00f3n asistida y sus m\u00faltiples aplicaciones en diferentes etapas de desarrollo. Introducci\u00f3n a la eclosi\u00f3n asistida por l\u00e1ser y familiarizaci\u00f3n con los diferentes modos de funcionamiento. Evaluaci\u00f3n y discusi\u00f3n sobre el efecto del tama\u00f1o del orificio en los embriones mediante su cultivo en un sistema TL.<\/p>\n<h2>Programa cient\u00edfico:<\/h2>\n<h4>Sesiones te\u00f3ricas (30-45 minutos de duraci\u00f3n):<\/h4>\n<ul>\n<li>\u201cOocyte and Embryo Vitrification: Theoretical and practical aspects\u201d<\/li>\n<\/ul>\n<h4>Sesiones pr\u00e1cticas:<\/h4>\n<ul>\n<li>Vitrificaci\u00f3n y desvitrificaci\u00f3n de ovocitos, utilizando el sistema de vitrificaci\u00f3n de su elecci\u00f3n.<\/li>\n<li>Vitrificaci\u00f3n y desvitrificaci\u00f3n de embriones de rat\u00f3n en estadio de c\u00e9lulas y blastocisto, utilizando el sistema de vitrificaci\u00f3n de su elecci\u00f3n.<\/li>\n<li>Protocolos de vitrificaci\u00f3n y desvitrificaci\u00f3n ultra-fast.<\/li>\n<li>Consejos y sugerencias para maximizar los resultados.<\/li>\n<li>Eclosi\u00f3n asistida en embriones desvitrificados.<\/li>\n<li>Cultivo de embriones desvitrificados y an\u00e1lisis de su desarrollo.<\/li>\n<\/ul>\n<p><strong>Equipo de embri\u00f3logos que imparten la formaci\u00f3n:<br \/>\n<\/strong>Nuno Costa-Borges, PhD; Carolina Castell\u00f3, BSc; Enric Mestres, PhD; M\u00f2nica Acacio, MSc; Queralt Matia; MSc.<\/p>\n<p><strong><u>Se entregar\u00e1 el certificado de asistencia a los participantes que completen el curso<\/u><\/strong><\/p>\n<p><strong>Fechas:<\/strong> Tres d\u00edas de 09:00h a 16:30h (con una pausa para caf\u00e9 y 30 minutos para comer).<\/p>\n<p><strong>Precios: <\/strong>3000 Euros<strong><br \/>\n<\/strong><\/p>\n<p>Dependiendo de su experiencia y necesidades, podemos modificar la duraci\u00f3n del curso y a\u00f1adir d\u00edas de formaci\u00f3n a un precio adicional de 1.100 euros por d\u00eda extra.<\/p>\n<p><strong>Ubicaci\u00f3<\/strong><strong>n:<br \/>\n<\/strong>Laboratorios de Embryotools<br \/>\nAvenida Doctor Mara\u00f1\u00f3n, 8<br \/>\nParc Cient\u00edfic de Barcelona<br \/>\n08028 Barcelona<\/p>","protected":false},"excerpt":{"rendered":"<p>Curso de tres d\u00edas para aquellos embri\u00f3logos que se inician en la vitrificaci\u00f3n o para aquellos que ya est\u00e1n realizando vitrificaciones en su rutina diaria, e incluso piensan que s\u00f3lo quieren actualizar sus conocimientos y aprender algunos consejos y trucos para mejorar los resultados.<\/p>\n<p>&nbsp;<\/p>\n<p><span class=\"font_8\"><em>Para m\u00e1s informaci\u00f3n por favor cont\u00e1ctenos en <a href=\"mailto:training@embryotools.com\"><strong>training@embryotools.com<\/strong><\/a><\/em><\/span><\/p>\n","protected":false},"featured_media":20312,"template":"","meta":[],"product_brand":[],"product_cat":[181,134],"product_tag":[],"class_list":{"0":"post-20605","1":"product","2":"type-product","3":"status-publish","4":"has-post-thumbnail","6":"product_cat-hands-on-individual-courses","7":"product_cat-ivf-training-courses","9":"first","10":"instock","11":"downloadable","12":"virtual","13":"purchasable","14":"product-type-simple","15":"berocket_lgv_grid","16":"berocket_lgv_list_grid"},"yoast_head":"<!-- This site is optimized with the Yoast SEO plugin v27.5 - https:\/\/yoast.com\/product\/yoast-seo-wordpress\/ -->\n<title>04 - Criopreservaci\u00f3n de ovocitos, embriones y blastocistos y eclosi\u00f3n asistida - Embryotools<\/title>\n<meta name=\"robots\" content=\"index, follow, max-snippet:-1, max-image-preview:large, max-video-preview:-1\" \/>\n<link rel=\"canonical\" href=\"https:\/\/embryotools.com\/shop\/ivf-training-courses\/hands-on-individual-courses\/04-cryopreservation-oocyte-embryo-and-blastocysts-and-assisted-hatching-3-days-nou-curs\/\" \/>\n<meta name=\"twitter:card\" content=\"summary_large_image\" \/>\n<meta name=\"twitter:title\" content=\"04 - Criopreservaci\u00f3n de ovocitos, embriones y blastocistos y eclosi\u00f3n asistida - Embryotools\" \/>\n<meta name=\"twitter:description\" content=\"[:en]Three day course for those embryologists who are new in vitrification or for those who are already performing vitrification in their daily routine, and even thought they just want to update their knowledge and learn some tips and tricks to improve results.  &nbsp;  For further information please contact us at training@embryotools.com[:es]Curso de tres d\u00edas para aquellos embri\u00f3logos que se inician en la vitrificaci\u00f3n o para aquellos que ya est\u00e1n realizando vitrificaciones en su rutina diaria, e incluso piensan que s\u00f3lo quieren actualizar sus conocimientos y aprender algunos consejos y trucos para mejorar los resultados.  &nbsp;  Para m\u00e1s informaci\u00f3n por favor cont\u00e1ctenos en training@embryotools.com[:fr]Ce cours de trois jours est destin\u00e9 aux embryologistes qui d\u00e9butent dans le domaine de la vitrification ou \u00e0 ceux qui pratiquent d\u00e9j\u00e0 la vitrification dans leur routine quotidienne, et m\u00eame s&#039;ils souhaitent simplement mettre \u00e0 jour leurs connaissances et apprendre quelques trucs et astuces pour am\u00e9liorer les r\u00e9sultats. Pour plus d&#039;informations, veuillez nous contacter \u00e0 l&#039;adresse suivante: training@embryotools.com[:]\" \/>\n<meta name=\"twitter:image\" content=\"https:\/\/embryotools.com\/wp-content\/uploads\/2019\/05\/2014_11_18_Rink_Barcelona8304-e1556806856904.jpg\" \/>\n<meta name=\"twitter:site\" content=\"@embryotools\" \/>\n<meta name=\"twitter:label1\" content=\"Tiempo de lectura\" \/>\n\t<meta name=\"twitter:data1\" content=\"2 minutos\" \/>\n<script type=\"application\/ld+json\" class=\"yoast-schema-graph\">{\"@context\":\"https:\\\/\\\/schema.org\",\"@graph\":[{\"@type\":\"WebPage\",\"@id\":\"https:\\\/\\\/embryotools.com\\\/shop\\\/ivf-training-courses\\\/hands-on-individual-courses\\\/04-cryopreservation-oocyte-embryo-and-blastocysts-and-assisted-hatching-3-days-nou-curs\\\/\",\"url\":\"https:\\\/\\\/embryotools.com\\\/shop\\\/ivf-training-courses\\\/hands-on-individual-courses\\\/04-cryopreservation-oocyte-embryo-and-blastocysts-and-assisted-hatching-3-days-nou-curs\\\/\",\"name\":\"04 - Criopreservaci\u00f3n de ovocitos, embriones y blastocistos y eclosi\u00f3n asistida - Embryotools\",\"isPartOf\":{\"@id\":\"https:\\\/\\\/embryotools.com\\\/#website\"},\"primaryImageOfPage\":{\"@id\":\"https:\\\/\\\/embryotools.com\\\/shop\\\/ivf-training-courses\\\/hands-on-individual-courses\\\/04-cryopreservation-oocyte-embryo-and-blastocysts-and-assisted-hatching-3-days-nou-curs\\\/#primaryimage\"},\"image\":{\"@id\":\"https:\\\/\\\/embryotools.com\\\/shop\\\/ivf-training-courses\\\/hands-on-individual-courses\\\/04-cryopreservation-oocyte-embryo-and-blastocysts-and-assisted-hatching-3-days-nou-curs\\\/#primaryimage\"},\"thumbnailUrl\":\"https:\\\/\\\/embryotools.com\\\/wp-content\\\/uploads\\\/2019\\\/05\\\/2014_11_18_Rink_Barcelona8304-e1556806856904.jpg\",\"datePublished\":\"2019-12-23T13:10:49+00:00\",\"dateModified\":\"2025-08-04T11:23:43+00:00\",\"breadcrumb\":{\"@id\":\"https:\\\/\\\/embryotools.com\\\/shop\\\/ivf-training-courses\\\/hands-on-individual-courses\\\/04-cryopreservation-oocyte-embryo-and-blastocysts-and-assisted-hatching-3-days-nou-curs\\\/#breadcrumb\"},\"inLanguage\":\"es\",\"potentialAction\":[{\"@type\":\"ReadAction\",\"target\":[\"https:\\\/\\\/embryotools.com\\\/shop\\\/ivf-training-courses\\\/hands-on-individual-courses\\\/04-cryopreservation-oocyte-embryo-and-blastocysts-and-assisted-hatching-3-days-nou-curs\\\/\"]}]},{\"@type\":\"ImageObject\",\"inLanguage\":\"es\",\"@id\":\"https:\\\/\\\/embryotools.com\\\/shop\\\/ivf-training-courses\\\/hands-on-individual-courses\\\/04-cryopreservation-oocyte-embryo-and-blastocysts-and-assisted-hatching-3-days-nou-curs\\\/#primaryimage\",\"url\":\"https:\\\/\\\/embryotools.com\\\/wp-content\\\/uploads\\\/2019\\\/05\\\/2014_11_18_Rink_Barcelona8304-e1556806856904.jpg\",\"contentUrl\":\"https:\\\/\\\/embryotools.com\\\/wp-content\\\/uploads\\\/2019\\\/05\\\/2014_11_18_Rink_Barcelona8304-e1556806856904.jpg\",\"width\":4608,\"height\":3456},{\"@type\":\"BreadcrumbList\",\"@id\":\"https:\\\/\\\/embryotools.com\\\/shop\\\/ivf-training-courses\\\/hands-on-individual-courses\\\/04-cryopreservation-oocyte-embryo-and-blastocysts-and-assisted-hatching-3-days-nou-curs\\\/#breadcrumb\",\"itemListElement\":[{\"@type\":\"ListItem\",\"position\":1,\"name\":\"Home\",\"item\":\"https:\\\/\\\/embryotools.com\\\/\"},{\"@type\":\"ListItem\",\"position\":2,\"name\":\"Shop\",\"item\":\"https:\\\/\\\/embryotools.com\\\/shop\\\/\"},{\"@type\":\"ListItem\",\"position\":3,\"name\":\"04 &#8211; Cryopreservation (Oocytes, Embryos and Blastocysts) and Assisted Hatching\"}]},{\"@type\":\"WebSite\",\"@id\":\"https:\\\/\\\/embryotools.com\\\/#website\",\"url\":\"https:\\\/\\\/embryotools.com\\\/\",\"name\":\"Embryotools\",\"description\":\"for better results\",\"publisher\":{\"@id\":\"https:\\\/\\\/embryotools.com\\\/#organization\"},\"potentialAction\":[{\"@type\":\"SearchAction\",\"target\":{\"@type\":\"EntryPoint\",\"urlTemplate\":\"https:\\\/\\\/embryotools.com\\\/?s={search_term_string}\"},\"query-input\":{\"@type\":\"PropertyValueSpecification\",\"valueRequired\":true,\"valueName\":\"search_term_string\"}}],\"inLanguage\":\"es\"},{\"@type\":\"Organization\",\"@id\":\"https:\\\/\\\/embryotools.com\\\/#organization\",\"name\":\"Embryotools\",\"url\":\"https:\\\/\\\/embryotools.com\\\/\",\"logo\":{\"@type\":\"ImageObject\",\"inLanguage\":\"es\",\"@id\":\"https:\\\/\\\/embryotools.com\\\/#\\\/schema\\\/logo\\\/image\\\/\",\"url\":\"https:\\\/\\\/embryotools.com\\\/wp-content\\\/uploads\\\/2017\\\/01\\\/embryotools_logo_trans_500-2.png\",\"contentUrl\":\"https:\\\/\\\/embryotools.com\\\/wp-content\\\/uploads\\\/2017\\\/01\\\/embryotools_logo_trans_500-2.png\",\"width\":250,\"height\":59,\"caption\":\"Embryotools\"},\"image\":{\"@id\":\"https:\\\/\\\/embryotools.com\\\/#\\\/schema\\\/logo\\\/image\\\/\"},\"sameAs\":[\"https:\\\/\\\/www.facebook.com\\\/embryotools\",\"https:\\\/\\\/x.com\\\/embryotools\",\"https:\\\/\\\/www.linkedin.com\\\/company\\\/embryotools\"]}]}<\/script>\n<!-- \/ Yoast SEO plugin. -->","yoast_head_json":{"title":"04 - Criopreservaci\u00f3n de ovocitos, embriones y blastocistos y eclosi\u00f3n asistida - Embryotools","robots":{"index":"index","follow":"follow","max-snippet":"max-snippet:-1","max-image-preview":"max-image-preview:large","max-video-preview":"max-video-preview:-1"},"canonical":"https:\/\/embryotools.com\/shop\/ivf-training-courses\/hands-on-individual-courses\/04-cryopreservation-oocyte-embryo-and-blastocysts-and-assisted-hatching-3-days-nou-curs\/","twitter_card":"summary_large_image","twitter_title":"04 - Criopreservaci\u00f3n de ovocitos, embriones y blastocistos y eclosi\u00f3n asistida - Embryotools","twitter_description":"[:en]Three day course for those embryologists who are new in vitrification or for those who are already performing vitrification in their daily routine, and even thought they just want to update their knowledge and learn some tips and tricks to improve results.  &nbsp;  For further information please contact us at training@embryotools.com[:es]Curso de tres d\u00edas para aquellos embri\u00f3logos que se inician en la vitrificaci\u00f3n o para aquellos que ya est\u00e1n realizando vitrificaciones en su rutina diaria, e incluso piensan que s\u00f3lo quieren actualizar sus conocimientos y aprender algunos consejos y trucos para mejorar los resultados.  &nbsp;  Para m\u00e1s informaci\u00f3n por favor cont\u00e1ctenos en training@embryotools.com[:fr]Ce cours de trois jours est destin\u00e9 aux embryologistes qui d\u00e9butent dans le domaine de la vitrification ou \u00e0 ceux qui pratiquent d\u00e9j\u00e0 la vitrification dans leur routine quotidienne, et m\u00eame s'ils souhaitent simplement mettre \u00e0 jour leurs connaissances et apprendre quelques trucs et astuces pour am\u00e9liorer les r\u00e9sultats. Pour plus d'informations, veuillez nous contacter \u00e0 l'adresse suivante: training@embryotools.com[:]","twitter_image":"https:\/\/embryotools.com\/wp-content\/uploads\/2019\/05\/2014_11_18_Rink_Barcelona8304-e1556806856904.jpg","twitter_site":"@embryotools","twitter_misc":{"Tiempo de lectura":"2 minutos"},"schema":{"@context":"https:\/\/schema.org","@graph":[{"@type":"WebPage","@id":"https:\/\/embryotools.com\/shop\/ivf-training-courses\/hands-on-individual-courses\/04-cryopreservation-oocyte-embryo-and-blastocysts-and-assisted-hatching-3-days-nou-curs\/","url":"https:\/\/embryotools.com\/shop\/ivf-training-courses\/hands-on-individual-courses\/04-cryopreservation-oocyte-embryo-and-blastocysts-and-assisted-hatching-3-days-nou-curs\/","name":"04 - Criopreservaci\u00f3n de ovocitos, embriones y blastocistos y eclosi\u00f3n asistida - Embryotools","isPartOf":{"@id":"https:\/\/embryotools.com\/#website"},"primaryImageOfPage":{"@id":"https:\/\/embryotools.com\/shop\/ivf-training-courses\/hands-on-individual-courses\/04-cryopreservation-oocyte-embryo-and-blastocysts-and-assisted-hatching-3-days-nou-curs\/#primaryimage"},"image":{"@id":"https:\/\/embryotools.com\/shop\/ivf-training-courses\/hands-on-individual-courses\/04-cryopreservation-oocyte-embryo-and-blastocysts-and-assisted-hatching-3-days-nou-curs\/#primaryimage"},"thumbnailUrl":"https:\/\/embryotools.com\/wp-content\/uploads\/2019\/05\/2014_11_18_Rink_Barcelona8304-e1556806856904.jpg","datePublished":"2019-12-23T13:10:49+00:00","dateModified":"2025-08-04T11:23:43+00:00","breadcrumb":{"@id":"https:\/\/embryotools.com\/shop\/ivf-training-courses\/hands-on-individual-courses\/04-cryopreservation-oocyte-embryo-and-blastocysts-and-assisted-hatching-3-days-nou-curs\/#breadcrumb"},"inLanguage":"es","potentialAction":[{"@type":"ReadAction","target":["https:\/\/embryotools.com\/shop\/ivf-training-courses\/hands-on-individual-courses\/04-cryopreservation-oocyte-embryo-and-blastocysts-and-assisted-hatching-3-days-nou-curs\/"]}]},{"@type":"ImageObject","inLanguage":"es","@id":"https:\/\/embryotools.com\/shop\/ivf-training-courses\/hands-on-individual-courses\/04-cryopreservation-oocyte-embryo-and-blastocysts-and-assisted-hatching-3-days-nou-curs\/#primaryimage","url":"https:\/\/embryotools.com\/wp-content\/uploads\/2019\/05\/2014_11_18_Rink_Barcelona8304-e1556806856904.jpg","contentUrl":"https:\/\/embryotools.com\/wp-content\/uploads\/2019\/05\/2014_11_18_Rink_Barcelona8304-e1556806856904.jpg","width":4608,"height":3456},{"@type":"BreadcrumbList","@id":"https:\/\/embryotools.com\/shop\/ivf-training-courses\/hands-on-individual-courses\/04-cryopreservation-oocyte-embryo-and-blastocysts-and-assisted-hatching-3-days-nou-curs\/#breadcrumb","itemListElement":[{"@type":"ListItem","position":1,"name":"Home","item":"https:\/\/embryotools.com\/"},{"@type":"ListItem","position":2,"name":"Shop","item":"https:\/\/embryotools.com\/shop\/"},{"@type":"ListItem","position":3,"name":"04 &#8211; Cryopreservation (Oocytes, Embryos and Blastocysts) and Assisted Hatching"}]},{"@type":"WebSite","@id":"https:\/\/embryotools.com\/#website","url":"https:\/\/embryotools.com\/","name":"Embryotools","description":"for better results","publisher":{"@id":"https:\/\/embryotools.com\/#organization"},"potentialAction":[{"@type":"SearchAction","target":{"@type":"EntryPoint","urlTemplate":"https:\/\/embryotools.com\/?s={search_term_string}"},"query-input":{"@type":"PropertyValueSpecification","valueRequired":true,"valueName":"search_term_string"}}],"inLanguage":"es"},{"@type":"Organization","@id":"https:\/\/embryotools.com\/#organization","name":"Embryotools","url":"https:\/\/embryotools.com\/","logo":{"@type":"ImageObject","inLanguage":"es","@id":"https:\/\/embryotools.com\/#\/schema\/logo\/image\/","url":"https:\/\/embryotools.com\/wp-content\/uploads\/2017\/01\/embryotools_logo_trans_500-2.png","contentUrl":"https:\/\/embryotools.com\/wp-content\/uploads\/2017\/01\/embryotools_logo_trans_500-2.png","width":250,"height":59,"caption":"Embryotools"},"image":{"@id":"https:\/\/embryotools.com\/#\/schema\/logo\/image\/"},"sameAs":["https:\/\/www.facebook.com\/embryotools","https:\/\/x.com\/embryotools","https:\/\/www.linkedin.com\/company\/embryotools"]}]}},"_links":{"self":[{"href":"https:\/\/embryotools.com\/es\/wp-json\/wp\/v2\/product\/20605","targetHints":{"allow":["GET"]}}],"collection":[{"href":"https:\/\/embryotools.com\/es\/wp-json\/wp\/v2\/product"}],"about":[{"href":"https:\/\/embryotools.com\/es\/wp-json\/wp\/v2\/types\/product"}],"wp:featuredmedia":[{"embeddable":true,"href":"https:\/\/embryotools.com\/es\/wp-json\/wp\/v2\/media\/20312"}],"wp:attachment":[{"href":"https:\/\/embryotools.com\/es\/wp-json\/wp\/v2\/media?parent=20605"}],"wp:term":[{"taxonomy":"product_brand","embeddable":true,"href":"https:\/\/embryotools.com\/es\/wp-json\/wp\/v2\/product_brand?post=20605"},{"taxonomy":"product_cat","embeddable":true,"href":"https:\/\/embryotools.com\/es\/wp-json\/wp\/v2\/product_cat?post=20605"},{"taxonomy":"product_tag","embeddable":true,"href":"https:\/\/embryotools.com\/es\/wp-json\/wp\/v2\/product_tag?post=20605"}],"curies":[{"name":"wp","href":"https:\/\/api.w.org\/{rel}","templated":true}]}}