{"id":20600,"date":"2019-12-23T13:47:58","date_gmt":"2019-12-23T12:47:58","guid":{"rendered":"https:\/\/embryotools.com\/?post_type=product&#038;p=20600"},"modified":"2025-07-02T13:37:46","modified_gmt":"2025-07-02T11:37:46","slug":"02-an-overview-in-ivf-techniques-3-days-nou-curs","status":"publish","type":"product","link":"https:\/\/embryotools.com\/es\/shop\/ivf-training-courses\/hands-on-individual-courses\/02-an-overview-in-ivf-techniques-3-days-nou-curs\/","title":{"rendered":"02 \u2013 Visi\u00f3n general de las t\u00e9cnicas de FIV"},"content":{"rendered":"<p><\/p>\n<h1><strong>Visi\u00f3n general de las t\u00e9cnicas de FIV\u00a0<\/strong><\/h1>\n<h4><\/h4>\n<h4><span style=\"font-size: 12pt;\">Objetivos del<\/span><span style=\"font-size: 12pt;\"> cur<\/span><span style=\"font-size: 12pt;\">so:<\/span><\/h4>\n<p>El objetivo de este curso es ofrecer formaci\u00f3n pr\u00e1ctica b\u00e1sica en todas las t\u00e9cnicas utiizadas en un laboratorio de FIV. El curso se centrar\u00e1 especialmente en c\u00f3mo realizar el set up del laboratorio de FIV utilizando un n\u00famero ilimitado de muetsras. Tras el curso, se espera que los conocimientos pr\u00e1cticos adquiridos en Embryotools ayuden al alumno a familiarizarse con la pr\u00e1ctica del laboratorio de FIV y con todas las t\u00e9cnicas utilizadas actualmente en la rutina cl\u00ednica.<\/p>\n<h2><strong>Programa cient\u00edfico:<\/strong><\/h2>\n<h4>Sesi\u00f3n te\u00f3rica (30-45 minutos de duraci\u00f3n):<\/h4>\n<ul>\n<li>\u201cQuality Control and Quality Assessment in the IVF lab\u201c<\/li>\n<\/ul>\n<h4><strong>Sesiones pr\u00e1cticas y conocimientos a adquirir:<\/strong><\/h4>\n<p>El alumno tendr\u00e1 la posibilidad de utilizar la tecnolog\u00eda y los equipos m\u00e1s modernos disponibles actualmente en el campo de la FIV y practicar con un n\u00famero ilimitado de muestras y material fungible en los siguientes procedimientos:<\/p>\n<ul>\n<li>Manipulaci\u00f3n de ovocitos y embriones utilizando diferentes dispositivos de pipeteo.<\/li>\n<li>Evaluaci\u00f3n morfol\u00f3gica de ovocitos, zigotos, embriones y blastocistos.<\/li>\n<li>Cultivo embrionario hasta dia5\/6.<\/li>\n<li>Transferencia de embriones desde la perspectiva del laboratorio. Ventajas e inconvenientes de las distintas formas de cargar los embriones en el cat\u00e9ter.<\/li>\n<li>Mediciones de temperatura.<\/li>\n<li>Eliminaci\u00f3n de componentes vol\u00e1tiles t\u00f3xicos del material fungible.<\/li>\n<li>Manipulaci\u00f3n de medios y aceite: almacenamiento, preparaci\u00f3n de al\u00edcuotas y placas (m\u00e9todos overlaid y underlaid).<\/li>\n<li>Manipulaci\u00f3n de medios, material fungible, gametos y embriones en condiciones as\u00e9pticas.<\/li>\n<li>Medici\u00f3n de pH y CO2 en diferentes tipos de incubadoras utilizando la metodolog\u00eda y dispositivos m\u00e1s precisos.<\/li>\n<li>Conocimientos b\u00e1sicos de control y evaluaci\u00f3n de calidad.<\/li>\n<li>Set up de placas y medios para ICSI.<\/li>\n<li>Preparaci\u00f3n de micromanipuladores y pipetas.<\/li>\n<li>Visi\u00f3n general de la t\u00e9cnica de ICSI.<\/li>\n<li>An\u00e1lisis, preparaci\u00f3n, selecci\u00f3n y captura de esperma.<\/li>\n<li>Eclosi\u00f3n asistida en embriones y blastocistos frescos y congelados.<\/li>\n<li>Vitrificaci\u00f3n de ovocitos y embriones.<\/li>\n<\/ul>\n<p><strong>Equipo de embri\u00f3logos que imparten la formaci\u00f3n :<br \/>\n<\/strong>Nuno Costa-Borges, PhD; Carolina Castell\u00f3, BSc; Enric Mestres, PhD; M\u00f2nica Acacio, MSc; Queralt Matia; MSc.<\/p>\n<p><strong><u>Se otorgar\u00e1 el certificado de asistencia a los participantes que completen el curso<\/u><\/strong><\/p>\n<p><strong>Fechas:<\/strong> Tres d\u00edas de 09:00h a 16:30h (con una pausa para caf\u00e9 y 30 minutos para comer).<\/p>\n<p><strong>Precio:<\/strong> 3000 Euros<\/p>\n<p>Dependiendo de su experiencia y necesidades podemos modificar el curso de formaci\u00f3n a\u00f1adiendo d\u00edas extra al curso.<\/p>\n<p><strong>Ubicaci\u00f3n:<br \/>\n<\/strong>Laboratorios de Embryotools<br \/>\nAvenida Doctor Mara\u00f1\u00f3n, 8<br \/>\nParc Cient\u00edfic de Barcelona<br \/>\n08028 Barcelona<\/p>","protected":false},"excerpt":{"rendered":"<p>Curso de tres d\u00edas donde se practicar\u00e1 la obtenci\u00f3n de ovocitos, as\u00ed como el cultivo, clasificaci\u00f3n y transferencia de embriones.<\/p>\n<p>Ideal para j\u00f3venes embri\u00f3logos que empiezan en el laboratorio de embriolog\u00eda. Al final del curso se adquirir\u00e1 de forma completa toda la informaci\u00f3n te\u00f3rica y pr\u00e1ctica relacionada con las t\u00e9cnicas de FIV.<\/p>\n<p>&nbsp;<\/p>\n<p>&nbsp;<\/p>\n<p><span class=\"font_8\"><em>Para m\u00e1s informaci\u00f3n por favor cont\u00e1ctenos en <a href=\"mailto:training@embryotools.com\"><strong>training@embryotools.com<\/strong><\/a><\/em><\/span><\/p>\n","protected":false},"featured_media":20220,"template":"","meta":[],"product_brand":[],"product_cat":[181,134],"product_tag":[],"class_list":{"0":"post-20600","1":"product","2":"type-product","3":"status-publish","4":"has-post-thumbnail","6":"product_cat-hands-on-individual-courses","7":"product_cat-ivf-training-courses","9":"first","10":"instock","11":"downloadable","12":"virtual","13":"purchasable","14":"product-type-simple","15":"berocket_lgv_grid","16":"berocket_lgv_list_grid"},"yoast_head":"<!-- This site is optimized with the Yoast SEO plugin v27.3 - https:\/\/yoast.com\/product\/yoast-seo-wordpress\/ -->\n<title>02 \u2013 Visi\u00f3n general de las t\u00e9cnicas de FIV - Embryotools<\/title>\n<meta name=\"robots\" content=\"index, follow, max-snippet:-1, max-image-preview:large, max-video-preview:-1\" \/>\n<link rel=\"canonical\" href=\"https:\/\/embryotools.com\/shop\/ivf-training-courses\/hands-on-individual-courses\/02-an-overview-in-ivf-techniques-3-days-nou-curs\/\" \/>\n<meta name=\"twitter:card\" content=\"summary_large_image\" \/>\n<meta name=\"twitter:title\" content=\"02 \u2013 Visi\u00f3n general de las t\u00e9cnicas de FIV - Embryotools\" \/>\n<meta name=\"twitter:description\" content=\"[:en]Three day course full hands-on Oocyte pick-up, embryo culture, embryo grading and transfer. Ideal for young embryologists who start new in the embryology lab. They will end the course with full information and hands-on.  &nbsp;  For further information please contact us at training@embryotools.com[:es]Curso de tres d\u00edas donde se practicar\u00e1 la obtenci\u00f3n de ovocitos, as\u00ed como el cultivo, clasificaci\u00f3n y transferencia de embriones.  Ideal para j\u00f3venes embri\u00f3logos que empiezan en el laboratorio de embriolog\u00eda. Al final del curso se adquirir\u00e1 de forma completa toda la informaci\u00f3n te\u00f3rica y pr\u00e1ctica relacionada con las t\u00e9cnicas de FIV.  &nbsp;  &nbsp;  Para m\u00e1s informaci\u00f3n por favor cont\u00e1ctenos en training@embryotools.com[:fr]Cours de trois jours enti\u00e8rement pratique: pr\u00e9l\u00e8vement d&#039;ovocytes, culture d&#039;embryons, classification des embryons et transfert. Id\u00e9al pour les jeunes embryologistes qui d\u00e9butent dans le laboratoire d&#039;embryologie. Ils termineront le cours avec des informations compl\u00e8tes et des travaux pratiques. Pour plus d&#039;informations, veuillez nous contacter \u00e0 l&#039;adresse suivante: training@embryotools.com[:]\" \/>\n<meta name=\"twitter:image\" content=\"https:\/\/embryotools.com\/wp-content\/uploads\/2018\/03\/2014_11_18_Rink_Barcelona8288.jpg\" \/>\n<meta name=\"twitter:site\" content=\"@embryotools\" \/>\n<meta name=\"twitter:label1\" content=\"Tiempo de lectura\" \/>\n\t<meta name=\"twitter:data1\" content=\"1 minuto\" \/>\n<script type=\"application\/ld+json\" class=\"yoast-schema-graph\">{\"@context\":\"https:\\\/\\\/schema.org\",\"@graph\":[{\"@type\":\"WebPage\",\"@id\":\"https:\\\/\\\/embryotools.com\\\/shop\\\/ivf-training-courses\\\/hands-on-individual-courses\\\/02-an-overview-in-ivf-techniques-3-days-nou-curs\\\/\",\"url\":\"https:\\\/\\\/embryotools.com\\\/shop\\\/ivf-training-courses\\\/hands-on-individual-courses\\\/02-an-overview-in-ivf-techniques-3-days-nou-curs\\\/\",\"name\":\"02 \u2013 Visi\u00f3n general de las t\u00e9cnicas de FIV - Embryotools\",\"isPartOf\":{\"@id\":\"https:\\\/\\\/embryotools.com\\\/#website\"},\"primaryImageOfPage\":{\"@id\":\"https:\\\/\\\/embryotools.com\\\/shop\\\/ivf-training-courses\\\/hands-on-individual-courses\\\/02-an-overview-in-ivf-techniques-3-days-nou-curs\\\/#primaryimage\"},\"image\":{\"@id\":\"https:\\\/\\\/embryotools.com\\\/shop\\\/ivf-training-courses\\\/hands-on-individual-courses\\\/02-an-overview-in-ivf-techniques-3-days-nou-curs\\\/#primaryimage\"},\"thumbnailUrl\":\"https:\\\/\\\/embryotools.com\\\/wp-content\\\/uploads\\\/2018\\\/03\\\/2014_11_18_Rink_Barcelona8288.jpg\",\"datePublished\":\"2019-12-23T12:47:58+00:00\",\"dateModified\":\"2025-07-02T11:37:46+00:00\",\"breadcrumb\":{\"@id\":\"https:\\\/\\\/embryotools.com\\\/shop\\\/ivf-training-courses\\\/hands-on-individual-courses\\\/02-an-overview-in-ivf-techniques-3-days-nou-curs\\\/#breadcrumb\"},\"inLanguage\":\"es\",\"potentialAction\":[{\"@type\":\"ReadAction\",\"target\":[\"https:\\\/\\\/embryotools.com\\\/shop\\\/ivf-training-courses\\\/hands-on-individual-courses\\\/02-an-overview-in-ivf-techniques-3-days-nou-curs\\\/\"]}]},{\"@type\":\"ImageObject\",\"inLanguage\":\"es\",\"@id\":\"https:\\\/\\\/embryotools.com\\\/shop\\\/ivf-training-courses\\\/hands-on-individual-courses\\\/02-an-overview-in-ivf-techniques-3-days-nou-curs\\\/#primaryimage\",\"url\":\"https:\\\/\\\/embryotools.com\\\/wp-content\\\/uploads\\\/2018\\\/03\\\/2014_11_18_Rink_Barcelona8288.jpg\",\"contentUrl\":\"https:\\\/\\\/embryotools.com\\\/wp-content\\\/uploads\\\/2018\\\/03\\\/2014_11_18_Rink_Barcelona8288.jpg\",\"width\":4608,\"height\":3456},{\"@type\":\"BreadcrumbList\",\"@id\":\"https:\\\/\\\/embryotools.com\\\/shop\\\/ivf-training-courses\\\/hands-on-individual-courses\\\/02-an-overview-in-ivf-techniques-3-days-nou-curs\\\/#breadcrumb\",\"itemListElement\":[{\"@type\":\"ListItem\",\"position\":1,\"name\":\"Home\",\"item\":\"https:\\\/\\\/embryotools.com\\\/\"},{\"@type\":\"ListItem\",\"position\":2,\"name\":\"Shop\",\"item\":\"https:\\\/\\\/embryotools.com\\\/shop\\\/\"},{\"@type\":\"ListItem\",\"position\":3,\"name\":\"02 &#8211; An Overview on IVF techniques\"}]},{\"@type\":\"WebSite\",\"@id\":\"https:\\\/\\\/embryotools.com\\\/#website\",\"url\":\"https:\\\/\\\/embryotools.com\\\/\",\"name\":\"Embryotools\",\"description\":\"for better results\",\"publisher\":{\"@id\":\"https:\\\/\\\/embryotools.com\\\/#organization\"},\"potentialAction\":[{\"@type\":\"SearchAction\",\"target\":{\"@type\":\"EntryPoint\",\"urlTemplate\":\"https:\\\/\\\/embryotools.com\\\/?s={search_term_string}\"},\"query-input\":{\"@type\":\"PropertyValueSpecification\",\"valueRequired\":true,\"valueName\":\"search_term_string\"}}],\"inLanguage\":\"es\"},{\"@type\":\"Organization\",\"@id\":\"https:\\\/\\\/embryotools.com\\\/#organization\",\"name\":\"Embryotools\",\"url\":\"https:\\\/\\\/embryotools.com\\\/\",\"logo\":{\"@type\":\"ImageObject\",\"inLanguage\":\"es\",\"@id\":\"https:\\\/\\\/embryotools.com\\\/#\\\/schema\\\/logo\\\/image\\\/\",\"url\":\"https:\\\/\\\/embryotools.com\\\/wp-content\\\/uploads\\\/2017\\\/01\\\/embryotools_logo_trans_500-2.png\",\"contentUrl\":\"https:\\\/\\\/embryotools.com\\\/wp-content\\\/uploads\\\/2017\\\/01\\\/embryotools_logo_trans_500-2.png\",\"width\":250,\"height\":59,\"caption\":\"Embryotools\"},\"image\":{\"@id\":\"https:\\\/\\\/embryotools.com\\\/#\\\/schema\\\/logo\\\/image\\\/\"},\"sameAs\":[\"https:\\\/\\\/www.facebook.com\\\/embryotools\",\"https:\\\/\\\/x.com\\\/embryotools\",\"https:\\\/\\\/www.linkedin.com\\\/company\\\/embryotools\"]}]}<\/script>\n<!-- \/ Yoast SEO plugin. -->","yoast_head_json":{"title":"02 \u2013 Visi\u00f3n general de las t\u00e9cnicas de FIV - Embryotools","robots":{"index":"index","follow":"follow","max-snippet":"max-snippet:-1","max-image-preview":"max-image-preview:large","max-video-preview":"max-video-preview:-1"},"canonical":"https:\/\/embryotools.com\/shop\/ivf-training-courses\/hands-on-individual-courses\/02-an-overview-in-ivf-techniques-3-days-nou-curs\/","twitter_card":"summary_large_image","twitter_title":"02 \u2013 Visi\u00f3n general de las t\u00e9cnicas de FIV - Embryotools","twitter_description":"[:en]Three day course full hands-on Oocyte pick-up, embryo culture, embryo grading and transfer. Ideal for young embryologists who start new in the embryology lab. They will end the course with full information and hands-on.  &nbsp;  For further information please contact us at training@embryotools.com[:es]Curso de tres d\u00edas donde se practicar\u00e1 la obtenci\u00f3n de ovocitos, as\u00ed como el cultivo, clasificaci\u00f3n y transferencia de embriones.  Ideal para j\u00f3venes embri\u00f3logos que empiezan en el laboratorio de embriolog\u00eda. Al final del curso se adquirir\u00e1 de forma completa toda la informaci\u00f3n te\u00f3rica y pr\u00e1ctica relacionada con las t\u00e9cnicas de FIV.  &nbsp;  &nbsp;  Para m\u00e1s informaci\u00f3n por favor cont\u00e1ctenos en training@embryotools.com[:fr]Cours de trois jours enti\u00e8rement pratique: pr\u00e9l\u00e8vement d'ovocytes, culture d'embryons, classification des embryons et transfert. Id\u00e9al pour les jeunes embryologistes qui d\u00e9butent dans le laboratoire d'embryologie. Ils termineront le cours avec des informations compl\u00e8tes et des travaux pratiques. Pour plus d'informations, veuillez nous contacter \u00e0 l'adresse suivante: training@embryotools.com[:]","twitter_image":"https:\/\/embryotools.com\/wp-content\/uploads\/2018\/03\/2014_11_18_Rink_Barcelona8288.jpg","twitter_site":"@embryotools","twitter_misc":{"Tiempo de lectura":"1 minuto"},"schema":{"@context":"https:\/\/schema.org","@graph":[{"@type":"WebPage","@id":"https:\/\/embryotools.com\/shop\/ivf-training-courses\/hands-on-individual-courses\/02-an-overview-in-ivf-techniques-3-days-nou-curs\/","url":"https:\/\/embryotools.com\/shop\/ivf-training-courses\/hands-on-individual-courses\/02-an-overview-in-ivf-techniques-3-days-nou-curs\/","name":"02 \u2013 Visi\u00f3n general de las t\u00e9cnicas de FIV - Embryotools","isPartOf":{"@id":"https:\/\/embryotools.com\/#website"},"primaryImageOfPage":{"@id":"https:\/\/embryotools.com\/shop\/ivf-training-courses\/hands-on-individual-courses\/02-an-overview-in-ivf-techniques-3-days-nou-curs\/#primaryimage"},"image":{"@id":"https:\/\/embryotools.com\/shop\/ivf-training-courses\/hands-on-individual-courses\/02-an-overview-in-ivf-techniques-3-days-nou-curs\/#primaryimage"},"thumbnailUrl":"https:\/\/embryotools.com\/wp-content\/uploads\/2018\/03\/2014_11_18_Rink_Barcelona8288.jpg","datePublished":"2019-12-23T12:47:58+00:00","dateModified":"2025-07-02T11:37:46+00:00","breadcrumb":{"@id":"https:\/\/embryotools.com\/shop\/ivf-training-courses\/hands-on-individual-courses\/02-an-overview-in-ivf-techniques-3-days-nou-curs\/#breadcrumb"},"inLanguage":"es","potentialAction":[{"@type":"ReadAction","target":["https:\/\/embryotools.com\/shop\/ivf-training-courses\/hands-on-individual-courses\/02-an-overview-in-ivf-techniques-3-days-nou-curs\/"]}]},{"@type":"ImageObject","inLanguage":"es","@id":"https:\/\/embryotools.com\/shop\/ivf-training-courses\/hands-on-individual-courses\/02-an-overview-in-ivf-techniques-3-days-nou-curs\/#primaryimage","url":"https:\/\/embryotools.com\/wp-content\/uploads\/2018\/03\/2014_11_18_Rink_Barcelona8288.jpg","contentUrl":"https:\/\/embryotools.com\/wp-content\/uploads\/2018\/03\/2014_11_18_Rink_Barcelona8288.jpg","width":4608,"height":3456},{"@type":"BreadcrumbList","@id":"https:\/\/embryotools.com\/shop\/ivf-training-courses\/hands-on-individual-courses\/02-an-overview-in-ivf-techniques-3-days-nou-curs\/#breadcrumb","itemListElement":[{"@type":"ListItem","position":1,"name":"Home","item":"https:\/\/embryotools.com\/"},{"@type":"ListItem","position":2,"name":"Shop","item":"https:\/\/embryotools.com\/shop\/"},{"@type":"ListItem","position":3,"name":"02 &#8211; An Overview on IVF techniques"}]},{"@type":"WebSite","@id":"https:\/\/embryotools.com\/#website","url":"https:\/\/embryotools.com\/","name":"Embryotools","description":"for better results","publisher":{"@id":"https:\/\/embryotools.com\/#organization"},"potentialAction":[{"@type":"SearchAction","target":{"@type":"EntryPoint","urlTemplate":"https:\/\/embryotools.com\/?s={search_term_string}"},"query-input":{"@type":"PropertyValueSpecification","valueRequired":true,"valueName":"search_term_string"}}],"inLanguage":"es"},{"@type":"Organization","@id":"https:\/\/embryotools.com\/#organization","name":"Embryotools","url":"https:\/\/embryotools.com\/","logo":{"@type":"ImageObject","inLanguage":"es","@id":"https:\/\/embryotools.com\/#\/schema\/logo\/image\/","url":"https:\/\/embryotools.com\/wp-content\/uploads\/2017\/01\/embryotools_logo_trans_500-2.png","contentUrl":"https:\/\/embryotools.com\/wp-content\/uploads\/2017\/01\/embryotools_logo_trans_500-2.png","width":250,"height":59,"caption":"Embryotools"},"image":{"@id":"https:\/\/embryotools.com\/#\/schema\/logo\/image\/"},"sameAs":["https:\/\/www.facebook.com\/embryotools","https:\/\/x.com\/embryotools","https:\/\/www.linkedin.com\/company\/embryotools"]}]}},"_links":{"self":[{"href":"https:\/\/embryotools.com\/es\/wp-json\/wp\/v2\/product\/20600","targetHints":{"allow":["GET"]}}],"collection":[{"href":"https:\/\/embryotools.com\/es\/wp-json\/wp\/v2\/product"}],"about":[{"href":"https:\/\/embryotools.com\/es\/wp-json\/wp\/v2\/types\/product"}],"wp:featuredmedia":[{"embeddable":true,"href":"https:\/\/embryotools.com\/es\/wp-json\/wp\/v2\/media\/20220"}],"wp:attachment":[{"href":"https:\/\/embryotools.com\/es\/wp-json\/wp\/v2\/media?parent=20600"}],"wp:term":[{"taxonomy":"product_brand","embeddable":true,"href":"https:\/\/embryotools.com\/es\/wp-json\/wp\/v2\/product_brand?post=20600"},{"taxonomy":"product_cat","embeddable":true,"href":"https:\/\/embryotools.com\/es\/wp-json\/wp\/v2\/product_cat?post=20600"},{"taxonomy":"product_tag","embeddable":true,"href":"https:\/\/embryotools.com\/es\/wp-json\/wp\/v2\/product_tag?post=20600"}],"curies":[{"name":"wp","href":"https:\/\/api.w.org\/{rel}","templated":true}]}}