{"id":20595,"date":"2019-12-23T13:31:57","date_gmt":"2019-12-23T12:31:57","guid":{"rendered":"https:\/\/embryotools.com\/?post_type=product&#038;p=20595"},"modified":"2025-11-24T11:23:54","modified_gmt":"2025-11-24T10:23:54","slug":"03-icsi-techniques-how-to-inject-in-a-less-invasive-way-nou-curs","status":"publish","type":"product","link":"https:\/\/embryotools.com\/es\/shop\/ivf-training-courses\/hands-on-individual-courses\/03-icsi-techniques-how-to-inject-in-a-less-invasive-way-nou-curs\/","title":{"rendered":"03 &#8211; T\u00e9cnicas de ICSI: c\u00f3mo microinyectar de forma menos invasiva"},"content":{"rendered":"<p><\/p>\n<h1>T\u00e9cnicas de ICSI: c\u00f3mo microinyectar de forma menos invasiva<\/h1>\n<p>&nbsp;<\/p>\n<h2><span style=\"font-size: 12pt;\"><strong>Objetivos del curso:<\/strong><\/span><\/h2>\n<p>Este curso est\u00e1 espec\u00edficamente dise\u00f1ado para embri\u00f3logos interesados en adquirir habilidades pr\u00e1cticas y actualizar sus conocimientos sobre la t\u00e9cnica de ICSI. El curso se centrar\u00e1 en lecciones did\u00e1cticas y pr\u00e1cticas \u00a0sobre el procedimiento de ICSI, la rotura de la membrana del ovocito por presi\u00f3n, evitar la aspiraci\u00f3n del citoplasma y mejorar la calidad del embri\u00f3n.<\/p>\n<p>A lo largo del curso, los embri\u00f3logos tendr\u00e1n la oportunidad de conocer y utilizar la \u00faltima tecnolog\u00eda disponible actualmente en este campo.<\/p>\n<h2>Programa cient\u00edfico:<\/h2>\n<h4>Sesi\u00f3n te\u00f3rica (30-45 minutos de duraci\u00f3n):<\/h4>\n<ul>\n<li>\u201cICSI not all injections are the same \u201c<\/li>\n<\/ul>\n<h4>Sesiones pr\u00e1cticas:<\/h4>\n<ul>\n<li>Preparaci\u00f3n de placas y medios para ICSI.<\/li>\n<li>Puesta a punto del micromanipulador y colocaci\u00f3n de las pipetas.<\/li>\n<li>Selecci\u00f3n y captura del esperma.<\/li>\n<li>Rotaci\u00f3n de ovocitos y microinyecci\u00f3n.<\/li>\n<li>Diferentes formas de romper la membrana.<\/li>\n<li>Lavado y cultivo de los ovocitos microinyectados, as\u00ed como el an\u00e1lisis de su desarrollo al d\u00eda siguiente.<\/li>\n<\/ul>\n<p><strong>Equipo de embri\u00f3logos que imparten la formaci\u00f3n:<br \/>\n<\/strong>Nuno Costa-Borges, PhD; Carolina Castell\u00f3, BSc; Enric Mestres, PhD; M\u00f2nica Acacio, MSc; Queralt Matia; MSc.<\/p>\n<p><strong><u>Se otorgar\u00e1 el certificado de asistencia a los participantes que completen el curso<\/u><\/strong><\/p>\n<p><strong>Fechas:<\/strong> Dos d\u00edas de 09:00h a 16:30h (con una pausa para caf\u00e9 y 30 minutos para comer).<\/p>\n<p><strong>Precio: <\/strong>\u00a02500 Euros<\/p>\n<p>Dependiendo de su experiencia y necesidades, podemos modificar la duraci\u00f3n del curso y a\u00f1adir d\u00edas de formaci\u00f3n a un precio adicional de 1.100 euros por d\u00eda extra.<\/p>\n<p><strong>Ubicaci\u00f3n:<br \/>\n<\/strong>Laboratorios de Embryotools<br \/>\nAvenida Doctor Mara\u00f1\u00f3n, 8<br \/>\nParc Cient\u00edfic de Barcelona<br \/>\n08028 Barcelona<\/p>","protected":false},"excerpt":{"rendered":"<p>Curso de dos d\u00edas basado en diferentes tipos de inyecci\u00f3n de ovocitos, captura e inmovilizaci\u00f3n de esperma, rotaci\u00f3n de ovocitos. Ideal para embri\u00f3logos que se inician en la t\u00e9cnica de ICSI y tambi\u00e9n para embri\u00f3logos con m\u00e1s experiencia que desean practicar y aprender trucos para mejorar sus resultados.<\/p>\n<p>&nbsp;<\/p>\n<p><span class=\"font_8\"><em>Para m\u00e1s informaci\u00f3n por favor cont\u00e1ctenos en <a href=\"mailto:training@embryotools.com\"><strong>training@embryotools.com<\/strong><\/a><\/em><\/span><\/p>\n","protected":false},"featured_media":20185,"template":"","meta":[],"product_brand":[],"product_cat":[181,134],"product_tag":[],"class_list":{"0":"post-20595","1":"product","2":"type-product","3":"status-publish","4":"has-post-thumbnail","6":"product_cat-hands-on-individual-courses","7":"product_cat-ivf-training-courses","9":"first","10":"instock","11":"downloadable","12":"virtual","13":"purchasable","14":"product-type-simple","15":"berocket_lgv_grid","16":"berocket_lgv_list_grid"},"yoast_head":"<!-- This site is optimized with the Yoast SEO plugin v27.3 - https:\/\/yoast.com\/product\/yoast-seo-wordpress\/ -->\n<title>03 - T\u00e9cnicas de ICSI: c\u00f3mo microinyectar de forma menos invasiva - Embryotools<\/title>\n<meta name=\"robots\" content=\"index, follow, max-snippet:-1, max-image-preview:large, max-video-preview:-1\" \/>\n<link rel=\"canonical\" href=\"https:\/\/embryotools.com\/shop\/ivf-training-courses\/hands-on-individual-courses\/03-icsi-techniques-how-to-inject-in-a-less-invasive-way-nou-curs\/\" \/>\n<meta name=\"twitter:card\" content=\"summary_large_image\" \/>\n<meta name=\"twitter:title\" content=\"03 - T\u00e9cnicas de ICSI: c\u00f3mo microinyectar de forma menos invasiva - Embryotools\" \/>\n<meta name=\"twitter:description\" content=\"[:en]Two day course based on different types of oocyte injection, sperm capture and immobilization, oocyte rotation. Ideal for embryologists who are new to the ICSI technique and also for more experienced embryologists who want to practice and learn tricks to improve their results.  &nbsp;  For further information please contact us at training@embryotools.com[:es]Curso de dos d\u00edas basado en diferentes tipos de inyecci\u00f3n de ovocitos, captura e inmovilizaci\u00f3n de esperma, rotaci\u00f3n de ovocitos. Ideal para embri\u00f3logos que se inician en la t\u00e9cnica de ICSI y tambi\u00e9n para embri\u00f3logos con m\u00e1s experiencia que desean practicar y aprender trucos para mejorar sus resultados.  &nbsp;  Para m\u00e1s informaci\u00f3n por favor cont\u00e1ctenos en training@embryotools.com[:fr]Cours de deux jours bas\u00e9 sur les diff\u00e9rents types d&#039;injection d&#039;ovocytes, la capture et l&#039;immobilisation des spermatozo\u00efdes, la rotation des ovocytes. Id\u00e9al pour les embryologistes qui d\u00e9butent dans la technique de l&#039;ICSI et aussi pour les embryologistes plus exp\u00e9riment\u00e9s qui veulent s&#039;exercer et apprendre des astuces pour am\u00e9liorer leurs r\u00e9sultats.  Pour plus d&#039;information, veuillez nous contacter \u00e0 l&#039;adresse suivante: training@embryotools.com[:]\" \/>\n<meta name=\"twitter:image\" content=\"https:\/\/embryotools.com\/wp-content\/uploads\/2018\/03\/ICSI-89.jpeg\" \/>\n<meta name=\"twitter:site\" content=\"@embryotools\" \/>\n<meta name=\"twitter:label1\" content=\"Tiempo de lectura\" \/>\n\t<meta name=\"twitter:data1\" content=\"1 minuto\" \/>\n<script type=\"application\/ld+json\" class=\"yoast-schema-graph\">{\"@context\":\"https:\\\/\\\/schema.org\",\"@graph\":[{\"@type\":\"WebPage\",\"@id\":\"https:\\\/\\\/embryotools.com\\\/shop\\\/ivf-training-courses\\\/hands-on-individual-courses\\\/03-icsi-techniques-how-to-inject-in-a-less-invasive-way-nou-curs\\\/\",\"url\":\"https:\\\/\\\/embryotools.com\\\/shop\\\/ivf-training-courses\\\/hands-on-individual-courses\\\/03-icsi-techniques-how-to-inject-in-a-less-invasive-way-nou-curs\\\/\",\"name\":\"03 - T\u00e9cnicas de ICSI: c\u00f3mo microinyectar de forma menos invasiva - Embryotools\",\"isPartOf\":{\"@id\":\"https:\\\/\\\/embryotools.com\\\/#website\"},\"primaryImageOfPage\":{\"@id\":\"https:\\\/\\\/embryotools.com\\\/shop\\\/ivf-training-courses\\\/hands-on-individual-courses\\\/03-icsi-techniques-how-to-inject-in-a-less-invasive-way-nou-curs\\\/#primaryimage\"},\"image\":{\"@id\":\"https:\\\/\\\/embryotools.com\\\/shop\\\/ivf-training-courses\\\/hands-on-individual-courses\\\/03-icsi-techniques-how-to-inject-in-a-less-invasive-way-nou-curs\\\/#primaryimage\"},\"thumbnailUrl\":\"https:\\\/\\\/embryotools.com\\\/wp-content\\\/uploads\\\/2018\\\/03\\\/ICSI-89.jpeg\",\"datePublished\":\"2019-12-23T12:31:57+00:00\",\"dateModified\":\"2025-11-24T10:23:54+00:00\",\"breadcrumb\":{\"@id\":\"https:\\\/\\\/embryotools.com\\\/shop\\\/ivf-training-courses\\\/hands-on-individual-courses\\\/03-icsi-techniques-how-to-inject-in-a-less-invasive-way-nou-curs\\\/#breadcrumb\"},\"inLanguage\":\"es\",\"potentialAction\":[{\"@type\":\"ReadAction\",\"target\":[\"https:\\\/\\\/embryotools.com\\\/shop\\\/ivf-training-courses\\\/hands-on-individual-courses\\\/03-icsi-techniques-how-to-inject-in-a-less-invasive-way-nou-curs\\\/\"]}]},{\"@type\":\"ImageObject\",\"inLanguage\":\"es\",\"@id\":\"https:\\\/\\\/embryotools.com\\\/shop\\\/ivf-training-courses\\\/hands-on-individual-courses\\\/03-icsi-techniques-how-to-inject-in-a-less-invasive-way-nou-curs\\\/#primaryimage\",\"url\":\"https:\\\/\\\/embryotools.com\\\/wp-content\\\/uploads\\\/2018\\\/03\\\/ICSI-89.jpeg\",\"contentUrl\":\"https:\\\/\\\/embryotools.com\\\/wp-content\\\/uploads\\\/2018\\\/03\\\/ICSI-89.jpeg\",\"width\":1280,\"height\":1024},{\"@type\":\"BreadcrumbList\",\"@id\":\"https:\\\/\\\/embryotools.com\\\/shop\\\/ivf-training-courses\\\/hands-on-individual-courses\\\/03-icsi-techniques-how-to-inject-in-a-less-invasive-way-nou-curs\\\/#breadcrumb\",\"itemListElement\":[{\"@type\":\"ListItem\",\"position\":1,\"name\":\"Home\",\"item\":\"https:\\\/\\\/embryotools.com\\\/\"},{\"@type\":\"ListItem\",\"position\":2,\"name\":\"Shop\",\"item\":\"https:\\\/\\\/embryotools.com\\\/shop\\\/\"},{\"@type\":\"ListItem\",\"position\":3,\"name\":\"03 &#8211; ICSI techniques: how to inject in a less invasive way\"}]},{\"@type\":\"WebSite\",\"@id\":\"https:\\\/\\\/embryotools.com\\\/#website\",\"url\":\"https:\\\/\\\/embryotools.com\\\/\",\"name\":\"Embryotools\",\"description\":\"for better results\",\"publisher\":{\"@id\":\"https:\\\/\\\/embryotools.com\\\/#organization\"},\"potentialAction\":[{\"@type\":\"SearchAction\",\"target\":{\"@type\":\"EntryPoint\",\"urlTemplate\":\"https:\\\/\\\/embryotools.com\\\/?s={search_term_string}\"},\"query-input\":{\"@type\":\"PropertyValueSpecification\",\"valueRequired\":true,\"valueName\":\"search_term_string\"}}],\"inLanguage\":\"es\"},{\"@type\":\"Organization\",\"@id\":\"https:\\\/\\\/embryotools.com\\\/#organization\",\"name\":\"Embryotools\",\"url\":\"https:\\\/\\\/embryotools.com\\\/\",\"logo\":{\"@type\":\"ImageObject\",\"inLanguage\":\"es\",\"@id\":\"https:\\\/\\\/embryotools.com\\\/#\\\/schema\\\/logo\\\/image\\\/\",\"url\":\"https:\\\/\\\/embryotools.com\\\/wp-content\\\/uploads\\\/2017\\\/01\\\/embryotools_logo_trans_500-2.png\",\"contentUrl\":\"https:\\\/\\\/embryotools.com\\\/wp-content\\\/uploads\\\/2017\\\/01\\\/embryotools_logo_trans_500-2.png\",\"width\":250,\"height\":59,\"caption\":\"Embryotools\"},\"image\":{\"@id\":\"https:\\\/\\\/embryotools.com\\\/#\\\/schema\\\/logo\\\/image\\\/\"},\"sameAs\":[\"https:\\\/\\\/www.facebook.com\\\/embryotools\",\"https:\\\/\\\/x.com\\\/embryotools\",\"https:\\\/\\\/www.linkedin.com\\\/company\\\/embryotools\"]}]}<\/script>\n<!-- \/ Yoast SEO plugin. -->","yoast_head_json":{"title":"03 - T\u00e9cnicas de ICSI: c\u00f3mo microinyectar de forma menos invasiva - Embryotools","robots":{"index":"index","follow":"follow","max-snippet":"max-snippet:-1","max-image-preview":"max-image-preview:large","max-video-preview":"max-video-preview:-1"},"canonical":"https:\/\/embryotools.com\/shop\/ivf-training-courses\/hands-on-individual-courses\/03-icsi-techniques-how-to-inject-in-a-less-invasive-way-nou-curs\/","twitter_card":"summary_large_image","twitter_title":"03 - T\u00e9cnicas de ICSI: c\u00f3mo microinyectar de forma menos invasiva - Embryotools","twitter_description":"[:en]Two day course based on different types of oocyte injection, sperm capture and immobilization, oocyte rotation. Ideal for embryologists who are new to the ICSI technique and also for more experienced embryologists who want to practice and learn tricks to improve their results.  &nbsp;  For further information please contact us at training@embryotools.com[:es]Curso de dos d\u00edas basado en diferentes tipos de inyecci\u00f3n de ovocitos, captura e inmovilizaci\u00f3n de esperma, rotaci\u00f3n de ovocitos. Ideal para embri\u00f3logos que se inician en la t\u00e9cnica de ICSI y tambi\u00e9n para embri\u00f3logos con m\u00e1s experiencia que desean practicar y aprender trucos para mejorar sus resultados.  &nbsp;  Para m\u00e1s informaci\u00f3n por favor cont\u00e1ctenos en training@embryotools.com[:fr]Cours de deux jours bas\u00e9 sur les diff\u00e9rents types d'injection d'ovocytes, la capture et l'immobilisation des spermatozo\u00efdes, la rotation des ovocytes. Id\u00e9al pour les embryologistes qui d\u00e9butent dans la technique de l'ICSI et aussi pour les embryologistes plus exp\u00e9riment\u00e9s qui veulent s'exercer et apprendre des astuces pour am\u00e9liorer leurs r\u00e9sultats.  Pour plus d'information, veuillez nous contacter \u00e0 l'adresse suivante: training@embryotools.com[:]","twitter_image":"https:\/\/embryotools.com\/wp-content\/uploads\/2018\/03\/ICSI-89.jpeg","twitter_site":"@embryotools","twitter_misc":{"Tiempo de lectura":"1 minuto"},"schema":{"@context":"https:\/\/schema.org","@graph":[{"@type":"WebPage","@id":"https:\/\/embryotools.com\/shop\/ivf-training-courses\/hands-on-individual-courses\/03-icsi-techniques-how-to-inject-in-a-less-invasive-way-nou-curs\/","url":"https:\/\/embryotools.com\/shop\/ivf-training-courses\/hands-on-individual-courses\/03-icsi-techniques-how-to-inject-in-a-less-invasive-way-nou-curs\/","name":"03 - T\u00e9cnicas de ICSI: c\u00f3mo microinyectar de forma menos invasiva - Embryotools","isPartOf":{"@id":"https:\/\/embryotools.com\/#website"},"primaryImageOfPage":{"@id":"https:\/\/embryotools.com\/shop\/ivf-training-courses\/hands-on-individual-courses\/03-icsi-techniques-how-to-inject-in-a-less-invasive-way-nou-curs\/#primaryimage"},"image":{"@id":"https:\/\/embryotools.com\/shop\/ivf-training-courses\/hands-on-individual-courses\/03-icsi-techniques-how-to-inject-in-a-less-invasive-way-nou-curs\/#primaryimage"},"thumbnailUrl":"https:\/\/embryotools.com\/wp-content\/uploads\/2018\/03\/ICSI-89.jpeg","datePublished":"2019-12-23T12:31:57+00:00","dateModified":"2025-11-24T10:23:54+00:00","breadcrumb":{"@id":"https:\/\/embryotools.com\/shop\/ivf-training-courses\/hands-on-individual-courses\/03-icsi-techniques-how-to-inject-in-a-less-invasive-way-nou-curs\/#breadcrumb"},"inLanguage":"es","potentialAction":[{"@type":"ReadAction","target":["https:\/\/embryotools.com\/shop\/ivf-training-courses\/hands-on-individual-courses\/03-icsi-techniques-how-to-inject-in-a-less-invasive-way-nou-curs\/"]}]},{"@type":"ImageObject","inLanguage":"es","@id":"https:\/\/embryotools.com\/shop\/ivf-training-courses\/hands-on-individual-courses\/03-icsi-techniques-how-to-inject-in-a-less-invasive-way-nou-curs\/#primaryimage","url":"https:\/\/embryotools.com\/wp-content\/uploads\/2018\/03\/ICSI-89.jpeg","contentUrl":"https:\/\/embryotools.com\/wp-content\/uploads\/2018\/03\/ICSI-89.jpeg","width":1280,"height":1024},{"@type":"BreadcrumbList","@id":"https:\/\/embryotools.com\/shop\/ivf-training-courses\/hands-on-individual-courses\/03-icsi-techniques-how-to-inject-in-a-less-invasive-way-nou-curs\/#breadcrumb","itemListElement":[{"@type":"ListItem","position":1,"name":"Home","item":"https:\/\/embryotools.com\/"},{"@type":"ListItem","position":2,"name":"Shop","item":"https:\/\/embryotools.com\/shop\/"},{"@type":"ListItem","position":3,"name":"03 &#8211; ICSI techniques: how to inject in a less invasive way"}]},{"@type":"WebSite","@id":"https:\/\/embryotools.com\/#website","url":"https:\/\/embryotools.com\/","name":"Embryotools","description":"for better results","publisher":{"@id":"https:\/\/embryotools.com\/#organization"},"potentialAction":[{"@type":"SearchAction","target":{"@type":"EntryPoint","urlTemplate":"https:\/\/embryotools.com\/?s={search_term_string}"},"query-input":{"@type":"PropertyValueSpecification","valueRequired":true,"valueName":"search_term_string"}}],"inLanguage":"es"},{"@type":"Organization","@id":"https:\/\/embryotools.com\/#organization","name":"Embryotools","url":"https:\/\/embryotools.com\/","logo":{"@type":"ImageObject","inLanguage":"es","@id":"https:\/\/embryotools.com\/#\/schema\/logo\/image\/","url":"https:\/\/embryotools.com\/wp-content\/uploads\/2017\/01\/embryotools_logo_trans_500-2.png","contentUrl":"https:\/\/embryotools.com\/wp-content\/uploads\/2017\/01\/embryotools_logo_trans_500-2.png","width":250,"height":59,"caption":"Embryotools"},"image":{"@id":"https:\/\/embryotools.com\/#\/schema\/logo\/image\/"},"sameAs":["https:\/\/www.facebook.com\/embryotools","https:\/\/x.com\/embryotools","https:\/\/www.linkedin.com\/company\/embryotools"]}]}},"_links":{"self":[{"href":"https:\/\/embryotools.com\/es\/wp-json\/wp\/v2\/product\/20595","targetHints":{"allow":["GET"]}}],"collection":[{"href":"https:\/\/embryotools.com\/es\/wp-json\/wp\/v2\/product"}],"about":[{"href":"https:\/\/embryotools.com\/es\/wp-json\/wp\/v2\/types\/product"}],"wp:featuredmedia":[{"embeddable":true,"href":"https:\/\/embryotools.com\/es\/wp-json\/wp\/v2\/media\/20185"}],"wp:attachment":[{"href":"https:\/\/embryotools.com\/es\/wp-json\/wp\/v2\/media?parent=20595"}],"wp:term":[{"taxonomy":"product_brand","embeddable":true,"href":"https:\/\/embryotools.com\/es\/wp-json\/wp\/v2\/product_brand?post=20595"},{"taxonomy":"product_cat","embeddable":true,"href":"https:\/\/embryotools.com\/es\/wp-json\/wp\/v2\/product_cat?post=20595"},{"taxonomy":"product_tag","embeddable":true,"href":"https:\/\/embryotools.com\/es\/wp-json\/wp\/v2\/product_tag?post=20595"}],"curies":[{"name":"wp","href":"https:\/\/api.w.org\/{rel}","templated":true}]}}