{"id":20590,"date":"2019-12-23T13:14:54","date_gmt":"2019-12-23T12:14:54","guid":{"rendered":"https:\/\/embryotools.com\/?post_type=product&#038;p=20590"},"modified":"2025-07-02T13:38:36","modified_gmt":"2025-07-02T11:38:36","slug":"09-sperm-analysis-preparation-and-cryopreservation-hands-on-and-troubleshooting-microptic-3-days-nou-curs","status":"publish","type":"product","link":"https:\/\/embryotools.com\/es\/shop\/ivf-training-courses\/hands-on-individual-courses\/09-sperm-analysis-preparation-and-cryopreservation-hands-on-and-troubleshooting-microptic-3-days-nou-curs\/","title":{"rendered":"07 &#8211; Preparaci\u00f3n de semen en colaboraci\u00f3n con Microptic"},"content":{"rendered":"<p><\/p>\n<h1>Preparaci\u00f3n de semen en colaboraci\u00f3n con Microptic<\/h1>\n<p>&nbsp;<\/p>\n<h2><span style=\"font-size: 12pt;\">Objetivos del curso:<\/span><\/h2>\n<p>Gestionar y organizar un laboratorio de androlog\u00eda con \u00e9xito y aprender los consejos clave sobre c\u00f3mo tratar todo tipo de muestras de esperma. Mejorar el conocimiento de las \u00faltimas t\u00e9cnicas para seleccionar el mejor esperma.<\/p>\n<p>En colaboraci\u00f3n con Microptic (www.micropticsl.com) el curso ofrecer\u00e1 la posibilidad de conocer los \u00faltimos descubrimientos e innovaciones en el campo del an\u00e1lisis de esperma en las instalaciones de Microptic.<br \/>\nEn nuestras instalaciones ser\u00e1 posible realizar sesiones pr\u00e1cticas de preparaci\u00f3n de semen utilizando diferentes tipos de muestras de esperma.<\/p>\n<h2><strong>Programa cient\u00edfico:<\/strong><\/h2>\n<h4>Sesiones te\u00f3ricas (30-45 min de duraci\u00f3n):<\/h4>\n<p>\u2022 \u00abSperm features and fertilization process\u201d by N\u00faria Medarde, PhD<br \/>\n\u2022 \u201cSperm care\u201d by Embryotools team<\/p>\n<h4>Sesiones pr\u00e1cticas realizadas por Microptic:<\/h4>\n<p>\u2022 An\u00e1lisis macrosc\u00f3pico y microsc\u00f3pico del esperma.<br \/>\n\u2022 Evaluaci\u00f3n microsc\u00f3pica de los espermatozoides: an\u00e1lisis de motilidad, concentraci\u00f3n, morfolog\u00eda, vitalidad.<br \/>\n\u2022 Evaluaci\u00f3n esperm\u00e1tica manual versus autom\u00e1tica.<br \/>\n\u2022 Pruebas funcionales de los espermatozoides: penetraci\u00f3n del moco, hiperactivaci\u00f3n, reacci\u00f3n acros\u00f3mica y fragmentaci\u00f3n del ADN.<\/p>\n<h4>Sesiones pr\u00e1cticas realizadas por Embryotools:<\/h4>\n<p>\u2022 T\u00e9cnicas de preparaci\u00f3n del esperma: Gradientes, swim-up.<br \/>\n\u2022 Diluci\u00f3n de muestras de esperma para t\u00e9cnicas de IU, FIV e ICSI.<br \/>\n\u2022 C\u00f3mo criopreservar muestras de semen.<br \/>\n\u2022 M\u00e9todos de selecci\u00f3n esperm\u00e1tica utilizando t\u00e9cnicas de microflu\u00eddica.<\/p>\n<p><strong>Equipo de embri\u00f3logos que imparten la formaci\u00f3n:<\/strong><br \/>\nEquipo Embryotools: Nuno Costa-Borges, PhD; Carolina Castell\u00f3, BSc; Enric Mestres, PhD; M\u00f2nica Acacio, MSc; Queralt Matia; MSc.<br \/>\nEquipo Microptic: N\u00faria Medarde, PhD<\/p>\n<p><strong><u>Se entregar\u00e1 el certificado de asistencia a los participantes que completen el curso<\/u><\/strong><\/p>\n<p><strong>Fechas<\/strong>: Tres d\u00edas.<\/p>\n<ul>\n<li>Primer d\u00eda en las instalaciones de Microptic.<\/li>\n<li>Dos d\u00edas en las instalaciones de Embryotools de 09:00h to 16:30h (con una pausa para caf\u00e9 y 30 minutos para comer).<\/li>\n<\/ul>\n<p><strong>Precio:<\/strong> 1800 Euros<\/p>\n<p><strong>Ubicaci\u00f3n:<\/strong><\/p>\n<ul>\n<li>Laboratorios de Embryotools<br \/>\nAvenida Doctor Mara\u00f1\u00f3n, 8<br \/>\nParc Cient\u00edfic de Barcelona<br \/>\n08028 Barcelona<\/li>\n<li>MICROPTIC S.L.<br \/>\nJosep Tarradellas, 8, 1\u00ba 6\u00aa<br \/>\n08029 Barcelona, Spain<\/li>\n<\/ul>\n<p>&nbsp;<\/p>","protected":false},"excerpt":{"rendered":"<p>Curso pr\u00e1ctico completo de 3 d\u00edas en colaboraci\u00f3n con Microptic.<br \/>\nAprenda a analizar todo tipo de muestras de semen y a prepararlas para cualquiera de las t\u00e9cnicas que se aplican en un laboratorio de FIV.<\/p>\n<p>Este curso garantiza un entorno \u00fanico y un laboratorio altamente tecnol\u00f3gico con los equipos m\u00e1s modernos y exclusivos del mercado disponibles para la formaci\u00f3n.<\/p>\n<p>&nbsp;<\/p>\n<p><span class=\"font_8\"><em>Para m\u00e1s informaci\u00f3n por favor cont\u00e1ctenos en <a href=\"mailto:training@embryotools.com\"><strong>training@embryotools.com<\/strong><\/a><\/em><\/span><\/p>\n","protected":false},"featured_media":21525,"template":"","meta":[],"product_brand":[],"product_cat":[181,134],"product_tag":[],"class_list":{"0":"post-20590","1":"product","2":"type-product","3":"status-publish","4":"has-post-thumbnail","6":"product_cat-hands-on-individual-courses","7":"product_cat-ivf-training-courses","9":"first","10":"instock","11":"downloadable","12":"virtual","13":"purchasable","14":"product-type-simple","15":"berocket_lgv_grid","16":"berocket_lgv_list_grid"},"yoast_head":"<!-- This site is optimized with the Yoast SEO plugin v27.4 - https:\/\/yoast.com\/product\/yoast-seo-wordpress\/ -->\n<title>07 - Preparaci\u00f3n de semen en colaboraci\u00f3n con Microptic - Embryotools<\/title>\n<meta name=\"robots\" content=\"index, follow, max-snippet:-1, max-image-preview:large, max-video-preview:-1\" \/>\n<link rel=\"canonical\" href=\"https:\/\/embryotools.com\/shop\/ivf-training-courses\/hands-on-individual-courses\/09-sperm-analysis-preparation-and-cryopreservation-hands-on-and-troubleshooting-microptic-3-days-nou-curs\/\" \/>\n<meta name=\"twitter:card\" content=\"summary_large_image\" \/>\n<meta name=\"twitter:title\" content=\"07 - Preparaci\u00f3n de semen en colaboraci\u00f3n con Microptic - Embryotools\" \/>\n<meta name=\"twitter:description\" content=\"[:en]Full hands-on 3 days course in collaboration with Microptic. Learn how to analyse all sorts of sperm samples and prepare them for any of the techniques applied in an IVF lab. This course guarantees a unique environment and highly technological laboratory with the most modern and exclusive equipment in the market available for training.  &nbsp;  For further information please contact us at training@embryotools.com[:es]Curso pr\u00e1ctico completo de 3 d\u00edas en colaboraci\u00f3n con Microptic. Aprenda a analizar todo tipo de muestras de semen y a prepararlas para cualquiera de las t\u00e9cnicas que se aplican en un laboratorio de FIV.  Este curso garantiza un entorno \u00fanico y un laboratorio altamente tecnol\u00f3gico con los equipos m\u00e1s modernos y exclusivos del mercado disponibles para la formaci\u00f3n.  &nbsp;  Para m\u00e1s informaci\u00f3n por favor cont\u00e1ctenos en training@embryotools.com[:fr]Cours pratique complet de 3 jours en collaboration avec Microptic. Apprenez \u00e0 analyser toutes sortes d&#039;\u00e9chantillons de sperme et \u00e0 les pr\u00e9parer pour toutes les techniques appliqu\u00e9es dans un laboratoire de FIV. Ce cours garantit un environnement unique et un laboratoire hautement technologique avec les \u00e9quipements les plus modernes et exclusifs du march\u00e9 disponibles pour la formation. Pour plus d&#039;informations, veuillez nous contacter \u00e0 l&#039;adresse suivante: training@embryotools.com[:]\" \/>\n<meta name=\"twitter:image\" content=\"https:\/\/embryotools.com\/wp-content\/uploads\/2020\/10\/IMG_3663-scaled.jpg\" \/>\n<meta name=\"twitter:site\" content=\"@embryotools\" \/>\n<meta name=\"twitter:label1\" content=\"Tiempo de lectura\" \/>\n\t<meta name=\"twitter:data1\" content=\"1 minuto\" \/>\n<script type=\"application\/ld+json\" class=\"yoast-schema-graph\">{\"@context\":\"https:\\\/\\\/schema.org\",\"@graph\":[{\"@type\":\"WebPage\",\"@id\":\"https:\\\/\\\/embryotools.com\\\/shop\\\/ivf-training-courses\\\/hands-on-individual-courses\\\/09-sperm-analysis-preparation-and-cryopreservation-hands-on-and-troubleshooting-microptic-3-days-nou-curs\\\/\",\"url\":\"https:\\\/\\\/embryotools.com\\\/shop\\\/ivf-training-courses\\\/hands-on-individual-courses\\\/09-sperm-analysis-preparation-and-cryopreservation-hands-on-and-troubleshooting-microptic-3-days-nou-curs\\\/\",\"name\":\"07 - Preparaci\u00f3n de semen en colaboraci\u00f3n con Microptic - Embryotools\",\"isPartOf\":{\"@id\":\"https:\\\/\\\/embryotools.com\\\/#website\"},\"primaryImageOfPage\":{\"@id\":\"https:\\\/\\\/embryotools.com\\\/shop\\\/ivf-training-courses\\\/hands-on-individual-courses\\\/09-sperm-analysis-preparation-and-cryopreservation-hands-on-and-troubleshooting-microptic-3-days-nou-curs\\\/#primaryimage\"},\"image\":{\"@id\":\"https:\\\/\\\/embryotools.com\\\/shop\\\/ivf-training-courses\\\/hands-on-individual-courses\\\/09-sperm-analysis-preparation-and-cryopreservation-hands-on-and-troubleshooting-microptic-3-days-nou-curs\\\/#primaryimage\"},\"thumbnailUrl\":\"https:\\\/\\\/embryotools.com\\\/wp-content\\\/uploads\\\/2020\\\/10\\\/IMG_3663-scaled.jpg\",\"datePublished\":\"2019-12-23T12:14:54+00:00\",\"dateModified\":\"2025-07-02T11:38:36+00:00\",\"breadcrumb\":{\"@id\":\"https:\\\/\\\/embryotools.com\\\/shop\\\/ivf-training-courses\\\/hands-on-individual-courses\\\/09-sperm-analysis-preparation-and-cryopreservation-hands-on-and-troubleshooting-microptic-3-days-nou-curs\\\/#breadcrumb\"},\"inLanguage\":\"es\",\"potentialAction\":[{\"@type\":\"ReadAction\",\"target\":[\"https:\\\/\\\/embryotools.com\\\/shop\\\/ivf-training-courses\\\/hands-on-individual-courses\\\/09-sperm-analysis-preparation-and-cryopreservation-hands-on-and-troubleshooting-microptic-3-days-nou-curs\\\/\"]}]},{\"@type\":\"ImageObject\",\"inLanguage\":\"es\",\"@id\":\"https:\\\/\\\/embryotools.com\\\/shop\\\/ivf-training-courses\\\/hands-on-individual-courses\\\/09-sperm-analysis-preparation-and-cryopreservation-hands-on-and-troubleshooting-microptic-3-days-nou-curs\\\/#primaryimage\",\"url\":\"https:\\\/\\\/embryotools.com\\\/wp-content\\\/uploads\\\/2020\\\/10\\\/IMG_3663-scaled.jpg\",\"contentUrl\":\"https:\\\/\\\/embryotools.com\\\/wp-content\\\/uploads\\\/2020\\\/10\\\/IMG_3663-scaled.jpg\",\"width\":2051,\"height\":2560},{\"@type\":\"BreadcrumbList\",\"@id\":\"https:\\\/\\\/embryotools.com\\\/shop\\\/ivf-training-courses\\\/hands-on-individual-courses\\\/09-sperm-analysis-preparation-and-cryopreservation-hands-on-and-troubleshooting-microptic-3-days-nou-curs\\\/#breadcrumb\",\"itemListElement\":[{\"@type\":\"ListItem\",\"position\":1,\"name\":\"Home\",\"item\":\"https:\\\/\\\/embryotools.com\\\/\"},{\"@type\":\"ListItem\",\"position\":2,\"name\":\"Shop\",\"item\":\"https:\\\/\\\/embryotools.com\\\/shop\\\/\"},{\"@type\":\"ListItem\",\"position\":3,\"name\":\"07 &#8211; Sperm preparation in collaboration with Microptic\"}]},{\"@type\":\"WebSite\",\"@id\":\"https:\\\/\\\/embryotools.com\\\/#website\",\"url\":\"https:\\\/\\\/embryotools.com\\\/\",\"name\":\"Embryotools\",\"description\":\"for better results\",\"publisher\":{\"@id\":\"https:\\\/\\\/embryotools.com\\\/#organization\"},\"potentialAction\":[{\"@type\":\"SearchAction\",\"target\":{\"@type\":\"EntryPoint\",\"urlTemplate\":\"https:\\\/\\\/embryotools.com\\\/?s={search_term_string}\"},\"query-input\":{\"@type\":\"PropertyValueSpecification\",\"valueRequired\":true,\"valueName\":\"search_term_string\"}}],\"inLanguage\":\"es\"},{\"@type\":\"Organization\",\"@id\":\"https:\\\/\\\/embryotools.com\\\/#organization\",\"name\":\"Embryotools\",\"url\":\"https:\\\/\\\/embryotools.com\\\/\",\"logo\":{\"@type\":\"ImageObject\",\"inLanguage\":\"es\",\"@id\":\"https:\\\/\\\/embryotools.com\\\/#\\\/schema\\\/logo\\\/image\\\/\",\"url\":\"https:\\\/\\\/embryotools.com\\\/wp-content\\\/uploads\\\/2017\\\/01\\\/embryotools_logo_trans_500-2.png\",\"contentUrl\":\"https:\\\/\\\/embryotools.com\\\/wp-content\\\/uploads\\\/2017\\\/01\\\/embryotools_logo_trans_500-2.png\",\"width\":250,\"height\":59,\"caption\":\"Embryotools\"},\"image\":{\"@id\":\"https:\\\/\\\/embryotools.com\\\/#\\\/schema\\\/logo\\\/image\\\/\"},\"sameAs\":[\"https:\\\/\\\/www.facebook.com\\\/embryotools\",\"https:\\\/\\\/x.com\\\/embryotools\",\"https:\\\/\\\/www.linkedin.com\\\/company\\\/embryotools\"]}]}<\/script>\n<!-- \/ Yoast SEO plugin. -->","yoast_head_json":{"title":"07 - Preparaci\u00f3n de semen en colaboraci\u00f3n con Microptic - Embryotools","robots":{"index":"index","follow":"follow","max-snippet":"max-snippet:-1","max-image-preview":"max-image-preview:large","max-video-preview":"max-video-preview:-1"},"canonical":"https:\/\/embryotools.com\/shop\/ivf-training-courses\/hands-on-individual-courses\/09-sperm-analysis-preparation-and-cryopreservation-hands-on-and-troubleshooting-microptic-3-days-nou-curs\/","twitter_card":"summary_large_image","twitter_title":"07 - Preparaci\u00f3n de semen en colaboraci\u00f3n con Microptic - Embryotools","twitter_description":"[:en]Full hands-on 3 days course in collaboration with Microptic. Learn how to analyse all sorts of sperm samples and prepare them for any of the techniques applied in an IVF lab. This course guarantees a unique environment and highly technological laboratory with the most modern and exclusive equipment in the market available for training.  &nbsp;  For further information please contact us at training@embryotools.com[:es]Curso pr\u00e1ctico completo de 3 d\u00edas en colaboraci\u00f3n con Microptic. Aprenda a analizar todo tipo de muestras de semen y a prepararlas para cualquiera de las t\u00e9cnicas que se aplican en un laboratorio de FIV.  Este curso garantiza un entorno \u00fanico y un laboratorio altamente tecnol\u00f3gico con los equipos m\u00e1s modernos y exclusivos del mercado disponibles para la formaci\u00f3n.  &nbsp;  Para m\u00e1s informaci\u00f3n por favor cont\u00e1ctenos en training@embryotools.com[:fr]Cours pratique complet de 3 jours en collaboration avec Microptic. Apprenez \u00e0 analyser toutes sortes d'\u00e9chantillons de sperme et \u00e0 les pr\u00e9parer pour toutes les techniques appliqu\u00e9es dans un laboratoire de FIV. Ce cours garantit un environnement unique et un laboratoire hautement technologique avec les \u00e9quipements les plus modernes et exclusifs du march\u00e9 disponibles pour la formation. Pour plus d'informations, veuillez nous contacter \u00e0 l'adresse suivante: training@embryotools.com[:]","twitter_image":"https:\/\/embryotools.com\/wp-content\/uploads\/2020\/10\/IMG_3663-scaled.jpg","twitter_site":"@embryotools","twitter_misc":{"Tiempo de lectura":"1 minuto"},"schema":{"@context":"https:\/\/schema.org","@graph":[{"@type":"WebPage","@id":"https:\/\/embryotools.com\/shop\/ivf-training-courses\/hands-on-individual-courses\/09-sperm-analysis-preparation-and-cryopreservation-hands-on-and-troubleshooting-microptic-3-days-nou-curs\/","url":"https:\/\/embryotools.com\/shop\/ivf-training-courses\/hands-on-individual-courses\/09-sperm-analysis-preparation-and-cryopreservation-hands-on-and-troubleshooting-microptic-3-days-nou-curs\/","name":"07 - Preparaci\u00f3n de semen en colaboraci\u00f3n con Microptic - Embryotools","isPartOf":{"@id":"https:\/\/embryotools.com\/#website"},"primaryImageOfPage":{"@id":"https:\/\/embryotools.com\/shop\/ivf-training-courses\/hands-on-individual-courses\/09-sperm-analysis-preparation-and-cryopreservation-hands-on-and-troubleshooting-microptic-3-days-nou-curs\/#primaryimage"},"image":{"@id":"https:\/\/embryotools.com\/shop\/ivf-training-courses\/hands-on-individual-courses\/09-sperm-analysis-preparation-and-cryopreservation-hands-on-and-troubleshooting-microptic-3-days-nou-curs\/#primaryimage"},"thumbnailUrl":"https:\/\/embryotools.com\/wp-content\/uploads\/2020\/10\/IMG_3663-scaled.jpg","datePublished":"2019-12-23T12:14:54+00:00","dateModified":"2025-07-02T11:38:36+00:00","breadcrumb":{"@id":"https:\/\/embryotools.com\/shop\/ivf-training-courses\/hands-on-individual-courses\/09-sperm-analysis-preparation-and-cryopreservation-hands-on-and-troubleshooting-microptic-3-days-nou-curs\/#breadcrumb"},"inLanguage":"es","potentialAction":[{"@type":"ReadAction","target":["https:\/\/embryotools.com\/shop\/ivf-training-courses\/hands-on-individual-courses\/09-sperm-analysis-preparation-and-cryopreservation-hands-on-and-troubleshooting-microptic-3-days-nou-curs\/"]}]},{"@type":"ImageObject","inLanguage":"es","@id":"https:\/\/embryotools.com\/shop\/ivf-training-courses\/hands-on-individual-courses\/09-sperm-analysis-preparation-and-cryopreservation-hands-on-and-troubleshooting-microptic-3-days-nou-curs\/#primaryimage","url":"https:\/\/embryotools.com\/wp-content\/uploads\/2020\/10\/IMG_3663-scaled.jpg","contentUrl":"https:\/\/embryotools.com\/wp-content\/uploads\/2020\/10\/IMG_3663-scaled.jpg","width":2051,"height":2560},{"@type":"BreadcrumbList","@id":"https:\/\/embryotools.com\/shop\/ivf-training-courses\/hands-on-individual-courses\/09-sperm-analysis-preparation-and-cryopreservation-hands-on-and-troubleshooting-microptic-3-days-nou-curs\/#breadcrumb","itemListElement":[{"@type":"ListItem","position":1,"name":"Home","item":"https:\/\/embryotools.com\/"},{"@type":"ListItem","position":2,"name":"Shop","item":"https:\/\/embryotools.com\/shop\/"},{"@type":"ListItem","position":3,"name":"07 &#8211; Sperm preparation in collaboration with Microptic"}]},{"@type":"WebSite","@id":"https:\/\/embryotools.com\/#website","url":"https:\/\/embryotools.com\/","name":"Embryotools","description":"for better results","publisher":{"@id":"https:\/\/embryotools.com\/#organization"},"potentialAction":[{"@type":"SearchAction","target":{"@type":"EntryPoint","urlTemplate":"https:\/\/embryotools.com\/?s={search_term_string}"},"query-input":{"@type":"PropertyValueSpecification","valueRequired":true,"valueName":"search_term_string"}}],"inLanguage":"es"},{"@type":"Organization","@id":"https:\/\/embryotools.com\/#organization","name":"Embryotools","url":"https:\/\/embryotools.com\/","logo":{"@type":"ImageObject","inLanguage":"es","@id":"https:\/\/embryotools.com\/#\/schema\/logo\/image\/","url":"https:\/\/embryotools.com\/wp-content\/uploads\/2017\/01\/embryotools_logo_trans_500-2.png","contentUrl":"https:\/\/embryotools.com\/wp-content\/uploads\/2017\/01\/embryotools_logo_trans_500-2.png","width":250,"height":59,"caption":"Embryotools"},"image":{"@id":"https:\/\/embryotools.com\/#\/schema\/logo\/image\/"},"sameAs":["https:\/\/www.facebook.com\/embryotools","https:\/\/x.com\/embryotools","https:\/\/www.linkedin.com\/company\/embryotools"]}]}},"_links":{"self":[{"href":"https:\/\/embryotools.com\/es\/wp-json\/wp\/v2\/product\/20590","targetHints":{"allow":["GET"]}}],"collection":[{"href":"https:\/\/embryotools.com\/es\/wp-json\/wp\/v2\/product"}],"about":[{"href":"https:\/\/embryotools.com\/es\/wp-json\/wp\/v2\/types\/product"}],"wp:featuredmedia":[{"embeddable":true,"href":"https:\/\/embryotools.com\/es\/wp-json\/wp\/v2\/media\/21525"}],"wp:attachment":[{"href":"https:\/\/embryotools.com\/es\/wp-json\/wp\/v2\/media?parent=20590"}],"wp:term":[{"taxonomy":"product_brand","embeddable":true,"href":"https:\/\/embryotools.com\/es\/wp-json\/wp\/v2\/product_brand?post=20590"},{"taxonomy":"product_cat","embeddable":true,"href":"https:\/\/embryotools.com\/es\/wp-json\/wp\/v2\/product_cat?post=20590"},{"taxonomy":"product_tag","embeddable":true,"href":"https:\/\/embryotools.com\/es\/wp-json\/wp\/v2\/product_tag?post=20590"}],"curies":[{"name":"wp","href":"https:\/\/api.w.org\/{rel}","templated":true}]}}