{"id":20584,"date":"2019-12-23T12:39:52","date_gmt":"2019-12-23T11:39:52","guid":{"rendered":"https:\/\/embryotools.com\/?post_type=product&#038;p=20584"},"modified":"2025-07-02T13:39:04","modified_gmt":"2025-07-02T11:39:04","slug":"01-quality-control-and-quality-assessment-in-the-ivf-lab","status":"publish","type":"product","link":"https:\/\/embryotools.com\/es\/shop\/ivf-training-courses\/hands-on-individual-courses\/01-quality-control-and-quality-assessment-in-the-ivf-lab\/","title":{"rendered":"01 &#8211; Control y evaluaci\u00f3n de calidad en el laboratorio de FIV"},"content":{"rendered":"<p><\/p>\n<h1><strong>Control y evaluaci\u00f3n de calidad en el laboratorio de FIV<\/strong><\/h1>\n<p>&nbsp;<\/p>\n<p><strong>Objetivos del curso:<\/strong><\/p>\n<p>Mejorar el conocimiento y la comprensi\u00f3n del control de calidad en el laboratorio de FIV.<br \/>\nManipular adecuadamente los medios de cultivo para lograr un excelente sistema de cultivo. Aprender a medir, validar y controlar los par\u00e1metros esenciales del cultivo en el laboratorio de FIV: temperatura, CO2, pH, osmolalidad y VOCs. Comprender c\u00f3mo la organizaci\u00f3n y la rutina diaria en el laboratorio de FIV puede afectar al control de calidad e influir en los resultados.<\/p>\n<h2><strong><span style=\"font-size: 18pt;\">Programa cient\u00edfico:<\/span><\/strong><\/h2>\n<h4>Sesi\u00f3n te\u00f3rica (30-45 minutos de duraci\u00f3n):<\/h4>\n<ul>\n<li>\u201cQuality Control and Quality Assessment in the IVF lab\u00bb<\/li>\n<\/ul>\n<h4>Sesiones pr\u00e1cticas:<\/h4>\n<ul>\n<li>Aspectos pr\u00e1cticos que afectan al control de calidad\u00a0 en la rutina del laboratorio.<\/li>\n<li>Preparaci\u00f3n del setup y rutina diaria en el laboratorio de FIV.<\/li>\n<li>Incubadores: control de pH, gas y temperatura en diferentes tipos de incubadores.<\/li>\n<li>Mediciones de pH con diferentes equipos de medici\u00f3n de pH: analizador de pH EPOC, medidor de pH online.<\/li>\n<li>Mediciones de temperatura en todas las superficies con diferentes tipos de sondas externas: Thermo botones y Picologger.<\/li>\n<li>Mediciones de osmolalidad con nuestro Osm\u00f3metro en diferentes tipos de placas con y sin aceite.<\/li>\n<li>Utilizaci\u00f3n de diferentes tipos de placas de cultivo y su relaci\u00f3n con las superficies calefactadas y el cultivo de embriones.<\/li>\n<li>C\u00f3mo manejar los medios de cultivo: al\u00edcuotas, almacenamiento, preparaci\u00f3n de placas, suplementaci\u00f3n con HSA, evaluaci\u00f3n de la temperatura, osmolaridad y pH.<\/li>\n<\/ul>\n<p><strong>Equipo de embri\u00f3logos que imparten la formaci\u00f3n:<br \/>\n<\/strong>Nuno Costa-Borges, PhD; Carolina Castell\u00f3, BSc; Enric Mestres, PhD; M\u00f2nica Acacio, MSc; Queralt Matia; MSc.<\/p>\n<p><strong>Fechas:<\/strong> Un d\u00eda de 9:00h a 16:30h (con una pausa para caf\u00e9 y 30 minutos para comer).<\/p>\n<p><strong>Precio:<\/strong> 1500 Euros<\/p>\n<p>Dependiendo de su experiencia y necesidades podemos modificar el curso de formaci\u00f3n a\u00f1adiendo d\u00edas extra al curso.<\/p>\n<p><span style=\"text-decoration: underline;\"><strong>Se entregar\u00e1 el certificado de asistencia a los participantes que completen el curso<\/strong><\/span><\/p>\n<p><strong>Lugar:<\/strong><br \/>\nLaboratorios de Embryotools<br \/>\nAvenida Doctor Mara\u00f1\u00f3n, 8<br \/>\nParc Cient\u00edfic de Barcelona<br \/>\n08028 Barcelona, Espa\u00f1a<\/p>\n<p>&nbsp;<\/p>","protected":false},"excerpt":{"rendered":"<p>Curso de un d\u00eda personalizado para directores de laboratorios de FIV que quieran mejorar los resultados, ganar consistencia y analizar la estabilidad del sistema de cultivo en su laboratorio.<\/p>\n<p>Este curso tambi\u00e9n es interesante para j\u00f3venes embri\u00f3logos que necesitan adquirir conocimientos sobre el control de calidad en el laboratorio de FIV.<\/p>\n<p>&nbsp;<\/p>\n<p>&nbsp;<\/p>\n<p><span class=\"font_8\"><em>Para m\u00e1s informaci\u00f3n por favor cont\u00e1ctenos en <a href=\"mailto:training@embryotools.com\"><strong>training@embryotools.com<\/strong><\/a><\/em><\/span><\/p>\n","protected":false},"featured_media":22587,"template":"","meta":[],"product_brand":[],"product_cat":[181],"product_tag":[],"class_list":{"0":"post-20584","1":"product","2":"type-product","3":"status-publish","4":"has-post-thumbnail","6":"product_cat-hands-on-individual-courses","8":"first","9":"instock","10":"downloadable","11":"virtual","12":"purchasable","13":"product-type-simple","14":"berocket_lgv_grid","15":"berocket_lgv_list_grid"},"yoast_head":"<!-- This site is optimized with the Yoast SEO plugin v27.3 - https:\/\/yoast.com\/product\/yoast-seo-wordpress\/ -->\n<title>01 - Control y evaluaci\u00f3n de calidad en el laboratorio de FIV - Embryotools<\/title>\n<meta name=\"robots\" content=\"index, follow, max-snippet:-1, max-image-preview:large, max-video-preview:-1\" \/>\n<link rel=\"canonical\" href=\"https:\/\/embryotools.com\/shop\/ivf-training-courses\/hands-on-individual-courses\/01-quality-control-and-quality-assessment-in-the-ivf-lab\/\" \/>\n<meta name=\"twitter:card\" content=\"summary_large_image\" \/>\n<meta name=\"twitter:title\" content=\"01 - Control y evaluaci\u00f3n de calidad en el laboratorio de FIV - Embryotools\" \/>\n<meta name=\"twitter:description\" content=\"[:en]One day course customized for IVF lab directors who want to improve results, gain consistency and analyze the stability of the culture system in their lab.  Also interesting for young embryologist who need to acquire deep knowledge on quality control in the IVF lab.  &nbsp;  For further information please contact us at training@embryotools.com[:es]Curso de un d\u00eda personalizado para directores de laboratorios de FIV que quieran mejorar los resultados, ganar consistencia y analizar la estabilidad del sistema de cultivo en su laboratorio.  Este curso tambi\u00e9n es interesante para j\u00f3venes embri\u00f3logos que necesitan adquirir conocimientos sobre el control de calidad en el laboratorio de FIV.  &nbsp;  &nbsp;  Para m\u00e1s informaci\u00f3n por favor cont\u00e1ctenos en training@embryotools.com[:fr]Cours d&#039;une journ\u00e9e personnalis\u00e9 pour les directeurs de laboratoires de FIV qui souhaitent am\u00e9liorer les r\u00e9sultats, gagner en coh\u00e9rence et analyser la stabilit\u00e9 du syst\u00e8me de culture dans leur laboratoire.  Egalement int\u00e9ressant pour les jeunes embryologistes qui ont besoin d&#039;acqu\u00e9rir des connaissances approfondies sur le contr\u00f4le de la qualit\u00e9 dans le laboratoire de FIV.  Pour plus d&#039;information, veuillez nous contacter \u00e0 l&#039;adresse suivante: training@embryotools.com[:]\" \/>\n<meta name=\"twitter:image\" content=\"https:\/\/embryotools.com\/wp-content\/uploads\/2019\/12\/IMG_6201-2-1-scaled.jpg\" \/>\n<meta name=\"twitter:site\" content=\"@embryotools\" \/>\n<meta name=\"twitter:label1\" content=\"Tiempo de lectura\" \/>\n\t<meta name=\"twitter:data1\" content=\"1 minuto\" \/>\n<script type=\"application\/ld+json\" class=\"yoast-schema-graph\">{\"@context\":\"https:\\\/\\\/schema.org\",\"@graph\":[{\"@type\":\"WebPage\",\"@id\":\"https:\\\/\\\/embryotools.com\\\/shop\\\/ivf-training-courses\\\/hands-on-individual-courses\\\/01-quality-control-and-quality-assessment-in-the-ivf-lab\\\/\",\"url\":\"https:\\\/\\\/embryotools.com\\\/shop\\\/ivf-training-courses\\\/hands-on-individual-courses\\\/01-quality-control-and-quality-assessment-in-the-ivf-lab\\\/\",\"name\":\"01 - Control y evaluaci\u00f3n de calidad en el laboratorio de FIV - Embryotools\",\"isPartOf\":{\"@id\":\"https:\\\/\\\/embryotools.com\\\/#website\"},\"primaryImageOfPage\":{\"@id\":\"https:\\\/\\\/embryotools.com\\\/shop\\\/ivf-training-courses\\\/hands-on-individual-courses\\\/01-quality-control-and-quality-assessment-in-the-ivf-lab\\\/#primaryimage\"},\"image\":{\"@id\":\"https:\\\/\\\/embryotools.com\\\/shop\\\/ivf-training-courses\\\/hands-on-individual-courses\\\/01-quality-control-and-quality-assessment-in-the-ivf-lab\\\/#primaryimage\"},\"thumbnailUrl\":\"https:\\\/\\\/embryotools.com\\\/wp-content\\\/uploads\\\/2019\\\/12\\\/IMG_6201-2-1-scaled.jpg\",\"datePublished\":\"2019-12-23T11:39:52+00:00\",\"dateModified\":\"2025-07-02T11:39:04+00:00\",\"breadcrumb\":{\"@id\":\"https:\\\/\\\/embryotools.com\\\/shop\\\/ivf-training-courses\\\/hands-on-individual-courses\\\/01-quality-control-and-quality-assessment-in-the-ivf-lab\\\/#breadcrumb\"},\"inLanguage\":\"es\",\"potentialAction\":[{\"@type\":\"ReadAction\",\"target\":[\"https:\\\/\\\/embryotools.com\\\/shop\\\/ivf-training-courses\\\/hands-on-individual-courses\\\/01-quality-control-and-quality-assessment-in-the-ivf-lab\\\/\"]}]},{\"@type\":\"ImageObject\",\"inLanguage\":\"es\",\"@id\":\"https:\\\/\\\/embryotools.com\\\/shop\\\/ivf-training-courses\\\/hands-on-individual-courses\\\/01-quality-control-and-quality-assessment-in-the-ivf-lab\\\/#primaryimage\",\"url\":\"https:\\\/\\\/embryotools.com\\\/wp-content\\\/uploads\\\/2019\\\/12\\\/IMG_6201-2-1-scaled.jpg\",\"contentUrl\":\"https:\\\/\\\/embryotools.com\\\/wp-content\\\/uploads\\\/2019\\\/12\\\/IMG_6201-2-1-scaled.jpg\",\"width\":2560,\"height\":1707},{\"@type\":\"BreadcrumbList\",\"@id\":\"https:\\\/\\\/embryotools.com\\\/shop\\\/ivf-training-courses\\\/hands-on-individual-courses\\\/01-quality-control-and-quality-assessment-in-the-ivf-lab\\\/#breadcrumb\",\"itemListElement\":[{\"@type\":\"ListItem\",\"position\":1,\"name\":\"Home\",\"item\":\"https:\\\/\\\/embryotools.com\\\/\"},{\"@type\":\"ListItem\",\"position\":2,\"name\":\"Shop\",\"item\":\"https:\\\/\\\/embryotools.com\\\/shop\\\/\"},{\"@type\":\"ListItem\",\"position\":3,\"name\":\"01 &#8211; Quality Control and Quality Assessment in the IVF lab\"}]},{\"@type\":\"WebSite\",\"@id\":\"https:\\\/\\\/embryotools.com\\\/#website\",\"url\":\"https:\\\/\\\/embryotools.com\\\/\",\"name\":\"Embryotools\",\"description\":\"for better results\",\"publisher\":{\"@id\":\"https:\\\/\\\/embryotools.com\\\/#organization\"},\"potentialAction\":[{\"@type\":\"SearchAction\",\"target\":{\"@type\":\"EntryPoint\",\"urlTemplate\":\"https:\\\/\\\/embryotools.com\\\/?s={search_term_string}\"},\"query-input\":{\"@type\":\"PropertyValueSpecification\",\"valueRequired\":true,\"valueName\":\"search_term_string\"}}],\"inLanguage\":\"es\"},{\"@type\":\"Organization\",\"@id\":\"https:\\\/\\\/embryotools.com\\\/#organization\",\"name\":\"Embryotools\",\"url\":\"https:\\\/\\\/embryotools.com\\\/\",\"logo\":{\"@type\":\"ImageObject\",\"inLanguage\":\"es\",\"@id\":\"https:\\\/\\\/embryotools.com\\\/#\\\/schema\\\/logo\\\/image\\\/\",\"url\":\"https:\\\/\\\/embryotools.com\\\/wp-content\\\/uploads\\\/2017\\\/01\\\/embryotools_logo_trans_500-2.png\",\"contentUrl\":\"https:\\\/\\\/embryotools.com\\\/wp-content\\\/uploads\\\/2017\\\/01\\\/embryotools_logo_trans_500-2.png\",\"width\":250,\"height\":59,\"caption\":\"Embryotools\"},\"image\":{\"@id\":\"https:\\\/\\\/embryotools.com\\\/#\\\/schema\\\/logo\\\/image\\\/\"},\"sameAs\":[\"https:\\\/\\\/www.facebook.com\\\/embryotools\",\"https:\\\/\\\/x.com\\\/embryotools\",\"https:\\\/\\\/www.linkedin.com\\\/company\\\/embryotools\"]}]}<\/script>\n<!-- \/ Yoast SEO plugin. -->","yoast_head_json":{"title":"01 - Control y evaluaci\u00f3n de calidad en el laboratorio de FIV - Embryotools","robots":{"index":"index","follow":"follow","max-snippet":"max-snippet:-1","max-image-preview":"max-image-preview:large","max-video-preview":"max-video-preview:-1"},"canonical":"https:\/\/embryotools.com\/shop\/ivf-training-courses\/hands-on-individual-courses\/01-quality-control-and-quality-assessment-in-the-ivf-lab\/","twitter_card":"summary_large_image","twitter_title":"01 - Control y evaluaci\u00f3n de calidad en el laboratorio de FIV - Embryotools","twitter_description":"[:en]One day course customized for IVF lab directors who want to improve results, gain consistency and analyze the stability of the culture system in their lab.  Also interesting for young embryologist who need to acquire deep knowledge on quality control in the IVF lab.  &nbsp;  For further information please contact us at training@embryotools.com[:es]Curso de un d\u00eda personalizado para directores de laboratorios de FIV que quieran mejorar los resultados, ganar consistencia y analizar la estabilidad del sistema de cultivo en su laboratorio.  Este curso tambi\u00e9n es interesante para j\u00f3venes embri\u00f3logos que necesitan adquirir conocimientos sobre el control de calidad en el laboratorio de FIV.  &nbsp;  &nbsp;  Para m\u00e1s informaci\u00f3n por favor cont\u00e1ctenos en training@embryotools.com[:fr]Cours d'une journ\u00e9e personnalis\u00e9 pour les directeurs de laboratoires de FIV qui souhaitent am\u00e9liorer les r\u00e9sultats, gagner en coh\u00e9rence et analyser la stabilit\u00e9 du syst\u00e8me de culture dans leur laboratoire.  Egalement int\u00e9ressant pour les jeunes embryologistes qui ont besoin d'acqu\u00e9rir des connaissances approfondies sur le contr\u00f4le de la qualit\u00e9 dans le laboratoire de FIV.  Pour plus d'information, veuillez nous contacter \u00e0 l'adresse suivante: training@embryotools.com[:]","twitter_image":"https:\/\/embryotools.com\/wp-content\/uploads\/2019\/12\/IMG_6201-2-1-scaled.jpg","twitter_site":"@embryotools","twitter_misc":{"Tiempo de lectura":"1 minuto"},"schema":{"@context":"https:\/\/schema.org","@graph":[{"@type":"WebPage","@id":"https:\/\/embryotools.com\/shop\/ivf-training-courses\/hands-on-individual-courses\/01-quality-control-and-quality-assessment-in-the-ivf-lab\/","url":"https:\/\/embryotools.com\/shop\/ivf-training-courses\/hands-on-individual-courses\/01-quality-control-and-quality-assessment-in-the-ivf-lab\/","name":"01 - Control y evaluaci\u00f3n de calidad en el laboratorio de FIV - Embryotools","isPartOf":{"@id":"https:\/\/embryotools.com\/#website"},"primaryImageOfPage":{"@id":"https:\/\/embryotools.com\/shop\/ivf-training-courses\/hands-on-individual-courses\/01-quality-control-and-quality-assessment-in-the-ivf-lab\/#primaryimage"},"image":{"@id":"https:\/\/embryotools.com\/shop\/ivf-training-courses\/hands-on-individual-courses\/01-quality-control-and-quality-assessment-in-the-ivf-lab\/#primaryimage"},"thumbnailUrl":"https:\/\/embryotools.com\/wp-content\/uploads\/2019\/12\/IMG_6201-2-1-scaled.jpg","datePublished":"2019-12-23T11:39:52+00:00","dateModified":"2025-07-02T11:39:04+00:00","breadcrumb":{"@id":"https:\/\/embryotools.com\/shop\/ivf-training-courses\/hands-on-individual-courses\/01-quality-control-and-quality-assessment-in-the-ivf-lab\/#breadcrumb"},"inLanguage":"es","potentialAction":[{"@type":"ReadAction","target":["https:\/\/embryotools.com\/shop\/ivf-training-courses\/hands-on-individual-courses\/01-quality-control-and-quality-assessment-in-the-ivf-lab\/"]}]},{"@type":"ImageObject","inLanguage":"es","@id":"https:\/\/embryotools.com\/shop\/ivf-training-courses\/hands-on-individual-courses\/01-quality-control-and-quality-assessment-in-the-ivf-lab\/#primaryimage","url":"https:\/\/embryotools.com\/wp-content\/uploads\/2019\/12\/IMG_6201-2-1-scaled.jpg","contentUrl":"https:\/\/embryotools.com\/wp-content\/uploads\/2019\/12\/IMG_6201-2-1-scaled.jpg","width":2560,"height":1707},{"@type":"BreadcrumbList","@id":"https:\/\/embryotools.com\/shop\/ivf-training-courses\/hands-on-individual-courses\/01-quality-control-and-quality-assessment-in-the-ivf-lab\/#breadcrumb","itemListElement":[{"@type":"ListItem","position":1,"name":"Home","item":"https:\/\/embryotools.com\/"},{"@type":"ListItem","position":2,"name":"Shop","item":"https:\/\/embryotools.com\/shop\/"},{"@type":"ListItem","position":3,"name":"01 &#8211; Quality Control and Quality Assessment in the IVF lab"}]},{"@type":"WebSite","@id":"https:\/\/embryotools.com\/#website","url":"https:\/\/embryotools.com\/","name":"Embryotools","description":"for better results","publisher":{"@id":"https:\/\/embryotools.com\/#organization"},"potentialAction":[{"@type":"SearchAction","target":{"@type":"EntryPoint","urlTemplate":"https:\/\/embryotools.com\/?s={search_term_string}"},"query-input":{"@type":"PropertyValueSpecification","valueRequired":true,"valueName":"search_term_string"}}],"inLanguage":"es"},{"@type":"Organization","@id":"https:\/\/embryotools.com\/#organization","name":"Embryotools","url":"https:\/\/embryotools.com\/","logo":{"@type":"ImageObject","inLanguage":"es","@id":"https:\/\/embryotools.com\/#\/schema\/logo\/image\/","url":"https:\/\/embryotools.com\/wp-content\/uploads\/2017\/01\/embryotools_logo_trans_500-2.png","contentUrl":"https:\/\/embryotools.com\/wp-content\/uploads\/2017\/01\/embryotools_logo_trans_500-2.png","width":250,"height":59,"caption":"Embryotools"},"image":{"@id":"https:\/\/embryotools.com\/#\/schema\/logo\/image\/"},"sameAs":["https:\/\/www.facebook.com\/embryotools","https:\/\/x.com\/embryotools","https:\/\/www.linkedin.com\/company\/embryotools"]}]}},"_links":{"self":[{"href":"https:\/\/embryotools.com\/es\/wp-json\/wp\/v2\/product\/20584","targetHints":{"allow":["GET"]}}],"collection":[{"href":"https:\/\/embryotools.com\/es\/wp-json\/wp\/v2\/product"}],"about":[{"href":"https:\/\/embryotools.com\/es\/wp-json\/wp\/v2\/types\/product"}],"wp:featuredmedia":[{"embeddable":true,"href":"https:\/\/embryotools.com\/es\/wp-json\/wp\/v2\/media\/22587"}],"wp:attachment":[{"href":"https:\/\/embryotools.com\/es\/wp-json\/wp\/v2\/media?parent=20584"}],"wp:term":[{"taxonomy":"product_brand","embeddable":true,"href":"https:\/\/embryotools.com\/es\/wp-json\/wp\/v2\/product_brand?post=20584"},{"taxonomy":"product_cat","embeddable":true,"href":"https:\/\/embryotools.com\/es\/wp-json\/wp\/v2\/product_cat?post=20584"},{"taxonomy":"product_tag","embeddable":true,"href":"https:\/\/embryotools.com\/es\/wp-json\/wp\/v2\/product_tag?post=20584"}],"curies":[{"name":"wp","href":"https:\/\/api.w.org\/{rel}","templated":true}]}}