{"id":8,"date":"2015-12-01T15:55:34","date_gmt":"2015-12-01T15:55:34","guid":{"rendered":"http:\/\/test.embryotools.com\/about-us\/"},"modified":"2025-07-17T12:20:22","modified_gmt":"2025-07-17T10:20:22","slug":"about-us","status":"publish","type":"page","link":"https:\/\/embryotools.com\/es\/about-us\/","title":{"rendered":"Quienes somos"},"content":{"rendered":"<p><\/p>\n<p style=\"text-align: left;\"><span class=\"font_8\"><a href=\"https:\/\/embryotools.com\/wp-content\/uploads\/2025\/07\/IMG_9349-scaled.jpg\"><img loading=\"lazy\" decoding=\"async\" class=\"size-medium wp-image-23281 alignright\" src=\"https:\/\/embryotools.com\/wp-content\/uploads\/2025\/07\/IMG_9349-scaled-200x300.jpg\" alt=\"\" width=\"200\" height=\"300\" srcset=\"https:\/\/embryotools.com\/wp-content\/uploads\/2025\/07\/IMG_9349-scaled-200x300.jpg 200w, https:\/\/embryotools.com\/wp-content\/uploads\/2025\/07\/IMG_9349-scaled-682x1024.jpg 682w, https:\/\/embryotools.com\/wp-content\/uploads\/2025\/07\/IMG_9349-scaled-768x1152.jpg 768w, https:\/\/embryotools.com\/wp-content\/uploads\/2025\/07\/IMG_9349-scaled-1024x1536.jpg 1024w, https:\/\/embryotools.com\/wp-content\/uploads\/2025\/07\/IMG_9349-scaled-1365x2048.jpg 1365w, https:\/\/embryotools.com\/wp-content\/uploads\/2025\/07\/IMG_9349-scaled-600x900.jpg 600w, https:\/\/embryotools.com\/wp-content\/uploads\/2025\/07\/IMG_9349-scaled.jpg 1706w\" sizes=\"auto, (max-width: 200px) 100vw, 200px\" \/><\/a>Embryotools ha sido fundada por cient\u00edficos de reputaci\u00f3n internacional, motivados por la innovaci\u00f3n y la excelencia, y apasionados por la mejora de las t\u00e9cnicas de reproducci\u00f3n asistida. <\/span><span class=\"font_8\">Con m\u00e1s de 30 a\u00f1os de experiencia en embriolog\u00eda cl\u00ednica y en reproducci\u00f3n animal, ofrecemos una amplia gama de conocimientos a especialistas del sector, desde profesionales de laboratorios de FIV a fabricantes.<\/span><\/p>\n<p class=\"alignJustify\"><span class=\"font_8\"><span class=\"color_30\">Mantenemos los m\u00e1s altos est\u00e1ndares en la b\u00fasqueda de la excelencia. Todos los servicios se llevan a cabo en nuestras propias instalaciones de \u00faltima generaci\u00f3n, equipadas con la tecnolog\u00eda m\u00e1s avanzada y las t\u00e9cnicas m\u00e1s innovadoras.<\/span><\/span><\/p>\n<p class=\"alignJustify\"><strong><span class=\"font_8\"><span class=\"color_30\">Nuestro equipo ofrece:<\/span><\/span><\/strong><\/p>\n<p class=\"alignJustify\"><span class=\"CSS1Compat\"><span class=\"alignJustify\"><span class=\"font_8\"><span class=\"color_30\">\u2022 Los Servicios de Control de Calidad m\u00e1s avanzados y completos para testar todo tipo de materiales, medios de cultivo o productos usados en los laboratorios de FIV.<\/span><\/span><\/span><\/span><\/p>\n<p class=\"alignJustify\"><span class=\"CSS1Compat\"><span class=\"alignJustify\"><span class=\"font_8\"><span class=\"color_30\">\u2022 Una Escuela de Formaci\u00f3n para compartir nuestra experiencia y conocimientos con profesionales que busquen la excelencia te\u00f3rica y t\u00e9cnica.<\/span><\/span><\/span><\/span><\/p>\n<p class=\"alignJustify\"><span class=\"CSS1Compat\"><span class=\"alignJustify\"><span class=\"font_8\"><span class=\"color_30\">\u2022 Servicios de Consultor\u00eda y Asesor\u00eda Cient\u00edfica y Cl\u00ednica independientes dirigidos a centros de reproducci\u00f3n que busquen mejorar resultados implementando mejores pr\u00e1cticas y protocolos, as\u00ed como a fabricantes que pretendan desarrollar y optimizar nuevos productos para la fecundaci\u00f3n in vitro, aprovechando nuestra larga experiencia y profundo conocimiento de las necesidades de los laboratorios de FIV.<\/span><\/span><\/span><\/span><\/p>\n<p class=\"alignJustify\"><span class=\"CSS1Compat\"><span class=\"alignJustify\"><span class=\"font_8\"><span class=\"color_30\">\u2022 El desarrollo y continua investigaci\u00f3n aplicando las t\u00e9cnicas m\u00e1s innovadoras para mejorar el rendimiento reproductivo de animales de \u00c9lite en nuestro Centro de Reproducci\u00f3n Animal.<\/span><\/span><\/span><\/span><\/p>\n<p class=\"alignJustify\"><span class=\"font_8\"><span class=\"bold\"><span class=\"color_30\">Perm\u00edtanos ser su socio en el \u00e9xito! <a>Contacte con nosotros ahora!<\/a><\/span><\/span><\/span><\/p>\n<p><\/p>","protected":false},"excerpt":{"rendered":"<p>Embryotools ha sido fundada por cient\u00edficos de reputaci\u00f3n internacional, motivados por la innovaci\u00f3n y la excelencia, y apasionados por la mejora de las t\u00e9cnicas de reproducci\u00f3n asistida. Con m\u00e1s de 30 a\u00f1os de experiencia en embriolog\u00eda cl\u00ednica y en reproducci\u00f3n animal, ofrecemos una amplia gama de conocimientos a especialistas del sector, desde profesionales de laboratorios&hellip;<\/p>\n","protected":false},"author":1,"featured_media":0,"parent":0,"menu_order":40,"comment_status":"closed","ping_status":"closed","template":"","meta":{"footnotes":""},"class_list":["post-8","page","type-page","status-publish","hentry"],"yoast_head":"<!-- This site is optimized with the Yoast SEO plugin v27.3 - https:\/\/yoast.com\/product\/yoast-seo-wordpress\/ -->\n<title>Quienes somos - Embryotools<\/title>\n<meta name=\"robots\" content=\"index, follow, max-snippet:-1, max-image-preview:large, max-video-preview:-1\" \/>\n<link rel=\"canonical\" href=\"https:\/\/embryotools.com\/about-us\/\" \/>\n<meta name=\"twitter:card\" content=\"summary_large_image\" \/>\n<meta name=\"twitter:title\" content=\"Quienes somos - Embryotools\" \/>\n<meta name=\"twitter:description\" content=\"Embryotools ha sido fundada por cient\u00edficos de reputaci\u00f3n internacional, motivados por la innovaci\u00f3n y la excelencia, y apasionados por la mejora de las t\u00e9cnicas de reproducci\u00f3n asistida. Con m\u00e1s de 30 a\u00f1os de experiencia en embriolog\u00eda cl\u00ednica y en reproducci\u00f3n animal, ofrecemos una amplia gama de conocimientos a especialistas del sector, desde profesionales de laboratorios&hellip;\" \/>\n<meta name=\"twitter:image\" content=\"https:\/\/static.wixstatic.com\/media\/b8ad96_de9d03419b74432d6d1bfa94ad5da2cc.png\/v1\/fill\/w_335,h_335,al_c,lg_1\/b8ad96_de9d03419b74432d6d1bfa94ad5da2cc.png\" \/>\n<meta name=\"twitter:site\" content=\"@embryotools\" \/>\n<meta name=\"twitter:label1\" content=\"Tiempo de lectura\" \/>\n\t<meta name=\"twitter:data1\" content=\"2 minutos\" \/>\n<script type=\"application\/ld+json\" class=\"yoast-schema-graph\">{\"@context\":\"https:\\\/\\\/schema.org\",\"@graph\":[{\"@type\":\"WebPage\",\"@id\":\"https:\\\/\\\/embryotools.com\\\/about-us\\\/\",\"url\":\"https:\\\/\\\/embryotools.com\\\/about-us\\\/\",\"name\":\"Quienes somos - Embryotools\",\"isPartOf\":{\"@id\":\"https:\\\/\\\/embryotools.com\\\/#website\"},\"primaryImageOfPage\":{\"@id\":\"https:\\\/\\\/embryotools.com\\\/about-us\\\/#primaryimage\"},\"image\":{\"@id\":\"https:\\\/\\\/embryotools.com\\\/about-us\\\/#primaryimage\"},\"thumbnailUrl\":\"https:\\\/\\\/embryotools.com\\\/wp-content\\\/uploads\\\/2025\\\/07\\\/IMG_9349-scaled-200x300.jpg\",\"datePublished\":\"2015-12-01T15:55:34+00:00\",\"dateModified\":\"2025-07-17T10:20:22+00:00\",\"breadcrumb\":{\"@id\":\"https:\\\/\\\/embryotools.com\\\/about-us\\\/#breadcrumb\"},\"inLanguage\":\"es\",\"potentialAction\":[{\"@type\":\"ReadAction\",\"target\":[\"https:\\\/\\\/embryotools.com\\\/about-us\\\/\"]}]},{\"@type\":\"ImageObject\",\"inLanguage\":\"es\",\"@id\":\"https:\\\/\\\/embryotools.com\\\/about-us\\\/#primaryimage\",\"url\":\"https:\\\/\\\/embryotools.com\\\/wp-content\\\/uploads\\\/2025\\\/07\\\/IMG_9349-scaled-200x300.jpg\",\"contentUrl\":\"https:\\\/\\\/embryotools.com\\\/wp-content\\\/uploads\\\/2025\\\/07\\\/IMG_9349-scaled-200x300.jpg\"},{\"@type\":\"BreadcrumbList\",\"@id\":\"https:\\\/\\\/embryotools.com\\\/about-us\\\/#breadcrumb\",\"itemListElement\":[{\"@type\":\"ListItem\",\"position\":1,\"name\":\"Home\",\"item\":\"https:\\\/\\\/embryotools.com\\\/\"},{\"@type\":\"ListItem\",\"position\":2,\"name\":\"\u5173\u4e8e\u6211\u4eec\"}]},{\"@type\":\"WebSite\",\"@id\":\"https:\\\/\\\/embryotools.com\\\/#website\",\"url\":\"https:\\\/\\\/embryotools.com\\\/\",\"name\":\"Embryotools\",\"description\":\"for better results\",\"publisher\":{\"@id\":\"https:\\\/\\\/embryotools.com\\\/#organization\"},\"potentialAction\":[{\"@type\":\"SearchAction\",\"target\":{\"@type\":\"EntryPoint\",\"urlTemplate\":\"https:\\\/\\\/embryotools.com\\\/?s={search_term_string}\"},\"query-input\":{\"@type\":\"PropertyValueSpecification\",\"valueRequired\":true,\"valueName\":\"search_term_string\"}}],\"inLanguage\":\"es\"},{\"@type\":\"Organization\",\"@id\":\"https:\\\/\\\/embryotools.com\\\/#organization\",\"name\":\"Embryotools\",\"url\":\"https:\\\/\\\/embryotools.com\\\/\",\"logo\":{\"@type\":\"ImageObject\",\"inLanguage\":\"es\",\"@id\":\"https:\\\/\\\/embryotools.com\\\/#\\\/schema\\\/logo\\\/image\\\/\",\"url\":\"https:\\\/\\\/embryotools.com\\\/wp-content\\\/uploads\\\/2017\\\/01\\\/embryotools_logo_trans_500-2.png\",\"contentUrl\":\"https:\\\/\\\/embryotools.com\\\/wp-content\\\/uploads\\\/2017\\\/01\\\/embryotools_logo_trans_500-2.png\",\"width\":250,\"height\":59,\"caption\":\"Embryotools\"},\"image\":{\"@id\":\"https:\\\/\\\/embryotools.com\\\/#\\\/schema\\\/logo\\\/image\\\/\"},\"sameAs\":[\"https:\\\/\\\/www.facebook.com\\\/embryotools\",\"https:\\\/\\\/x.com\\\/embryotools\",\"https:\\\/\\\/www.linkedin.com\\\/company\\\/embryotools\"]}]}<\/script>\n<!-- \/ Yoast SEO plugin. -->","yoast_head_json":{"title":"Quienes somos - Embryotools","robots":{"index":"index","follow":"follow","max-snippet":"max-snippet:-1","max-image-preview":"max-image-preview:large","max-video-preview":"max-video-preview:-1"},"canonical":"https:\/\/embryotools.com\/about-us\/","twitter_card":"summary_large_image","twitter_title":"Quienes somos - Embryotools","twitter_description":"Embryotools ha sido fundada por cient\u00edficos de reputaci\u00f3n internacional, motivados por la innovaci\u00f3n y la excelencia, y apasionados por la mejora de las t\u00e9cnicas de reproducci\u00f3n asistida. Con m\u00e1s de 30 a\u00f1os de experiencia en embriolog\u00eda cl\u00ednica y en reproducci\u00f3n animal, ofrecemos una amplia gama de conocimientos a especialistas del sector, desde profesionales de laboratorios&hellip;","twitter_image":"https:\/\/static.wixstatic.com\/media\/b8ad96_de9d03419b74432d6d1bfa94ad5da2cc.png\/v1\/fill\/w_335,h_335,al_c,lg_1\/b8ad96_de9d03419b74432d6d1bfa94ad5da2cc.png","twitter_site":"@embryotools","twitter_misc":{"Tiempo de lectura":"2 minutos"},"schema":{"@context":"https:\/\/schema.org","@graph":[{"@type":"WebPage","@id":"https:\/\/embryotools.com\/about-us\/","url":"https:\/\/embryotools.com\/about-us\/","name":"Quienes somos - Embryotools","isPartOf":{"@id":"https:\/\/embryotools.com\/#website"},"primaryImageOfPage":{"@id":"https:\/\/embryotools.com\/about-us\/#primaryimage"},"image":{"@id":"https:\/\/embryotools.com\/about-us\/#primaryimage"},"thumbnailUrl":"https:\/\/embryotools.com\/wp-content\/uploads\/2025\/07\/IMG_9349-scaled-200x300.jpg","datePublished":"2015-12-01T15:55:34+00:00","dateModified":"2025-07-17T10:20:22+00:00","breadcrumb":{"@id":"https:\/\/embryotools.com\/about-us\/#breadcrumb"},"inLanguage":"es","potentialAction":[{"@type":"ReadAction","target":["https:\/\/embryotools.com\/about-us\/"]}]},{"@type":"ImageObject","inLanguage":"es","@id":"https:\/\/embryotools.com\/about-us\/#primaryimage","url":"https:\/\/embryotools.com\/wp-content\/uploads\/2025\/07\/IMG_9349-scaled-200x300.jpg","contentUrl":"https:\/\/embryotools.com\/wp-content\/uploads\/2025\/07\/IMG_9349-scaled-200x300.jpg"},{"@type":"BreadcrumbList","@id":"https:\/\/embryotools.com\/about-us\/#breadcrumb","itemListElement":[{"@type":"ListItem","position":1,"name":"Home","item":"https:\/\/embryotools.com\/"},{"@type":"ListItem","position":2,"name":"\u5173\u4e8e\u6211\u4eec"}]},{"@type":"WebSite","@id":"https:\/\/embryotools.com\/#website","url":"https:\/\/embryotools.com\/","name":"Embryotools","description":"for better results","publisher":{"@id":"https:\/\/embryotools.com\/#organization"},"potentialAction":[{"@type":"SearchAction","target":{"@type":"EntryPoint","urlTemplate":"https:\/\/embryotools.com\/?s={search_term_string}"},"query-input":{"@type":"PropertyValueSpecification","valueRequired":true,"valueName":"search_term_string"}}],"inLanguage":"es"},{"@type":"Organization","@id":"https:\/\/embryotools.com\/#organization","name":"Embryotools","url":"https:\/\/embryotools.com\/","logo":{"@type":"ImageObject","inLanguage":"es","@id":"https:\/\/embryotools.com\/#\/schema\/logo\/image\/","url":"https:\/\/embryotools.com\/wp-content\/uploads\/2017\/01\/embryotools_logo_trans_500-2.png","contentUrl":"https:\/\/embryotools.com\/wp-content\/uploads\/2017\/01\/embryotools_logo_trans_500-2.png","width":250,"height":59,"caption":"Embryotools"},"image":{"@id":"https:\/\/embryotools.com\/#\/schema\/logo\/image\/"},"sameAs":["https:\/\/www.facebook.com\/embryotools","https:\/\/x.com\/embryotools","https:\/\/www.linkedin.com\/company\/embryotools"]}]}},"_links":{"self":[{"href":"https:\/\/embryotools.com\/es\/wp-json\/wp\/v2\/pages\/8","targetHints":{"allow":["GET"]}}],"collection":[{"href":"https:\/\/embryotools.com\/es\/wp-json\/wp\/v2\/pages"}],"about":[{"href":"https:\/\/embryotools.com\/es\/wp-json\/wp\/v2\/types\/page"}],"author":[{"embeddable":true,"href":"https:\/\/embryotools.com\/es\/wp-json\/wp\/v2\/users\/1"}],"replies":[{"embeddable":true,"href":"https:\/\/embryotools.com\/es\/wp-json\/wp\/v2\/comments?post=8"}],"version-history":[{"count":14,"href":"https:\/\/embryotools.com\/es\/wp-json\/wp\/v2\/pages\/8\/revisions"}],"predecessor-version":[{"id":23286,"href":"https:\/\/embryotools.com\/es\/wp-json\/wp\/v2\/pages\/8\/revisions\/23286"}],"wp:attachment":[{"href":"https:\/\/embryotools.com\/es\/wp-json\/wp\/v2\/media?parent=8"}],"curies":[{"name":"wp","href":"https:\/\/api.w.org\/{rel}","templated":true}]}}