{"id":5,"date":"2015-12-01T15:55:06","date_gmt":"2015-12-01T15:55:06","guid":{"rendered":"http:\/\/test.embryotools.com\/location\/"},"modified":"2019-05-02T13:19:49","modified_gmt":"2019-05-02T11:19:49","slug":"location","status":"publish","type":"page","link":"https:\/\/embryotools.com\/es\/location\/","title":{"rendered":"Ubicaci\u00f3n"},"content":{"rendered":"<p class=\"qtranxs-available-languages-message qtranxs-available-languages-message-es\">Disculpa, pero esta entrada est\u00e1 disponible s\u00f3lo en <a href=\"https:\/\/embryotools.com\/en\/wp-json\/wp\/v2\/pages\/5\" class=\"qtranxs-available-language-link qtranxs-available-language-link-en\" title=\"English\">English<\/a>. For the sake of viewer convenience, the content is shown below in the alternative language. You may click the link to switch the active language.<\/p><p><strong><div id=\"lmm_1455f0ab\" style=\"width:100%;\" class=\"mapsmarker markermap marker-1\">\n<div id=\"lmm_panel_1455f0ab\" class=\"lmm-panel\" style=\"background:#efefef;\">\n<div id=\"lmm_panel_api_1455f0ab\" class=\"lmm-panel-api\"><a href=\"https:\/\/maps.google.com\/maps?daddr=Avinguda+del+Doctor+Mara%C3%B1%C3%B3n+8++Catalunya%2C+Spain&amp;t=m&amp;layer=1&amp;doflg=ptk&amp;om=0\" target=\"_blank\" title=\"Obtener indicaciones\"><img loading=\"lazy\" decoding=\"async\" alt=\"icon-car.png\" src=\"https:\/\/embryotools.com\/wp-content\/plugins\/leaflet-maps-marker\/inc\/img\/icon-car.png\" width=\"14\" height=\"14\" class=\"lmm-panel-api-images\" \/><\/a><\/div><div id=\"lmm_panel_text_1455f0ab\" class=\"lmm-panel-text\" style=\"font-weight:bold;color:#373737;\">Embryotools S.L.<\/div><\/div>\n<div id=\"lmm_map_1455f0ab\" class=\"lmm-map\" style=\"background:#f6f6f6;border:1px solid #ccc;height:250px; overflow:hidden;padding:0;\"><p style=\"font-size:80%;color:#9f9e9e;margin-left:5px;\">cargando mapa - por favor, espere...<noscript><br\/><strong>El mapa no ha podido ser cargado - por favor, \u00a1active Javascript!<\/strong><br\/><a style=\"text-decoration:none;\" href=\"https:\/\/www.mapsmarker.com\/js-disabled\" target=\"_blank\">&rarr; m\u00e1s informaci\u00f3n<\/a><\/noscript><\/p><\/div>\n<div id=\"lmm_geo_tags_1455f0ab\" class=\"lmm-geo-tags geo\">\n<span class=\"paneltext\">Embryotools S.L.<\/span>\n<span class=\"latitude\">41.381236<\/span>, <span class=\"longitude\">2.116885<\/span>\n<span class=\"popuptext\"><\/span>\n<\/div>\n<\/div><\/strong><\/p>\n<p>&nbsp;<\/p>\n<p><strong>Embryotools S.L.<\/strong><\/p>\n<p>Avenida Doctor Mara\u00f1on 8<\/p>\n<p>Barcelona , 08028<\/p>\n<p>Phone: +34.934497198<\/p>\n<p>&nbsp;<\/p>","protected":false},"excerpt":{"rendered":"<p>Disculpa, pero esta entrada est\u00e1 disponible s\u00f3lo en English. For the sake of viewer convenience, the content is shown below in the alternative language. You may click the link to switch the active language. &nbsp; Embryotools S.L. Avenida Doctor Mara\u00f1on 8 Barcelona , 08028 Phone: +34.934497198 &nbsp;<\/p>\n","protected":false},"author":1,"featured_media":0,"parent":0,"menu_order":700,"comment_status":"closed","ping_status":"closed","template":"","meta":{"footnotes":""},"class_list":["post-5","page","type-page","status-publish","hentry"],"yoast_head":"<!-- This site is optimized with the Yoast SEO plugin v27.4 - https:\/\/yoast.com\/product\/yoast-seo-wordpress\/ -->\n<title>Ubicaci\u00f3n - Embryotools<\/title>\n<meta name=\"robots\" content=\"index, follow, max-snippet:-1, max-image-preview:large, max-video-preview:-1\" \/>\n<link rel=\"canonical\" href=\"https:\/\/embryotools.com\/location\/\" \/>\n<meta name=\"twitter:card\" content=\"summary_large_image\" \/>\n<meta name=\"twitter:title\" content=\"Ubicaci\u00f3n - Embryotools\" \/>\n<meta name=\"twitter:description\" content=\"Disculpa, pero esta entrada est\u00e1 disponible s\u00f3lo en English. For the sake of viewer convenience, the content is shown below in the alternative language. You may click the link to switch the active language. &nbsp; Embryotools S.L. Avenida Doctor Mara\u00f1on 8 Barcelona , 08028 Phone: +34.934497198 &nbsp;\" \/>\n<meta name=\"twitter:site\" content=\"@embryotools\" \/>\n<script type=\"application\/ld+json\" class=\"yoast-schema-graph\">{\"@context\":\"https:\\\/\\\/schema.org\",\"@graph\":[{\"@type\":\"WebPage\",\"@id\":\"https:\\\/\\\/embryotools.com\\\/location\\\/\",\"url\":\"https:\\\/\\\/embryotools.com\\\/location\\\/\",\"name\":\"Ubicaci\u00f3n - Embryotools\",\"isPartOf\":{\"@id\":\"https:\\\/\\\/embryotools.com\\\/#website\"},\"datePublished\":\"2015-12-01T15:55:06+00:00\",\"dateModified\":\"2019-05-02T11:19:49+00:00\",\"breadcrumb\":{\"@id\":\"https:\\\/\\\/embryotools.com\\\/location\\\/#breadcrumb\"},\"inLanguage\":\"es\",\"potentialAction\":[{\"@type\":\"ReadAction\",\"target\":[\"https:\\\/\\\/embryotools.com\\\/location\\\/\"]}]},{\"@type\":\"BreadcrumbList\",\"@id\":\"https:\\\/\\\/embryotools.com\\\/location\\\/#breadcrumb\",\"itemListElement\":[{\"@type\":\"ListItem\",\"position\":1,\"name\":\"Home\",\"item\":\"https:\\\/\\\/embryotools.com\\\/\"},{\"@type\":\"ListItem\",\"position\":2,\"name\":\"Location\"}]},{\"@type\":\"WebSite\",\"@id\":\"https:\\\/\\\/embryotools.com\\\/#website\",\"url\":\"https:\\\/\\\/embryotools.com\\\/\",\"name\":\"Embryotools\",\"description\":\"for better results\",\"publisher\":{\"@id\":\"https:\\\/\\\/embryotools.com\\\/#organization\"},\"potentialAction\":[{\"@type\":\"SearchAction\",\"target\":{\"@type\":\"EntryPoint\",\"urlTemplate\":\"https:\\\/\\\/embryotools.com\\\/?s={search_term_string}\"},\"query-input\":{\"@type\":\"PropertyValueSpecification\",\"valueRequired\":true,\"valueName\":\"search_term_string\"}}],\"inLanguage\":\"es\"},{\"@type\":\"Organization\",\"@id\":\"https:\\\/\\\/embryotools.com\\\/#organization\",\"name\":\"Embryotools\",\"url\":\"https:\\\/\\\/embryotools.com\\\/\",\"logo\":{\"@type\":\"ImageObject\",\"inLanguage\":\"es\",\"@id\":\"https:\\\/\\\/embryotools.com\\\/#\\\/schema\\\/logo\\\/image\\\/\",\"url\":\"https:\\\/\\\/embryotools.com\\\/wp-content\\\/uploads\\\/2017\\\/01\\\/embryotools_logo_trans_500-2.png\",\"contentUrl\":\"https:\\\/\\\/embryotools.com\\\/wp-content\\\/uploads\\\/2017\\\/01\\\/embryotools_logo_trans_500-2.png\",\"width\":250,\"height\":59,\"caption\":\"Embryotools\"},\"image\":{\"@id\":\"https:\\\/\\\/embryotools.com\\\/#\\\/schema\\\/logo\\\/image\\\/\"},\"sameAs\":[\"https:\\\/\\\/www.facebook.com\\\/embryotools\",\"https:\\\/\\\/x.com\\\/embryotools\",\"https:\\\/\\\/www.linkedin.com\\\/company\\\/embryotools\"]}]}<\/script>\n<!-- \/ Yoast SEO plugin. -->","yoast_head_json":{"title":"Ubicaci\u00f3n - Embryotools","robots":{"index":"index","follow":"follow","max-snippet":"max-snippet:-1","max-image-preview":"max-image-preview:large","max-video-preview":"max-video-preview:-1"},"canonical":"https:\/\/embryotools.com\/location\/","twitter_card":"summary_large_image","twitter_title":"Ubicaci\u00f3n - Embryotools","twitter_description":"Disculpa, pero esta entrada est\u00e1 disponible s\u00f3lo en English. For the sake of viewer convenience, the content is shown below in the alternative language. You may click the link to switch the active language. &nbsp; Embryotools S.L. Avenida Doctor Mara\u00f1on 8 Barcelona , 08028 Phone: +34.934497198 &nbsp;","twitter_site":"@embryotools","schema":{"@context":"https:\/\/schema.org","@graph":[{"@type":"WebPage","@id":"https:\/\/embryotools.com\/location\/","url":"https:\/\/embryotools.com\/location\/","name":"Ubicaci\u00f3n - Embryotools","isPartOf":{"@id":"https:\/\/embryotools.com\/#website"},"datePublished":"2015-12-01T15:55:06+00:00","dateModified":"2019-05-02T11:19:49+00:00","breadcrumb":{"@id":"https:\/\/embryotools.com\/location\/#breadcrumb"},"inLanguage":"es","potentialAction":[{"@type":"ReadAction","target":["https:\/\/embryotools.com\/location\/"]}]},{"@type":"BreadcrumbList","@id":"https:\/\/embryotools.com\/location\/#breadcrumb","itemListElement":[{"@type":"ListItem","position":1,"name":"Home","item":"https:\/\/embryotools.com\/"},{"@type":"ListItem","position":2,"name":"Location"}]},{"@type":"WebSite","@id":"https:\/\/embryotools.com\/#website","url":"https:\/\/embryotools.com\/","name":"Embryotools","description":"for better results","publisher":{"@id":"https:\/\/embryotools.com\/#organization"},"potentialAction":[{"@type":"SearchAction","target":{"@type":"EntryPoint","urlTemplate":"https:\/\/embryotools.com\/?s={search_term_string}"},"query-input":{"@type":"PropertyValueSpecification","valueRequired":true,"valueName":"search_term_string"}}],"inLanguage":"es"},{"@type":"Organization","@id":"https:\/\/embryotools.com\/#organization","name":"Embryotools","url":"https:\/\/embryotools.com\/","logo":{"@type":"ImageObject","inLanguage":"es","@id":"https:\/\/embryotools.com\/#\/schema\/logo\/image\/","url":"https:\/\/embryotools.com\/wp-content\/uploads\/2017\/01\/embryotools_logo_trans_500-2.png","contentUrl":"https:\/\/embryotools.com\/wp-content\/uploads\/2017\/01\/embryotools_logo_trans_500-2.png","width":250,"height":59,"caption":"Embryotools"},"image":{"@id":"https:\/\/embryotools.com\/#\/schema\/logo\/image\/"},"sameAs":["https:\/\/www.facebook.com\/embryotools","https:\/\/x.com\/embryotools","https:\/\/www.linkedin.com\/company\/embryotools"]}]}},"_links":{"self":[{"href":"https:\/\/embryotools.com\/es\/wp-json\/wp\/v2\/pages\/5","targetHints":{"allow":["GET"]}}],"collection":[{"href":"https:\/\/embryotools.com\/es\/wp-json\/wp\/v2\/pages"}],"about":[{"href":"https:\/\/embryotools.com\/es\/wp-json\/wp\/v2\/types\/page"}],"author":[{"embeddable":true,"href":"https:\/\/embryotools.com\/es\/wp-json\/wp\/v2\/users\/1"}],"replies":[{"embeddable":true,"href":"https:\/\/embryotools.com\/es\/wp-json\/wp\/v2\/comments?post=5"}],"version-history":[{"count":5,"href":"https:\/\/embryotools.com\/es\/wp-json\/wp\/v2\/pages\/5\/revisions"}],"predecessor-version":[{"id":20317,"href":"https:\/\/embryotools.com\/es\/wp-json\/wp\/v2\/pages\/5\/revisions\/20317"}],"wp:attachment":[{"href":"https:\/\/embryotools.com\/es\/wp-json\/wp\/v2\/media?parent=5"}],"curies":[{"name":"wp","href":"https:\/\/api.w.org\/{rel}","templated":true}]}}