{"id":300,"date":"2016-03-18T12:16:10","date_gmt":"2016-03-18T12:16:10","guid":{"rendered":"https:\/\/embryotools.com\/?page_id=300"},"modified":"2017-03-14T17:16:56","modified_gmt":"2017-03-14T16:16:56","slug":"terms-of-use","status":"publish","type":"page","link":"https:\/\/embryotools.com\/es\/terms-of-use\/","title":{"rendered":"T\u00e9rminos de uso"},"content":{"rendered":"<p><span class=\"font_8\">Bienvenidos a la Web de Embryotools. La informaci\u00f3n proporcionada en este sitio es para prop\u00f3sitos generales de informativos y educativos solamente. Al acceder o usar este sitio, usted reconoce que ha le\u00eddo, entendido y acordado los t\u00e9rminos del acuerdo de uso. Si no aceptas los t\u00e9rminos de uso, no podr\u00e1 acceder ni utilizar el sitio.<\/span><\/p>\n<p>&nbsp;<\/p>\n<p><span class=\"font_8\">1. Uso del sitio Web. La informaci\u00f3n proporcionada en este sitio es para fines informativos y educativos generales. Ciertas secciones de este sitio Web est\u00e1n destinadas a audiencias particulares. Su acceso y uso de la informaci\u00f3n contenida en el sitio Web est\u00e1 sujeto a este acuerdo de t\u00e9rminos de uso. Al acceder y utilizar este sitio Web, usted acepta, sin limitaci\u00f3n o calificaci\u00f3n, este acuerdo de t\u00e9rminos de uso.<\/span><br \/>\n<span class=\"font_8\">2. Contenido. Embryotools utilizar\u00e1 esfuerzos razonables para incluir informaci\u00f3n precisa y actualizada en este sitio Web, pero no hace garant\u00edas ni representaciones de ning\u00fan tipo en cuanto a su exactitud, moneda o integridad. Embryotools renuncia a toda garant\u00eda, expresa o impl\u00edcita, incluyendo garant\u00edas de comerciabilidad o idoneidad para un prop\u00f3sito en particular. Ni Embryotools ni ninguna parte involucrada en crear, producir o entregar este sitio Web ser\u00e1 responsable por ning\u00fan da\u00f1o, incluyendo sin limitaci\u00f3n, directo, INCIDENTALES, CONSECUENTES, indirectos o PUNITIVOS, que surjan de acceso a, uso de o incapacidad para utilizar este sitio Web, o cualquier error u omisi\u00f3n en el contenido del mismo. Esta limitaci\u00f3n incluye da\u00f1os a, o por cualquier virus que infectar su equipo inform\u00e1tico.<\/span><br \/>\n<span class=\"font_8\">3. Indemnizaci\u00f3n. Usted acepta indemnizar, defender y Embryotools inofensivo, sus oficiales, directores, empleados, agentes, proveedores y socios terceros de y contra todas las p\u00e9rdidas, gastos, da\u00f1os y gastos, incluyendo honorarios razonables de abogados, resultantes de cualquier violaci\u00f3n por usted de estos t\u00e9rminos de uso.<\/span><br \/>\n<span class=\"font_8\">4. Privacidad. Se utilizar\u00e1 cualquier informaci\u00f3n suministrada por usted al usar el sitio por Embryotools acuerdo con nuestra pol\u00edtica de privacidad.<\/span><br \/>\n<span class=\"font_8\">5. Sitios Web de terceros y enlaces. Este sitio Web puede contener enlaces o referencias a otros sitios Web mantenidos por terceras partes.\u00a0\u00a0 Embryotools asume ninguna responsabilidad por y se exime de toda responsabilidad en relaci\u00f3n con el contenido, exactitud, integridad o puntualidad de cualquier sitios web de terceros a las que est\u00e1 vinculado este sitio y las pr\u00e1cticas de privacidad y calidad de productos o servicios proporcionados por o anunciados en o en relaci\u00f3n con tales sitios de terceros.<\/span><br \/>\n<span class=\"font_8\">6. Marcas comerciales y derechos de autor. Todo el contenido textual, gr\u00e1fico y otros actualmente creado por o para Embryotools y sus afiliados y que aparecen en este sitio es propiedad \u00fanica y exclusiva de Embryotools.\u00a0\u00a0 Copia de cualquier contenido generado por este sitio sin Embryotools escrito consentimiento est\u00e1 estrictamente prohibido.<\/span><br \/>\n<span class=\"font_8\">7. Que rigen las leyes.\u00a0\u00a0 Este sitio Web y sus contenidos pretenden cumplir con las leyes y reglamentos en Espa\u00f1a.<br \/>\nEste acuerdo de t\u00e9rminos de uso y su uso del sitio Web se regir\u00e1n por las leyes de Espa\u00f1a.\u00a0 Cualquier acci\u00f3n legal o procedimiento relacionado con este sitio Web ser\u00e1 tra\u00eddo exclusivamente en un tribunal de jurisdicci\u00f3n competente en Espa\u00f1a.<\/span><br \/>\n<span class=\"font_8\">8. Disposiciones varias. Si cualquier disposici\u00f3n de este acuerdo es considerada ilegal, nula o inaplicable, entonces dicha disposici\u00f3n ser\u00e1 separable sin afectar la exigibilidad de todas las disposiciones restantes. Embryotools se reserva el derecho de alterar o eliminar materiales de este sitio Web en cualquier momento a su discreci\u00f3n.<\/span><\/p>","protected":false},"excerpt":{"rendered":"<p>Bienvenidos a la Web de Embryotools. La informaci\u00f3n proporcionada en este sitio es para prop\u00f3sitos generales de informativos y educativos solamente. Al acceder o usar este sitio, usted reconoce que ha le\u00eddo, entendido y acordado los t\u00e9rminos del acuerdo de uso. Si no aceptas los t\u00e9rminos de uso, no podr\u00e1 acceder ni utilizar el sitio.&hellip;<\/p>\n","protected":false},"author":1,"featured_media":0,"parent":0,"menu_order":0,"comment_status":"closed","ping_status":"closed","template":"","meta":{"footnotes":""},"class_list":["post-300","page","type-page","status-publish","hentry"],"yoast_head":"<!-- This site is optimized with the Yoast SEO plugin v27.3 - https:\/\/yoast.com\/product\/yoast-seo-wordpress\/ -->\n<title>T\u00e9rminos de uso - Embryotools<\/title>\n<meta name=\"robots\" content=\"index, follow, max-snippet:-1, max-image-preview:large, max-video-preview:-1\" \/>\n<link rel=\"canonical\" href=\"https:\/\/embryotools.com\/terms-of-use\/\" \/>\n<meta name=\"twitter:card\" content=\"summary_large_image\" \/>\n<meta name=\"twitter:title\" content=\"T\u00e9rminos de uso - Embryotools\" \/>\n<meta name=\"twitter:description\" content=\"Bienvenidos a la Web de Embryotools. La informaci\u00f3n proporcionada en este sitio es para prop\u00f3sitos generales de informativos y educativos solamente. Al acceder o usar este sitio, usted reconoce que ha le\u00eddo, entendido y acordado los t\u00e9rminos del acuerdo de uso. Si no aceptas los t\u00e9rminos de uso, no podr\u00e1 acceder ni utilizar el sitio.&hellip;\" \/>\n<meta name=\"twitter:site\" content=\"@embryotools\" \/>\n<meta name=\"twitter:label1\" content=\"Tiempo de lectura\" \/>\n\t<meta name=\"twitter:data1\" content=\"6 minutos\" \/>\n<script type=\"application\/ld+json\" class=\"yoast-schema-graph\">{\"@context\":\"https:\\\/\\\/schema.org\",\"@graph\":[{\"@type\":\"WebPage\",\"@id\":\"https:\\\/\\\/embryotools.com\\\/terms-of-use\\\/\",\"url\":\"https:\\\/\\\/embryotools.com\\\/terms-of-use\\\/\",\"name\":\"T\u00e9rminos de uso - Embryotools\",\"isPartOf\":{\"@id\":\"https:\\\/\\\/embryotools.com\\\/#website\"},\"datePublished\":\"2016-03-18T12:16:10+00:00\",\"dateModified\":\"2017-03-14T16:16:56+00:00\",\"breadcrumb\":{\"@id\":\"https:\\\/\\\/embryotools.com\\\/terms-of-use\\\/#breadcrumb\"},\"inLanguage\":\"es\",\"potentialAction\":[{\"@type\":\"ReadAction\",\"target\":[\"https:\\\/\\\/embryotools.com\\\/terms-of-use\\\/\"]}]},{\"@type\":\"BreadcrumbList\",\"@id\":\"https:\\\/\\\/embryotools.com\\\/terms-of-use\\\/#breadcrumb\",\"itemListElement\":[{\"@type\":\"ListItem\",\"position\":1,\"name\":\"Home\",\"item\":\"https:\\\/\\\/embryotools.com\\\/\"},{\"@type\":\"ListItem\",\"position\":2,\"name\":\"Terms of use\"}]},{\"@type\":\"WebSite\",\"@id\":\"https:\\\/\\\/embryotools.com\\\/#website\",\"url\":\"https:\\\/\\\/embryotools.com\\\/\",\"name\":\"Embryotools\",\"description\":\"for better results\",\"publisher\":{\"@id\":\"https:\\\/\\\/embryotools.com\\\/#organization\"},\"potentialAction\":[{\"@type\":\"SearchAction\",\"target\":{\"@type\":\"EntryPoint\",\"urlTemplate\":\"https:\\\/\\\/embryotools.com\\\/?s={search_term_string}\"},\"query-input\":{\"@type\":\"PropertyValueSpecification\",\"valueRequired\":true,\"valueName\":\"search_term_string\"}}],\"inLanguage\":\"es\"},{\"@type\":\"Organization\",\"@id\":\"https:\\\/\\\/embryotools.com\\\/#organization\",\"name\":\"Embryotools\",\"url\":\"https:\\\/\\\/embryotools.com\\\/\",\"logo\":{\"@type\":\"ImageObject\",\"inLanguage\":\"es\",\"@id\":\"https:\\\/\\\/embryotools.com\\\/#\\\/schema\\\/logo\\\/image\\\/\",\"url\":\"https:\\\/\\\/embryotools.com\\\/wp-content\\\/uploads\\\/2017\\\/01\\\/embryotools_logo_trans_500-2.png\",\"contentUrl\":\"https:\\\/\\\/embryotools.com\\\/wp-content\\\/uploads\\\/2017\\\/01\\\/embryotools_logo_trans_500-2.png\",\"width\":250,\"height\":59,\"caption\":\"Embryotools\"},\"image\":{\"@id\":\"https:\\\/\\\/embryotools.com\\\/#\\\/schema\\\/logo\\\/image\\\/\"},\"sameAs\":[\"https:\\\/\\\/www.facebook.com\\\/embryotools\",\"https:\\\/\\\/x.com\\\/embryotools\",\"https:\\\/\\\/www.linkedin.com\\\/company\\\/embryotools\"]}]}<\/script>\n<!-- \/ Yoast SEO plugin. -->","yoast_head_json":{"title":"T\u00e9rminos de uso - Embryotools","robots":{"index":"index","follow":"follow","max-snippet":"max-snippet:-1","max-image-preview":"max-image-preview:large","max-video-preview":"max-video-preview:-1"},"canonical":"https:\/\/embryotools.com\/terms-of-use\/","twitter_card":"summary_large_image","twitter_title":"T\u00e9rminos de uso - Embryotools","twitter_description":"Bienvenidos a la Web de Embryotools. La informaci\u00f3n proporcionada en este sitio es para prop\u00f3sitos generales de informativos y educativos solamente. Al acceder o usar este sitio, usted reconoce que ha le\u00eddo, entendido y acordado los t\u00e9rminos del acuerdo de uso. Si no aceptas los t\u00e9rminos de uso, no podr\u00e1 acceder ni utilizar el sitio.&hellip;","twitter_site":"@embryotools","twitter_misc":{"Tiempo de lectura":"6 minutos"},"schema":{"@context":"https:\/\/schema.org","@graph":[{"@type":"WebPage","@id":"https:\/\/embryotools.com\/terms-of-use\/","url":"https:\/\/embryotools.com\/terms-of-use\/","name":"T\u00e9rminos de uso - Embryotools","isPartOf":{"@id":"https:\/\/embryotools.com\/#website"},"datePublished":"2016-03-18T12:16:10+00:00","dateModified":"2017-03-14T16:16:56+00:00","breadcrumb":{"@id":"https:\/\/embryotools.com\/terms-of-use\/#breadcrumb"},"inLanguage":"es","potentialAction":[{"@type":"ReadAction","target":["https:\/\/embryotools.com\/terms-of-use\/"]}]},{"@type":"BreadcrumbList","@id":"https:\/\/embryotools.com\/terms-of-use\/#breadcrumb","itemListElement":[{"@type":"ListItem","position":1,"name":"Home","item":"https:\/\/embryotools.com\/"},{"@type":"ListItem","position":2,"name":"Terms of use"}]},{"@type":"WebSite","@id":"https:\/\/embryotools.com\/#website","url":"https:\/\/embryotools.com\/","name":"Embryotools","description":"for better results","publisher":{"@id":"https:\/\/embryotools.com\/#organization"},"potentialAction":[{"@type":"SearchAction","target":{"@type":"EntryPoint","urlTemplate":"https:\/\/embryotools.com\/?s={search_term_string}"},"query-input":{"@type":"PropertyValueSpecification","valueRequired":true,"valueName":"search_term_string"}}],"inLanguage":"es"},{"@type":"Organization","@id":"https:\/\/embryotools.com\/#organization","name":"Embryotools","url":"https:\/\/embryotools.com\/","logo":{"@type":"ImageObject","inLanguage":"es","@id":"https:\/\/embryotools.com\/#\/schema\/logo\/image\/","url":"https:\/\/embryotools.com\/wp-content\/uploads\/2017\/01\/embryotools_logo_trans_500-2.png","contentUrl":"https:\/\/embryotools.com\/wp-content\/uploads\/2017\/01\/embryotools_logo_trans_500-2.png","width":250,"height":59,"caption":"Embryotools"},"image":{"@id":"https:\/\/embryotools.com\/#\/schema\/logo\/image\/"},"sameAs":["https:\/\/www.facebook.com\/embryotools","https:\/\/x.com\/embryotools","https:\/\/www.linkedin.com\/company\/embryotools"]}]}},"_links":{"self":[{"href":"https:\/\/embryotools.com\/es\/wp-json\/wp\/v2\/pages\/300","targetHints":{"allow":["GET"]}}],"collection":[{"href":"https:\/\/embryotools.com\/es\/wp-json\/wp\/v2\/pages"}],"about":[{"href":"https:\/\/embryotools.com\/es\/wp-json\/wp\/v2\/types\/page"}],"author":[{"embeddable":true,"href":"https:\/\/embryotools.com\/es\/wp-json\/wp\/v2\/users\/1"}],"replies":[{"embeddable":true,"href":"https:\/\/embryotools.com\/es\/wp-json\/wp\/v2\/comments?post=300"}],"version-history":[{"count":2,"href":"https:\/\/embryotools.com\/es\/wp-json\/wp\/v2\/pages\/300\/revisions"}],"predecessor-version":[{"id":1016,"href":"https:\/\/embryotools.com\/es\/wp-json\/wp\/v2\/pages\/300\/revisions\/1016"}],"wp:attachment":[{"href":"https:\/\/embryotools.com\/es\/wp-json\/wp\/v2\/media?parent=300"}],"curies":[{"name":"wp","href":"https:\/\/api.w.org\/{rel}","templated":true}]}}