{"id":296,"date":"2016-03-18T12:15:36","date_gmt":"2016-03-18T12:15:36","guid":{"rendered":"https:\/\/embryotools.com\/?page_id=296"},"modified":"2020-02-17T16:53:38","modified_gmt":"2020-02-17T15:53:38","slug":"privacy-policy","status":"publish","type":"page","link":"https:\/\/embryotools.com\/es\/privacy-policy\/","title":{"rendered":"Pol\u00edtica de privacidad"},"content":{"rendered":"<p>De conformidad con la legislaci\u00f3n en protecci\u00f3n de datos y el art\u00edculo 10 de la Ley 34\/2002 de Servicios de la Sociedad de la Informaci\u00f3n y Comercio Electr\u00f3nico el propietario del sitio y responsable del tratamiento de los datos es:<\/p>\n<p>Responsable: EMBRYOTOOLS, SL (en adelante \u201cla empresa\u201d).l<\/p>\n<p>Datos de contacto de LA EMPRESA y del Delegado de Protecci\u00f3n de Datos: C \/ Baldiri Reixac 4-8 \/ Av \/ Doctor Mara\u00f1\u00f3n 8 08028, Barcelona y correo electr\u00f3nico <a href=\"mailto:info@embryotools.com\">info@embryotools.com<\/a>.<\/p>\n<p>CIF: B66034612.<\/p>\n<p>Datos de inscripci\u00f3n en el Registro Mercantil: Tomo: 43816 Folio: 1 Hoja: B-439101<\/p>\n<p><strong>Uso y finalidad de los datos obtenidos<\/strong><\/p>\n<p>Los datos que le solicitamos en los diferentes formularios de nuestra p\u00e1gina web son los adecuados, pertinentes y estrictamente necesarios para la finalidad de gestionar y tramitar la petici\u00f3n que nos ha realizado y poder enviarle informaci\u00f3n de nuestros servicios, y en ning\u00fan caso est\u00e1 obligado a facilitarnos. Los datos de cumplimentaci\u00f3n obligatoria se especifican en el propio formulario, y su negativa a suministrarlos implicar\u00e1 no poder gestionar su petici\u00f3n. Asimismo, nos asegura que todos los datos facilitados son ciertos, veraces y pertinentes para la finalidad por la que los solicitamos.<\/p>\n<p>Los datos personales proporcionados se conservar\u00e1n mientras se mantenga la relaci\u00f3n comercial, y una vez finalice la citada relaci\u00f3n se mantendr\u00e1n bloqueados el tiempo legalmente establecido, antes de su destrucci\u00f3n.<\/p>\n<p>El env\u00edo de los mismos implica su autorizaci\u00f3n expresa a incorporarlos a nuestros ficheros correspondientes, siempre y cuando la EMPRESA lo considere conveniente para la gesti\u00f3n de la petici\u00f3n que solicite.<\/p>\n<p>As\u00ed mismo usted consiente que sus datos puedan ser transferidos a terceros pa\u00edses fuera del \u00e1mbito del Espacio Econ\u00f3mico Europeo por motivos de infraestructura de los sistemas de informaci\u00f3n de la empresa.<\/p>\n<p>Mediante la aceptaci\u00f3n de la casilla del formulario, usted consiente el env\u00edo de informaci\u00f3n de nuestros servicios que puedan resultar de su inter\u00e9s.<\/p>\n<p>Es importante que para que podamos mantener sus datos personales actualizados, nos informe siempre que haya alguna modificaci\u00f3n en ellos. En caso contrario, no respondemos de la veracidad de los mismos. Consideramos que si no cancela sus datos personales expresamente de nuestros ficheros, contin\u00faa interesado en seguir incorporado a los mismos hasta que el Responsable lo considere oportuno y mientras sea adecuado a la finalidad por la que se obtuvieron.<\/p>\n<p>EMBRYOTOOLS, SL Se compromete a mantener el m\u00e1s estricto secreto sobre la totalidad de la informaci\u00f3n a la que tenga acceso en virtud de la presente relaci\u00f3n contractual.<\/p>\n<p>EMBRYOTOOLS, SL har\u00e1 extensivo dicho deber de confidencialidad a todos sus empleados, colaboradores y\/o subcontratistas, comprometi\u00e9ndose a adoptar todas las medidas necesarias para garantizar el estricto cumplimiento del presente acuerdo de confidencialidad, el cual subsistir\u00e1, incluso, una vez finalizada la presente relaci\u00f3n contractual.<\/p>\n<p><strong>\u00a0<\/strong><strong>Derechos de los interesados<\/strong><\/p>\n<p>El titular de los datos personales tiene derecho a:<\/p>\n<ul>\n<li>Obtener confirmaci\u00f3n sobre si el Responsable est\u00e1 tratando los datos personales que les conciernan, o no.<\/li>\n<li>Acceder a sus datos personales, as\u00ed como a solicitar la rectificaci\u00f3n de los datos inexactos o, en su caso, solicitar su supresi\u00f3n cuando, entre otros motivos, los datos ya no sean necesarios para los fines que fueron recogidos.<\/li>\n<li>En determinadas circunstancias, los interesados podr\u00e1n solicitar la limitaci\u00f3n del tratamiento de sus datos, en cuyo caso \u00fanicamente el Responsable los conservar\u00e1 para el ejercicio o la defensa de reclamaciones.<\/li>\n<li>En determinadas circunstancias y por motivos relacionados con su situaci\u00f3n particular, los interesados podr\u00e1n oponerse al tratamiento de sus datos.<\/li>\n<\/ul>\n<p>El titular puede ejercer sus derechos:<\/p>\n<ul>\n<li>Mediante escrito dirigido a la EMPRESA, C \/ Baldiri Reixac 4-8 \/ Av \/ Doctor Mara\u00f1\u00f3n 8 08028, Barcelona referencia \u201cProtecci\u00f3n de Datos\u201d.<\/li>\n<li>Mediante correo electr\u00f3nico a la direcci\u00f3n <a href=\"mailto:info@embryotools.com\">info@embryotools.com<\/a> poniendo en el asunto \u201cProtecci\u00f3n de Datos\u201d.<\/li>\n<\/ul>\n<p>Si considera que sus derechos no se han atendido adecuadamente, tiene derecho a presentar una reclamaci\u00f3n ante la Agencia Espa\u00f1ola de Protecci\u00f3n de Datos.<\/p>","protected":false},"excerpt":{"rendered":"<p>De conformidad con la legislaci\u00f3n en protecci\u00f3n de datos y el art\u00edculo 10 de la Ley 34\/2002 de Servicios de la Sociedad de la Informaci\u00f3n y Comercio Electr\u00f3nico el propietario del sitio y responsable del tratamiento de los datos es: Responsable: EMBRYOTOOLS, SL (en adelante \u201cla empresa\u201d).l Datos de contacto de LA EMPRESA y del&hellip;<\/p>\n","protected":false},"author":1,"featured_media":0,"parent":0,"menu_order":0,"comment_status":"closed","ping_status":"closed","template":"","meta":{"footnotes":""},"class_list":["post-296","page","type-page","status-publish","hentry"],"yoast_head":"<!-- This site is optimized with the Yoast SEO plugin v27.4 - https:\/\/yoast.com\/product\/yoast-seo-wordpress\/ -->\n<title>Pol\u00edtica de privacidad - Embryotools<\/title>\n<meta name=\"robots\" content=\"index, follow, max-snippet:-1, max-image-preview:large, max-video-preview:-1\" \/>\n<link rel=\"canonical\" href=\"https:\/\/embryotools.com\/privacy-policy\/\" \/>\n<meta name=\"twitter:card\" content=\"summary_large_image\" \/>\n<meta name=\"twitter:title\" content=\"Pol\u00edtica de privacidad - Embryotools\" \/>\n<meta name=\"twitter:description\" content=\"De conformidad con la legislaci\u00f3n en protecci\u00f3n de datos y el art\u00edculo 10 de la Ley 34\/2002 de Servicios de la Sociedad de la Informaci\u00f3n y Comercio Electr\u00f3nico el propietario del sitio y responsable del tratamiento de los datos es: Responsable: EMBRYOTOOLS, SL (en adelante \u201cla empresa\u201d).l Datos de contacto de LA EMPRESA y del&hellip;\" \/>\n<meta name=\"twitter:site\" content=\"@embryotools\" \/>\n<meta name=\"twitter:label1\" content=\"Tiempo de lectura\" \/>\n\t<meta name=\"twitter:data1\" content=\"10 minutos\" \/>\n<script type=\"application\/ld+json\" class=\"yoast-schema-graph\">{\"@context\":\"https:\\\/\\\/schema.org\",\"@graph\":[{\"@type\":\"WebPage\",\"@id\":\"https:\\\/\\\/embryotools.com\\\/privacy-policy\\\/\",\"url\":\"https:\\\/\\\/embryotools.com\\\/privacy-policy\\\/\",\"name\":\"Pol\u00edtica de privacidad - Embryotools\",\"isPartOf\":{\"@id\":\"https:\\\/\\\/embryotools.com\\\/#website\"},\"datePublished\":\"2016-03-18T12:15:36+00:00\",\"dateModified\":\"2020-02-17T15:53:38+00:00\",\"breadcrumb\":{\"@id\":\"https:\\\/\\\/embryotools.com\\\/privacy-policy\\\/#breadcrumb\"},\"inLanguage\":\"es\",\"potentialAction\":[{\"@type\":\"ReadAction\",\"target\":[\"https:\\\/\\\/embryotools.com\\\/privacy-policy\\\/\"]}]},{\"@type\":\"BreadcrumbList\",\"@id\":\"https:\\\/\\\/embryotools.com\\\/privacy-policy\\\/#breadcrumb\",\"itemListElement\":[{\"@type\":\"ListItem\",\"position\":1,\"name\":\"Home\",\"item\":\"https:\\\/\\\/embryotools.com\\\/\"},{\"@type\":\"ListItem\",\"position\":2,\"name\":\"Privacy policy\"}]},{\"@type\":\"WebSite\",\"@id\":\"https:\\\/\\\/embryotools.com\\\/#website\",\"url\":\"https:\\\/\\\/embryotools.com\\\/\",\"name\":\"Embryotools\",\"description\":\"for better results\",\"publisher\":{\"@id\":\"https:\\\/\\\/embryotools.com\\\/#organization\"},\"potentialAction\":[{\"@type\":\"SearchAction\",\"target\":{\"@type\":\"EntryPoint\",\"urlTemplate\":\"https:\\\/\\\/embryotools.com\\\/?s={search_term_string}\"},\"query-input\":{\"@type\":\"PropertyValueSpecification\",\"valueRequired\":true,\"valueName\":\"search_term_string\"}}],\"inLanguage\":\"es\"},{\"@type\":\"Organization\",\"@id\":\"https:\\\/\\\/embryotools.com\\\/#organization\",\"name\":\"Embryotools\",\"url\":\"https:\\\/\\\/embryotools.com\\\/\",\"logo\":{\"@type\":\"ImageObject\",\"inLanguage\":\"es\",\"@id\":\"https:\\\/\\\/embryotools.com\\\/#\\\/schema\\\/logo\\\/image\\\/\",\"url\":\"https:\\\/\\\/embryotools.com\\\/wp-content\\\/uploads\\\/2017\\\/01\\\/embryotools_logo_trans_500-2.png\",\"contentUrl\":\"https:\\\/\\\/embryotools.com\\\/wp-content\\\/uploads\\\/2017\\\/01\\\/embryotools_logo_trans_500-2.png\",\"width\":250,\"height\":59,\"caption\":\"Embryotools\"},\"image\":{\"@id\":\"https:\\\/\\\/embryotools.com\\\/#\\\/schema\\\/logo\\\/image\\\/\"},\"sameAs\":[\"https:\\\/\\\/www.facebook.com\\\/embryotools\",\"https:\\\/\\\/x.com\\\/embryotools\",\"https:\\\/\\\/www.linkedin.com\\\/company\\\/embryotools\"]}]}<\/script>\n<!-- \/ Yoast SEO plugin. -->","yoast_head_json":{"title":"Pol\u00edtica de privacidad - Embryotools","robots":{"index":"index","follow":"follow","max-snippet":"max-snippet:-1","max-image-preview":"max-image-preview:large","max-video-preview":"max-video-preview:-1"},"canonical":"https:\/\/embryotools.com\/privacy-policy\/","twitter_card":"summary_large_image","twitter_title":"Pol\u00edtica de privacidad - Embryotools","twitter_description":"De conformidad con la legislaci\u00f3n en protecci\u00f3n de datos y el art\u00edculo 10 de la Ley 34\/2002 de Servicios de la Sociedad de la Informaci\u00f3n y Comercio Electr\u00f3nico el propietario del sitio y responsable del tratamiento de los datos es: Responsable: EMBRYOTOOLS, SL (en adelante \u201cla empresa\u201d).l Datos de contacto de LA EMPRESA y del&hellip;","twitter_site":"@embryotools","twitter_misc":{"Tiempo de lectura":"10 minutos"},"schema":{"@context":"https:\/\/schema.org","@graph":[{"@type":"WebPage","@id":"https:\/\/embryotools.com\/privacy-policy\/","url":"https:\/\/embryotools.com\/privacy-policy\/","name":"Pol\u00edtica de privacidad - Embryotools","isPartOf":{"@id":"https:\/\/embryotools.com\/#website"},"datePublished":"2016-03-18T12:15:36+00:00","dateModified":"2020-02-17T15:53:38+00:00","breadcrumb":{"@id":"https:\/\/embryotools.com\/privacy-policy\/#breadcrumb"},"inLanguage":"es","potentialAction":[{"@type":"ReadAction","target":["https:\/\/embryotools.com\/privacy-policy\/"]}]},{"@type":"BreadcrumbList","@id":"https:\/\/embryotools.com\/privacy-policy\/#breadcrumb","itemListElement":[{"@type":"ListItem","position":1,"name":"Home","item":"https:\/\/embryotools.com\/"},{"@type":"ListItem","position":2,"name":"Privacy policy"}]},{"@type":"WebSite","@id":"https:\/\/embryotools.com\/#website","url":"https:\/\/embryotools.com\/","name":"Embryotools","description":"for better results","publisher":{"@id":"https:\/\/embryotools.com\/#organization"},"potentialAction":[{"@type":"SearchAction","target":{"@type":"EntryPoint","urlTemplate":"https:\/\/embryotools.com\/?s={search_term_string}"},"query-input":{"@type":"PropertyValueSpecification","valueRequired":true,"valueName":"search_term_string"}}],"inLanguage":"es"},{"@type":"Organization","@id":"https:\/\/embryotools.com\/#organization","name":"Embryotools","url":"https:\/\/embryotools.com\/","logo":{"@type":"ImageObject","inLanguage":"es","@id":"https:\/\/embryotools.com\/#\/schema\/logo\/image\/","url":"https:\/\/embryotools.com\/wp-content\/uploads\/2017\/01\/embryotools_logo_trans_500-2.png","contentUrl":"https:\/\/embryotools.com\/wp-content\/uploads\/2017\/01\/embryotools_logo_trans_500-2.png","width":250,"height":59,"caption":"Embryotools"},"image":{"@id":"https:\/\/embryotools.com\/#\/schema\/logo\/image\/"},"sameAs":["https:\/\/www.facebook.com\/embryotools","https:\/\/x.com\/embryotools","https:\/\/www.linkedin.com\/company\/embryotools"]}]}},"_links":{"self":[{"href":"https:\/\/embryotools.com\/es\/wp-json\/wp\/v2\/pages\/296","targetHints":{"allow":["GET"]}}],"collection":[{"href":"https:\/\/embryotools.com\/es\/wp-json\/wp\/v2\/pages"}],"about":[{"href":"https:\/\/embryotools.com\/es\/wp-json\/wp\/v2\/types\/page"}],"author":[{"embeddable":true,"href":"https:\/\/embryotools.com\/es\/wp-json\/wp\/v2\/users\/1"}],"replies":[{"embeddable":true,"href":"https:\/\/embryotools.com\/es\/wp-json\/wp\/v2\/comments?post=296"}],"version-history":[{"count":8,"href":"https:\/\/embryotools.com\/es\/wp-json\/wp\/v2\/pages\/296\/revisions"}],"predecessor-version":[{"id":20795,"href":"https:\/\/embryotools.com\/es\/wp-json\/wp\/v2\/pages\/296\/revisions\/20795"}],"wp:attachment":[{"href":"https:\/\/embryotools.com\/es\/wp-json\/wp\/v2\/media?parent=296"}],"curies":[{"name":"wp","href":"https:\/\/api.w.org\/{rel}","templated":true}]}}