{"id":20487,"date":"2019-09-30T17:46:00","date_gmt":"2019-09-30T15:46:00","guid":{"rendered":"https:\/\/embryotools.com\/post-a-job\/"},"modified":"2019-09-30T17:46:00","modified_gmt":"2019-09-30T15:46:00","slug":"post-a-job","status":"publish","type":"page","link":"https:\/\/embryotools.com\/es\/post-a-job\/","title":{"rendered":"post-a-job"},"content":{"rendered":"<form action=\"\/es\/wp-json\/wp\/v2\/pages\/20487\" method=\"post\" id=\"submit-job-form\" class=\"job-manager-form\" enctype=\"multipart\/form-data\">\n\n\t\n\t\n\t\n\t\t\t<fieldset class=\"fieldset-login_required\">\n\t\t<label>\u00bfTienes una cuenta?<\/label>\n\t\t<div class=\"field account-sign-in\">\n\t\t\t<a class=\"button\" href=\"https:\/\/embryotools.com\/wp-login.php?redirect_to=https%3A%2F%2Fembryotools.com%2Fes%2Fpost-a-job%2F\">Acceder<\/a>\n\n\t\t\t\n\t\t\t\tSi no tienes una cuenta, puedes crear una a continuaci\u00f3n introduciendo tu direcci\u00f3n de correo electr\u00f3nico o tu nombre de usuario.\t\t\t\t\t\t\t\t\tLos detalles de tu cuenta ser\u00e1n confirmados por correo electr\u00f3nico.\t\t\t\t\n\t\t\t\t\t<\/div>\n\t<\/fieldset>\n\t\t\t\t<fieldset class=\"fieldset-create_account_email\">\n\t\t\t\t<label\n\t\t\t\t\tfor=\"create_account_email\">Tu correo electr\u00f3nico<\/label>\n\t\t\t\t<div class=\"field required-field draft-required\">\n\t\t\t\t\t<input type=\"text\" class=\"input-text\" name=\"create_account_email\" id=\"create_account_email\" placeholder=\"tu@tudominio.com\" value=\"\" maxlength=\"\" required \/>\n\t\t\t\t<\/div>\n\t\t\t<\/fieldset>\n\t\t\t\n\t\n\t\n\t\t<!-- Job Information Fields -->\n\t\t\n\t\t\t\t\t<fieldset class=\"fieldset-job_title fieldset-type-text\">\n\t\t\t\t<label for=\"job_title\">T\u00edtulo del trabajo<\/label>\n\t\t\t\t<div class=\"field required-field\">\n\t\t\t\t\t<input type=\"text\" class=\"input-text\" name=\"job_title\" id=\"job_title\" placeholder=\"\" value=\"\" maxlength=\"\" required \/>\n\t\t\t\t<\/div>\n\t\t\t<\/fieldset>\n\t\t\t\t\t<fieldset class=\"fieldset-job_location fieldset-type-text\">\n\t\t\t\t<label for=\"job_location\">Ubicaci\u00f3n <small>(opcional)<\/small><\/label>\n\t\t\t\t<div class=\"field \">\n\t\t\t\t\t<input type=\"text\" class=\"input-text\" name=\"job_location\" id=\"job_location\" placeholder=\"Ejemplo: \u00abMadrid\u00bb\" value=\"\" maxlength=\"\"  \/>\n<small class=\"description\">Dejar en blanco si la ubicaci\u00f3n no es importante<\/small>\t\t\t\t<\/div>\n\t\t\t<\/fieldset>\n\t\t\t\t\t<fieldset class=\"fieldset-remote_position fieldset-type-checkbox\">\n\t\t\t\t<label for=\"remote_position\">Puesto en remoto <small>(opcional)<\/small><\/label>\n\t\t\t\t<div class=\"field \">\n\t\t\t\t\t<input type=\"checkbox\" class=\"input-checkbox\" name=\"remote_position\" id=\"remote_position\"  value=\"1\"  \/>\n<small class=\"description\">Selecciona si este es un puesto remoto.<\/small>\t\t\t\t<\/div>\n\t\t\t<\/fieldset>\n\t\t\t\t\t<fieldset class=\"fieldset-job_type fieldset-type-term-select\">\n\t\t\t\t<label for=\"job_type\">Tipo de trabajo<\/label>\n\t\t\t\t<div class=\"field required-field\">\n\t\t\t\t\t<select  name='job_type' id='job_type' class='postform'>\n\t<option value=''>Elige el tipo de trabajo&hellip;<\/option>\n\t<option class=\"level-0\" value=\"200\">Freelance<\/option>\n\t<option class=\"level-0\" value=\"197\" selected=\"selected\">Full Time<\/option>\n\t<option class=\"level-0\" value=\"201\">Internship<\/option>\n\t<option class=\"level-0\" value=\"198\">Part Time<\/option>\n\t<option class=\"level-0\" value=\"199\">Temporary<\/option>\n<\/select>\n\t\t\t\t<\/div>\n\t\t\t<\/fieldset>\n\t\t\t\t\t<fieldset class=\"fieldset-job_description fieldset-type-wp-editor\">\n\t\t\t\t<label for=\"job_description\">Descripci\u00f3n<\/label>\n\t\t\t\t<div class=\"field required-field\">\n\t\t\t\t\t<div id=\"wp-job_description-wrap\" class=\"wp-core-ui wp-editor-wrap tmce-active\"><link rel='stylesheet' id='dashicons-css' href='https:\/\/embryotools.com\/wp-includes\/css\/dashicons.min.css?ver=6.9.4' type='text\/css' media='all' \/>\n<link rel='stylesheet' id='editor-buttons-css' href='https:\/\/embryotools.com\/wp-includes\/css\/editor.min.css?ver=6.9.4' type='text\/css' media='all' \/>\n<style> .mce-top-part button { background-color: rgba(0,0,0,0.0) !important; } <\/style>\n<div id=\"wp-job_description-editor-container\" class=\"wp-editor-container\"><textarea class=\"wp-editor-area\" rows=\"8\" autocomplete=\"off\" cols=\"40\" name=\"job_description\" id=\"job_description\"><\/textarea><\/div>\n<\/div>\n\n\t\t\t\t<\/div>\n\t\t\t<\/fieldset>\n\t\t\t\t\t<fieldset class=\"fieldset-application fieldset-type-text\">\n\t\t\t\t<label for=\"application\">Direcci\u00f3n de correo electr\u00f3nico o URL de la solicitud<\/label>\n\t\t\t\t<div class=\"field required-field\">\n\t\t\t\t\t<input type=\"text\" class=\"input-text\" name=\"application\" id=\"application\" placeholder=\"Introduce un correo electr\u00f3nico o la URL de la web\" value=\"\" maxlength=\"\" required \/>\n\t\t\t\t<\/div>\n\t\t\t<\/fieldset>\n\t\t\n\t\t\n\t\t<!-- Company Information Fields -->\n\t\t\t\t\t<h2>Detalles de la empresa<\/h2>\n\n\t\t\t\n\t\t\t\t\t\t\t<fieldset class=\"fieldset-company_name fieldset-type-text\">\n\t\t\t\t\t<label for=\"company_name\">Nombre de la empresa<\/label>\n\t\t\t\t\t<div class=\"field required-field\">\n\t\t\t\t\t\t<input type=\"text\" class=\"input-text\" name=\"company_name\" id=\"company_name\" placeholder=\"Introduce el nombre de la empresa\" value=\"\" maxlength=\"\" required \/>\n\t\t\t\t\t<\/div>\n\t\t\t\t<\/fieldset>\n\t\t\t\t\t\t\t<fieldset class=\"fieldset-company_website fieldset-type-text\">\n\t\t\t\t\t<label for=\"company_website\">Web <small>(opcional)<\/small><\/label>\n\t\t\t\t\t<div class=\"field \">\n\t\t\t\t\t\t<input type=\"text\" class=\"input-text\" name=\"company_website\" id=\"company_website\" placeholder=\"https:\/\/\" value=\"\" maxlength=\"\"  \/>\n\t\t\t\t\t<\/div>\n\t\t\t\t<\/fieldset>\n\t\t\t\t\t\t\t<fieldset class=\"fieldset-company_tagline fieldset-type-text\">\n\t\t\t\t\t<label for=\"company_tagline\">Descripci\u00f3n corta <small>(opcional)<\/small><\/label>\n\t\t\t\t\t<div class=\"field \">\n\t\t\t\t\t\t<input type=\"text\" class=\"input-text\" name=\"company_tagline\" id=\"company_tagline\" placeholder=\"Breve descripci\u00f3n de la empresa\" value=\"\" maxlength=\"64\"  \/>\n\t\t\t\t\t<\/div>\n\t\t\t\t<\/fieldset>\n\t\t\t\t\t\t\t<fieldset class=\"fieldset-company_video fieldset-type-text\">\n\t\t\t\t\t<label for=\"company_video\">V\u00eddeo <small>(opcional)<\/small><\/label>\n\t\t\t\t\t<div class=\"field \">\n\t\t\t\t\t\t<input type=\"text\" class=\"input-text\" name=\"company_video\" id=\"company_video\" placeholder=\"Un enlace a un v\u00eddeo acerca de tu empresa\" value=\"\" maxlength=\"\"  \/>\n\t\t\t\t\t<\/div>\n\t\t\t\t<\/fieldset>\n\t\t\t\t\t\t\t<fieldset class=\"fieldset-company_twitter fieldset-type-text\">\n\t\t\t\t\t<label for=\"company_twitter\">Nombre de usuario en Twitter <small>(opcional)<\/small><\/label>\n\t\t\t\t\t<div class=\"field \">\n\t\t\t\t\t\t<input type=\"text\" class=\"input-text\" name=\"company_twitter\" id=\"company_twitter\" placeholder=\"@tuempresa\" value=\"\" maxlength=\"\"  \/>\n\t\t\t\t\t<\/div>\n\t\t\t\t<\/fieldset>\n\t\t\t\t\t\t\t<fieldset class=\"fieldset-company_logo fieldset-type-file\">\n\t\t\t\t\t<label for=\"company_logo\">Logotipo <small>(opcional)<\/small><\/label>\n\t\t\t\t\t<div class=\"field \">\n\t\t\t\t\t\t<div class=\"job-manager-uploaded-files\">\n\t<\/div>\n\n<input\n\ttype=\"file\"\n\tclass=\"input-text\"\n\tdata-file_types=\"jpg|jpeg|gif|png\"\n\t\t\t\t\tname=\"company_logo\"\n\tid=\"company_logo\"\n\tplaceholder=\"\"\n\/>\n<small class=\"description\">\n\t\t\tTama\u00f1o m\u00e1ximo del archivo: 128 MB.\t<\/small>\n\t\t\t\t\t<\/div>\n\t\t\t\t<\/fieldset>\n\t\t\t\n\t\t\t\t\t\n\t\t\n\t\t<p>\n\t\t\t<input type=\"hidden\" name=\"job_manager_form\" value=\"submit-job\" \/>\n\t\t\t<input type=\"hidden\" name=\"job_id\" value=\"0\" \/>\n\t\t\t<input type=\"hidden\" name=\"step\" value=\"0\" \/>\n\t\t\t<input type=\"submit\" name=\"submit_job\" class=\"button\"\n    \t\t value=\"Previsualizar\" \/>\n\t\t\t<input type=\"submit\" name=\"save_draft\" class=\"button secondary save_draft\" value=\"Guardar borrador\" formnovalidate \/>\t\t\t<span class=\"spinner\" style=\"background-image: url(https:\/\/embryotools.com\/wp-includes\/images\/spinner.gif);\"><\/span>\n\t\t<\/p>\n\n\t<\/form>\n\n","protected":false},"excerpt":{"rendered":"","protected":false},"author":1,"featured_media":0,"parent":0,"menu_order":0,"comment_status":"closed","ping_status":"closed","template":"","meta":{"footnotes":""},"class_list":["post-20487","page","type-page","status-publish","hentry"],"yoast_head":"<!-- This site is optimized with the Yoast SEO plugin v27.5 - https:\/\/yoast.com\/product\/yoast-seo-wordpress\/ -->\n<title>post-a-job - Embryotools<\/title>\n<meta name=\"robots\" content=\"index, follow, max-snippet:-1, max-image-preview:large, max-video-preview:-1\" \/>\n<link rel=\"canonical\" href=\"https:\/\/embryotools.com\/es\/post-a-job\/\" \/>\n<meta name=\"twitter:card\" content=\"summary_large_image\" \/>\n<meta name=\"twitter:title\" content=\"post-a-job - Embryotools\" \/>\n<meta name=\"twitter:site\" content=\"@embryotools\" \/>\n<script type=\"application\/ld+json\" class=\"yoast-schema-graph\">{\"@context\":\"https:\\\/\\\/schema.org\",\"@graph\":[{\"@type\":\"WebPage\",\"@id\":\"https:\\\/\\\/embryotools.com\\\/es\\\/post-a-job\\\/\",\"url\":\"https:\\\/\\\/embryotools.com\\\/es\\\/post-a-job\\\/\",\"name\":\"post-a-job - Embryotools\",\"isPartOf\":{\"@id\":\"https:\\\/\\\/embryotools.com\\\/#website\"},\"datePublished\":\"2019-09-30T15:46:00+00:00\",\"breadcrumb\":{\"@id\":\"https:\\\/\\\/embryotools.com\\\/es\\\/post-a-job\\\/#breadcrumb\"},\"inLanguage\":\"es\",\"potentialAction\":[{\"@type\":\"ReadAction\",\"target\":[\"https:\\\/\\\/embryotools.com\\\/es\\\/post-a-job\\\/\"]}]},{\"@type\":\"BreadcrumbList\",\"@id\":\"https:\\\/\\\/embryotools.com\\\/es\\\/post-a-job\\\/#breadcrumb\",\"itemListElement\":[{\"@type\":\"ListItem\",\"position\":1,\"name\":\"Home\",\"item\":\"https:\\\/\\\/embryotools.com\\\/\"},{\"@type\":\"ListItem\",\"position\":2,\"name\":\"post-a-job\"}]},{\"@type\":\"WebSite\",\"@id\":\"https:\\\/\\\/embryotools.com\\\/#website\",\"url\":\"https:\\\/\\\/embryotools.com\\\/\",\"name\":\"Embryotools\",\"description\":\"for better results\",\"publisher\":{\"@id\":\"https:\\\/\\\/embryotools.com\\\/#organization\"},\"potentialAction\":[{\"@type\":\"SearchAction\",\"target\":{\"@type\":\"EntryPoint\",\"urlTemplate\":\"https:\\\/\\\/embryotools.com\\\/?s={search_term_string}\"},\"query-input\":{\"@type\":\"PropertyValueSpecification\",\"valueRequired\":true,\"valueName\":\"search_term_string\"}}],\"inLanguage\":\"es\"},{\"@type\":\"Organization\",\"@id\":\"https:\\\/\\\/embryotools.com\\\/#organization\",\"name\":\"Embryotools\",\"url\":\"https:\\\/\\\/embryotools.com\\\/\",\"logo\":{\"@type\":\"ImageObject\",\"inLanguage\":\"es\",\"@id\":\"https:\\\/\\\/embryotools.com\\\/#\\\/schema\\\/logo\\\/image\\\/\",\"url\":\"https:\\\/\\\/embryotools.com\\\/wp-content\\\/uploads\\\/2017\\\/01\\\/embryotools_logo_trans_500-2.png\",\"contentUrl\":\"https:\\\/\\\/embryotools.com\\\/wp-content\\\/uploads\\\/2017\\\/01\\\/embryotools_logo_trans_500-2.png\",\"width\":250,\"height\":59,\"caption\":\"Embryotools\"},\"image\":{\"@id\":\"https:\\\/\\\/embryotools.com\\\/#\\\/schema\\\/logo\\\/image\\\/\"},\"sameAs\":[\"https:\\\/\\\/www.facebook.com\\\/embryotools\",\"https:\\\/\\\/x.com\\\/embryotools\",\"https:\\\/\\\/www.linkedin.com\\\/company\\\/embryotools\"]}]}<\/script>\n<!-- \/ Yoast SEO plugin. -->","yoast_head_json":{"title":"post-a-job - Embryotools","robots":{"index":"index","follow":"follow","max-snippet":"max-snippet:-1","max-image-preview":"max-image-preview:large","max-video-preview":"max-video-preview:-1"},"canonical":"https:\/\/embryotools.com\/es\/post-a-job\/","twitter_card":"summary_large_image","twitter_title":"post-a-job - Embryotools","twitter_site":"@embryotools","schema":{"@context":"https:\/\/schema.org","@graph":[{"@type":"WebPage","@id":"https:\/\/embryotools.com\/es\/post-a-job\/","url":"https:\/\/embryotools.com\/es\/post-a-job\/","name":"post-a-job - Embryotools","isPartOf":{"@id":"https:\/\/embryotools.com\/#website"},"datePublished":"2019-09-30T15:46:00+00:00","breadcrumb":{"@id":"https:\/\/embryotools.com\/es\/post-a-job\/#breadcrumb"},"inLanguage":"es","potentialAction":[{"@type":"ReadAction","target":["https:\/\/embryotools.com\/es\/post-a-job\/"]}]},{"@type":"BreadcrumbList","@id":"https:\/\/embryotools.com\/es\/post-a-job\/#breadcrumb","itemListElement":[{"@type":"ListItem","position":1,"name":"Home","item":"https:\/\/embryotools.com\/"},{"@type":"ListItem","position":2,"name":"post-a-job"}]},{"@type":"WebSite","@id":"https:\/\/embryotools.com\/#website","url":"https:\/\/embryotools.com\/","name":"Embryotools","description":"for better results","publisher":{"@id":"https:\/\/embryotools.com\/#organization"},"potentialAction":[{"@type":"SearchAction","target":{"@type":"EntryPoint","urlTemplate":"https:\/\/embryotools.com\/?s={search_term_string}"},"query-input":{"@type":"PropertyValueSpecification","valueRequired":true,"valueName":"search_term_string"}}],"inLanguage":"es"},{"@type":"Organization","@id":"https:\/\/embryotools.com\/#organization","name":"Embryotools","url":"https:\/\/embryotools.com\/","logo":{"@type":"ImageObject","inLanguage":"es","@id":"https:\/\/embryotools.com\/#\/schema\/logo\/image\/","url":"https:\/\/embryotools.com\/wp-content\/uploads\/2017\/01\/embryotools_logo_trans_500-2.png","contentUrl":"https:\/\/embryotools.com\/wp-content\/uploads\/2017\/01\/embryotools_logo_trans_500-2.png","width":250,"height":59,"caption":"Embryotools"},"image":{"@id":"https:\/\/embryotools.com\/#\/schema\/logo\/image\/"},"sameAs":["https:\/\/www.facebook.com\/embryotools","https:\/\/x.com\/embryotools","https:\/\/www.linkedin.com\/company\/embryotools"]}]}},"_links":{"self":[{"href":"https:\/\/embryotools.com\/es\/wp-json\/wp\/v2\/pages\/20487","targetHints":{"allow":["GET"]}}],"collection":[{"href":"https:\/\/embryotools.com\/es\/wp-json\/wp\/v2\/pages"}],"about":[{"href":"https:\/\/embryotools.com\/es\/wp-json\/wp\/v2\/types\/page"}],"author":[{"embeddable":true,"href":"https:\/\/embryotools.com\/es\/wp-json\/wp\/v2\/users\/1"}],"replies":[{"embeddable":true,"href":"https:\/\/embryotools.com\/es\/wp-json\/wp\/v2\/comments?post=20487"}],"version-history":[{"count":0,"href":"https:\/\/embryotools.com\/es\/wp-json\/wp\/v2\/pages\/20487\/revisions"}],"wp:attachment":[{"href":"https:\/\/embryotools.com\/es\/wp-json\/wp\/v2\/media?parent=20487"}],"curies":[{"name":"wp","href":"https:\/\/api.w.org\/{rel}","templated":true}]}}